{"id":15170,"date":"2023-11-22T05:19:36","date_gmt":"2023-11-22T04:19:36","guid":{"rendered":"https:\/?post_type=product&#038;p=15170"},"modified":"2025-03-14T17:09:32","modified_gmt":"2025-03-14T16:09:32","slug":"combine-inverse-bosch-kgn-49-xlea","status":"publish","type":"product","link":"https:\/\/cbs-electro.com\/index.php\/produit\/combine-inverse-bosch-kgn-49-xlea\/","title":{"rendered":"Combin\u00e9 invers\u00e9 BOSCH KGN49XLEA"},"content":{"rendered":"<header class=\"title-block cursor-pointer text-uppercase\">\n<h2 role=\"button\" data-toggle=\"collapse\">CARACT\u00c9RISTIQUES<\/h2>\n<\/header>\n<div id=\"characteristics\" class=\"collapse show\">\n<table class=\"characteristics-table\">\n<tbody>\n<tr>\n<td class=\"characteristics-title\" colspan=\"2\">NORMES EUROPEENNES (Mars 2021)<\/td>\n<\/tr>\n<tr>\n<td class=\"characteristics-label\">Type de construction<\/td>\n<td class=\"characteristics-value\">Pose libre<\/td>\n<\/tr>\n<tr>\n<td class=\"characteristics-label\">IEE<\/td>\n<td class=\"characteristics-value\">99.9<\/td>\n<\/tr>\n<tr>\n<td class=\"characteristics-label\">Volume total (L)<\/td>\n<td class=\"characteristics-value\">438<\/td>\n<\/tr>\n<tr>\n<td class=\"characteristics-label\">Classe d&rsquo;efficacit\u00e9 \u00e9nerg\u00e9tique<\/td>\n<td class=\"characteristics-value\">E<\/td>\n<\/tr>\n<tr>\n<td class=\"characteristics-label\">Niveau sonore (dB)<\/td>\n<td class=\"characteristics-value\">40<\/td>\n<\/tr>\n<tr>\n<td class=\"characteristics-label\">Classe d&rsquo;\u00e9mission de bruit acoustique dans l&rsquo;air<\/td>\n<td class=\"characteristics-value\">C<\/td>\n<\/tr>\n<tr>\n<td class=\"characteristics-label\">Conso. d&rsquo;\u00e9nergie annuelle (kWh\/an)<\/td>\n<td class=\"characteristics-value\">259<\/td>\n<\/tr>\n<tr>\n<td class=\"characteristics-label\">Classe climatique<\/td>\n<td class=\"characteristics-value\">SN-T. Cet appareil est con\u00e7u pour \u00eatre utilis\u00e9 \u00e0 une temp\u00e9rature ambiante comprise entre 10\u00b0C et 43\u00b0C<\/td>\n<\/tr>\n<tr>\n<td class=\"characteristics-label\">R\u00e9glage hiver<\/td>\n<td class=\"characteristics-value\">Non<\/td>\n<\/tr>\n<tr>\n<td class=\"characteristics-label\">Volume r\u00e9frig\u00e9rateur (L)<\/td>\n<td class=\"characteristics-value\">330<\/td>\n<\/tr>\n<tr>\n<td class=\"characteristics-label\">T\u00b0C recommand\u00e9e pour stockage optimis\u00e9 des denr\u00e9es alimentaires fra\u00eeches (\u00b0C)<\/td>\n<td class=\"characteristics-value\">4<\/td>\n<\/tr>\n<tr>\n<td class=\"characteristics-label\">Mode de d\u00e9givrage r\u00e9frig\u00e9rateur<\/td>\n<td class=\"characteristics-value\">Automatique<\/td>\n<\/tr>\n<tr>\n<td class=\"characteristics-label\">Volume cong\u00e9lateur (L)<\/td>\n<td class=\"characteristics-value\">108<\/td>\n<\/tr>\n<tr>\n<td class=\"characteristics-label\">T\u00b0C recommand\u00e9e pour stockage optimis\u00e9 des denr\u00e9es alimentaires dans compartiment 4 \u00e9toiles (\u00b0C)<\/td>\n<td class=\"characteristics-value\">-18<\/td>\n<\/tr>\n<tr>\n<td class=\"characteristics-label\">Pouvoir de cong\u00e9lation sp\u00e9cifique (kg\/24h)<\/td>\n<td class=\"characteristics-value\">12<\/td>\n<\/tr>\n<tr>\n<td class=\"characteristics-label\">Dispositif de cong\u00e9lation rapide<\/td>\n<td class=\"characteristics-value\">Oui<\/td>\n<\/tr>\n<tr>\n<td class=\"characteristics-label\">Type de source lumineuse<\/td>\n<td class=\"characteristics-value\">LED<\/td>\n<\/tr>\n<tr>\n<td class=\"characteristics-label\">Classe d&rsquo;efficacit\u00e9 \u00e9nerg\u00e9tique de la source lumineuse<\/td>\n<td class=\"characteristics-value\">G<\/td>\n<\/tr>\n<tr>\n<td class=\"characteristics-title\" colspan=\"2\">GENERAL<\/td>\n<\/tr>\n<tr>\n<td class=\"characteristics-label\">Type<\/td>\n<td class=\"characteristics-value\">Combin\u00e9 invers\u00e9<\/td>\n<\/tr>\n<tr>\n<td class=\"characteristics-label\">Gamme<\/td>\n<td class=\"characteristics-value\">S\u00e9rie 4<\/td>\n<\/tr>\n<tr>\n<td class=\"characteristics-label\">Type r\u00e9frig\u00e9rateur<\/td>\n<td class=\"characteristics-value\">R\u00e9frig\u00e9rateur &#8211; Cong\u00e9lateur en bas<\/td>\n<\/tr>\n<tr>\n<td class=\"characteristics-label\">Classe \u00e9nerg\u00e9tique<\/td>\n<td class=\"characteristics-value\">E<\/td>\n<\/tr>\n<tr>\n<td class=\"characteristics-label\">Volume (L)<\/td>\n<td class=\"characteristics-value\">438<\/td>\n<\/tr>\n<tr>\n<td class=\"characteristics-label\">Autonomie (h)<\/td>\n<td class=\"characteristics-value\">16<\/td>\n<\/tr>\n<tr>\n<td class=\"characteristics-label\">Nbre de porte(s)<\/td>\n<td class=\"characteristics-value\">2<\/td>\n<\/tr>\n<tr>\n<td class=\"characteristics-label\">Tout utile<\/td>\n<td class=\"characteristics-value\">Non<\/td>\n<\/tr>\n<tr>\n<td class=\"characteristics-label\">R\u00e9gulation de la temp\u00e9rature<\/td>\n<td class=\"characteristics-value\">Electronique<\/td>\n<\/tr>\n<tr>\n<td class=\"characteristics-label\">Connect\u00e9<\/td>\n<td class=\"characteristics-value\">Non<\/td>\n<\/tr>\n<tr>\n<td class=\"characteristics-label\">Distributeur 3 fonctions<\/td>\n<td class=\"characteristics-value\">Non<\/td>\n<\/tr>\n<tr>\n<td class=\"characteristics-label\">Bar int\u00e9gr\u00e9 (Home Bar)<\/td>\n<td class=\"characteristics-value\">Non<\/td>\n<\/tr>\n<tr>\n<td class=\"characteristics-label\">Couleur<\/td>\n<td class=\"characteristics-value\">Inox<\/td>\n<\/tr>\n<tr>\n<td class=\"characteristics-label\">Finition \/ Nuance<\/td>\n<td class=\"characteristics-value\">C\u00f4t\u00e9s silver<\/td>\n<\/tr>\n<tr>\n<td class=\"characteristics-title\" colspan=\"2\">REFRIGERATEUR<\/td>\n<\/tr>\n<tr>\n<td class=\"characteristics-label\">Type de d\u00e9givrage<\/td>\n<td class=\"characteristics-value\">Automatique<\/td>\n<\/tr>\n<tr>\n<td class=\"characteristics-label\">Froid r\u00e9frig\u00e9rateur<\/td>\n<td class=\"characteristics-value\">Ventil\u00e9<\/td>\n<\/tr>\n<tr>\n<td class=\"characteristics-label\">Zone 0\u00b0C \/ Compartiment fra\u00eecheur<\/td>\n<td class=\"characteristics-value\">Oui<\/td>\n<\/tr>\n<tr>\n<td class=\"characteristics-label\">Type de clayette(s)<\/td>\n<td class=\"characteristics-value\">Verre<\/td>\n<\/tr>\n<tr>\n<td class=\"characteristics-label\">Nbre total de clayette(s)<\/td>\n<td class=\"characteristics-value\">5<\/td>\n<\/tr>\n<tr>\n<td class=\"characteristics-label\">Nbre de clayettes r\u00e9glables<\/td>\n<td class=\"characteristics-value\">4<\/td>\n<\/tr>\n<tr>\n<td class=\"characteristics-label\">Nbre de balconnets contre-porte<\/td>\n<td class=\"characteristics-value\">4<\/td>\n<\/tr>\n<tr>\n<td class=\"characteristics-label\">Type d&rsquo;\u00e9clairage<\/td>\n<td class=\"characteristics-value\">LED \u00e0 intensit\u00e9 progressive (SoftStart)<\/td>\n<\/tr>\n<tr>\n<td class=\"characteristics-title\" colspan=\"2\">CONGELATEUR<\/td>\n<\/tr>\n<tr>\n<td class=\"characteristics-label\">Nombre d&rsquo;\u00e9toiles<\/td>\n<td class=\"characteristics-value\">4<\/td>\n<\/tr>\n<tr>\n<td class=\"characteristics-label\">Position du cong\u00e9lateur<\/td>\n<td class=\"characteristics-value\">Bas<\/td>\n<\/tr>\n<tr>\n<td class=\"characteristics-label\">D\u00e9givrage cong\u00e9lateur<\/td>\n<td class=\"characteristics-value\">Automatique<\/td>\n<\/tr>\n<tr>\n<td class=\"characteristics-label\">Froid cong\u00e9lateur<\/td>\n<td class=\"characteristics-value\">Ventil\u00e9<\/td>\n<\/tr>\n<tr>\n<td class=\"characteristics-label\">Nbre de tiroir(s)<\/td>\n<td class=\"characteristics-value\">3<\/td>\n<\/tr>\n<tr>\n<td class=\"characteristics-title\" colspan=\"2\">EQUIPEMENTS<\/td>\n<\/tr>\n<tr>\n<td class=\"characteristics-label\">Porte r\u00e9versible<\/td>\n<td class=\"characteristics-value\">Oui<\/td>\n<\/tr>\n<tr>\n<td class=\"characteristics-label\">Type de poign\u00e9e(s)<\/td>\n<td class=\"characteristics-value\">Int\u00e9gr\u00e9es<\/td>\n<\/tr>\n<tr>\n<td class=\"characteristics-label\">Distributeur d&rsquo;eau<\/td>\n<td class=\"characteristics-value\">Non<\/td>\n<\/tr>\n<tr>\n<td class=\"characteristics-label\">Equipement r\u00e9frig\u00e9rateur<\/td>\n<td class=\"characteristics-value\">3 compartiments VitaFresh, Support \u00e0 bouteilles<\/td>\n<\/tr>\n<tr>\n<td class=\"characteristics-label\">Equipement cong\u00e9lateur<\/td>\n<td class=\"characteristics-value\">VarioZone avec clayettes amovibles en verre, Calendrier de conservation des aliments<\/td>\n<\/tr>\n<tr>\n<td class=\"characteristics-title\" colspan=\"2\">FONCTIONS<\/td>\n<\/tr>\n<tr>\n<td class=\"characteristics-label\">R\u00e9frig. rapide ou Super R\u00e9frig\u00e9ration<\/td>\n<td class=\"characteristics-value\">Oui<\/td>\n<\/tr>\n<tr>\n<td class=\"characteristics-label\">Cong\u00e9l. rapide ou Super Cong\u00e9lation<\/td>\n<td class=\"characteristics-value\">Oui<\/td>\n<\/tr>\n<tr>\n<td class=\"characteristics-label\">Alarme temp\u00e9rature<\/td>\n<td class=\"characteristics-value\">Oui<\/td>\n<\/tr>\n<tr>\n<td class=\"characteristics-label\">Type d&rsquo;alarme temp\u00e9rature<\/td>\n<td class=\"characteristics-value\">Visuelle et sonore<\/td>\n<\/tr>\n<tr>\n<td class=\"characteristics-label\">Alarme porte ouverte<\/td>\n<td class=\"characteristics-value\">Oui<\/td>\n<\/tr>\n<tr>\n<td class=\"characteristics-label\">Type d&rsquo;alarme porte ouverte<\/td>\n<td class=\"characteristics-value\">Visuelle et sonore<\/td>\n<\/tr>\n<tr>\n<td class=\"characteristics-label\">Autre(s) fonction(s)<\/td>\n<td class=\"characteristics-value\">Mode \u00e9co<\/td>\n<\/tr>\n<tr>\n<td class=\"characteristics-title\" colspan=\"2\">ECRAN &amp; AFFICHAGE<\/td>\n<\/tr>\n<tr>\n<td class=\"characteristics-label\">Ecran<\/td>\n<td class=\"characteristics-value\">Oui<\/td>\n<\/tr>\n<tr>\n<td class=\"characteristics-label\">Type d&rsquo;affichage<\/td>\n<td class=\"characteristics-value\">Digital<\/td>\n<\/tr>\n<tr>\n<td class=\"characteristics-title\" colspan=\"2\">DIMENSIONS &amp; POIDS<\/td>\n<\/tr>\n<tr>\n<td class=\"characteristics-label\">Hauteur (cm)<\/td>\n<td class=\"characteristics-value\">203<\/td>\n<\/tr>\n<tr>\n<td class=\"characteristics-label\">Largeur (cm)<\/td>\n<td class=\"characteristics-value\">70<\/td>\n<\/tr>\n<tr>\n<td class=\"characteristics-label\">Profondeur (cm)<\/td>\n<td class=\"characteristics-value\">67<\/td>\n<\/tr>\n<tr>\n<td class=\"characteristics-label\">Poids (kg)<\/td>\n<td class=\"characteristics-value\">87.26<\/td>\n<\/tr>\n<tr>\n<td class=\"characteristics-title\" colspan=\"2\">PIECES DETACHEES ET REPARABILITES<\/td>\n<\/tr>\n<tr>\n<td class=\"characteristics-label\">Disponibilit\u00e9 pi\u00e8ces d\u00e9tach\u00e9es (an)<\/td>\n<td class=\"characteristics-value\">015<\/td>\n<\/tr>\n<tr>\n<td class=\"characteristics-label\">Date d&rsquo;effet<\/td>\n<td class=\"characteristics-value\">Fabrication.<\/td>\n<\/tr>\n<\/tbody>\n<\/table>\n<\/div>\n","protected":false},"excerpt":{"rendered":"<p>Le <strong data-start=\"43\" data-end=\"62\">Bosch KGN49XLEA<\/strong> est un r\u00e9frig\u00e9rateur combin\u00e9 en pose libre de la s\u00e9rie 4, offrant une capacit\u00e9 totale de 438 litres, avec 330 litres d\u00e9di\u00e9s au r\u00e9frig\u00e9rateur et 108 litres au cong\u00e9lateur. Ses dimensions sont de 203 cm en hauteur, 70 cm en largeur et 67 cm en profondeur.<\/p>\n","protected":false},"featured_media":17655,"template":"","meta":[],"product_brand":[],"product_cat":[81,193,195],"product_tag":[],"class_list":{"0":"post-15170","1":"product","2":"type-product","3":"status-publish","4":"has-post-thumbnail","6":"product_cat-gros-electromenagers","7":"product_cat-refrigerateur","8":"product_cat-refrigerateur-congelateur-en-bas","10":"first","11":"instock","12":"taxable","13":"shipping-taxable","14":"purchasable","15":"product-type-simple"},"yoast_head":"<!-- This site is optimized with the Yoast SEO plugin v24.8.1 - https:\/\/yoast.com\/wordpress\/plugins\/seo\/ -->\n<title>Combin\u00e9 invers\u00e9 BOSCH KGN49XLEA - CBS Electro<\/title>\n<meta name=\"robots\" content=\"index, follow, max-snippet:-1, max-image-preview:large, max-video-preview:-1\" \/>\n<link rel=\"canonical\" href=\"https:\/\/www.cbs-electro.com\/index.php\/produit\/combine-inverse-bosch-kgn-49-xlea\/\" \/>\n<meta property=\"og:locale\" content=\"fr_FR\" \/>\n<meta property=\"og:type\" content=\"article\" \/>\n<meta property=\"og:title\" content=\"Combin\u00e9 invers\u00e9 BOSCH KGN49XLEA - CBS Electro\" \/>\n<meta property=\"og:description\" content=\"Le Bosch KGN49XLEA est un r\u00e9frig\u00e9rateur combin\u00e9 en pose libre de la s\u00e9rie 4, offrant une capacit\u00e9 totale de 438 litres, avec 330 litres d\u00e9di\u00e9s au r\u00e9frig\u00e9rateur et 108 litres au cong\u00e9lateur. Ses dimensions sont de 203 cm en hauteur, 70 cm en largeur et 67 cm en profondeur.\" \/>\n<meta property=\"og:url\" content=\"https:\/\/www.cbs-electro.com\/index.php\/produit\/combine-inverse-bosch-kgn-49-xlea\/\" \/>\n<meta property=\"og:site_name\" content=\"CBS Electro\" \/>\n<meta property=\"article:modified_time\" content=\"2025-03-14T16:09:32+00:00\" \/>\n<meta property=\"og:image\" content=\"https:\/\/www.cbs-electro.com\/wp-content\/uploads\/2023\/11\/11777666.webp\" \/>\n\t<meta property=\"og:image:width\" content=\"1140\" \/>\n\t<meta property=\"og:image:height\" content=\"855\" \/>\n\t<meta property=\"og:image:type\" content=\"image\/webp\" \/>\n<meta name=\"twitter:card\" content=\"summary_large_image\" \/>\n<meta name=\"twitter:label1\" content=\"Dur\u00e9e de lecture estim\u00e9e\" \/>\n\t<meta name=\"twitter:data1\" content=\"2 minutes\" \/>\n<script type=\"application\/ld+json\" class=\"yoast-schema-graph\">{\"@context\":\"https:\/\/schema.org\",\"@graph\":[{\"@type\":\"WebPage\",\"@id\":\"https:\/\/www.cbs-electro.com\/index.php\/produit\/combine-inverse-bosch-kgn-49-xlea\/\",\"url\":\"https:\/\/www.cbs-electro.com\/index.php\/produit\/combine-inverse-bosch-kgn-49-xlea\/\",\"name\":\"Combin\u00e9 invers\u00e9 BOSCH KGN49XLEA - CBS Electro\",\"isPartOf\":{\"@id\":\"https:\/\/www.cbs-electro.com\/#website\"},\"primaryImageOfPage\":{\"@id\":\"https:\/\/www.cbs-electro.com\/index.php\/produit\/combine-inverse-bosch-kgn-49-xlea\/#primaryimage\"},\"image\":{\"@id\":\"https:\/\/www.cbs-electro.com\/index.php\/produit\/combine-inverse-bosch-kgn-49-xlea\/#primaryimage\"},\"thumbnailUrl\":\"https:\/\/cbs-electro.com\/wp-content\/uploads\/2023\/11\/11777666.webp\",\"datePublished\":\"2023-11-22T04:19:36+00:00\",\"dateModified\":\"2025-03-14T16:09:32+00:00\",\"breadcrumb\":{\"@id\":\"https:\/\/www.cbs-electro.com\/index.php\/produit\/combine-inverse-bosch-kgn-49-xlea\/#breadcrumb\"},\"inLanguage\":\"fr-FR\",\"potentialAction\":[{\"@type\":\"ReadAction\",\"target\":[\"https:\/\/www.cbs-electro.com\/index.php\/produit\/combine-inverse-bosch-kgn-49-xlea\/\"]}]},{\"@type\":\"ImageObject\",\"inLanguage\":\"fr-FR\",\"@id\":\"https:\/\/www.cbs-electro.com\/index.php\/produit\/combine-inverse-bosch-kgn-49-xlea\/#primaryimage\",\"url\":\"https:\/\/cbs-electro.com\/wp-content\/uploads\/2023\/11\/11777666.webp\",\"contentUrl\":\"https:\/\/cbs-electro.com\/wp-content\/uploads\/2023\/11\/11777666.webp\",\"width\":1140,\"height\":855},{\"@type\":\"BreadcrumbList\",\"@id\":\"https:\/\/www.cbs-electro.com\/index.php\/produit\/combine-inverse-bosch-kgn-49-xlea\/#breadcrumb\",\"itemListElement\":[{\"@type\":\"ListItem\",\"position\":1,\"name\":\"Accueil\",\"item\":\"https:\/\/www.cbs-electro.com\/\"},{\"@type\":\"ListItem\",\"position\":2,\"name\":\"Boutique\",\"item\":\"https:\/\/www.cbs-electro.com\/index.php\/boutique\/\"},{\"@type\":\"ListItem\",\"position\":3,\"name\":\"Combin\u00e9 invers\u00e9 BOSCH KGN49XLEA\"}]},{\"@type\":\"WebSite\",\"@id\":\"https:\/\/www.cbs-electro.com\/#website\",\"url\":\"https:\/\/www.cbs-electro.com\/\",\"name\":\"CBS Electro\",\"description\":\"Vente des produits neufs - Informatique, Smartphones, livres, jeux vid\u00e9o, photos, jouets et \u00e9lectrom\u00e9nager\",\"potentialAction\":[{\"@type\":\"SearchAction\",\"target\":{\"@type\":\"EntryPoint\",\"urlTemplate\":\"https:\/\/www.cbs-electro.com\/?s={search_term_string}\"},\"query-input\":{\"@type\":\"PropertyValueSpecification\",\"valueRequired\":true,\"valueName\":\"search_term_string\"}}],\"inLanguage\":\"fr-FR\"}]}<\/script>\n<!-- \/ Yoast SEO plugin. -->","yoast_head_json":{"title":"Combin\u00e9 invers\u00e9 BOSCH KGN49XLEA - CBS Electro","robots":{"index":"index","follow":"follow","max-snippet":"max-snippet:-1","max-image-preview":"max-image-preview:large","max-video-preview":"max-video-preview:-1"},"canonical":"https:\/\/www.cbs-electro.com\/index.php\/produit\/combine-inverse-bosch-kgn-49-xlea\/","og_locale":"fr_FR","og_type":"article","og_title":"Combin\u00e9 invers\u00e9 BOSCH KGN49XLEA - CBS Electro","og_description":"Le Bosch KGN49XLEA est un r\u00e9frig\u00e9rateur combin\u00e9 en pose libre de la s\u00e9rie 4, offrant une capacit\u00e9 totale de 438 litres, avec 330 litres d\u00e9di\u00e9s au r\u00e9frig\u00e9rateur et 108 litres au cong\u00e9lateur. Ses dimensions sont de 203 cm en hauteur, 70 cm en largeur et 67 cm en profondeur.","og_url":"https:\/\/www.cbs-electro.com\/index.php\/produit\/combine-inverse-bosch-kgn-49-xlea\/","og_site_name":"CBS Electro","article_modified_time":"2025-03-14T16:09:32+00:00","og_image":[{"width":1140,"height":855,"url":"https:\/\/www.cbs-electro.com\/wp-content\/uploads\/2023\/11\/11777666.webp","type":"image\/webp"}],"twitter_card":"summary_large_image","twitter_misc":{"Dur\u00e9e de lecture estim\u00e9e":"2 minutes"},"schema":{"@context":"https:\/\/schema.org","@graph":[{"@type":"WebPage","@id":"https:\/\/www.cbs-electro.com\/index.php\/produit\/combine-inverse-bosch-kgn-49-xlea\/","url":"https:\/\/www.cbs-electro.com\/index.php\/produit\/combine-inverse-bosch-kgn-49-xlea\/","name":"Combin\u00e9 invers\u00e9 BOSCH KGN49XLEA - CBS Electro","isPartOf":{"@id":"https:\/\/www.cbs-electro.com\/#website"},"primaryImageOfPage":{"@id":"https:\/\/www.cbs-electro.com\/index.php\/produit\/combine-inverse-bosch-kgn-49-xlea\/#primaryimage"},"image":{"@id":"https:\/\/www.cbs-electro.com\/index.php\/produit\/combine-inverse-bosch-kgn-49-xlea\/#primaryimage"},"thumbnailUrl":"https:\/\/cbs-electro.com\/wp-content\/uploads\/2023\/11\/11777666.webp","datePublished":"2023-11-22T04:19:36+00:00","dateModified":"2025-03-14T16:09:32+00:00","breadcrumb":{"@id":"https:\/\/www.cbs-electro.com\/index.php\/produit\/combine-inverse-bosch-kgn-49-xlea\/#breadcrumb"},"inLanguage":"fr-FR","potentialAction":[{"@type":"ReadAction","target":["https:\/\/www.cbs-electro.com\/index.php\/produit\/combine-inverse-bosch-kgn-49-xlea\/"]}]},{"@type":"ImageObject","inLanguage":"fr-FR","@id":"https:\/\/www.cbs-electro.com\/index.php\/produit\/combine-inverse-bosch-kgn-49-xlea\/#primaryimage","url":"https:\/\/cbs-electro.com\/wp-content\/uploads\/2023\/11\/11777666.webp","contentUrl":"https:\/\/cbs-electro.com\/wp-content\/uploads\/2023\/11\/11777666.webp","width":1140,"height":855},{"@type":"BreadcrumbList","@id":"https:\/\/www.cbs-electro.com\/index.php\/produit\/combine-inverse-bosch-kgn-49-xlea\/#breadcrumb","itemListElement":[{"@type":"ListItem","position":1,"name":"Accueil","item":"https:\/\/www.cbs-electro.com\/"},{"@type":"ListItem","position":2,"name":"Boutique","item":"https:\/\/www.cbs-electro.com\/index.php\/boutique\/"},{"@type":"ListItem","position":3,"name":"Combin\u00e9 invers\u00e9 BOSCH KGN49XLEA"}]},{"@type":"WebSite","@id":"https:\/\/www.cbs-electro.com\/#website","url":"https:\/\/www.cbs-electro.com\/","name":"CBS Electro","description":"Vente des produits neufs - Informatique, Smartphones, livres, jeux vid\u00e9o, photos, jouets et \u00e9lectrom\u00e9nager","potentialAction":[{"@type":"SearchAction","target":{"@type":"EntryPoint","urlTemplate":"https:\/\/www.cbs-electro.com\/?s={search_term_string}"},"query-input":{"@type":"PropertyValueSpecification","valueRequired":true,"valueName":"search_term_string"}}],"inLanguage":"fr-FR"}]}},"_links":{"self":[{"href":"https:\/\/cbs-electro.com\/index.php\/wp-json\/wp\/v2\/product\/15170","targetHints":{"allow":["GET"]}}],"collection":[{"href":"https:\/\/cbs-electro.com\/index.php\/wp-json\/wp\/v2\/product"}],"about":[{"href":"https:\/\/cbs-electro.com\/index.php\/wp-json\/wp\/v2\/types\/product"}],"version-history":[{"count":3,"href":"https:\/\/cbs-electro.com\/index.php\/wp-json\/wp\/v2\/product\/15170\/revisions"}],"predecessor-version":[{"id":17656,"href":"https:\/\/cbs-electro.com\/index.php\/wp-json\/wp\/v2\/product\/15170\/revisions\/17656"}],"wp:featuredmedia":[{"embeddable":true,"href":"https:\/\/cbs-electro.com\/index.php\/wp-json\/wp\/v2\/media\/17655"}],"wp:attachment":[{"href":"https:\/\/cbs-electro.com\/index.php\/wp-json\/wp\/v2\/media?parent=15170"}],"wp:term":[{"taxonomy":"product_brand","embeddable":true,"href":"https:\/\/cbs-electro.com\/index.php\/wp-json\/wp\/v2\/product_brand?post=15170"},{"taxonomy":"product_cat","embeddable":true,"href":"https:\/\/cbs-electro.com\/index.php\/wp-json\/wp\/v2\/product_cat?post=15170"},{"taxonomy":"product_tag","embeddable":true,"href":"https:\/\/cbs-electro.com\/index.php\/wp-json\/wp\/v2\/product_tag?post=15170"}],"curies":[{"name":"wp","href":"https:\/\/api.w.org\/{rel}","templated":true}]}}