{"id":15060,"date":"2023-11-22T04:01:57","date_gmt":"2023-11-22T03:01:57","guid":{"rendered":"https:\/?post_type=product&#038;p=15060"},"modified":"2025-03-14T15:33:25","modified_gmt":"2025-03-14T14:33:25","slug":"combine-inverse-samsung-rb34t602esa-2","status":"publish","type":"product","link":"https:\/\/cbs-electro.com\/index.php\/produit\/combine-inverse-samsung-rb34t602esa-2\/","title":{"rendered":"Combin\u00e9 invers\u00e9 SAMSUNG RB34T602ESA"},"content":{"rendered":"<header class=\"title-block cursor-pointer text-uppercase\">\n<h2 role=\"button\" data-toggle=\"collapse\">CARACT\u00c9RISTIQUES<\/h2>\n<\/header>\n<div id=\"characteristics\" class=\"collapse show\">\n<table class=\"characteristics-table\">\n<tbody>\n<tr>\n<td class=\"characteristics-title\" colspan=\"2\">NORMES EUROPEENNES (Mars 2021)<\/td>\n<\/tr>\n<tr>\n<td class=\"characteristics-label\">Type de construction<\/td>\n<td class=\"characteristics-value\">Pose libre<\/td>\n<\/tr>\n<tr>\n<td class=\"characteristics-label\">Volume total (L)<\/td>\n<td class=\"characteristics-value\">344<\/td>\n<\/tr>\n<tr>\n<td class=\"characteristics-label\">Classe d&rsquo;efficacit\u00e9 \u00e9nerg\u00e9tique<\/td>\n<td class=\"characteristics-value\">E<\/td>\n<\/tr>\n<tr>\n<td class=\"characteristics-label\">Niveau sonore (dB)<\/td>\n<td class=\"characteristics-value\">35<\/td>\n<\/tr>\n<tr>\n<td class=\"characteristics-label\">Classe d&rsquo;\u00e9mission de bruit acoustique dans l&rsquo;air<\/td>\n<td class=\"characteristics-value\">B<\/td>\n<\/tr>\n<tr>\n<td class=\"characteristics-label\">Conso. d&rsquo;\u00e9nergie annuelle (kWh\/an)<\/td>\n<td class=\"characteristics-value\">254<\/td>\n<\/tr>\n<tr>\n<td class=\"characteristics-label\">Classe climatique<\/td>\n<td class=\"characteristics-value\">SN-T. Cet appareil est con\u00e7u pour \u00eatre utilis\u00e9 \u00e0 une temp\u00e9rature ambiante comprise entre 10\u00b0C et 43\u00b0C<\/td>\n<\/tr>\n<tr>\n<td class=\"characteristics-label\">R\u00e9glage hiver<\/td>\n<td class=\"characteristics-value\">Non<\/td>\n<\/tr>\n<tr>\n<td class=\"characteristics-label\">Volume r\u00e9frig\u00e9rateur (L)<\/td>\n<td class=\"characteristics-value\">230<\/td>\n<\/tr>\n<tr>\n<td class=\"characteristics-label\">T\u00b0C recommand\u00e9e pour stockage optimis\u00e9 des denr\u00e9es alimentaires fra\u00eeches (\u00b0C)<\/td>\n<td class=\"characteristics-value\">3<\/td>\n<\/tr>\n<tr>\n<td class=\"characteristics-label\">Mode de d\u00e9givrage r\u00e9frig\u00e9rateur<\/td>\n<td class=\"characteristics-value\">Automatique<\/td>\n<\/tr>\n<tr>\n<td class=\"characteristics-label\">Volume cong\u00e9lateur (L)<\/td>\n<td class=\"characteristics-value\">114<\/td>\n<\/tr>\n<tr>\n<td class=\"characteristics-label\">T\u00b0C recommand\u00e9e pour stockage optimis\u00e9 des denr\u00e9es alimentaires dans compartiment 4 \u00e9toiles (\u00b0C)<\/td>\n<td class=\"characteristics-value\">-19<\/td>\n<\/tr>\n<tr>\n<td class=\"characteristics-label\">Mode de d\u00e9givrage cong\u00e9lateur<\/td>\n<td class=\"characteristics-value\">Automatique<\/td>\n<\/tr>\n<tr>\n<td class=\"characteristics-label\">Pouvoir de cong\u00e9lation sp\u00e9cifique (kg\/24h)<\/td>\n<td class=\"characteristics-value\">8<\/td>\n<\/tr>\n<tr>\n<td class=\"characteristics-label\">Dispositif de cong\u00e9lation rapide<\/td>\n<td class=\"characteristics-value\">Oui<\/td>\n<\/tr>\n<tr>\n<td class=\"characteristics-label\">Type de source lumineuse<\/td>\n<td class=\"characteristics-value\">LED<\/td>\n<\/tr>\n<tr>\n<td class=\"characteristics-label\">Classe d&rsquo;efficacit\u00e9 \u00e9nerg\u00e9tique de la source lumineuse<\/td>\n<td class=\"characteristics-value\">G<\/td>\n<\/tr>\n<tr>\n<td class=\"characteristics-title\" colspan=\"2\">GENERAL<\/td>\n<\/tr>\n<tr>\n<td class=\"characteristics-label\">Type<\/td>\n<td class=\"characteristics-value\">Combin\u00e9 invers\u00e9<\/td>\n<\/tr>\n<tr>\n<td class=\"characteristics-label\">Type r\u00e9frig\u00e9rateur<\/td>\n<td class=\"characteristics-value\">R\u00e9frig\u00e9rateur &#8211; Cong\u00e9lateur en bas<\/td>\n<\/tr>\n<tr>\n<td class=\"characteristics-label\">Classe \u00e9nerg\u00e9tique<\/td>\n<td class=\"characteristics-value\">E<\/td>\n<\/tr>\n<tr>\n<td class=\"characteristics-label\">Volume (L)<\/td>\n<td class=\"characteristics-value\">344<\/td>\n<\/tr>\n<tr>\n<td class=\"characteristics-label\">Autonomie (h)<\/td>\n<td class=\"characteristics-value\">9<\/td>\n<\/tr>\n<tr>\n<td class=\"characteristics-label\">Nbre de porte(s)<\/td>\n<td class=\"characteristics-value\">2<\/td>\n<\/tr>\n<tr>\n<td class=\"characteristics-label\">R\u00e9gulation de la temp\u00e9rature<\/td>\n<td class=\"characteristics-value\">Electronique<\/td>\n<\/tr>\n<tr>\n<td class=\"characteristics-label\">Connect\u00e9<\/td>\n<td class=\"characteristics-value\">Non<\/td>\n<\/tr>\n<tr>\n<td class=\"characteristics-label\">Couleur<\/td>\n<td class=\"characteristics-value\">Gris<\/td>\n<\/tr>\n<tr>\n<td class=\"characteristics-label\">Finition \/ Nuance<\/td>\n<td class=\"characteristics-value\">M\u00e9tal Grey<\/td>\n<\/tr>\n<tr>\n<td class=\"characteristics-title\" colspan=\"2\">REFRIGERATEUR<\/td>\n<\/tr>\n<tr>\n<td class=\"characteristics-label\">Type de d\u00e9givrage<\/td>\n<td class=\"characteristics-value\">Automatique<\/td>\n<\/tr>\n<tr>\n<td class=\"characteristics-label\">Froid r\u00e9frig\u00e9rateur<\/td>\n<td class=\"characteristics-value\">Ventil\u00e9<\/td>\n<\/tr>\n<tr>\n<td class=\"characteristics-label\">Type de clayette(s)<\/td>\n<td class=\"characteristics-value\">Verre<\/td>\n<\/tr>\n<tr>\n<td class=\"characteristics-label\">Nbre total de clayette(s)<\/td>\n<td class=\"characteristics-value\">4<\/td>\n<\/tr>\n<tr>\n<td class=\"characteristics-label\">Nbre de clayettes bouteilles<\/td>\n<td class=\"characteristics-value\">1<\/td>\n<\/tr>\n<tr>\n<td class=\"characteristics-label\">Nbre de balconnets contre-porte<\/td>\n<td class=\"characteristics-value\">3<\/td>\n<\/tr>\n<tr>\n<td class=\"characteristics-label\">Type d&rsquo;\u00e9clairage<\/td>\n<td class=\"characteristics-value\">LED<\/td>\n<\/tr>\n<tr>\n<td class=\"characteristics-title\" colspan=\"2\">CONGELATEUR<\/td>\n<\/tr>\n<tr>\n<td class=\"characteristics-label\">Nombre d&rsquo;\u00e9toiles<\/td>\n<td class=\"characteristics-value\">4<\/td>\n<\/tr>\n<tr>\n<td class=\"characteristics-label\">Position du cong\u00e9lateur<\/td>\n<td class=\"characteristics-value\">Bas<\/td>\n<\/tr>\n<tr>\n<td class=\"characteristics-label\">D\u00e9givrage cong\u00e9lateur<\/td>\n<td class=\"characteristics-value\">Automatique<\/td>\n<\/tr>\n<tr>\n<td class=\"characteristics-label\">Froid cong\u00e9lateur<\/td>\n<td class=\"characteristics-value\">Ventil\u00e9<\/td>\n<\/tr>\n<tr>\n<td class=\"characteristics-title\" colspan=\"2\">EQUIPEMENTS<\/td>\n<\/tr>\n<tr>\n<td class=\"characteristics-label\">Porte r\u00e9versible<\/td>\n<td class=\"characteristics-value\">Oui<\/td>\n<\/tr>\n<tr>\n<td class=\"characteristics-label\">Type de poign\u00e9e(s)<\/td>\n<td class=\"characteristics-value\">Int\u00e9gr\u00e9es<\/td>\n<\/tr>\n<tr>\n<td class=\"characteristics-label\">Distributeur d&rsquo;eau<\/td>\n<td class=\"characteristics-value\">Non<\/td>\n<\/tr>\n<tr>\n<td class=\"characteristics-label\">Equipement r\u00e9frig\u00e9rateur<\/td>\n<td class=\"characteristics-value\">Tiroir fruits et l\u00e9gumes, Bac \u00e0 oeufs<\/td>\n<\/tr>\n<tr>\n<td class=\"characteristics-label\">Equipement cong\u00e9lateur<\/td>\n<td class=\"characteristics-value\">Bac \u00e0 gla\u00e7ons<\/td>\n<\/tr>\n<tr>\n<td class=\"characteristics-label\">Type de compresseur<\/td>\n<td class=\"characteristics-value\">Digital Inverter<\/td>\n<\/tr>\n<tr>\n<td class=\"characteristics-title\" colspan=\"2\">FONCTIONS<\/td>\n<\/tr>\n<tr>\n<td class=\"characteristics-label\">R\u00e9frig. rapide ou Super R\u00e9frig\u00e9ration<\/td>\n<td class=\"characteristics-value\">Oui<\/td>\n<\/tr>\n<tr>\n<td class=\"characteristics-label\">Cong\u00e9l. rapide ou Super Cong\u00e9lation<\/td>\n<td class=\"characteristics-value\">Oui<\/td>\n<\/tr>\n<tr>\n<td class=\"characteristics-label\">Alarme porte ouverte<\/td>\n<td class=\"characteristics-value\">Oui<\/td>\n<\/tr>\n<tr>\n<td class=\"characteristics-label\">Type d&rsquo;alarme porte ouverte<\/td>\n<td class=\"characteristics-value\">Sonore<\/td>\n<\/tr>\n<tr>\n<td class=\"characteristics-title\" colspan=\"2\">DIMENSIONS &amp; POIDS<\/td>\n<\/tr>\n<tr>\n<td class=\"characteristics-label\">Hauteur (cm)<\/td>\n<td class=\"characteristics-value\">185.3<\/td>\n<\/tr>\n<tr>\n<td class=\"characteristics-label\">Largeur (cm)<\/td>\n<td class=\"characteristics-value\">59.5<\/td>\n<\/tr>\n<tr>\n<td class=\"characteristics-label\">Profondeur (cm)<\/td>\n<td class=\"characteristics-value\">65.8<\/td>\n<\/tr>\n<tr>\n<td class=\"characteristics-label\">Poids (kg)<\/td>\n<td class=\"characteristics-value\">66<\/td>\n<\/tr>\n<tr>\n<td class=\"characteristics-title\" colspan=\"2\">PIECES DETACHEES ET REPARABILITES<\/td>\n<\/tr>\n<tr>\n<td class=\"characteristics-label\">Date d&rsquo;effet<\/td>\n<td class=\"characteristics-value\">Achat du consommateur.<\/td>\n<\/tr>\n<tr>\n<td class=\"characteristics-label\">Disponibilit\u00e9 pi\u00e8ces d\u00e9tach\u00e9es (an)<\/td>\n<td class=\"characteristics-value\">010<\/td>\n<\/tr>\n<\/tbody>\n<\/table>\n<\/div>\n","protected":false},"excerpt":{"rendered":"<p>The <strong data-start=\"44\" data-end=\"67\">Samsung RB34T602ESA<\/strong> is a freestanding fridge freezer that combines modern design with advanced cooling technologies to keep your food fresh and organized.<\/p>\n","protected":false},"featured_media":17627,"template":"","meta":[],"product_brand":[],"product_cat":[81,193,195],"product_tag":[],"class_list":{"0":"post-15060","1":"product","2":"type-product","3":"status-publish","4":"has-post-thumbnail","6":"product_cat-gros-electromenagers","7":"product_cat-refrigerateur","8":"product_cat-refrigerateur-congelateur-en-bas","10":"first","11":"instock","12":"taxable","13":"shipping-taxable","14":"purchasable","15":"product-type-simple"},"yoast_head":"<!-- This site is optimized with the Yoast SEO plugin v24.8.1 - https:\/\/yoast.com\/wordpress\/plugins\/seo\/ -->\n<title>Combin\u00e9 invers\u00e9 SAMSUNG RB34T602ESA - CBS Electro<\/title>\n<meta name=\"robots\" content=\"index, follow, max-snippet:-1, max-image-preview:large, max-video-preview:-1\" \/>\n<link rel=\"canonical\" href=\"https:\/\/cbs-electro.com\/index.php\/produit\/combine-inverse-samsung-rb34t602esa-2\/\" \/>\n<meta property=\"og:locale\" content=\"fr_FR\" \/>\n<meta property=\"og:type\" content=\"article\" \/>\n<meta property=\"og:title\" content=\"Combin\u00e9 invers\u00e9 SAMSUNG RB34T602ESA - CBS Electro\" \/>\n<meta property=\"og:description\" content=\"The Samsung RB34T602ESA is a freestanding fridge freezer that combines modern design with advanced cooling technologies to keep your food fresh and organized.\" \/>\n<meta property=\"og:url\" content=\"https:\/\/cbs-electro.com\/index.php\/produit\/combine-inverse-samsung-rb34t602esa-2\/\" \/>\n<meta property=\"og:site_name\" content=\"CBS Electro\" \/>\n<meta property=\"article:modified_time\" content=\"2025-03-14T14:33:25+00:00\" \/>\n<meta property=\"og:image\" content=\"https:\/\/cbs-electro.com\/wp-content\/uploads\/2023\/11\/samsung-rb34t602esa-linker-voorkant.jpg\" \/>\n\t<meta property=\"og:image:width\" content=\"2048\" \/>\n\t<meta property=\"og:image:height\" content=\"1365\" \/>\n\t<meta property=\"og:image:type\" content=\"image\/jpeg\" \/>\n<meta name=\"twitter:card\" content=\"summary_large_image\" \/>\n<meta name=\"twitter:label1\" content=\"Dur\u00e9e de lecture estim\u00e9e\" \/>\n\t<meta name=\"twitter:data1\" content=\"2 minutes\" \/>\n<script type=\"application\/ld+json\" class=\"yoast-schema-graph\">{\"@context\":\"https:\/\/schema.org\",\"@graph\":[{\"@type\":\"WebPage\",\"@id\":\"https:\/\/cbs-electro.com\/index.php\/produit\/combine-inverse-samsung-rb34t602esa-2\/\",\"url\":\"https:\/\/cbs-electro.com\/index.php\/produit\/combine-inverse-samsung-rb34t602esa-2\/\",\"name\":\"Combin\u00e9 invers\u00e9 SAMSUNG RB34T602ESA - CBS Electro\",\"isPartOf\":{\"@id\":\"https:\/\/www.cbs-electro.com\/#website\"},\"primaryImageOfPage\":{\"@id\":\"https:\/\/cbs-electro.com\/index.php\/produit\/combine-inverse-samsung-rb34t602esa-2\/#primaryimage\"},\"image\":{\"@id\":\"https:\/\/cbs-electro.com\/index.php\/produit\/combine-inverse-samsung-rb34t602esa-2\/#primaryimage\"},\"thumbnailUrl\":\"https:\/\/cbs-electro.com\/wp-content\/uploads\/2023\/11\/samsung-rb34t602esa-linker-voorkant.jpg\",\"datePublished\":\"2023-11-22T03:01:57+00:00\",\"dateModified\":\"2025-03-14T14:33:25+00:00\",\"breadcrumb\":{\"@id\":\"https:\/\/cbs-electro.com\/index.php\/produit\/combine-inverse-samsung-rb34t602esa-2\/#breadcrumb\"},\"inLanguage\":\"fr-FR\",\"potentialAction\":[{\"@type\":\"ReadAction\",\"target\":[\"https:\/\/cbs-electro.com\/index.php\/produit\/combine-inverse-samsung-rb34t602esa-2\/\"]}]},{\"@type\":\"ImageObject\",\"inLanguage\":\"fr-FR\",\"@id\":\"https:\/\/cbs-electro.com\/index.php\/produit\/combine-inverse-samsung-rb34t602esa-2\/#primaryimage\",\"url\":\"https:\/\/cbs-electro.com\/wp-content\/uploads\/2023\/11\/samsung-rb34t602esa-linker-voorkant.jpg\",\"contentUrl\":\"https:\/\/cbs-electro.com\/wp-content\/uploads\/2023\/11\/samsung-rb34t602esa-linker-voorkant.jpg\",\"width\":2048,\"height\":1365},{\"@type\":\"BreadcrumbList\",\"@id\":\"https:\/\/cbs-electro.com\/index.php\/produit\/combine-inverse-samsung-rb34t602esa-2\/#breadcrumb\",\"itemListElement\":[{\"@type\":\"ListItem\",\"position\":1,\"name\":\"Accueil\",\"item\":\"https:\/\/www.cbs-electro.com\/\"},{\"@type\":\"ListItem\",\"position\":2,\"name\":\"Boutique\",\"item\":\"https:\/\/www.cbs-electro.com\/index.php\/boutique\/\"},{\"@type\":\"ListItem\",\"position\":3,\"name\":\"Combin\u00e9 invers\u00e9 SAMSUNG RB34T602ESA\"}]},{\"@type\":\"WebSite\",\"@id\":\"https:\/\/www.cbs-electro.com\/#website\",\"url\":\"https:\/\/www.cbs-electro.com\/\",\"name\":\"CBS Electro\",\"description\":\"Vente des produits neufs - Informatique, Smartphones, livres, jeux vid\u00e9o, photos, jouets et \u00e9lectrom\u00e9nager\",\"potentialAction\":[{\"@type\":\"SearchAction\",\"target\":{\"@type\":\"EntryPoint\",\"urlTemplate\":\"https:\/\/www.cbs-electro.com\/?s={search_term_string}\"},\"query-input\":{\"@type\":\"PropertyValueSpecification\",\"valueRequired\":true,\"valueName\":\"search_term_string\"}}],\"inLanguage\":\"fr-FR\"}]}<\/script>\n<!-- \/ Yoast SEO plugin. -->","yoast_head_json":{"title":"Combin\u00e9 invers\u00e9 SAMSUNG RB34T602ESA - CBS Electro","robots":{"index":"index","follow":"follow","max-snippet":"max-snippet:-1","max-image-preview":"max-image-preview:large","max-video-preview":"max-video-preview:-1"},"canonical":"https:\/\/cbs-electro.com\/index.php\/produit\/combine-inverse-samsung-rb34t602esa-2\/","og_locale":"fr_FR","og_type":"article","og_title":"Combin\u00e9 invers\u00e9 SAMSUNG RB34T602ESA - CBS Electro","og_description":"The Samsung RB34T602ESA is a freestanding fridge freezer that combines modern design with advanced cooling technologies to keep your food fresh and organized.","og_url":"https:\/\/cbs-electro.com\/index.php\/produit\/combine-inverse-samsung-rb34t602esa-2\/","og_site_name":"CBS Electro","article_modified_time":"2025-03-14T14:33:25+00:00","og_image":[{"width":2048,"height":1365,"url":"https:\/\/cbs-electro.com\/wp-content\/uploads\/2023\/11\/samsung-rb34t602esa-linker-voorkant.jpg","type":"image\/jpeg"}],"twitter_card":"summary_large_image","twitter_misc":{"Dur\u00e9e de lecture estim\u00e9e":"2 minutes"},"schema":{"@context":"https:\/\/schema.org","@graph":[{"@type":"WebPage","@id":"https:\/\/cbs-electro.com\/index.php\/produit\/combine-inverse-samsung-rb34t602esa-2\/","url":"https:\/\/cbs-electro.com\/index.php\/produit\/combine-inverse-samsung-rb34t602esa-2\/","name":"Combin\u00e9 invers\u00e9 SAMSUNG RB34T602ESA - CBS Electro","isPartOf":{"@id":"https:\/\/www.cbs-electro.com\/#website"},"primaryImageOfPage":{"@id":"https:\/\/cbs-electro.com\/index.php\/produit\/combine-inverse-samsung-rb34t602esa-2\/#primaryimage"},"image":{"@id":"https:\/\/cbs-electro.com\/index.php\/produit\/combine-inverse-samsung-rb34t602esa-2\/#primaryimage"},"thumbnailUrl":"https:\/\/cbs-electro.com\/wp-content\/uploads\/2023\/11\/samsung-rb34t602esa-linker-voorkant.jpg","datePublished":"2023-11-22T03:01:57+00:00","dateModified":"2025-03-14T14:33:25+00:00","breadcrumb":{"@id":"https:\/\/cbs-electro.com\/index.php\/produit\/combine-inverse-samsung-rb34t602esa-2\/#breadcrumb"},"inLanguage":"fr-FR","potentialAction":[{"@type":"ReadAction","target":["https:\/\/cbs-electro.com\/index.php\/produit\/combine-inverse-samsung-rb34t602esa-2\/"]}]},{"@type":"ImageObject","inLanguage":"fr-FR","@id":"https:\/\/cbs-electro.com\/index.php\/produit\/combine-inverse-samsung-rb34t602esa-2\/#primaryimage","url":"https:\/\/cbs-electro.com\/wp-content\/uploads\/2023\/11\/samsung-rb34t602esa-linker-voorkant.jpg","contentUrl":"https:\/\/cbs-electro.com\/wp-content\/uploads\/2023\/11\/samsung-rb34t602esa-linker-voorkant.jpg","width":2048,"height":1365},{"@type":"BreadcrumbList","@id":"https:\/\/cbs-electro.com\/index.php\/produit\/combine-inverse-samsung-rb34t602esa-2\/#breadcrumb","itemListElement":[{"@type":"ListItem","position":1,"name":"Accueil","item":"https:\/\/www.cbs-electro.com\/"},{"@type":"ListItem","position":2,"name":"Boutique","item":"https:\/\/www.cbs-electro.com\/index.php\/boutique\/"},{"@type":"ListItem","position":3,"name":"Combin\u00e9 invers\u00e9 SAMSUNG RB34T602ESA"}]},{"@type":"WebSite","@id":"https:\/\/www.cbs-electro.com\/#website","url":"https:\/\/www.cbs-electro.com\/","name":"CBS Electro","description":"Vente des produits neufs - Informatique, Smartphones, livres, jeux vid\u00e9o, photos, jouets et \u00e9lectrom\u00e9nager","potentialAction":[{"@type":"SearchAction","target":{"@type":"EntryPoint","urlTemplate":"https:\/\/www.cbs-electro.com\/?s={search_term_string}"},"query-input":{"@type":"PropertyValueSpecification","valueRequired":true,"valueName":"search_term_string"}}],"inLanguage":"fr-FR"}]}},"_links":{"self":[{"href":"https:\/\/cbs-electro.com\/index.php\/wp-json\/wp\/v2\/product\/15060","targetHints":{"allow":["GET"]}}],"collection":[{"href":"https:\/\/cbs-electro.com\/index.php\/wp-json\/wp\/v2\/product"}],"about":[{"href":"https:\/\/cbs-electro.com\/index.php\/wp-json\/wp\/v2\/types\/product"}],"version-history":[{"count":2,"href":"https:\/\/cbs-electro.com\/index.php\/wp-json\/wp\/v2\/product\/15060\/revisions"}],"predecessor-version":[{"id":17628,"href":"https:\/\/cbs-electro.com\/index.php\/wp-json\/wp\/v2\/product\/15060\/revisions\/17628"}],"wp:featuredmedia":[{"embeddable":true,"href":"https:\/\/cbs-electro.com\/index.php\/wp-json\/wp\/v2\/media\/17627"}],"wp:attachment":[{"href":"https:\/\/cbs-electro.com\/index.php\/wp-json\/wp\/v2\/media?parent=15060"}],"wp:term":[{"taxonomy":"product_brand","embeddable":true,"href":"https:\/\/cbs-electro.com\/index.php\/wp-json\/wp\/v2\/product_brand?post=15060"},{"taxonomy":"product_cat","embeddable":true,"href":"https:\/\/cbs-electro.com\/index.php\/wp-json\/wp\/v2\/product_cat?post=15060"},{"taxonomy":"product_tag","embeddable":true,"href":"https:\/\/cbs-electro.com\/index.php\/wp-json\/wp\/v2\/product_tag?post=15060"}],"curies":[{"name":"wp","href":"https:\/\/api.w.org\/{rel}","templated":true}]}}