{"id":14160,"date":"2023-11-15T14:49:28","date_gmt":"2023-11-15T13:49:28","guid":{"rendered":"https:\/?post_type=product&#038;p=14160"},"modified":"2025-03-12T17:26:54","modified_gmt":"2025-03-12T16:26:54","slug":"tondeuse-bosch-a-gazon-sans-fil-advancedrotak-36-660-06008b9601","status":"publish","type":"product","link":"https:\/\/cbs-electro.com\/index.php\/produit\/tondeuse-bosch-a-gazon-sans-fil-advancedrotak-36-660-06008b9601\/","title":{"rendered":"Tondeuse Bosch \u00e0 gazon sans fil AdvancedRotak 36-660 \u2013 06008B9601"},"content":{"rendered":"<div class=\"cms\">\n<div class=\"description_content\">\n<ul>\n<li>2 batteries Lithium-Ion 36 V \/ 2,0 Ah<\/li>\n<li>Chargeur AL 3620 CV<\/li>\n<\/ul>\n<\/div>\n<\/div>\n<ul class=\"list-table\" data-gtm-vis-recent-on-screen-2047254_1465=\"898487\" data-gtm-vis-first-on-screen-2047254_1465=\"898487\" data-gtm-vis-total-visible-time-2047254_1465=\"3000\" data-gtm-vis-has-fired-2047254_1465=\"1\">\n<li class=\"list-table__row\"><span class=\"list-table__cell\">Marque\u00a0<\/span><span class=\"list-table__cell\"><span data-qa=\"brandCta\">BOSCH<\/span><\/span><\/li>\n<li class=\"list-table__row\"><span class=\"list-table__cell\">Caract\u00e9ristiques\u00a0<\/span><span class=\"list-table__cell\">Bac de ramassage<\/span><\/li>\n<li class=\"list-table__row\"><span class=\"list-table__cell\">Surface du jardin\u00a0<\/span><span class=\"list-table__cell\">600 m\u00b2<\/span><\/li>\n<li class=\"list-table__row\"><span class=\"list-table__cell\">Hauteur de coupe\u00a0<\/span><span class=\"list-table__cell\">25 mm<\/span><\/li>\n<li class=\"list-table__row\"><span class=\"list-table__cell\">Largeur de coupe\u00a0<\/span><span class=\"list-table__cell\">42 cm<\/span><\/li>\n<li class=\"list-table__row\"><span class=\"list-table__cell\">Capacit\u00e9 du bac\u00a0<\/span><span class=\"list-table__cell\">50 l<\/span><\/li>\n<li class=\"list-table__row\"><span class=\"list-table__cell\">Poids\u00a0<\/span><span class=\"list-table__cell\">16.5 kg<\/span><\/li>\n<\/ul>\n","protected":false},"excerpt":{"rendered":"<p><a class=\"wd-accordion-title tab-title-description active\" href=\"https:\/\/www.flo-electromenager.com\/produit\/tondeuse-bosch-a-gazon-sans-fil-advancedrotak-36-660-06008b9601\/#tab-description\">DESCRIPTION<\/a><\/p>\n<div id=\"tab-description\" class=\"woocommerce-Tabs-panel woocommerce-Tabs-panel--description panel entry-content wc-tab\">\n<div class=\"wc-tab-inner \">\n<div class=\"\">\n<div class=\"cms\">\n<div class=\"description_content\">\n<ul>\n<li>ProSilence r\u00e9duit jusqu\u00e0 60 % le niveau sonore et am\u00e9liore le confort acoustique<\/li>\n<li>La hauteur peut \u00eatre r\u00e9gl\u00e9e entre 25 mm et 80 mm dans 7 positions gr\u00e2ce \u00e0 un bouton unique<\/li>\n<li>La lame LeafCollect coupe lherbe parfaitement ou ramasse les feuilles pour leur \u00e9limination facile<\/li>\n<li>Tonte relaxante gr\u00e2ce aux poign\u00e9es ErgoSlide<\/li>\n<\/ul>\n<p><strong>Caract\u00e9ristiques techniques<\/strong><\/p>\n<ul>\n<li>Type de batterie Lithium-ion<\/li>\n<li>Type de batterie compatible Lithium-ion<\/li>\n<li>Tension de la batterie 36 V<\/li>\n<li>Tension de batterie compatible 36 V<\/li>\n<li>Fonctionne avec batterie de capacit\u00e9 Ah<\/li>\n<li>Temps de charge de la batterie 65 min<\/li>\n<li>Dur\u00e9e de charge rapide batterie Recharg\u00e9e \u00e0 80 % en 40 min<\/li>\n<li>Surface de pelouse recommand\u00e9e Jusqu\u00e0 600 m2<\/li>\n<li>Diam\u00e8tre de coupe 42 cm<\/li>\n<li>Syst\u00e8me de coupe Lame circulaire<\/li>\n<li>Poids 16,5 kg<\/li>\n<li>Bac de ramassage 50 L<\/li>\n<li>Hauteur de coupe 25 80 mm<\/li>\n<li>R\u00e9glage de la hauteur de coupe R\u00e9glage sur 7 positions, centralis\u00e9<\/li>\n<li>Type de poign\u00e9e Syst\u00e8me \u00ab\u00a0Ergoflex\u00a0\u00bb<\/li>\n<\/ul>\n<p><strong>Contenu<\/strong><\/p>\n<ul>\n<li>2 batteries Lithium-Ion 36 V \/ 2,0 Ah<\/li>\n<li>Chargeur AL 3620 CV<\/li>\n<\/ul>\n<\/div>\n<\/div>\n<ul class=\"list-table\" data-gtm-vis-recent-on-screen-2047254_1465=\"898487\" data-gtm-vis-first-on-screen-2047254_1465=\"898487\" data-gtm-vis-total-visible-time-2047254_1465=\"3000\" data-gtm-vis-has-fired-2047254_1465=\"1\">\n<li class=\"list-table__row\"><span class=\"list-table__cell\">Marque\u00a0<\/span><span class=\"list-table__cell\"><a class=\"link link--no-decoration\" href=\"https:\/\/www.manomano.fr\/marque\/bosch-34\"><span data-qa=\"brandCta\">BOSCH<\/span><\/a><\/span><\/li>\n<li class=\"list-table__row\"><span class=\"list-table__cell\">Caract\u00e9ristiques\u00a0<\/span><span class=\"list-table__cell\">Bac de ramassage<\/span><\/li>\n<li class=\"list-table__row\"><span class=\"list-table__cell\">Surface du jardin\u00a0<\/span><span class=\"list-table__cell\">600 m\u00b2<\/span><\/li>\n<li class=\"list-table__row\"><span class=\"list-table__cell\">Hauteur de coupe\u00a0<\/span><span class=\"list-table__cell\">25 mm<\/span><\/li>\n<li class=\"list-table__row\"><span class=\"list-table__cell\">Largeur de coupe\u00a0<\/span><span class=\"list-table__cell\">42 cm<\/span><\/li>\n<li class=\"list-table__row\"><span class=\"list-table__cell\">Capacit\u00e9 du bac\u00a0<\/span><span class=\"list-table__cell\">50 l<\/span><\/li>\n<li class=\"list-table__row\"><span class=\"list-table__cell\">Poids\u00a0<\/span><span class=\"list-table__cell\">16.5 kg<\/span><\/li>\n<\/ul>\n<\/div>\n<\/div>\n<\/div>\n","protected":false},"featured_media":14282,"template":"","meta":[],"product_brand":[],"product_cat":[74,99],"product_tag":[97],"class_list":{"0":"post-14160","1":"product","2":"type-product","3":"status-publish","4":"has-post-thumbnail","6":"product_cat-maison-jardin","7":"product_cat-tondeuse-a-gazon","8":"product_tag-jardin","10":"first","11":"instock","12":"taxable","13":"shipping-taxable","14":"purchasable","15":"product-type-simple"},"yoast_head":"<!-- This site is optimized with the Yoast SEO plugin v24.8.1 - https:\/\/yoast.com\/wordpress\/plugins\/seo\/ -->\n<title>Tondeuse Bosch \u00e0 gazon sans fil AdvancedRotak 36-660 \u2013 06008B9601 - CBS Electro<\/title>\n<meta name=\"robots\" content=\"index, follow, max-snippet:-1, max-image-preview:large, max-video-preview:-1\" \/>\n<link rel=\"canonical\" href=\"https:\/\/cbs-electro.com\/index.php\/produit\/tondeuse-bosch-a-gazon-sans-fil-advancedrotak-36-660-06008b9601\/\" \/>\n<meta property=\"og:locale\" content=\"fr_FR\" \/>\n<meta property=\"og:type\" content=\"article\" \/>\n<meta property=\"og:title\" content=\"Tondeuse Bosch \u00e0 gazon sans fil AdvancedRotak 36-660 \u2013 06008B9601 - CBS Electro\" \/>\n<meta property=\"og:description\" content=\"DESCRIPTION        ProSilence r\u00e9duit jusqu\u00e0 60 % le niveau sonore et am\u00e9liore le confort acoustique  La hauteur peut \u00eatre r\u00e9gl\u00e9e entre 25 mm et 80 mm dans 7 positions gr\u00e2ce \u00e0 un bouton unique  La lame LeafCollect coupe lherbe parfaitement ou ramasse les feuilles pour leur \u00e9limination facile  Tonte relaxante gr\u00e2ce aux poign\u00e9es ErgoSlide  Caract\u00e9ristiques techniques   Type de batterie Lithium-ion  Type de batterie compatible Lithium-ion  Tension de la batterie 36 V  Tension de batterie compatible 36 V  Fonctionne avec batterie de capacit\u00e9 Ah  Temps de charge de la batterie 65 min  Dur\u00e9e de charge rapide batterie Recharg\u00e9e \u00e0 80 % en 40 min  Surface de pelouse recommand\u00e9e Jusqu\u00e0 600 m2  Diam\u00e8tre de coupe 42 cm  Syst\u00e8me de coupe Lame circulaire  Poids 16,5 kg  Bac de ramassage 50 L  Hauteur de coupe 25 80 mm  R\u00e9glage de la hauteur de coupe R\u00e9glage sur 7 positions, centralis\u00e9  Type de poign\u00e9e Syst\u00e8me \u00ab\u00a0Ergoflex\u00a0\u00bb  Contenu   2 batteries Lithium-Ion 36 V \/ 2,0 Ah  Chargeur AL 3620 CV      Marque\u00a0BOSCH  Caract\u00e9ristiques\u00a0Bac de ramassage  Surface du jardin\u00a0600 m\u00b2  Hauteur de coupe\u00a025 mm  Largeur de coupe\u00a042 cm  Capacit\u00e9 du bac\u00a050 l  Poids\u00a016.5 kg\" \/>\n<meta property=\"og:url\" content=\"https:\/\/cbs-electro.com\/index.php\/produit\/tondeuse-bosch-a-gazon-sans-fil-advancedrotak-36-660-06008b9601\/\" \/>\n<meta property=\"og:site_name\" content=\"CBS Electro\" \/>\n<meta property=\"article:modified_time\" content=\"2025-03-12T16:26:54+00:00\" \/>\n<meta property=\"og:image\" content=\"https:\/\/cbs-electro.com\/wp-content\/uploads\/2023\/11\/a-261.jpg\" \/>\n\t<meta property=\"og:image:width\" content=\"470\" \/>\n\t<meta property=\"og:image:height\" content=\"470\" \/>\n\t<meta property=\"og:image:type\" content=\"image\/jpeg\" \/>\n<meta name=\"twitter:card\" content=\"summary_large_image\" \/>\n<script type=\"application\/ld+json\" class=\"yoast-schema-graph\">{\"@context\":\"https:\/\/schema.org\",\"@graph\":[{\"@type\":\"WebPage\",\"@id\":\"https:\/\/cbs-electro.com\/index.php\/produit\/tondeuse-bosch-a-gazon-sans-fil-advancedrotak-36-660-06008b9601\/\",\"url\":\"https:\/\/cbs-electro.com\/index.php\/produit\/tondeuse-bosch-a-gazon-sans-fil-advancedrotak-36-660-06008b9601\/\",\"name\":\"Tondeuse Bosch \u00e0 gazon sans fil AdvancedRotak 36-660 \u2013 06008B9601 - CBS Electro\",\"isPartOf\":{\"@id\":\"https:\/\/www.cbs-electro.com\/#website\"},\"primaryImageOfPage\":{\"@id\":\"https:\/\/cbs-electro.com\/index.php\/produit\/tondeuse-bosch-a-gazon-sans-fil-advancedrotak-36-660-06008b9601\/#primaryimage\"},\"image\":{\"@id\":\"https:\/\/cbs-electro.com\/index.php\/produit\/tondeuse-bosch-a-gazon-sans-fil-advancedrotak-36-660-06008b9601\/#primaryimage\"},\"thumbnailUrl\":\"https:\/\/cbs-electro.com\/wp-content\/uploads\/2023\/11\/a-261.jpg\",\"datePublished\":\"2023-11-15T13:49:28+00:00\",\"dateModified\":\"2025-03-12T16:26:54+00:00\",\"breadcrumb\":{\"@id\":\"https:\/\/cbs-electro.com\/index.php\/produit\/tondeuse-bosch-a-gazon-sans-fil-advancedrotak-36-660-06008b9601\/#breadcrumb\"},\"inLanguage\":\"fr-FR\",\"potentialAction\":[{\"@type\":\"ReadAction\",\"target\":[\"https:\/\/cbs-electro.com\/index.php\/produit\/tondeuse-bosch-a-gazon-sans-fil-advancedrotak-36-660-06008b9601\/\"]}]},{\"@type\":\"ImageObject\",\"inLanguage\":\"fr-FR\",\"@id\":\"https:\/\/cbs-electro.com\/index.php\/produit\/tondeuse-bosch-a-gazon-sans-fil-advancedrotak-36-660-06008b9601\/#primaryimage\",\"url\":\"https:\/\/cbs-electro.com\/wp-content\/uploads\/2023\/11\/a-261.jpg\",\"contentUrl\":\"https:\/\/cbs-electro.com\/wp-content\/uploads\/2023\/11\/a-261.jpg\",\"width\":470,\"height\":470},{\"@type\":\"BreadcrumbList\",\"@id\":\"https:\/\/cbs-electro.com\/index.php\/produit\/tondeuse-bosch-a-gazon-sans-fil-advancedrotak-36-660-06008b9601\/#breadcrumb\",\"itemListElement\":[{\"@type\":\"ListItem\",\"position\":1,\"name\":\"Accueil\",\"item\":\"https:\/\/www.cbs-electro.com\/\"},{\"@type\":\"ListItem\",\"position\":2,\"name\":\"Boutique\",\"item\":\"https:\/\/www.cbs-electro.com\/index.php\/boutique\/\"},{\"@type\":\"ListItem\",\"position\":3,\"name\":\"Tondeuse Bosch \u00e0 gazon sans fil AdvancedRotak 36-660 \u2013 06008B9601\"}]},{\"@type\":\"WebSite\",\"@id\":\"https:\/\/www.cbs-electro.com\/#website\",\"url\":\"https:\/\/www.cbs-electro.com\/\",\"name\":\"CBS Electro\",\"description\":\"Vente des produits neufs - Informatique, Smartphones, livres, jeux vid\u00e9o, photos, jouets et \u00e9lectrom\u00e9nager\",\"potentialAction\":[{\"@type\":\"SearchAction\",\"target\":{\"@type\":\"EntryPoint\",\"urlTemplate\":\"https:\/\/www.cbs-electro.com\/?s={search_term_string}\"},\"query-input\":{\"@type\":\"PropertyValueSpecification\",\"valueRequired\":true,\"valueName\":\"search_term_string\"}}],\"inLanguage\":\"fr-FR\"}]}<\/script>\n<!-- \/ Yoast SEO plugin. -->","yoast_head_json":{"title":"Tondeuse Bosch \u00e0 gazon sans fil AdvancedRotak 36-660 \u2013 06008B9601 - CBS Electro","robots":{"index":"index","follow":"follow","max-snippet":"max-snippet:-1","max-image-preview":"max-image-preview:large","max-video-preview":"max-video-preview:-1"},"canonical":"https:\/\/cbs-electro.com\/index.php\/produit\/tondeuse-bosch-a-gazon-sans-fil-advancedrotak-36-660-06008b9601\/","og_locale":"fr_FR","og_type":"article","og_title":"Tondeuse Bosch \u00e0 gazon sans fil AdvancedRotak 36-660 \u2013 06008B9601 - CBS Electro","og_description":"DESCRIPTION        ProSilence r\u00e9duit jusqu\u00e0 60 % le niveau sonore et am\u00e9liore le confort acoustique  La hauteur peut \u00eatre r\u00e9gl\u00e9e entre 25 mm et 80 mm dans 7 positions gr\u00e2ce \u00e0 un bouton unique  La lame LeafCollect coupe lherbe parfaitement ou ramasse les feuilles pour leur \u00e9limination facile  Tonte relaxante gr\u00e2ce aux poign\u00e9es ErgoSlide  Caract\u00e9ristiques techniques   Type de batterie Lithium-ion  Type de batterie compatible Lithium-ion  Tension de la batterie 36 V  Tension de batterie compatible 36 V  Fonctionne avec batterie de capacit\u00e9 Ah  Temps de charge de la batterie 65 min  Dur\u00e9e de charge rapide batterie Recharg\u00e9e \u00e0 80 % en 40 min  Surface de pelouse recommand\u00e9e Jusqu\u00e0 600 m2  Diam\u00e8tre de coupe 42 cm  Syst\u00e8me de coupe Lame circulaire  Poids 16,5 kg  Bac de ramassage 50 L  Hauteur de coupe 25 80 mm  R\u00e9glage de la hauteur de coupe R\u00e9glage sur 7 positions, centralis\u00e9  Type de poign\u00e9e Syst\u00e8me \u00ab\u00a0Ergoflex\u00a0\u00bb  Contenu   2 batteries Lithium-Ion 36 V \/ 2,0 Ah  Chargeur AL 3620 CV      Marque\u00a0BOSCH  Caract\u00e9ristiques\u00a0Bac de ramassage  Surface du jardin\u00a0600 m\u00b2  Hauteur de coupe\u00a025 mm  Largeur de coupe\u00a042 cm  Capacit\u00e9 du bac\u00a050 l  Poids\u00a016.5 kg","og_url":"https:\/\/cbs-electro.com\/index.php\/produit\/tondeuse-bosch-a-gazon-sans-fil-advancedrotak-36-660-06008b9601\/","og_site_name":"CBS Electro","article_modified_time":"2025-03-12T16:26:54+00:00","og_image":[{"width":470,"height":470,"url":"https:\/\/cbs-electro.com\/wp-content\/uploads\/2023\/11\/a-261.jpg","type":"image\/jpeg"}],"twitter_card":"summary_large_image","schema":{"@context":"https:\/\/schema.org","@graph":[{"@type":"WebPage","@id":"https:\/\/cbs-electro.com\/index.php\/produit\/tondeuse-bosch-a-gazon-sans-fil-advancedrotak-36-660-06008b9601\/","url":"https:\/\/cbs-electro.com\/index.php\/produit\/tondeuse-bosch-a-gazon-sans-fil-advancedrotak-36-660-06008b9601\/","name":"Tondeuse Bosch \u00e0 gazon sans fil AdvancedRotak 36-660 \u2013 06008B9601 - CBS Electro","isPartOf":{"@id":"https:\/\/www.cbs-electro.com\/#website"},"primaryImageOfPage":{"@id":"https:\/\/cbs-electro.com\/index.php\/produit\/tondeuse-bosch-a-gazon-sans-fil-advancedrotak-36-660-06008b9601\/#primaryimage"},"image":{"@id":"https:\/\/cbs-electro.com\/index.php\/produit\/tondeuse-bosch-a-gazon-sans-fil-advancedrotak-36-660-06008b9601\/#primaryimage"},"thumbnailUrl":"https:\/\/cbs-electro.com\/wp-content\/uploads\/2023\/11\/a-261.jpg","datePublished":"2023-11-15T13:49:28+00:00","dateModified":"2025-03-12T16:26:54+00:00","breadcrumb":{"@id":"https:\/\/cbs-electro.com\/index.php\/produit\/tondeuse-bosch-a-gazon-sans-fil-advancedrotak-36-660-06008b9601\/#breadcrumb"},"inLanguage":"fr-FR","potentialAction":[{"@type":"ReadAction","target":["https:\/\/cbs-electro.com\/index.php\/produit\/tondeuse-bosch-a-gazon-sans-fil-advancedrotak-36-660-06008b9601\/"]}]},{"@type":"ImageObject","inLanguage":"fr-FR","@id":"https:\/\/cbs-electro.com\/index.php\/produit\/tondeuse-bosch-a-gazon-sans-fil-advancedrotak-36-660-06008b9601\/#primaryimage","url":"https:\/\/cbs-electro.com\/wp-content\/uploads\/2023\/11\/a-261.jpg","contentUrl":"https:\/\/cbs-electro.com\/wp-content\/uploads\/2023\/11\/a-261.jpg","width":470,"height":470},{"@type":"BreadcrumbList","@id":"https:\/\/cbs-electro.com\/index.php\/produit\/tondeuse-bosch-a-gazon-sans-fil-advancedrotak-36-660-06008b9601\/#breadcrumb","itemListElement":[{"@type":"ListItem","position":1,"name":"Accueil","item":"https:\/\/www.cbs-electro.com\/"},{"@type":"ListItem","position":2,"name":"Boutique","item":"https:\/\/www.cbs-electro.com\/index.php\/boutique\/"},{"@type":"ListItem","position":3,"name":"Tondeuse Bosch \u00e0 gazon sans fil AdvancedRotak 36-660 \u2013 06008B9601"}]},{"@type":"WebSite","@id":"https:\/\/www.cbs-electro.com\/#website","url":"https:\/\/www.cbs-electro.com\/","name":"CBS Electro","description":"Vente des produits neufs - Informatique, Smartphones, livres, jeux vid\u00e9o, photos, jouets et \u00e9lectrom\u00e9nager","potentialAction":[{"@type":"SearchAction","target":{"@type":"EntryPoint","urlTemplate":"https:\/\/www.cbs-electro.com\/?s={search_term_string}"},"query-input":{"@type":"PropertyValueSpecification","valueRequired":true,"valueName":"search_term_string"}}],"inLanguage":"fr-FR"}]}},"_links":{"self":[{"href":"https:\/\/cbs-electro.com\/index.php\/wp-json\/wp\/v2\/product\/14160","targetHints":{"allow":["GET"]}}],"collection":[{"href":"https:\/\/cbs-electro.com\/index.php\/wp-json\/wp\/v2\/product"}],"about":[{"href":"https:\/\/cbs-electro.com\/index.php\/wp-json\/wp\/v2\/types\/product"}],"version-history":[{"count":3,"href":"https:\/\/cbs-electro.com\/index.php\/wp-json\/wp\/v2\/product\/14160\/revisions"}],"predecessor-version":[{"id":14446,"href":"https:\/\/cbs-electro.com\/index.php\/wp-json\/wp\/v2\/product\/14160\/revisions\/14446"}],"wp:featuredmedia":[{"embeddable":true,"href":"https:\/\/cbs-electro.com\/index.php\/wp-json\/wp\/v2\/media\/14282"}],"wp:attachment":[{"href":"https:\/\/cbs-electro.com\/index.php\/wp-json\/wp\/v2\/media?parent=14160"}],"wp:term":[{"taxonomy":"product_brand","embeddable":true,"href":"https:\/\/cbs-electro.com\/index.php\/wp-json\/wp\/v2\/product_brand?post=14160"},{"taxonomy":"product_cat","embeddable":true,"href":"https:\/\/cbs-electro.com\/index.php\/wp-json\/wp\/v2\/product_cat?post=14160"},{"taxonomy":"product_tag","embeddable":true,"href":"https:\/\/cbs-electro.com\/index.php\/wp-json\/wp\/v2\/product_tag?post=14160"}],"curies":[{"name":"wp","href":"https:\/\/api.w.org\/{rel}","templated":true}]}}