{"id":14159,"date":"2023-11-15T14:49:28","date_gmt":"2023-11-15T13:49:28","guid":{"rendered":"https:\/?post_type=product&#038;p=14159"},"modified":"2025-03-12T17:27:08","modified_gmt":"2025-03-12T16:27:08","slug":"tondeuse-a-gazon-thermique-gc-pm-51-2-hw-e","status":"publish","type":"product","link":"https:\/\/cbs-electro.com\/index.php\/produit\/tondeuse-a-gazon-thermique-gc-pm-51-2-hw-e\/","title":{"rendered":"Tondeuse \u00e0 gazon thermique GC-PM 51\/2 HW-E"},"content":{"rendered":"<p>La tondeuse \u00e0 gazon thermique GC-PM 51\/2 S HW- E, outil robuste et tr\u00e8s puissant, est une aide indispensable pour le jardinier amateur ambitieux pour la tonte et l\u2019entretien de grandes surfaces de pelouse. Son puissant moteur 1 cylindre, 4 temps dispose d\u2019un couple \u00e9lev\u00e9 pour tondre rapidement m\u00eame les herbes hautes et denses. Elle d\u00e9marre facilement et rapidement gr\u00e2ce \u00e0 la fonction de d\u00e9marrage \u00e9lectrique. Cette tondeuse \u00e0 d\u00e9marrage \u00e9lectrique dispose d\u2019une batterie sans entretien, qui se recharge pendant l\u2019utilisation. Le carter solide est en acier \u00e0 peinture \u00e9poxy. Cette tondeuse \u00e0 gazon est conseill\u00e9e pour des surfaces jusqu\u2019\u00e0 1.800 m\u00b2.<\/p>\n","protected":false},"excerpt":{"rendered":"<p>La tondeuse \u00e0 gazon thermique GC-PM 51\/2 S HW- E, outil robuste et tr\u00e8s puissant, est une aide indispensable pour<\/p>\n","protected":false},"featured_media":14277,"template":"","meta":[],"product_brand":[],"product_cat":[74,99],"product_tag":[97],"class_list":{"0":"post-14159","1":"product","2":"type-product","3":"status-publish","4":"has-post-thumbnail","6":"product_cat-maison-jardin","7":"product_cat-tondeuse-a-gazon","8":"product_tag-jardin","10":"first","11":"instock","12":"taxable","13":"shipping-taxable","14":"purchasable","15":"product-type-simple"},"yoast_head":"<!-- This site is optimized with the Yoast SEO plugin v24.8.1 - https:\/\/yoast.com\/wordpress\/plugins\/seo\/ -->\n<title>Tondeuse \u00e0 gazon thermique GC-PM 51\/2 HW-E - CBS Electro<\/title>\n<meta name=\"robots\" content=\"index, follow, max-snippet:-1, max-image-preview:large, max-video-preview:-1\" \/>\n<link rel=\"canonical\" href=\"https:\/\/cbs-electro.com\/index.php\/produit\/tondeuse-a-gazon-thermique-gc-pm-51-2-hw-e\/\" \/>\n<meta property=\"og:locale\" content=\"fr_FR\" \/>\n<meta property=\"og:type\" content=\"article\" \/>\n<meta property=\"og:title\" content=\"Tondeuse \u00e0 gazon thermique GC-PM 51\/2 HW-E - CBS Electro\" \/>\n<meta property=\"og:description\" content=\"La tondeuse \u00e0 gazon thermique GC-PM 51\/2 S HW- E, outil robuste et tr\u00e8s puissant, est une aide indispensable pour\" \/>\n<meta property=\"og:url\" content=\"https:\/\/cbs-electro.com\/index.php\/produit\/tondeuse-a-gazon-thermique-gc-pm-51-2-hw-e\/\" \/>\n<meta property=\"og:site_name\" content=\"CBS Electro\" \/>\n<meta property=\"article:modified_time\" content=\"2025-03-12T16:27:08+00:00\" \/>\n<meta property=\"og:image\" content=\"https:\/\/cbs-electro.com\/wp-content\/uploads\/2023\/11\/a-255.jpg\" \/>\n\t<meta property=\"og:image:width\" content=\"470\" \/>\n\t<meta property=\"og:image:height\" content=\"470\" \/>\n\t<meta property=\"og:image:type\" content=\"image\/jpeg\" \/>\n<meta name=\"twitter:card\" content=\"summary_large_image\" \/>\n<meta name=\"twitter:label1\" content=\"Dur\u00e9e de lecture estim\u00e9e\" \/>\n\t<meta name=\"twitter:data1\" content=\"1 minute\" \/>\n<script type=\"application\/ld+json\" class=\"yoast-schema-graph\">{\"@context\":\"https:\/\/schema.org\",\"@graph\":[{\"@type\":\"WebPage\",\"@id\":\"https:\/\/cbs-electro.com\/index.php\/produit\/tondeuse-a-gazon-thermique-gc-pm-51-2-hw-e\/\",\"url\":\"https:\/\/cbs-electro.com\/index.php\/produit\/tondeuse-a-gazon-thermique-gc-pm-51-2-hw-e\/\",\"name\":\"Tondeuse \u00e0 gazon thermique GC-PM 51\/2 HW-E - CBS Electro\",\"isPartOf\":{\"@id\":\"https:\/\/www.cbs-electro.com\/#website\"},\"primaryImageOfPage\":{\"@id\":\"https:\/\/cbs-electro.com\/index.php\/produit\/tondeuse-a-gazon-thermique-gc-pm-51-2-hw-e\/#primaryimage\"},\"image\":{\"@id\":\"https:\/\/cbs-electro.com\/index.php\/produit\/tondeuse-a-gazon-thermique-gc-pm-51-2-hw-e\/#primaryimage\"},\"thumbnailUrl\":\"https:\/\/cbs-electro.com\/wp-content\/uploads\/2023\/11\/a-255.jpg\",\"datePublished\":\"2023-11-15T13:49:28+00:00\",\"dateModified\":\"2025-03-12T16:27:08+00:00\",\"breadcrumb\":{\"@id\":\"https:\/\/cbs-electro.com\/index.php\/produit\/tondeuse-a-gazon-thermique-gc-pm-51-2-hw-e\/#breadcrumb\"},\"inLanguage\":\"fr-FR\",\"potentialAction\":[{\"@type\":\"ReadAction\",\"target\":[\"https:\/\/cbs-electro.com\/index.php\/produit\/tondeuse-a-gazon-thermique-gc-pm-51-2-hw-e\/\"]}]},{\"@type\":\"ImageObject\",\"inLanguage\":\"fr-FR\",\"@id\":\"https:\/\/cbs-electro.com\/index.php\/produit\/tondeuse-a-gazon-thermique-gc-pm-51-2-hw-e\/#primaryimage\",\"url\":\"https:\/\/cbs-electro.com\/wp-content\/uploads\/2023\/11\/a-255.jpg\",\"contentUrl\":\"https:\/\/cbs-electro.com\/wp-content\/uploads\/2023\/11\/a-255.jpg\",\"width\":470,\"height\":470},{\"@type\":\"BreadcrumbList\",\"@id\":\"https:\/\/cbs-electro.com\/index.php\/produit\/tondeuse-a-gazon-thermique-gc-pm-51-2-hw-e\/#breadcrumb\",\"itemListElement\":[{\"@type\":\"ListItem\",\"position\":1,\"name\":\"Accueil\",\"item\":\"https:\/\/www.cbs-electro.com\/\"},{\"@type\":\"ListItem\",\"position\":2,\"name\":\"Boutique\",\"item\":\"https:\/\/www.cbs-electro.com\/index.php\/boutique\/\"},{\"@type\":\"ListItem\",\"position\":3,\"name\":\"Tondeuse \u00e0 gazon thermique GC-PM 51\/2 HW-E\"}]},{\"@type\":\"WebSite\",\"@id\":\"https:\/\/www.cbs-electro.com\/#website\",\"url\":\"https:\/\/www.cbs-electro.com\/\",\"name\":\"CBS Electro\",\"description\":\"Vente des produits neufs - Informatique, Smartphones, livres, jeux vid\u00e9o, photos, jouets et \u00e9lectrom\u00e9nager\",\"potentialAction\":[{\"@type\":\"SearchAction\",\"target\":{\"@type\":\"EntryPoint\",\"urlTemplate\":\"https:\/\/www.cbs-electro.com\/?s={search_term_string}\"},\"query-input\":{\"@type\":\"PropertyValueSpecification\",\"valueRequired\":true,\"valueName\":\"search_term_string\"}}],\"inLanguage\":\"fr-FR\"}]}<\/script>\n<!-- \/ Yoast SEO plugin. -->","yoast_head_json":{"title":"Tondeuse \u00e0 gazon thermique GC-PM 51\/2 HW-E - CBS Electro","robots":{"index":"index","follow":"follow","max-snippet":"max-snippet:-1","max-image-preview":"max-image-preview:large","max-video-preview":"max-video-preview:-1"},"canonical":"https:\/\/cbs-electro.com\/index.php\/produit\/tondeuse-a-gazon-thermique-gc-pm-51-2-hw-e\/","og_locale":"fr_FR","og_type":"article","og_title":"Tondeuse \u00e0 gazon thermique GC-PM 51\/2 HW-E - CBS Electro","og_description":"La tondeuse \u00e0 gazon thermique GC-PM 51\/2 S HW- E, outil robuste et tr\u00e8s puissant, est une aide indispensable pour","og_url":"https:\/\/cbs-electro.com\/index.php\/produit\/tondeuse-a-gazon-thermique-gc-pm-51-2-hw-e\/","og_site_name":"CBS Electro","article_modified_time":"2025-03-12T16:27:08+00:00","og_image":[{"width":470,"height":470,"url":"https:\/\/cbs-electro.com\/wp-content\/uploads\/2023\/11\/a-255.jpg","type":"image\/jpeg"}],"twitter_card":"summary_large_image","twitter_misc":{"Dur\u00e9e de lecture estim\u00e9e":"1 minute"},"schema":{"@context":"https:\/\/schema.org","@graph":[{"@type":"WebPage","@id":"https:\/\/cbs-electro.com\/index.php\/produit\/tondeuse-a-gazon-thermique-gc-pm-51-2-hw-e\/","url":"https:\/\/cbs-electro.com\/index.php\/produit\/tondeuse-a-gazon-thermique-gc-pm-51-2-hw-e\/","name":"Tondeuse \u00e0 gazon thermique GC-PM 51\/2 HW-E - CBS Electro","isPartOf":{"@id":"https:\/\/www.cbs-electro.com\/#website"},"primaryImageOfPage":{"@id":"https:\/\/cbs-electro.com\/index.php\/produit\/tondeuse-a-gazon-thermique-gc-pm-51-2-hw-e\/#primaryimage"},"image":{"@id":"https:\/\/cbs-electro.com\/index.php\/produit\/tondeuse-a-gazon-thermique-gc-pm-51-2-hw-e\/#primaryimage"},"thumbnailUrl":"https:\/\/cbs-electro.com\/wp-content\/uploads\/2023\/11\/a-255.jpg","datePublished":"2023-11-15T13:49:28+00:00","dateModified":"2025-03-12T16:27:08+00:00","breadcrumb":{"@id":"https:\/\/cbs-electro.com\/index.php\/produit\/tondeuse-a-gazon-thermique-gc-pm-51-2-hw-e\/#breadcrumb"},"inLanguage":"fr-FR","potentialAction":[{"@type":"ReadAction","target":["https:\/\/cbs-electro.com\/index.php\/produit\/tondeuse-a-gazon-thermique-gc-pm-51-2-hw-e\/"]}]},{"@type":"ImageObject","inLanguage":"fr-FR","@id":"https:\/\/cbs-electro.com\/index.php\/produit\/tondeuse-a-gazon-thermique-gc-pm-51-2-hw-e\/#primaryimage","url":"https:\/\/cbs-electro.com\/wp-content\/uploads\/2023\/11\/a-255.jpg","contentUrl":"https:\/\/cbs-electro.com\/wp-content\/uploads\/2023\/11\/a-255.jpg","width":470,"height":470},{"@type":"BreadcrumbList","@id":"https:\/\/cbs-electro.com\/index.php\/produit\/tondeuse-a-gazon-thermique-gc-pm-51-2-hw-e\/#breadcrumb","itemListElement":[{"@type":"ListItem","position":1,"name":"Accueil","item":"https:\/\/www.cbs-electro.com\/"},{"@type":"ListItem","position":2,"name":"Boutique","item":"https:\/\/www.cbs-electro.com\/index.php\/boutique\/"},{"@type":"ListItem","position":3,"name":"Tondeuse \u00e0 gazon thermique GC-PM 51\/2 HW-E"}]},{"@type":"WebSite","@id":"https:\/\/www.cbs-electro.com\/#website","url":"https:\/\/www.cbs-electro.com\/","name":"CBS Electro","description":"Vente des produits neufs - Informatique, Smartphones, livres, jeux vid\u00e9o, photos, jouets et \u00e9lectrom\u00e9nager","potentialAction":[{"@type":"SearchAction","target":{"@type":"EntryPoint","urlTemplate":"https:\/\/www.cbs-electro.com\/?s={search_term_string}"},"query-input":{"@type":"PropertyValueSpecification","valueRequired":true,"valueName":"search_term_string"}}],"inLanguage":"fr-FR"}]}},"_links":{"self":[{"href":"https:\/\/cbs-electro.com\/index.php\/wp-json\/wp\/v2\/product\/14159","targetHints":{"allow":["GET"]}}],"collection":[{"href":"https:\/\/cbs-electro.com\/index.php\/wp-json\/wp\/v2\/product"}],"about":[{"href":"https:\/\/cbs-electro.com\/index.php\/wp-json\/wp\/v2\/types\/product"}],"version-history":[{"count":1,"href":"https:\/\/cbs-electro.com\/index.php\/wp-json\/wp\/v2\/product\/14159\/revisions"}],"predecessor-version":[{"id":14281,"href":"https:\/\/cbs-electro.com\/index.php\/wp-json\/wp\/v2\/product\/14159\/revisions\/14281"}],"wp:featuredmedia":[{"embeddable":true,"href":"https:\/\/cbs-electro.com\/index.php\/wp-json\/wp\/v2\/media\/14277"}],"wp:attachment":[{"href":"https:\/\/cbs-electro.com\/index.php\/wp-json\/wp\/v2\/media?parent=14159"}],"wp:term":[{"taxonomy":"product_brand","embeddable":true,"href":"https:\/\/cbs-electro.com\/index.php\/wp-json\/wp\/v2\/product_brand?post=14159"},{"taxonomy":"product_cat","embeddable":true,"href":"https:\/\/cbs-electro.com\/index.php\/wp-json\/wp\/v2\/product_cat?post=14159"},{"taxonomy":"product_tag","embeddable":true,"href":"https:\/\/cbs-electro.com\/index.php\/wp-json\/wp\/v2\/product_tag?post=14159"}],"curies":[{"name":"wp","href":"https:\/\/api.w.org\/{rel}","templated":true}]}}