{"id":14101,"date":"2023-11-15T14:48:50","date_gmt":"2023-11-15T13:48:50","guid":{"rendered":"https:\/?post_type=product&#038;p=14101"},"modified":"2023-11-15T14:51:34","modified_gmt":"2023-11-15T13:51:34","slug":"louna-4-en-1-berceau-balancelle-electrique-chaise-haute-transat","status":"publish","type":"product","link":"https:\/\/cbs-electro.com\/index.php\/produit\/louna-4-en-1-berceau-balancelle-electrique-chaise-haute-transat\/","title":{"rendered":"LOUNA 4 en 1: Berceau, Balancelle Electrique , Chaise haute, Transat"},"content":{"rendered":"<p>Qui n\u2019a jamais r\u00eav\u00e9 d\u2019avoir sous la main un produit s\u00e9curisant et confortable 4 en 1 pour son b\u00e9b\u00e9 ?<\/p>\n<p>A la fois berceau douillet, balancelle d\u2019\u00e9veil, chaise haute et transat\u00a0<strong>le LOUNA est le produit multifonction que votre enfant va adorer<\/strong>.<\/p>\n<p>Bien entendu ce produit vous permettra de faire des \u00e9conomies sur un budget cons\u00e9quent li\u00e9 \u00e0 la naissance de votre bambin, mais aussi un gain de place pr\u00e9cieux dans votre logement, mais ce n\u2019est pas tout..<\/p>\n<p><strong>La praticit\u00e9 du LOUNA est \u00e9videment son atout principal.<\/strong><\/p>\n<p>Notre produit est utile, efficace, le LOUNA s\u2019utilise de la naissance \u00e0 9Kgs en mode berceau, balancelle ou Transat, et jusqu&rsquo;a 15 kg en mode chaise haute, qui dit mieux ?<\/p>\n<p>A la fois confortable, modulable \u00e0 souhait et s\u00e9curisant, il sait tout faire et lui il le fait bien !<br \/>\nAttention, cette fois votre mari aura toutes ses raisons d\u2019\u00eatre jaloux !<\/p>\n","protected":false},"excerpt":{"rendered":"<p>En vacances, en promenade, chez des amis ou chez les grand parents, gr\u00e2ce son pliage<strong>\u00a0ultra compacte et son poids plume de 6.8 Kg<\/strong>, la Louna se transporte de partout !<\/p>\n<p>&nbsp;<\/p>\n<p><strong>&#8211; 6 vitesses de balancement<\/strong><br \/>\n&#8211; 3<strong>\u00a0hauteurs<\/strong><br \/>\n&#8211; Mode vibration<br \/>\n&#8211; 15 m\u00e9lodies<br \/>\n&#8211; Connecteur USB MP3<br \/>\n<strong>&#8211; Dossier inclinable 3 positions<\/strong><br \/>\n&#8211; Harnais 5 points<br \/>\n&#8211; Arche avec 3 petits jouets en tissus<br \/>\n<strong>&#8211; Timer de 10, 20, 30 minutes<\/strong><br \/>\n&#8211; T\u00e9l\u00e9commande<br \/>\n&#8211; Fonctionne avec l&rsquo;adaptateur secteur (fourni avec)<br \/>\n&#8211;\u00a0<strong>2 Peluches<\/strong>\u00a0(et non 3 comme sur certaines images)<\/p>\n","protected":false},"featured_media":14245,"template":"","meta":[],"product_brand":[],"product_cat":[93],"product_tag":[],"class_list":{"0":"post-14101","1":"product","2":"type-product","3":"status-publish","4":"has-post-thumbnail","6":"product_cat-jouets-enfants-bebes","8":"first","9":"instock","10":"taxable","11":"shipping-taxable","12":"purchasable","13":"product-type-simple"},"yoast_head":"<!-- This site is optimized with the Yoast SEO plugin v24.8.1 - https:\/\/yoast.com\/wordpress\/plugins\/seo\/ -->\n<title>LOUNA 4 en 1: Berceau, Balancelle Electrique , Chaise haute, Transat - CBS Electro<\/title>\n<meta name=\"robots\" content=\"index, follow, max-snippet:-1, max-image-preview:large, max-video-preview:-1\" \/>\n<link rel=\"canonical\" href=\"https:\/\/cbs-electro.com\/index.php\/produit\/louna-4-en-1-berceau-balancelle-electrique-chaise-haute-transat\/\" \/>\n<meta property=\"og:locale\" content=\"fr_FR\" \/>\n<meta property=\"og:type\" content=\"article\" \/>\n<meta property=\"og:title\" content=\"LOUNA 4 en 1: Berceau, Balancelle Electrique , Chaise haute, Transat - CBS Electro\" \/>\n<meta property=\"og:description\" content=\"En vacances, en promenade, chez des amis ou chez les grand parents, gr\u00e2ce son pliage\u00a0ultra compacte et son poids plume de 6.8 Kg, la Louna se transporte de partout !  &nbsp;  - 6 vitesses de balancement - 3\u00a0hauteurs - Mode vibration - 15 m\u00e9lodies - Connecteur USB MP3 - Dossier inclinable 3 positions - Harnais 5 points - Arche avec 3 petits jouets en tissus - Timer de 10, 20, 30 minutes - T\u00e9l\u00e9commande - Fonctionne avec l&#039;adaptateur secteur (fourni avec) -\u00a02 Peluches\u00a0(et non 3 comme sur certaines images)\" \/>\n<meta property=\"og:url\" content=\"https:\/\/cbs-electro.com\/index.php\/produit\/louna-4-en-1-berceau-balancelle-electrique-chaise-haute-transat\/\" \/>\n<meta property=\"og:site_name\" content=\"CBS Electro\" \/>\n<meta property=\"article:modified_time\" content=\"2023-11-15T13:51:34+00:00\" \/>\n<meta property=\"og:image\" content=\"https:\/\/cbs-electro.com\/wp-content\/uploads\/2023\/11\/louna-multifonction-berceau-balancelle-electrique-transat.webp\" \/>\n\t<meta property=\"og:image:width\" content=\"743\" \/>\n\t<meta property=\"og:image:height\" content=\"743\" \/>\n\t<meta property=\"og:image:type\" content=\"image\/webp\" \/>\n<meta name=\"twitter:card\" content=\"summary_large_image\" \/>\n<meta name=\"twitter:label1\" content=\"Dur\u00e9e de lecture estim\u00e9e\" \/>\n\t<meta name=\"twitter:data1\" content=\"1 minute\" \/>\n<script type=\"application\/ld+json\" class=\"yoast-schema-graph\">{\"@context\":\"https:\/\/schema.org\",\"@graph\":[{\"@type\":\"WebPage\",\"@id\":\"https:\/\/cbs-electro.com\/index.php\/produit\/louna-4-en-1-berceau-balancelle-electrique-chaise-haute-transat\/\",\"url\":\"https:\/\/cbs-electro.com\/index.php\/produit\/louna-4-en-1-berceau-balancelle-electrique-chaise-haute-transat\/\",\"name\":\"LOUNA 4 en 1: Berceau, Balancelle Electrique , Chaise haute, Transat - CBS Electro\",\"isPartOf\":{\"@id\":\"https:\/\/www.cbs-electro.com\/#website\"},\"primaryImageOfPage\":{\"@id\":\"https:\/\/cbs-electro.com\/index.php\/produit\/louna-4-en-1-berceau-balancelle-electrique-chaise-haute-transat\/#primaryimage\"},\"image\":{\"@id\":\"https:\/\/cbs-electro.com\/index.php\/produit\/louna-4-en-1-berceau-balancelle-electrique-chaise-haute-transat\/#primaryimage\"},\"thumbnailUrl\":\"https:\/\/cbs-electro.com\/wp-content\/uploads\/2023\/11\/louna-multifonction-berceau-balancelle-electrique-transat.webp\",\"datePublished\":\"2023-11-15T13:48:50+00:00\",\"dateModified\":\"2023-11-15T13:51:34+00:00\",\"breadcrumb\":{\"@id\":\"https:\/\/cbs-electro.com\/index.php\/produit\/louna-4-en-1-berceau-balancelle-electrique-chaise-haute-transat\/#breadcrumb\"},\"inLanguage\":\"fr-FR\",\"potentialAction\":[{\"@type\":\"ReadAction\",\"target\":[\"https:\/\/cbs-electro.com\/index.php\/produit\/louna-4-en-1-berceau-balancelle-electrique-chaise-haute-transat\/\"]}]},{\"@type\":\"ImageObject\",\"inLanguage\":\"fr-FR\",\"@id\":\"https:\/\/cbs-electro.com\/index.php\/produit\/louna-4-en-1-berceau-balancelle-electrique-chaise-haute-transat\/#primaryimage\",\"url\":\"https:\/\/cbs-electro.com\/wp-content\/uploads\/2023\/11\/louna-multifonction-berceau-balancelle-electrique-transat.webp\",\"contentUrl\":\"https:\/\/cbs-electro.com\/wp-content\/uploads\/2023\/11\/louna-multifonction-berceau-balancelle-electrique-transat.webp\",\"width\":743,\"height\":743},{\"@type\":\"BreadcrumbList\",\"@id\":\"https:\/\/cbs-electro.com\/index.php\/produit\/louna-4-en-1-berceau-balancelle-electrique-chaise-haute-transat\/#breadcrumb\",\"itemListElement\":[{\"@type\":\"ListItem\",\"position\":1,\"name\":\"Accueil\",\"item\":\"https:\/\/www.cbs-electro.com\/\"},{\"@type\":\"ListItem\",\"position\":2,\"name\":\"Boutique\",\"item\":\"https:\/\/www.cbs-electro.com\/index.php\/boutique\/\"},{\"@type\":\"ListItem\",\"position\":3,\"name\":\"LOUNA 4 en 1: Berceau, Balancelle Electrique , Chaise haute, Transat\"}]},{\"@type\":\"WebSite\",\"@id\":\"https:\/\/www.cbs-electro.com\/#website\",\"url\":\"https:\/\/www.cbs-electro.com\/\",\"name\":\"CBS Electro\",\"description\":\"Vente des produits neufs - Informatique, Smartphones, livres, jeux vid\u00e9o, photos, jouets et \u00e9lectrom\u00e9nager\",\"potentialAction\":[{\"@type\":\"SearchAction\",\"target\":{\"@type\":\"EntryPoint\",\"urlTemplate\":\"https:\/\/www.cbs-electro.com\/?s={search_term_string}\"},\"query-input\":{\"@type\":\"PropertyValueSpecification\",\"valueRequired\":true,\"valueName\":\"search_term_string\"}}],\"inLanguage\":\"fr-FR\"}]}<\/script>\n<!-- \/ Yoast SEO plugin. -->","yoast_head_json":{"title":"LOUNA 4 en 1: Berceau, Balancelle Electrique , Chaise haute, Transat - CBS Electro","robots":{"index":"index","follow":"follow","max-snippet":"max-snippet:-1","max-image-preview":"max-image-preview:large","max-video-preview":"max-video-preview:-1"},"canonical":"https:\/\/cbs-electro.com\/index.php\/produit\/louna-4-en-1-berceau-balancelle-electrique-chaise-haute-transat\/","og_locale":"fr_FR","og_type":"article","og_title":"LOUNA 4 en 1: Berceau, Balancelle Electrique , Chaise haute, Transat - CBS Electro","og_description":"En vacances, en promenade, chez des amis ou chez les grand parents, gr\u00e2ce son pliage\u00a0ultra compacte et son poids plume de 6.8 Kg, la Louna se transporte de partout !  &nbsp;  - 6 vitesses de balancement - 3\u00a0hauteurs - Mode vibration - 15 m\u00e9lodies - Connecteur USB MP3 - Dossier inclinable 3 positions - Harnais 5 points - Arche avec 3 petits jouets en tissus - Timer de 10, 20, 30 minutes - T\u00e9l\u00e9commande - Fonctionne avec l'adaptateur secteur (fourni avec) -\u00a02 Peluches\u00a0(et non 3 comme sur certaines images)","og_url":"https:\/\/cbs-electro.com\/index.php\/produit\/louna-4-en-1-berceau-balancelle-electrique-chaise-haute-transat\/","og_site_name":"CBS Electro","article_modified_time":"2023-11-15T13:51:34+00:00","og_image":[{"width":743,"height":743,"url":"https:\/\/cbs-electro.com\/wp-content\/uploads\/2023\/11\/louna-multifonction-berceau-balancelle-electrique-transat.webp","type":"image\/webp"}],"twitter_card":"summary_large_image","twitter_misc":{"Dur\u00e9e de lecture estim\u00e9e":"1 minute"},"schema":{"@context":"https:\/\/schema.org","@graph":[{"@type":"WebPage","@id":"https:\/\/cbs-electro.com\/index.php\/produit\/louna-4-en-1-berceau-balancelle-electrique-chaise-haute-transat\/","url":"https:\/\/cbs-electro.com\/index.php\/produit\/louna-4-en-1-berceau-balancelle-electrique-chaise-haute-transat\/","name":"LOUNA 4 en 1: Berceau, Balancelle Electrique , Chaise haute, Transat - CBS Electro","isPartOf":{"@id":"https:\/\/www.cbs-electro.com\/#website"},"primaryImageOfPage":{"@id":"https:\/\/cbs-electro.com\/index.php\/produit\/louna-4-en-1-berceau-balancelle-electrique-chaise-haute-transat\/#primaryimage"},"image":{"@id":"https:\/\/cbs-electro.com\/index.php\/produit\/louna-4-en-1-berceau-balancelle-electrique-chaise-haute-transat\/#primaryimage"},"thumbnailUrl":"https:\/\/cbs-electro.com\/wp-content\/uploads\/2023\/11\/louna-multifonction-berceau-balancelle-electrique-transat.webp","datePublished":"2023-11-15T13:48:50+00:00","dateModified":"2023-11-15T13:51:34+00:00","breadcrumb":{"@id":"https:\/\/cbs-electro.com\/index.php\/produit\/louna-4-en-1-berceau-balancelle-electrique-chaise-haute-transat\/#breadcrumb"},"inLanguage":"fr-FR","potentialAction":[{"@type":"ReadAction","target":["https:\/\/cbs-electro.com\/index.php\/produit\/louna-4-en-1-berceau-balancelle-electrique-chaise-haute-transat\/"]}]},{"@type":"ImageObject","inLanguage":"fr-FR","@id":"https:\/\/cbs-electro.com\/index.php\/produit\/louna-4-en-1-berceau-balancelle-electrique-chaise-haute-transat\/#primaryimage","url":"https:\/\/cbs-electro.com\/wp-content\/uploads\/2023\/11\/louna-multifonction-berceau-balancelle-electrique-transat.webp","contentUrl":"https:\/\/cbs-electro.com\/wp-content\/uploads\/2023\/11\/louna-multifonction-berceau-balancelle-electrique-transat.webp","width":743,"height":743},{"@type":"BreadcrumbList","@id":"https:\/\/cbs-electro.com\/index.php\/produit\/louna-4-en-1-berceau-balancelle-electrique-chaise-haute-transat\/#breadcrumb","itemListElement":[{"@type":"ListItem","position":1,"name":"Accueil","item":"https:\/\/www.cbs-electro.com\/"},{"@type":"ListItem","position":2,"name":"Boutique","item":"https:\/\/www.cbs-electro.com\/index.php\/boutique\/"},{"@type":"ListItem","position":3,"name":"LOUNA 4 en 1: Berceau, Balancelle Electrique , Chaise haute, Transat"}]},{"@type":"WebSite","@id":"https:\/\/www.cbs-electro.com\/#website","url":"https:\/\/www.cbs-electro.com\/","name":"CBS Electro","description":"Vente des produits neufs - Informatique, Smartphones, livres, jeux vid\u00e9o, photos, jouets et \u00e9lectrom\u00e9nager","potentialAction":[{"@type":"SearchAction","target":{"@type":"EntryPoint","urlTemplate":"https:\/\/www.cbs-electro.com\/?s={search_term_string}"},"query-input":{"@type":"PropertyValueSpecification","valueRequired":true,"valueName":"search_term_string"}}],"inLanguage":"fr-FR"}]}},"_links":{"self":[{"href":"https:\/\/cbs-electro.com\/index.php\/wp-json\/wp\/v2\/product\/14101","targetHints":{"allow":["GET"]}}],"collection":[{"href":"https:\/\/cbs-electro.com\/index.php\/wp-json\/wp\/v2\/product"}],"about":[{"href":"https:\/\/cbs-electro.com\/index.php\/wp-json\/wp\/v2\/types\/product"}],"version-history":[{"count":1,"href":"https:\/\/cbs-electro.com\/index.php\/wp-json\/wp\/v2\/product\/14101\/revisions"}],"predecessor-version":[{"id":14250,"href":"https:\/\/cbs-electro.com\/index.php\/wp-json\/wp\/v2\/product\/14101\/revisions\/14250"}],"wp:featuredmedia":[{"embeddable":true,"href":"https:\/\/cbs-electro.com\/index.php\/wp-json\/wp\/v2\/media\/14245"}],"wp:attachment":[{"href":"https:\/\/cbs-electro.com\/index.php\/wp-json\/wp\/v2\/media?parent=14101"}],"wp:term":[{"taxonomy":"product_brand","embeddable":true,"href":"https:\/\/cbs-electro.com\/index.php\/wp-json\/wp\/v2\/product_brand?post=14101"},{"taxonomy":"product_cat","embeddable":true,"href":"https:\/\/cbs-electro.com\/index.php\/wp-json\/wp\/v2\/product_cat?post=14101"},{"taxonomy":"product_tag","embeddable":true,"href":"https:\/\/cbs-electro.com\/index.php\/wp-json\/wp\/v2\/product_tag?post=14101"}],"curies":[{"name":"wp","href":"https:\/\/api.w.org\/{rel}","templated":true}]}}