{"id":14065,"date":"2023-11-15T14:48:29","date_gmt":"2023-11-15T13:48:29","guid":{"rendered":"https:\/?post_type=product&#038;p=14065"},"modified":"2025-03-12T17:28:27","modified_gmt":"2025-03-12T16:28:27","slug":"billard-americain-avec-accessoires-inclus-tapis-rouge-217-x-125-x-81cm","status":"publish","type":"product","link":"https:\/\/cbs-electro.com\/index.php\/produit\/billard-americain-avec-accessoires-inclus-tapis-rouge-217-x-125-x-81cm\/","title":{"rendered":"Billard Am\u00e9ricain avec Accessoires inclus \u2013 Tapis rouge -217 x 125 x 81cm"},"content":{"rendered":"<blockquote>\n<ul>\n<li>1 table de Billard + 2 queues de billard, 1 triangle en ABS, 1 set de boules am\u00e9ricain 57,2 mm, 1 br, osse et 2 craies bleues<\/li>\n<li>Couleur(s) : Rouge<\/li>\n<li>La table mesure 217 x 125 x 80 cm et la surface de jeu est de 1m90 sur 98cm<\/li>\n<li>Poids : 84 Kg<\/li>\n<\/ul>\n<\/blockquote>\n","protected":false},"excerpt":{"rendered":"<table class=\"fpDescTb fpDescTbPub\">\n<tbody>\n<tr>\n<th colspan=\"2\">Informations g\u00e9n\u00e9rales sur le produit<\/th>\n<\/tr>\n<tr>\n<td>Nom du produit<\/td>\n<td>Billard Am\u00e9ricain avec Accessoires inclus \u2013 Tapis<\/td>\n<\/tr>\n<tr>\n<td>Cat\u00e9gorie<\/td>\n<td>BILLARD<\/td>\n<\/tr>\n<tr>\n<th colspan=\"2\">G\u00e9n\u00e9ral<\/th>\n<\/tr>\n<tr>\n<td>Marque<\/td>\n<td>AUCUNE<\/td>\n<\/tr>\n<tr>\n<td>Mod\u00e8le<\/td>\n<td>Billard<\/td>\n<\/tr>\n<tr>\n<td>Composition du lot<\/td>\n<td>1 table de Billard + 2 queues de billard, 1 triangle en ABS, 1 set de boules am\u00e9ricain 57,2 mm, 1 br<br \/>\nosse et 2 craies bleues<\/td>\n<\/tr>\n<tr>\n<td>Utilisation<\/td>\n<td>Int\u00e9rieur<\/td>\n<\/tr>\n<tr>\n<td>Aptitudes n\u00e9cessaires<\/td>\n<td>Travail d\u2019assemblage simple, \u00e0 effectuer par deux adultes<\/td>\n<\/tr>\n<tr>\n<td>Mati\u00e8res<\/td>\n<td>Bois \u2013 Panneaux de particules<\/td>\n<\/tr>\n<tr>\n<td>Couleur(s)<\/td>\n<td>Rouge<\/td>\n<\/tr>\n<tr>\n<td>Plus produit<\/td>\n<td>Notice de Montage en Fran\u00e7ais<\/td>\n<\/tr>\n<tr>\n<th colspan=\"2\">Caract\u00e9ristiques du produit<\/th>\n<\/tr>\n<tr>\n<td>Nombre de pi\u00e8ces \/ \u00e9l\u00e9ments<\/td>\n<td>Surface de jeu de 1m90 sur 98 cm et 2 queues de billard livr\u00e9es<\/td>\n<\/tr>\n<tr>\n<td>Dimensions de la surface de jeu<\/td>\n<td>1m90 x 98cm<\/td>\n<\/tr>\n<tr>\n<th colspan=\"2\">Poids et Dimensions<\/th>\n<\/tr>\n<tr>\n<td>Dimensions<\/td>\n<td>La table mesure 217 x 125 x 80 cm et la surface de jeu est de 1m90 sur 98cm<\/td>\n<\/tr>\n<tr>\n<td>Poids<\/td>\n<td>84 Kg<\/td>\n<\/tr>\n<tr>\n<th colspan=\"2\">Divers<\/th>\n<\/tr>\n<tr>\n<td>Montage<\/td>\n<td>A monter soi-m\u00eame<\/td>\n<\/tr>\n<tr>\n<td>Conseil d\u2019entretien<\/td>\n<td>1 brosse couleur anis en plastique de 18.5cm est fournie afin de nettoyer le tapis de jeu<\/td>\n<\/tr>\n<tr>\n<td>El\u00e9ments livr\u00e9s<\/td>\n<td>1 table de Billard + 2 queues de billard, 1 triangle en ABS, 1 set de boules am\u00e9ricain 57,2 mm, 1 br<br \/>\nosse et 2 craies bleues<\/td>\n<\/tr>\n<tr>\n<th colspan=\"2\">S\u00e9curit\u00e9 et Certifications<\/th>\n<\/tr>\n<tr>\n<td>Pr\u00e9cautions d\u2019emploi<\/td>\n<td>Disposer sur une surface plane<\/td>\n<\/tr>\n<tr>\n<td>Pr\u00e9sence parentale<\/td>\n<td>Pr\u00e9f\u00e9rable<\/td>\n<\/tr>\n<\/tbody>\n<\/table>\n","protected":false},"featured_media":14233,"template":"","meta":[],"product_brand":[],"product_cat":[93],"product_tag":[95],"class_list":{"0":"post-14065","1":"product","2":"type-product","3":"status-publish","4":"has-post-thumbnail","6":"product_cat-jouets-enfants-bebes","7":"product_tag-billard","9":"first","10":"instock","11":"taxable","12":"shipping-taxable","13":"purchasable","14":"product-type-simple"},"yoast_head":"<!-- This site is optimized with the Yoast SEO plugin v24.8.1 - https:\/\/yoast.com\/wordpress\/plugins\/seo\/ -->\n<title>Billard Am\u00e9ricain avec Accessoires inclus \u2013 Tapis rouge -217 x 125 x 81cm - CBS Electro<\/title>\n<meta name=\"robots\" content=\"index, follow, max-snippet:-1, max-image-preview:large, max-video-preview:-1\" \/>\n<link rel=\"canonical\" href=\"https:\/\/cbs-electro.com\/index.php\/produit\/billard-americain-avec-accessoires-inclus-tapis-rouge-217-x-125-x-81cm\/\" \/>\n<meta property=\"og:locale\" content=\"fr_FR\" \/>\n<meta property=\"og:type\" content=\"article\" \/>\n<meta property=\"og:title\" content=\"Billard Am\u00e9ricain avec Accessoires inclus \u2013 Tapis rouge -217 x 125 x 81cm - CBS Electro\" \/>\n<meta property=\"og:description\" content=\"Informations g\u00e9n\u00e9rales sur le produit   Nom du produit Billard Am\u00e9ricain avec Accessoires inclus \u2013 Tapis   Cat\u00e9gorie BILLARD   G\u00e9n\u00e9ral   Marque AUCUNE   Mod\u00e8le Billard   Composition du lot 1 table de Billard + 2 queues de billard, 1 triangle en ABS, 1 set de boules am\u00e9ricain 57,2 mm, 1 br osse et 2 craies bleues   Utilisation Int\u00e9rieur   Aptitudes n\u00e9cessaires Travail d\u2019assemblage simple, \u00e0 effectuer par deux adultes   Mati\u00e8res Bois \u2013 Panneaux de particules   Couleur(s) Rouge   Plus produit Notice de Montage en Fran\u00e7ais   Caract\u00e9ristiques du produit   Nombre de pi\u00e8ces \/ \u00e9l\u00e9ments Surface de jeu de 1m90 sur 98 cm et 2 queues de billard livr\u00e9es   Dimensions de la surface de jeu 1m90 x 98cm   Poids et Dimensions   Dimensions La table mesure 217 x 125 x 80 cm et la surface de jeu est de 1m90 sur 98cm   Poids 84 Kg   Divers   Montage A monter soi-m\u00eame   Conseil d\u2019entretien 1 brosse couleur anis en plastique de 18.5cm est fournie afin de nettoyer le tapis de jeu   El\u00e9ments livr\u00e9s 1 table de Billard + 2 queues de billard, 1 triangle en ABS, 1 set de boules am\u00e9ricain 57,2 mm, 1 br osse et 2 craies bleues   S\u00e9curit\u00e9 et Certifications   Pr\u00e9cautions d\u2019emploi Disposer sur une surface plane   Pr\u00e9sence parentale Pr\u00e9f\u00e9rable\" \/>\n<meta property=\"og:url\" content=\"https:\/\/cbs-electro.com\/index.php\/produit\/billard-americain-avec-accessoires-inclus-tapis-rouge-217-x-125-x-81cm\/\" \/>\n<meta property=\"og:site_name\" content=\"CBS Electro\" \/>\n<meta property=\"article:modified_time\" content=\"2025-03-12T16:28:27+00:00\" \/>\n<meta property=\"og:image\" content=\"https:\/\/cbs-electro.com\/wp-content\/uploads\/2023\/11\/a-339.jpg\" \/>\n\t<meta property=\"og:image:width\" content=\"700\" \/>\n\t<meta property=\"og:image:height\" content=\"700\" \/>\n\t<meta property=\"og:image:type\" content=\"image\/jpeg\" \/>\n<meta name=\"twitter:card\" content=\"summary_large_image\" \/>\n<script type=\"application\/ld+json\" class=\"yoast-schema-graph\">{\"@context\":\"https:\/\/schema.org\",\"@graph\":[{\"@type\":\"WebPage\",\"@id\":\"https:\/\/cbs-electro.com\/index.php\/produit\/billard-americain-avec-accessoires-inclus-tapis-rouge-217-x-125-x-81cm\/\",\"url\":\"https:\/\/cbs-electro.com\/index.php\/produit\/billard-americain-avec-accessoires-inclus-tapis-rouge-217-x-125-x-81cm\/\",\"name\":\"Billard Am\u00e9ricain avec Accessoires inclus \u2013 Tapis rouge -217 x 125 x 81cm - CBS Electro\",\"isPartOf\":{\"@id\":\"https:\/\/www.cbs-electro.com\/#website\"},\"primaryImageOfPage\":{\"@id\":\"https:\/\/cbs-electro.com\/index.php\/produit\/billard-americain-avec-accessoires-inclus-tapis-rouge-217-x-125-x-81cm\/#primaryimage\"},\"image\":{\"@id\":\"https:\/\/cbs-electro.com\/index.php\/produit\/billard-americain-avec-accessoires-inclus-tapis-rouge-217-x-125-x-81cm\/#primaryimage\"},\"thumbnailUrl\":\"https:\/\/cbs-electro.com\/wp-content\/uploads\/2023\/11\/a-339.jpg\",\"datePublished\":\"2023-11-15T13:48:29+00:00\",\"dateModified\":\"2025-03-12T16:28:27+00:00\",\"breadcrumb\":{\"@id\":\"https:\/\/cbs-electro.com\/index.php\/produit\/billard-americain-avec-accessoires-inclus-tapis-rouge-217-x-125-x-81cm\/#breadcrumb\"},\"inLanguage\":\"fr-FR\",\"potentialAction\":[{\"@type\":\"ReadAction\",\"target\":[\"https:\/\/cbs-electro.com\/index.php\/produit\/billard-americain-avec-accessoires-inclus-tapis-rouge-217-x-125-x-81cm\/\"]}]},{\"@type\":\"ImageObject\",\"inLanguage\":\"fr-FR\",\"@id\":\"https:\/\/cbs-electro.com\/index.php\/produit\/billard-americain-avec-accessoires-inclus-tapis-rouge-217-x-125-x-81cm\/#primaryimage\",\"url\":\"https:\/\/cbs-electro.com\/wp-content\/uploads\/2023\/11\/a-339.jpg\",\"contentUrl\":\"https:\/\/cbs-electro.com\/wp-content\/uploads\/2023\/11\/a-339.jpg\",\"width\":700,\"height\":700},{\"@type\":\"BreadcrumbList\",\"@id\":\"https:\/\/cbs-electro.com\/index.php\/produit\/billard-americain-avec-accessoires-inclus-tapis-rouge-217-x-125-x-81cm\/#breadcrumb\",\"itemListElement\":[{\"@type\":\"ListItem\",\"position\":1,\"name\":\"Accueil\",\"item\":\"https:\/\/www.cbs-electro.com\/\"},{\"@type\":\"ListItem\",\"position\":2,\"name\":\"Boutique\",\"item\":\"https:\/\/www.cbs-electro.com\/index.php\/boutique\/\"},{\"@type\":\"ListItem\",\"position\":3,\"name\":\"Billard Am\u00e9ricain avec Accessoires inclus \u2013 Tapis rouge -217 x 125 x 81cm\"}]},{\"@type\":\"WebSite\",\"@id\":\"https:\/\/www.cbs-electro.com\/#website\",\"url\":\"https:\/\/www.cbs-electro.com\/\",\"name\":\"CBS Electro\",\"description\":\"Vente des produits neufs - Informatique, Smartphones, livres, jeux vid\u00e9o, photos, jouets et \u00e9lectrom\u00e9nager\",\"potentialAction\":[{\"@type\":\"SearchAction\",\"target\":{\"@type\":\"EntryPoint\",\"urlTemplate\":\"https:\/\/www.cbs-electro.com\/?s={search_term_string}\"},\"query-input\":{\"@type\":\"PropertyValueSpecification\",\"valueRequired\":true,\"valueName\":\"search_term_string\"}}],\"inLanguage\":\"fr-FR\"}]}<\/script>\n<!-- \/ Yoast SEO plugin. -->","yoast_head_json":{"title":"Billard Am\u00e9ricain avec Accessoires inclus \u2013 Tapis rouge -217 x 125 x 81cm - CBS Electro","robots":{"index":"index","follow":"follow","max-snippet":"max-snippet:-1","max-image-preview":"max-image-preview:large","max-video-preview":"max-video-preview:-1"},"canonical":"https:\/\/cbs-electro.com\/index.php\/produit\/billard-americain-avec-accessoires-inclus-tapis-rouge-217-x-125-x-81cm\/","og_locale":"fr_FR","og_type":"article","og_title":"Billard Am\u00e9ricain avec Accessoires inclus \u2013 Tapis rouge -217 x 125 x 81cm - CBS Electro","og_description":"Informations g\u00e9n\u00e9rales sur le produit   Nom du produit Billard Am\u00e9ricain avec Accessoires inclus \u2013 Tapis   Cat\u00e9gorie BILLARD   G\u00e9n\u00e9ral   Marque AUCUNE   Mod\u00e8le Billard   Composition du lot 1 table de Billard + 2 queues de billard, 1 triangle en ABS, 1 set de boules am\u00e9ricain 57,2 mm, 1 br osse et 2 craies bleues   Utilisation Int\u00e9rieur   Aptitudes n\u00e9cessaires Travail d\u2019assemblage simple, \u00e0 effectuer par deux adultes   Mati\u00e8res Bois \u2013 Panneaux de particules   Couleur(s) Rouge   Plus produit Notice de Montage en Fran\u00e7ais   Caract\u00e9ristiques du produit   Nombre de pi\u00e8ces \/ \u00e9l\u00e9ments Surface de jeu de 1m90 sur 98 cm et 2 queues de billard livr\u00e9es   Dimensions de la surface de jeu 1m90 x 98cm   Poids et Dimensions   Dimensions La table mesure 217 x 125 x 80 cm et la surface de jeu est de 1m90 sur 98cm   Poids 84 Kg   Divers   Montage A monter soi-m\u00eame   Conseil d\u2019entretien 1 brosse couleur anis en plastique de 18.5cm est fournie afin de nettoyer le tapis de jeu   El\u00e9ments livr\u00e9s 1 table de Billard + 2 queues de billard, 1 triangle en ABS, 1 set de boules am\u00e9ricain 57,2 mm, 1 br osse et 2 craies bleues   S\u00e9curit\u00e9 et Certifications   Pr\u00e9cautions d\u2019emploi Disposer sur une surface plane   Pr\u00e9sence parentale Pr\u00e9f\u00e9rable","og_url":"https:\/\/cbs-electro.com\/index.php\/produit\/billard-americain-avec-accessoires-inclus-tapis-rouge-217-x-125-x-81cm\/","og_site_name":"CBS Electro","article_modified_time":"2025-03-12T16:28:27+00:00","og_image":[{"width":700,"height":700,"url":"https:\/\/cbs-electro.com\/wp-content\/uploads\/2023\/11\/a-339.jpg","type":"image\/jpeg"}],"twitter_card":"summary_large_image","schema":{"@context":"https:\/\/schema.org","@graph":[{"@type":"WebPage","@id":"https:\/\/cbs-electro.com\/index.php\/produit\/billard-americain-avec-accessoires-inclus-tapis-rouge-217-x-125-x-81cm\/","url":"https:\/\/cbs-electro.com\/index.php\/produit\/billard-americain-avec-accessoires-inclus-tapis-rouge-217-x-125-x-81cm\/","name":"Billard Am\u00e9ricain avec Accessoires inclus \u2013 Tapis rouge -217 x 125 x 81cm - CBS Electro","isPartOf":{"@id":"https:\/\/www.cbs-electro.com\/#website"},"primaryImageOfPage":{"@id":"https:\/\/cbs-electro.com\/index.php\/produit\/billard-americain-avec-accessoires-inclus-tapis-rouge-217-x-125-x-81cm\/#primaryimage"},"image":{"@id":"https:\/\/cbs-electro.com\/index.php\/produit\/billard-americain-avec-accessoires-inclus-tapis-rouge-217-x-125-x-81cm\/#primaryimage"},"thumbnailUrl":"https:\/\/cbs-electro.com\/wp-content\/uploads\/2023\/11\/a-339.jpg","datePublished":"2023-11-15T13:48:29+00:00","dateModified":"2025-03-12T16:28:27+00:00","breadcrumb":{"@id":"https:\/\/cbs-electro.com\/index.php\/produit\/billard-americain-avec-accessoires-inclus-tapis-rouge-217-x-125-x-81cm\/#breadcrumb"},"inLanguage":"fr-FR","potentialAction":[{"@type":"ReadAction","target":["https:\/\/cbs-electro.com\/index.php\/produit\/billard-americain-avec-accessoires-inclus-tapis-rouge-217-x-125-x-81cm\/"]}]},{"@type":"ImageObject","inLanguage":"fr-FR","@id":"https:\/\/cbs-electro.com\/index.php\/produit\/billard-americain-avec-accessoires-inclus-tapis-rouge-217-x-125-x-81cm\/#primaryimage","url":"https:\/\/cbs-electro.com\/wp-content\/uploads\/2023\/11\/a-339.jpg","contentUrl":"https:\/\/cbs-electro.com\/wp-content\/uploads\/2023\/11\/a-339.jpg","width":700,"height":700},{"@type":"BreadcrumbList","@id":"https:\/\/cbs-electro.com\/index.php\/produit\/billard-americain-avec-accessoires-inclus-tapis-rouge-217-x-125-x-81cm\/#breadcrumb","itemListElement":[{"@type":"ListItem","position":1,"name":"Accueil","item":"https:\/\/www.cbs-electro.com\/"},{"@type":"ListItem","position":2,"name":"Boutique","item":"https:\/\/www.cbs-electro.com\/index.php\/boutique\/"},{"@type":"ListItem","position":3,"name":"Billard Am\u00e9ricain avec Accessoires inclus \u2013 Tapis rouge -217 x 125 x 81cm"}]},{"@type":"WebSite","@id":"https:\/\/www.cbs-electro.com\/#website","url":"https:\/\/www.cbs-electro.com\/","name":"CBS Electro","description":"Vente des produits neufs - Informatique, Smartphones, livres, jeux vid\u00e9o, photos, jouets et \u00e9lectrom\u00e9nager","potentialAction":[{"@type":"SearchAction","target":{"@type":"EntryPoint","urlTemplate":"https:\/\/www.cbs-electro.com\/?s={search_term_string}"},"query-input":{"@type":"PropertyValueSpecification","valueRequired":true,"valueName":"search_term_string"}}],"inLanguage":"fr-FR"}]}},"_links":{"self":[{"href":"https:\/\/cbs-electro.com\/index.php\/wp-json\/wp\/v2\/product\/14065","targetHints":{"allow":["GET"]}}],"collection":[{"href":"https:\/\/cbs-electro.com\/index.php\/wp-json\/wp\/v2\/product"}],"about":[{"href":"https:\/\/cbs-electro.com\/index.php\/wp-json\/wp\/v2\/types\/product"}],"version-history":[{"count":1,"href":"https:\/\/cbs-electro.com\/index.php\/wp-json\/wp\/v2\/product\/14065\/revisions"}],"predecessor-version":[{"id":14236,"href":"https:\/\/cbs-electro.com\/index.php\/wp-json\/wp\/v2\/product\/14065\/revisions\/14236"}],"wp:featuredmedia":[{"embeddable":true,"href":"https:\/\/cbs-electro.com\/index.php\/wp-json\/wp\/v2\/media\/14233"}],"wp:attachment":[{"href":"https:\/\/cbs-electro.com\/index.php\/wp-json\/wp\/v2\/media?parent=14065"}],"wp:term":[{"taxonomy":"product_brand","embeddable":true,"href":"https:\/\/cbs-electro.com\/index.php\/wp-json\/wp\/v2\/product_brand?post=14065"},{"taxonomy":"product_cat","embeddable":true,"href":"https:\/\/cbs-electro.com\/index.php\/wp-json\/wp\/v2\/product_cat?post=14065"},{"taxonomy":"product_tag","embeddable":true,"href":"https:\/\/cbs-electro.com\/index.php\/wp-json\/wp\/v2\/product_tag?post=14065"}],"curies":[{"name":"wp","href":"https:\/\/api.w.org\/{rel}","templated":true}]}}