{"id":14064,"date":"2023-11-15T14:48:29","date_gmt":"2023-11-15T13:48:29","guid":{"rendered":"https:\/?post_type=product&#038;p=14064"},"modified":"2025-03-12T17:28:11","modified_gmt":"2025-03-12T16:28:11","slug":"billard-americain-avec-accessoires-et-retour-de-boules-automatique","status":"publish","type":"product","link":"https:\/\/cbs-electro.com\/index.php\/produit\/billard-americain-avec-accessoires-et-retour-de-boules-automatique\/","title":{"rendered":"Billard Am\u00e9ricain avec Accessoires et retour de Boules automatique"},"content":{"rendered":"<ul>\n<li>Dimension de la table :214 x 122 x 81 cm<\/li>\n<li>Poids : 116 KG<\/li>\n<li>Mati\u00e8res : Cadre en MDF recouvert de PVC lamin\u00e9<\/li>\n<\/ul>\n","protected":false},"excerpt":{"rendered":"<div id=\"titre_DM\">Billard am\u00e9ricain avec retour de boules automatique et accessoires \u2013 Tapis Bleu<\/div>\n<div id=\"table_bottom\">\n<table>\n<tbody>\n<tr>\n<td rowspan=\"2\"><strong>Pr\u00e9sentation du produit :<\/strong>&nbsp;<\/p>\n<ul class=\"listebulletpoint\">\n<li>Billard am\u00e9ricain Noir \u2013 Avec retour de boules automatique et accessoires, Tapis Bleu<\/li>\n<li>La table de billard avec retour de boules automatique est un incontournable ! Dot\u00e9 de ce syst\u00e8me pour plus de confort, fini les mains coinc\u00e9es en essayant de r\u00e9cup\u00e9rer toutes les boules<\/li>\n<li>Poids : 116 Kg<\/li>\n<li>Dimensions : Longueur : 214cm \u2013 Largeur : 122cm \u2013 Hauteur 81 cm<\/li>\n<li>La structure en bois contreplaqu\u00e9 offre une haute r\u00e9sistance \u00e0 la d\u00e9formation<\/li>\n<li>De m\u00eame pour ses pieds et ses coins qui sont en zinc chrom\u00e9- les bandes sont en caoutchouc de haute qualit\u00e9<\/li>\n<li>La table dispose d\u2019un cadre en MDF (plus dense que l\u2019agglom\u00e9r\u00e9, il est souvent le rempla\u00e7ant id\u00e9al du bois massif puisqu\u2019il se d\u00e9forme peu et se fa\u00e7onne facilement<\/li>\n<li>Il ne se fend pas, r\u00e9siste au feu, et n\u2019\u00e9clate pas<\/li>\n<li>Il se compose de fibres de bois comprim\u00e9es et coll\u00e9es \u00e0 chaud)<\/li>\n<li>Surface de jeu : 190 x 98.3 cm, tapis est en laine coloris bleu<\/li>\n<li>Les pieds sont r\u00e9glables en hauteur<\/li>\n<li>Garantie : 1 an<\/li>\n<li>Afin de pouvoir profiter pleinement de votre nouvelle table de billard, nous avons fourni tout l\u2019\u00e9quipement n\u00e9cessaire :<\/li>\n<li>2 queues de billard de longueur 146cm et de poids 300g, 2 queues pour Snooker 146 cm, 2 bridge stick 146cm<\/li>\n<li>1 housse de protection int\u00e9grale, 1 sachet de billes rouges et blanches num\u00e9rot\u00e9es avec une surface plate<\/li>\n<li>1 set de boules am\u00e9ricaines 57,2 mm de diam\u00e8tre, 1 set de boules snooker<\/li>\n<li>1 brosse couleur anis en plastique 18.5cm, bouteille pour le bottle pool<\/li>\n<li>1 triangle en ABS (polym\u00e8re thermoplastique pr\u00e9sentant une bonne tenue aux chocs, relativement rigide, l\u00e9ger), 1 triangle en bois<\/li>\n<li>1 rack de rangement pour fixer les queues et 1 compteur de points<\/li>\n<li>Dimensions du colis : 223 x 133 x 26 cm<\/li>\n<li>Notre billard am\u00e9ricain est un produit qui se monte tr\u00e8s facilement gr\u00e2ce \u00e0 sa notice<\/li>\n<li>\u00a0de montage<\/li>\n<\/ul>\n<\/td>\n<\/tr>\n<\/tbody>\n<\/table>\n<\/div>\n","protected":false},"featured_media":14228,"template":"","meta":[],"product_brand":[],"product_cat":[93],"product_tag":[95],"class_list":{"0":"post-14064","1":"product","2":"type-product","3":"status-publish","4":"has-post-thumbnail","6":"product_cat-jouets-enfants-bebes","7":"product_tag-billard","9":"first","10":"instock","11":"taxable","12":"shipping-taxable","13":"purchasable","14":"product-type-simple"},"yoast_head":"<!-- This site is optimized with the Yoast SEO plugin v24.8.1 - https:\/\/yoast.com\/wordpress\/plugins\/seo\/ -->\n<title>Billard Am\u00e9ricain avec Accessoires et retour de Boules automatique - CBS Electro<\/title>\n<meta name=\"robots\" content=\"index, follow, max-snippet:-1, max-image-preview:large, max-video-preview:-1\" \/>\n<link rel=\"canonical\" href=\"https:\/\/cbs-electro.com\/index.php\/produit\/billard-americain-avec-accessoires-et-retour-de-boules-automatique\/\" \/>\n<meta property=\"og:locale\" content=\"fr_FR\" \/>\n<meta property=\"og:type\" content=\"article\" \/>\n<meta property=\"og:title\" content=\"Billard Am\u00e9ricain avec Accessoires et retour de Boules automatique - CBS Electro\" \/>\n<meta property=\"og:description\" content=\"Billard am\u00e9ricain avec retour de boules automatique et accessoires \u2013 Tapis Bleu     Pr\u00e9sentation du produit :&nbsp;   Billard am\u00e9ricain Noir \u2013 Avec retour de boules automatique et accessoires, Tapis Bleu  La table de billard avec retour de boules automatique est un incontournable ! Dot\u00e9 de ce syst\u00e8me pour plus de confort, fini les mains coinc\u00e9es en essayant de r\u00e9cup\u00e9rer toutes les boules  Poids : 116 Kg  Dimensions : Longueur : 214cm \u2013 Largeur : 122cm \u2013 Hauteur 81 cm  La structure en bois contreplaqu\u00e9 offre une haute r\u00e9sistance \u00e0 la d\u00e9formation  De m\u00eame pour ses pieds et ses coins qui sont en zinc chrom\u00e9- les bandes sont en caoutchouc de haute qualit\u00e9  La table dispose d\u2019un cadre en MDF (plus dense que l\u2019agglom\u00e9r\u00e9, il est souvent le rempla\u00e7ant id\u00e9al du bois massif puisqu\u2019il se d\u00e9forme peu et se fa\u00e7onne facilement  Il ne se fend pas, r\u00e9siste au feu, et n\u2019\u00e9clate pas  Il se compose de fibres de bois comprim\u00e9es et coll\u00e9es \u00e0 chaud)  Surface de jeu : 190 x 98.3 cm, tapis est en laine coloris bleu  Les pieds sont r\u00e9glables en hauteur  Garantie : 1 an  Afin de pouvoir profiter pleinement de votre nouvelle table de billard, nous avons fourni tout l\u2019\u00e9quipement n\u00e9cessaire :  2 queues de billard de longueur 146cm et de poids 300g, 2 queues pour Snooker 146 cm, 2 bridge stick 146cm  1 housse de protection int\u00e9grale, 1 sachet de billes rouges et blanches num\u00e9rot\u00e9es avec une surface plate  1 set de boules am\u00e9ricaines 57,2 mm de diam\u00e8tre, 1 set de boules snooker  1 brosse couleur anis en plastique 18.5cm, bouteille pour le bottle pool  1 triangle en ABS (polym\u00e8re thermoplastique pr\u00e9sentant une bonne tenue aux chocs, relativement rigide, l\u00e9ger), 1 triangle en bois  1 rack de rangement pour fixer les queues et 1 compteur de points  Dimensions du colis : 223 x 133 x 26 cm  Notre billard am\u00e9ricain est un produit qui se monte tr\u00e8s facilement gr\u00e2ce \u00e0 sa notice  \u00a0de montage\" \/>\n<meta property=\"og:url\" content=\"https:\/\/cbs-electro.com\/index.php\/produit\/billard-americain-avec-accessoires-et-retour-de-boules-automatique\/\" \/>\n<meta property=\"og:site_name\" content=\"CBS Electro\" \/>\n<meta property=\"article:modified_time\" content=\"2025-03-12T16:28:11+00:00\" \/>\n<meta property=\"og:image\" content=\"https:\/\/cbs-electro.com\/wp-content\/uploads\/2023\/11\/a-338.jpg\" \/>\n\t<meta property=\"og:image:width\" content=\"700\" \/>\n\t<meta property=\"og:image:height\" content=\"700\" \/>\n\t<meta property=\"og:image:type\" content=\"image\/jpeg\" \/>\n<meta name=\"twitter:card\" content=\"summary_large_image\" \/>\n<script type=\"application\/ld+json\" class=\"yoast-schema-graph\">{\"@context\":\"https:\/\/schema.org\",\"@graph\":[{\"@type\":\"WebPage\",\"@id\":\"https:\/\/cbs-electro.com\/index.php\/produit\/billard-americain-avec-accessoires-et-retour-de-boules-automatique\/\",\"url\":\"https:\/\/cbs-electro.com\/index.php\/produit\/billard-americain-avec-accessoires-et-retour-de-boules-automatique\/\",\"name\":\"Billard Am\u00e9ricain avec Accessoires et retour de Boules automatique - CBS Electro\",\"isPartOf\":{\"@id\":\"https:\/\/www.cbs-electro.com\/#website\"},\"primaryImageOfPage\":{\"@id\":\"https:\/\/cbs-electro.com\/index.php\/produit\/billard-americain-avec-accessoires-et-retour-de-boules-automatique\/#primaryimage\"},\"image\":{\"@id\":\"https:\/\/cbs-electro.com\/index.php\/produit\/billard-americain-avec-accessoires-et-retour-de-boules-automatique\/#primaryimage\"},\"thumbnailUrl\":\"https:\/\/cbs-electro.com\/wp-content\/uploads\/2023\/11\/a-338.jpg\",\"datePublished\":\"2023-11-15T13:48:29+00:00\",\"dateModified\":\"2025-03-12T16:28:11+00:00\",\"breadcrumb\":{\"@id\":\"https:\/\/cbs-electro.com\/index.php\/produit\/billard-americain-avec-accessoires-et-retour-de-boules-automatique\/#breadcrumb\"},\"inLanguage\":\"fr-FR\",\"potentialAction\":[{\"@type\":\"ReadAction\",\"target\":[\"https:\/\/cbs-electro.com\/index.php\/produit\/billard-americain-avec-accessoires-et-retour-de-boules-automatique\/\"]}]},{\"@type\":\"ImageObject\",\"inLanguage\":\"fr-FR\",\"@id\":\"https:\/\/cbs-electro.com\/index.php\/produit\/billard-americain-avec-accessoires-et-retour-de-boules-automatique\/#primaryimage\",\"url\":\"https:\/\/cbs-electro.com\/wp-content\/uploads\/2023\/11\/a-338.jpg\",\"contentUrl\":\"https:\/\/cbs-electro.com\/wp-content\/uploads\/2023\/11\/a-338.jpg\",\"width\":700,\"height\":700},{\"@type\":\"BreadcrumbList\",\"@id\":\"https:\/\/cbs-electro.com\/index.php\/produit\/billard-americain-avec-accessoires-et-retour-de-boules-automatique\/#breadcrumb\",\"itemListElement\":[{\"@type\":\"ListItem\",\"position\":1,\"name\":\"Accueil\",\"item\":\"https:\/\/www.cbs-electro.com\/\"},{\"@type\":\"ListItem\",\"position\":2,\"name\":\"Boutique\",\"item\":\"https:\/\/www.cbs-electro.com\/index.php\/boutique\/\"},{\"@type\":\"ListItem\",\"position\":3,\"name\":\"Billard Am\u00e9ricain avec Accessoires et retour de Boules automatique\"}]},{\"@type\":\"WebSite\",\"@id\":\"https:\/\/www.cbs-electro.com\/#website\",\"url\":\"https:\/\/www.cbs-electro.com\/\",\"name\":\"CBS Electro\",\"description\":\"Vente des produits neufs - Informatique, Smartphones, livres, jeux vid\u00e9o, photos, jouets et \u00e9lectrom\u00e9nager\",\"potentialAction\":[{\"@type\":\"SearchAction\",\"target\":{\"@type\":\"EntryPoint\",\"urlTemplate\":\"https:\/\/www.cbs-electro.com\/?s={search_term_string}\"},\"query-input\":{\"@type\":\"PropertyValueSpecification\",\"valueRequired\":true,\"valueName\":\"search_term_string\"}}],\"inLanguage\":\"fr-FR\"}]}<\/script>\n<!-- \/ Yoast SEO plugin. -->","yoast_head_json":{"title":"Billard Am\u00e9ricain avec Accessoires et retour de Boules automatique - CBS Electro","robots":{"index":"index","follow":"follow","max-snippet":"max-snippet:-1","max-image-preview":"max-image-preview:large","max-video-preview":"max-video-preview:-1"},"canonical":"https:\/\/cbs-electro.com\/index.php\/produit\/billard-americain-avec-accessoires-et-retour-de-boules-automatique\/","og_locale":"fr_FR","og_type":"article","og_title":"Billard Am\u00e9ricain avec Accessoires et retour de Boules automatique - CBS Electro","og_description":"Billard am\u00e9ricain avec retour de boules automatique et accessoires \u2013 Tapis Bleu     Pr\u00e9sentation du produit :&nbsp;   Billard am\u00e9ricain Noir \u2013 Avec retour de boules automatique et accessoires, Tapis Bleu  La table de billard avec retour de boules automatique est un incontournable ! Dot\u00e9 de ce syst\u00e8me pour plus de confort, fini les mains coinc\u00e9es en essayant de r\u00e9cup\u00e9rer toutes les boules  Poids : 116 Kg  Dimensions : Longueur : 214cm \u2013 Largeur : 122cm \u2013 Hauteur 81 cm  La structure en bois contreplaqu\u00e9 offre une haute r\u00e9sistance \u00e0 la d\u00e9formation  De m\u00eame pour ses pieds et ses coins qui sont en zinc chrom\u00e9- les bandes sont en caoutchouc de haute qualit\u00e9  La table dispose d\u2019un cadre en MDF (plus dense que l\u2019agglom\u00e9r\u00e9, il est souvent le rempla\u00e7ant id\u00e9al du bois massif puisqu\u2019il se d\u00e9forme peu et se fa\u00e7onne facilement  Il ne se fend pas, r\u00e9siste au feu, et n\u2019\u00e9clate pas  Il se compose de fibres de bois comprim\u00e9es et coll\u00e9es \u00e0 chaud)  Surface de jeu : 190 x 98.3 cm, tapis est en laine coloris bleu  Les pieds sont r\u00e9glables en hauteur  Garantie : 1 an  Afin de pouvoir profiter pleinement de votre nouvelle table de billard, nous avons fourni tout l\u2019\u00e9quipement n\u00e9cessaire :  2 queues de billard de longueur 146cm et de poids 300g, 2 queues pour Snooker 146 cm, 2 bridge stick 146cm  1 housse de protection int\u00e9grale, 1 sachet de billes rouges et blanches num\u00e9rot\u00e9es avec une surface plate  1 set de boules am\u00e9ricaines 57,2 mm de diam\u00e8tre, 1 set de boules snooker  1 brosse couleur anis en plastique 18.5cm, bouteille pour le bottle pool  1 triangle en ABS (polym\u00e8re thermoplastique pr\u00e9sentant une bonne tenue aux chocs, relativement rigide, l\u00e9ger), 1 triangle en bois  1 rack de rangement pour fixer les queues et 1 compteur de points  Dimensions du colis : 223 x 133 x 26 cm  Notre billard am\u00e9ricain est un produit qui se monte tr\u00e8s facilement gr\u00e2ce \u00e0 sa notice  \u00a0de montage","og_url":"https:\/\/cbs-electro.com\/index.php\/produit\/billard-americain-avec-accessoires-et-retour-de-boules-automatique\/","og_site_name":"CBS Electro","article_modified_time":"2025-03-12T16:28:11+00:00","og_image":[{"width":700,"height":700,"url":"https:\/\/cbs-electro.com\/wp-content\/uploads\/2023\/11\/a-338.jpg","type":"image\/jpeg"}],"twitter_card":"summary_large_image","schema":{"@context":"https:\/\/schema.org","@graph":[{"@type":"WebPage","@id":"https:\/\/cbs-electro.com\/index.php\/produit\/billard-americain-avec-accessoires-et-retour-de-boules-automatique\/","url":"https:\/\/cbs-electro.com\/index.php\/produit\/billard-americain-avec-accessoires-et-retour-de-boules-automatique\/","name":"Billard Am\u00e9ricain avec Accessoires et retour de Boules automatique - CBS Electro","isPartOf":{"@id":"https:\/\/www.cbs-electro.com\/#website"},"primaryImageOfPage":{"@id":"https:\/\/cbs-electro.com\/index.php\/produit\/billard-americain-avec-accessoires-et-retour-de-boules-automatique\/#primaryimage"},"image":{"@id":"https:\/\/cbs-electro.com\/index.php\/produit\/billard-americain-avec-accessoires-et-retour-de-boules-automatique\/#primaryimage"},"thumbnailUrl":"https:\/\/cbs-electro.com\/wp-content\/uploads\/2023\/11\/a-338.jpg","datePublished":"2023-11-15T13:48:29+00:00","dateModified":"2025-03-12T16:28:11+00:00","breadcrumb":{"@id":"https:\/\/cbs-electro.com\/index.php\/produit\/billard-americain-avec-accessoires-et-retour-de-boules-automatique\/#breadcrumb"},"inLanguage":"fr-FR","potentialAction":[{"@type":"ReadAction","target":["https:\/\/cbs-electro.com\/index.php\/produit\/billard-americain-avec-accessoires-et-retour-de-boules-automatique\/"]}]},{"@type":"ImageObject","inLanguage":"fr-FR","@id":"https:\/\/cbs-electro.com\/index.php\/produit\/billard-americain-avec-accessoires-et-retour-de-boules-automatique\/#primaryimage","url":"https:\/\/cbs-electro.com\/wp-content\/uploads\/2023\/11\/a-338.jpg","contentUrl":"https:\/\/cbs-electro.com\/wp-content\/uploads\/2023\/11\/a-338.jpg","width":700,"height":700},{"@type":"BreadcrumbList","@id":"https:\/\/cbs-electro.com\/index.php\/produit\/billard-americain-avec-accessoires-et-retour-de-boules-automatique\/#breadcrumb","itemListElement":[{"@type":"ListItem","position":1,"name":"Accueil","item":"https:\/\/www.cbs-electro.com\/"},{"@type":"ListItem","position":2,"name":"Boutique","item":"https:\/\/www.cbs-electro.com\/index.php\/boutique\/"},{"@type":"ListItem","position":3,"name":"Billard Am\u00e9ricain avec Accessoires et retour de Boules automatique"}]},{"@type":"WebSite","@id":"https:\/\/www.cbs-electro.com\/#website","url":"https:\/\/www.cbs-electro.com\/","name":"CBS Electro","description":"Vente des produits neufs - Informatique, Smartphones, livres, jeux vid\u00e9o, photos, jouets et \u00e9lectrom\u00e9nager","potentialAction":[{"@type":"SearchAction","target":{"@type":"EntryPoint","urlTemplate":"https:\/\/www.cbs-electro.com\/?s={search_term_string}"},"query-input":{"@type":"PropertyValueSpecification","valueRequired":true,"valueName":"search_term_string"}}],"inLanguage":"fr-FR"}]}},"_links":{"self":[{"href":"https:\/\/cbs-electro.com\/index.php\/wp-json\/wp\/v2\/product\/14064","targetHints":{"allow":["GET"]}}],"collection":[{"href":"https:\/\/cbs-electro.com\/index.php\/wp-json\/wp\/v2\/product"}],"about":[{"href":"https:\/\/cbs-electro.com\/index.php\/wp-json\/wp\/v2\/types\/product"}],"version-history":[{"count":1,"href":"https:\/\/cbs-electro.com\/index.php\/wp-json\/wp\/v2\/product\/14064\/revisions"}],"predecessor-version":[{"id":14232,"href":"https:\/\/cbs-electro.com\/index.php\/wp-json\/wp\/v2\/product\/14064\/revisions\/14232"}],"wp:featuredmedia":[{"embeddable":true,"href":"https:\/\/cbs-electro.com\/index.php\/wp-json\/wp\/v2\/media\/14228"}],"wp:attachment":[{"href":"https:\/\/cbs-electro.com\/index.php\/wp-json\/wp\/v2\/media?parent=14064"}],"wp:term":[{"taxonomy":"product_brand","embeddable":true,"href":"https:\/\/cbs-electro.com\/index.php\/wp-json\/wp\/v2\/product_brand?post=14064"},{"taxonomy":"product_cat","embeddable":true,"href":"https:\/\/cbs-electro.com\/index.php\/wp-json\/wp\/v2\/product_cat?post=14064"},{"taxonomy":"product_tag","embeddable":true,"href":"https:\/\/cbs-electro.com\/index.php\/wp-json\/wp\/v2\/product_tag?post=14064"}],"curies":[{"name":"wp","href":"https:\/\/api.w.org\/{rel}","templated":true}]}}