{"id":14063,"date":"2023-11-15T14:48:29","date_gmt":"2023-11-15T13:48:29","guid":{"rendered":"https:\/?post_type=product&#038;p=14063"},"modified":"2025-03-12T17:27:54","modified_gmt":"2025-03-12T16:27:54","slug":"baby-foot-barres-telescopiques-monnayeur-bleu-garlando-deluxe-outdoor","status":"publish","type":"product","link":"https:\/\/cbs-electro.com\/index.php\/produit\/baby-foot-barres-telescopiques-monnayeur-bleu-garlando-deluxe-outdoor\/","title":{"rendered":"Baby foot \u2013 barres t\u00e9lescopiques + monnayeur \u2013 Bleu \u2013 GARLANDO \u2013 Deluxe Outdoor"},"content":{"rendered":"<p>La babyfoot para bar ext\u00e9rieur, construit avec des mat\u00e9riaux r\u00e9sistant aux conditions m\u00e9t\u00e9orologiques (contreplaqu\u00e9 marine, colle imperm\u00e9able et composants en acier avec traitement anti-rouille). \u2013 Il a \u00e9quip\u00e9 avec housse de prot\u2026Voir la pr\u00e9sentation<\/p>\n","protected":false},"excerpt":{"rendered":"<table class=\"fpDescTb fpDescTbPub\">\n<tbody>\n<tr>\n<th colspan=\"2\">Informations g\u00e9n\u00e9rales sur le produit<\/th>\n<\/tr>\n<tr>\n<td>Marque<\/td>\n<td><a title=\"GARLANDO\" href=\"https:\/\/www.cdiscount.com\/m-31348-garlando.html\" data-link=\"SFP-ZBN-TNO-DPM\">GARLANDO<\/a><\/td>\n<\/tr>\n<tr>\n<td>Nom du produit<\/td>\n<td>GARLANDO \u2013 Deluxe Outdoor Baby foot \u2013 barres t\u00e9les<\/td>\n<\/tr>\n<tr>\n<td>Cat\u00e9gorie<\/td>\n<td>BABY-FOOT<\/td>\n<\/tr>\n<\/tbody>\n<\/table>\n","protected":false},"featured_media":14224,"template":"","meta":[],"product_brand":[],"product_cat":[93],"product_tag":[94],"class_list":{"0":"post-14063","1":"product","2":"type-product","3":"status-publish","4":"has-post-thumbnail","6":"product_cat-jouets-enfants-bebes","7":"product_tag-baby-foot","9":"first","10":"instock","11":"taxable","12":"shipping-taxable","13":"purchasable","14":"product-type-simple"},"yoast_head":"<!-- This site is optimized with the Yoast SEO plugin v24.8.1 - https:\/\/yoast.com\/wordpress\/plugins\/seo\/ -->\n<title>Baby foot \u2013 barres t\u00e9lescopiques + monnayeur \u2013 Bleu \u2013 GARLANDO \u2013 Deluxe Outdoor - CBS Electro<\/title>\n<meta name=\"robots\" content=\"index, follow, max-snippet:-1, max-image-preview:large, max-video-preview:-1\" \/>\n<link rel=\"canonical\" href=\"https:\/\/cbs-electro.com\/index.php\/produit\/baby-foot-barres-telescopiques-monnayeur-bleu-garlando-deluxe-outdoor\/\" \/>\n<meta property=\"og:locale\" content=\"fr_FR\" \/>\n<meta property=\"og:type\" content=\"article\" \/>\n<meta property=\"og:title\" content=\"Baby foot \u2013 barres t\u00e9lescopiques + monnayeur \u2013 Bleu \u2013 GARLANDO \u2013 Deluxe Outdoor - CBS Electro\" \/>\n<meta property=\"og:description\" content=\"Informations g\u00e9n\u00e9rales sur le produit   Marque GARLANDO   Nom du produit GARLANDO \u2013 Deluxe Outdoor Baby foot \u2013 barres t\u00e9les   Cat\u00e9gorie BABY-FOOT\" \/>\n<meta property=\"og:url\" content=\"https:\/\/cbs-electro.com\/index.php\/produit\/baby-foot-barres-telescopiques-monnayeur-bleu-garlando-deluxe-outdoor\/\" \/>\n<meta property=\"og:site_name\" content=\"CBS Electro\" \/>\n<meta property=\"article:modified_time\" content=\"2025-03-12T16:27:54+00:00\" \/>\n<meta property=\"og:image\" content=\"https:\/\/cbs-electro.com\/wp-content\/uploads\/2023\/11\/a-337.jpg\" \/>\n\t<meta property=\"og:image:width\" content=\"700\" \/>\n\t<meta property=\"og:image:height\" content=\"700\" \/>\n\t<meta property=\"og:image:type\" content=\"image\/jpeg\" \/>\n<meta name=\"twitter:card\" content=\"summary_large_image\" \/>\n<script type=\"application\/ld+json\" class=\"yoast-schema-graph\">{\"@context\":\"https:\/\/schema.org\",\"@graph\":[{\"@type\":\"WebPage\",\"@id\":\"https:\/\/cbs-electro.com\/index.php\/produit\/baby-foot-barres-telescopiques-monnayeur-bleu-garlando-deluxe-outdoor\/\",\"url\":\"https:\/\/cbs-electro.com\/index.php\/produit\/baby-foot-barres-telescopiques-monnayeur-bleu-garlando-deluxe-outdoor\/\",\"name\":\"Baby foot \u2013 barres t\u00e9lescopiques + monnayeur \u2013 Bleu \u2013 GARLANDO \u2013 Deluxe Outdoor - CBS Electro\",\"isPartOf\":{\"@id\":\"https:\/\/www.cbs-electro.com\/#website\"},\"primaryImageOfPage\":{\"@id\":\"https:\/\/cbs-electro.com\/index.php\/produit\/baby-foot-barres-telescopiques-monnayeur-bleu-garlando-deluxe-outdoor\/#primaryimage\"},\"image\":{\"@id\":\"https:\/\/cbs-electro.com\/index.php\/produit\/baby-foot-barres-telescopiques-monnayeur-bleu-garlando-deluxe-outdoor\/#primaryimage\"},\"thumbnailUrl\":\"https:\/\/cbs-electro.com\/wp-content\/uploads\/2023\/11\/a-337.jpg\",\"datePublished\":\"2023-11-15T13:48:29+00:00\",\"dateModified\":\"2025-03-12T16:27:54+00:00\",\"breadcrumb\":{\"@id\":\"https:\/\/cbs-electro.com\/index.php\/produit\/baby-foot-barres-telescopiques-monnayeur-bleu-garlando-deluxe-outdoor\/#breadcrumb\"},\"inLanguage\":\"fr-FR\",\"potentialAction\":[{\"@type\":\"ReadAction\",\"target\":[\"https:\/\/cbs-electro.com\/index.php\/produit\/baby-foot-barres-telescopiques-monnayeur-bleu-garlando-deluxe-outdoor\/\"]}]},{\"@type\":\"ImageObject\",\"inLanguage\":\"fr-FR\",\"@id\":\"https:\/\/cbs-electro.com\/index.php\/produit\/baby-foot-barres-telescopiques-monnayeur-bleu-garlando-deluxe-outdoor\/#primaryimage\",\"url\":\"https:\/\/cbs-electro.com\/wp-content\/uploads\/2023\/11\/a-337.jpg\",\"contentUrl\":\"https:\/\/cbs-electro.com\/wp-content\/uploads\/2023\/11\/a-337.jpg\",\"width\":700,\"height\":700},{\"@type\":\"BreadcrumbList\",\"@id\":\"https:\/\/cbs-electro.com\/index.php\/produit\/baby-foot-barres-telescopiques-monnayeur-bleu-garlando-deluxe-outdoor\/#breadcrumb\",\"itemListElement\":[{\"@type\":\"ListItem\",\"position\":1,\"name\":\"Accueil\",\"item\":\"https:\/\/www.cbs-electro.com\/\"},{\"@type\":\"ListItem\",\"position\":2,\"name\":\"Boutique\",\"item\":\"https:\/\/www.cbs-electro.com\/index.php\/boutique\/\"},{\"@type\":\"ListItem\",\"position\":3,\"name\":\"Baby foot \u2013 barres t\u00e9lescopiques + monnayeur \u2013 Bleu \u2013 GARLANDO \u2013 Deluxe Outdoor\"}]},{\"@type\":\"WebSite\",\"@id\":\"https:\/\/www.cbs-electro.com\/#website\",\"url\":\"https:\/\/www.cbs-electro.com\/\",\"name\":\"CBS Electro\",\"description\":\"Vente des produits neufs - Informatique, Smartphones, livres, jeux vid\u00e9o, photos, jouets et \u00e9lectrom\u00e9nager\",\"potentialAction\":[{\"@type\":\"SearchAction\",\"target\":{\"@type\":\"EntryPoint\",\"urlTemplate\":\"https:\/\/www.cbs-electro.com\/?s={search_term_string}\"},\"query-input\":{\"@type\":\"PropertyValueSpecification\",\"valueRequired\":true,\"valueName\":\"search_term_string\"}}],\"inLanguage\":\"fr-FR\"}]}<\/script>\n<!-- \/ Yoast SEO plugin. -->","yoast_head_json":{"title":"Baby foot \u2013 barres t\u00e9lescopiques + monnayeur \u2013 Bleu \u2013 GARLANDO \u2013 Deluxe Outdoor - CBS Electro","robots":{"index":"index","follow":"follow","max-snippet":"max-snippet:-1","max-image-preview":"max-image-preview:large","max-video-preview":"max-video-preview:-1"},"canonical":"https:\/\/cbs-electro.com\/index.php\/produit\/baby-foot-barres-telescopiques-monnayeur-bleu-garlando-deluxe-outdoor\/","og_locale":"fr_FR","og_type":"article","og_title":"Baby foot \u2013 barres t\u00e9lescopiques + monnayeur \u2013 Bleu \u2013 GARLANDO \u2013 Deluxe Outdoor - CBS Electro","og_description":"Informations g\u00e9n\u00e9rales sur le produit   Marque GARLANDO   Nom du produit GARLANDO \u2013 Deluxe Outdoor Baby foot \u2013 barres t\u00e9les   Cat\u00e9gorie BABY-FOOT","og_url":"https:\/\/cbs-electro.com\/index.php\/produit\/baby-foot-barres-telescopiques-monnayeur-bleu-garlando-deluxe-outdoor\/","og_site_name":"CBS Electro","article_modified_time":"2025-03-12T16:27:54+00:00","og_image":[{"width":700,"height":700,"url":"https:\/\/cbs-electro.com\/wp-content\/uploads\/2023\/11\/a-337.jpg","type":"image\/jpeg"}],"twitter_card":"summary_large_image","schema":{"@context":"https:\/\/schema.org","@graph":[{"@type":"WebPage","@id":"https:\/\/cbs-electro.com\/index.php\/produit\/baby-foot-barres-telescopiques-monnayeur-bleu-garlando-deluxe-outdoor\/","url":"https:\/\/cbs-electro.com\/index.php\/produit\/baby-foot-barres-telescopiques-monnayeur-bleu-garlando-deluxe-outdoor\/","name":"Baby foot \u2013 barres t\u00e9lescopiques + monnayeur \u2013 Bleu \u2013 GARLANDO \u2013 Deluxe Outdoor - CBS Electro","isPartOf":{"@id":"https:\/\/www.cbs-electro.com\/#website"},"primaryImageOfPage":{"@id":"https:\/\/cbs-electro.com\/index.php\/produit\/baby-foot-barres-telescopiques-monnayeur-bleu-garlando-deluxe-outdoor\/#primaryimage"},"image":{"@id":"https:\/\/cbs-electro.com\/index.php\/produit\/baby-foot-barres-telescopiques-monnayeur-bleu-garlando-deluxe-outdoor\/#primaryimage"},"thumbnailUrl":"https:\/\/cbs-electro.com\/wp-content\/uploads\/2023\/11\/a-337.jpg","datePublished":"2023-11-15T13:48:29+00:00","dateModified":"2025-03-12T16:27:54+00:00","breadcrumb":{"@id":"https:\/\/cbs-electro.com\/index.php\/produit\/baby-foot-barres-telescopiques-monnayeur-bleu-garlando-deluxe-outdoor\/#breadcrumb"},"inLanguage":"fr-FR","potentialAction":[{"@type":"ReadAction","target":["https:\/\/cbs-electro.com\/index.php\/produit\/baby-foot-barres-telescopiques-monnayeur-bleu-garlando-deluxe-outdoor\/"]}]},{"@type":"ImageObject","inLanguage":"fr-FR","@id":"https:\/\/cbs-electro.com\/index.php\/produit\/baby-foot-barres-telescopiques-monnayeur-bleu-garlando-deluxe-outdoor\/#primaryimage","url":"https:\/\/cbs-electro.com\/wp-content\/uploads\/2023\/11\/a-337.jpg","contentUrl":"https:\/\/cbs-electro.com\/wp-content\/uploads\/2023\/11\/a-337.jpg","width":700,"height":700},{"@type":"BreadcrumbList","@id":"https:\/\/cbs-electro.com\/index.php\/produit\/baby-foot-barres-telescopiques-monnayeur-bleu-garlando-deluxe-outdoor\/#breadcrumb","itemListElement":[{"@type":"ListItem","position":1,"name":"Accueil","item":"https:\/\/www.cbs-electro.com\/"},{"@type":"ListItem","position":2,"name":"Boutique","item":"https:\/\/www.cbs-electro.com\/index.php\/boutique\/"},{"@type":"ListItem","position":3,"name":"Baby foot \u2013 barres t\u00e9lescopiques + monnayeur \u2013 Bleu \u2013 GARLANDO \u2013 Deluxe Outdoor"}]},{"@type":"WebSite","@id":"https:\/\/www.cbs-electro.com\/#website","url":"https:\/\/www.cbs-electro.com\/","name":"CBS Electro","description":"Vente des produits neufs - Informatique, Smartphones, livres, jeux vid\u00e9o, photos, jouets et \u00e9lectrom\u00e9nager","potentialAction":[{"@type":"SearchAction","target":{"@type":"EntryPoint","urlTemplate":"https:\/\/www.cbs-electro.com\/?s={search_term_string}"},"query-input":{"@type":"PropertyValueSpecification","valueRequired":true,"valueName":"search_term_string"}}],"inLanguage":"fr-FR"}]}},"_links":{"self":[{"href":"https:\/\/cbs-electro.com\/index.php\/wp-json\/wp\/v2\/product\/14063","targetHints":{"allow":["GET"]}}],"collection":[{"href":"https:\/\/cbs-electro.com\/index.php\/wp-json\/wp\/v2\/product"}],"about":[{"href":"https:\/\/cbs-electro.com\/index.php\/wp-json\/wp\/v2\/types\/product"}],"version-history":[{"count":1,"href":"https:\/\/cbs-electro.com\/index.php\/wp-json\/wp\/v2\/product\/14063\/revisions"}],"predecessor-version":[{"id":14227,"href":"https:\/\/cbs-electro.com\/index.php\/wp-json\/wp\/v2\/product\/14063\/revisions\/14227"}],"wp:featuredmedia":[{"embeddable":true,"href":"https:\/\/cbs-electro.com\/index.php\/wp-json\/wp\/v2\/media\/14224"}],"wp:attachment":[{"href":"https:\/\/cbs-electro.com\/index.php\/wp-json\/wp\/v2\/media?parent=14063"}],"wp:term":[{"taxonomy":"product_brand","embeddable":true,"href":"https:\/\/cbs-electro.com\/index.php\/wp-json\/wp\/v2\/product_brand?post=14063"},{"taxonomy":"product_cat","embeddable":true,"href":"https:\/\/cbs-electro.com\/index.php\/wp-json\/wp\/v2\/product_cat?post=14063"},{"taxonomy":"product_tag","embeddable":true,"href":"https:\/\/cbs-electro.com\/index.php\/wp-json\/wp\/v2\/product_tag?post=14063"}],"curies":[{"name":"wp","href":"https:\/\/api.w.org\/{rel}","templated":true}]}}