{"id":14037,"date":"2023-11-15T14:48:05","date_gmt":"2023-11-15T13:48:05","guid":{"rendered":"https:\/?post_type=product&#038;p=14037"},"modified":"2025-03-12T17:32:45","modified_gmt":"2025-03-12T16:32:45","slug":"congelateur-255l-no-frost-a-l-595-x-h-1855-cm-blanc-brandt-bfu584ynw","status":"publish","type":"product","link":"https:\/\/cbs-electro.com\/index.php\/produit\/congelateur-255l-no-frost-a-l-595-x-h-1855-cm-blanc-brandt-bfu584ynw\/","title":{"rendered":"Cong\u00e9lateur 255L No Frost \u2013 A++ \u2013 L 59,5 x H 185,5 cm Blanc BRANDT BFU584YNW"},"content":{"rendered":"<ul>\n<li>Type(s) de froid : Froid ventil\u00e9<\/li>\n<li>Volume utile total : 255 litres<\/li>\n<li>Nombre de tiroir(s) : 6<\/li>\n<li>Niveau sonore maximal : 42 dB<\/li>\n<li>Couleur : Blanc<\/li>\n<\/ul>\n<div class=\"jsFpBulletPointMore\">\n<ul>\n<li>Portes r\u00e9versibles : Oui<\/li>\n<\/ul>\n<\/div>\n","protected":false},"excerpt":{"rendered":"<table class=\"fpDescTb fpDescTbPub\">\n<tbody>\n<tr>\n<th colspan=\"2\">Informations g\u00e9n\u00e9rales sur le produit<\/th>\n<\/tr>\n<tr>\n<td>Marque<\/td>\n<td><a title=\"BRANDT\" href=\"https:\/\/www.cdiscount.com\/m-282-brandt.html\" data-link=\"SFP-ZBN-TNO-DPM\">BRANDT<\/a><\/td>\n<\/tr>\n<tr>\n<td>Nom du produit<\/td>\n<td>BRANDT BFU584YNW \u2013 Cong\u00e9lateur 255L \u2013 No Frost \u2013 A<\/td>\n<\/tr>\n<tr>\n<td>Cat\u00e9gorie<\/td>\n<td>CONG\u00c9LATEUR PORTE<\/td>\n<\/tr>\n<tr>\n<th colspan=\"2\">Informations sur le produit<\/th>\n<\/tr>\n<tr>\n<td>Couleur(s)<\/td>\n<td>Blanc<\/td>\n<\/tr>\n<tr>\n<th colspan=\"2\">G\u00e9n\u00e9ral<\/th>\n<\/tr>\n<tr>\n<td>Type de produit<\/td>\n<td>Cong\u00e9lateur \u2013 cong\u00e9lateur-armoire<\/td>\n<\/tr>\n<tr>\n<td>Cat\u00e9gorie de r\u00e9frig\u00e9rateur<\/td>\n<td>Cong\u00e9lateur-armoire<\/td>\n<\/tr>\n<tr>\n<td>Classe \u00e9nerg\u00e9tique<\/td>\n<td>Classe A++<\/td>\n<\/tr>\n<tr>\n<td>Consommation d\u2019\u00e9nergie annuelle<\/td>\n<td>244 kWh<\/td>\n<\/tr>\n<tr>\n<td>Volume utile total<\/td>\n<td>255 litres<\/td>\n<\/tr>\n<tr>\n<td>Volume utile de cong\u00e9lateur<\/td>\n<td>255 litres<\/td>\n<\/tr>\n<tr>\n<td>Niveau sonore maximum<\/td>\n<td>42 dB<\/td>\n<\/tr>\n<tr>\n<td>Format<\/td>\n<td>Pose libre<\/td>\n<\/tr>\n<tr>\n<td>Couleur<\/td>\n<td>Blanc<\/td>\n<\/tr>\n<tr>\n<td>Nombre de portes<\/td>\n<td>1<\/td>\n<\/tr>\n<tr>\n<td>Portes r\u00e9versibles<\/td>\n<td>Oui<\/td>\n<\/tr>\n<tr>\n<td>Autonomie en cas de coupure<\/td>\n<td>15 hrs<\/td>\n<\/tr>\n<tr>\n<td>Contr\u00f4le<\/td>\n<td>Tactile<\/td>\n<\/tr>\n<tr>\n<td>Type(s) de froid<\/td>\n<td>Froid ventil\u00e9<\/td>\n<\/tr>\n<tr>\n<td>Alarme de remont\u00e9e de temp\u00e9rature<\/td>\n<td>Oui \u2013 sonore, visuelle<\/td>\n<\/tr>\n<tr>\n<td>Charni\u00e8re de porte<\/td>\n<td>Droite<\/td>\n<\/tr>\n<tr>\n<td>Alarme porte ouverte<\/td>\n<td>Oui<\/td>\n<\/tr>\n<tr>\n<th colspan=\"2\">Consommation<\/th>\n<\/tr>\n<tr>\n<td>Longueur du cordon<\/td>\n<td>2 m<\/td>\n<\/tr>\n<tr>\n<td>Puissance \u00e9lectrique<\/td>\n<td>165 Watt<\/td>\n<\/tr>\n<tr>\n<td>Alimentation<\/td>\n<td>220 \u2013 240 V \/ 50 Hz<\/td>\n<\/tr>\n<tr>\n<td>Consommation d\u2019\u00e9nergie<\/td>\n<td>0.677 kWh<\/td>\n<\/tr>\n<tr>\n<td>Courant nominal<\/td>\n<td>0.6 A<\/td>\n<\/tr>\n<tr>\n<th colspan=\"2\">Dimensions et poids<\/th>\n<\/tr>\n<tr>\n<td>Largeur<\/td>\n<td>59.5 cm<\/td>\n<\/tr>\n<tr>\n<td>Profondeur<\/td>\n<td>66.2 cm<\/td>\n<\/tr>\n<tr>\n<td>Hauteur<\/td>\n<td>185.5 cm<\/td>\n<\/tr>\n<tr>\n<td>Poids<\/td>\n<td>77 kg<\/td>\n<\/tr>\n<tr>\n<th colspan=\"2\">Dimensions et poids (emball\u00e9)<\/th>\n<\/tr>\n<tr>\n<td>Poids (Exp\u00e9dition)<\/td>\n<td>85 kg<\/td>\n<\/tr>\n<tr>\n<td>Largeur (emball\u00e9e)<\/td>\n<td>64.3 cm<\/td>\n<\/tr>\n<tr>\n<td>Profondeur (emball\u00e9e)<\/td>\n<td>71.3 cm<\/td>\n<\/tr>\n<tr>\n<td>Hauteur (Exp\u00e9dition)<\/td>\n<td>194.8 cm<\/td>\n<\/tr>\n<tr>\n<th colspan=\"2\">Caract\u00e9ristiques du cong\u00e9lateur<\/th>\n<\/tr>\n<tr>\n<td>Capacit\u00e9 de cong\u00e9lation<\/td>\n<td>20 kg \/ 24 h<\/td>\n<\/tr>\n<tr>\n<td>Carat\u00e9ristiques des \u00e9tag\u00e8res\/compartiments du cong\u00e9lateur<\/td>\n<td>1 x Compartiment<br \/>\nTiroir \u2013 Maxi Box<\/td>\n<\/tr>\n<tr>\n<td>Nombre de tiroirs du cong\u00e9lateur<\/td>\n<td>6<\/td>\n<\/tr>\n<tr>\n<td>Cong\u00e9lation rapide<\/td>\n<td>Oui<\/td>\n<\/tr>\n<tr>\n<th colspan=\"2\">Affichage<\/th>\n<\/tr>\n<tr>\n<td>Type<\/td>\n<td>Ecran LCD<\/td>\n<\/tr>\n<tr>\n<td>Technologie<\/td>\n<td>LCD<\/td>\n<\/tr>\n<tr>\n<td>Emplacement de l\u2019\u00e9cran<\/td>\n<td>Sur la porte<\/td>\n<\/tr>\n<tr>\n<th colspan=\"2\">Machine \u00e0 gla\u00e7on<\/th>\n<\/tr>\n<tr>\n<td>Machine \u00e0 gla\u00e7ons<\/td>\n<td>Double d\u00e9mouleur \u00e0 gla\u00e7ons Twin Ice<\/td>\n<\/tr>\n<tr>\n<td>Glace<\/td>\n<td>En cube<\/td>\n<\/tr>\n<tr>\n<th colspan=\"2\">R\u00e9glages, commandes et voyants<\/th>\n<\/tr>\n<tr>\n<td>Emplacement du contr\u00f4le<\/td>\n<td>Sur porte<\/td>\n<\/tr>\n<tr>\n<td>Commandes tactiles<\/td>\n<td>Oui<\/td>\n<\/tr>\n<\/tbody>\n<\/table>\n","protected":false},"featured_media":17411,"template":"","meta":[],"product_brand":[],"product_cat":[91,81],"product_tag":[92],"class_list":{"0":"post-14037","1":"product","2":"type-product","3":"status-publish","4":"has-post-thumbnail","6":"product_cat-congelateurs","7":"product_cat-gros-electromenagers","8":"product_tag-congelateur","10":"first","11":"instock","12":"taxable","13":"shipping-taxable","14":"purchasable","15":"product-type-simple"},"yoast_head":"<!-- This site is optimized with the Yoast SEO plugin v24.8.1 - https:\/\/yoast.com\/wordpress\/plugins\/seo\/ -->\n<title>Cong\u00e9lateur 255L No Frost \u2013 A++ \u2013 L 59,5 x H 185,5 cm Blanc BRANDT BFU584YNW - CBS Electro<\/title>\n<meta name=\"robots\" content=\"index, follow, max-snippet:-1, max-image-preview:large, max-video-preview:-1\" \/>\n<link rel=\"canonical\" href=\"https:\/\/www.cbs-electro.com\/index.php\/produit\/congelateur-255l-no-frost-a-l-595-x-h-1855-cm-blanc-brandt-bfu584ynw\/\" \/>\n<meta property=\"og:locale\" content=\"fr_FR\" \/>\n<meta property=\"og:type\" content=\"article\" \/>\n<meta property=\"og:title\" content=\"Cong\u00e9lateur 255L No Frost \u2013 A++ \u2013 L 59,5 x H 185,5 cm Blanc BRANDT BFU584YNW - CBS Electro\" \/>\n<meta property=\"og:description\" content=\"Informations g\u00e9n\u00e9rales sur le produit   Marque BRANDT   Nom du produit BRANDT BFU584YNW \u2013 Cong\u00e9lateur 255L \u2013 No Frost \u2013 A   Cat\u00e9gorie CONG\u00c9LATEUR PORTE   Informations sur le produit   Couleur(s) Blanc   G\u00e9n\u00e9ral   Type de produit Cong\u00e9lateur \u2013 cong\u00e9lateur-armoire   Cat\u00e9gorie de r\u00e9frig\u00e9rateur Cong\u00e9lateur-armoire   Classe \u00e9nerg\u00e9tique Classe A++   Consommation d\u2019\u00e9nergie annuelle 244 kWh   Volume utile total 255 litres   Volume utile de cong\u00e9lateur 255 litres   Niveau sonore maximum 42 dB   Format Pose libre   Couleur Blanc   Nombre de portes 1   Portes r\u00e9versibles Oui   Autonomie en cas de coupure 15 hrs   Contr\u00f4le Tactile   Type(s) de froid Froid ventil\u00e9   Alarme de remont\u00e9e de temp\u00e9rature Oui \u2013 sonore, visuelle   Charni\u00e8re de porte Droite   Alarme porte ouverte Oui   Consommation   Longueur du cordon 2 m   Puissance \u00e9lectrique 165 Watt   Alimentation 220 \u2013 240 V \/ 50 Hz   Consommation d\u2019\u00e9nergie 0.677 kWh   Courant nominal 0.6 A   Dimensions et poids   Largeur 59.5 cm   Profondeur 66.2 cm   Hauteur 185.5 cm   Poids 77 kg   Dimensions et poids (emball\u00e9)   Poids (Exp\u00e9dition) 85 kg   Largeur (emball\u00e9e) 64.3 cm   Profondeur (emball\u00e9e) 71.3 cm   Hauteur (Exp\u00e9dition) 194.8 cm   Caract\u00e9ristiques du cong\u00e9lateur   Capacit\u00e9 de cong\u00e9lation 20 kg \/ 24 h   Carat\u00e9ristiques des \u00e9tag\u00e8res\/compartiments du cong\u00e9lateur 1 x Compartiment Tiroir \u2013 Maxi Box   Nombre de tiroirs du cong\u00e9lateur 6   Cong\u00e9lation rapide Oui   Affichage   Type Ecran LCD   Technologie LCD   Emplacement de l\u2019\u00e9cran Sur la porte   Machine \u00e0 gla\u00e7on   Machine \u00e0 gla\u00e7ons Double d\u00e9mouleur \u00e0 gla\u00e7ons Twin Ice   Glace En cube   R\u00e9glages, commandes et voyants   Emplacement du contr\u00f4le Sur porte   Commandes tactiles Oui\" \/>\n<meta property=\"og:url\" content=\"https:\/\/www.cbs-electro.com\/index.php\/produit\/congelateur-255l-no-frost-a-l-595-x-h-1855-cm-blanc-brandt-bfu584ynw\/\" \/>\n<meta property=\"og:site_name\" content=\"CBS Electro\" \/>\n<meta property=\"article:modified_time\" content=\"2025-03-12T16:32:45+00:00\" \/>\n<meta property=\"og:image\" content=\"https:\/\/www.cbs-electro.com\/wp-content\/uploads\/2023\/11\/brandt-bfu584ynw-congelateur-255l-no-frost-a.webp\" \/>\n\t<meta property=\"og:image:width\" content=\"550\" \/>\n\t<meta property=\"og:image:height\" content=\"550\" \/>\n\t<meta property=\"og:image:type\" content=\"image\/webp\" \/>\n<meta name=\"twitter:card\" content=\"summary_large_image\" \/>\n<script type=\"application\/ld+json\" class=\"yoast-schema-graph\">{\"@context\":\"https:\/\/schema.org\",\"@graph\":[{\"@type\":\"WebPage\",\"@id\":\"https:\/\/www.cbs-electro.com\/index.php\/produit\/congelateur-255l-no-frost-a-l-595-x-h-1855-cm-blanc-brandt-bfu584ynw\/\",\"url\":\"https:\/\/www.cbs-electro.com\/index.php\/produit\/congelateur-255l-no-frost-a-l-595-x-h-1855-cm-blanc-brandt-bfu584ynw\/\",\"name\":\"Cong\u00e9lateur 255L No Frost \u2013 A++ \u2013 L 59,5 x H 185,5 cm Blanc BRANDT BFU584YNW - CBS Electro\",\"isPartOf\":{\"@id\":\"https:\/\/www.cbs-electro.com\/#website\"},\"primaryImageOfPage\":{\"@id\":\"https:\/\/www.cbs-electro.com\/index.php\/produit\/congelateur-255l-no-frost-a-l-595-x-h-1855-cm-blanc-brandt-bfu584ynw\/#primaryimage\"},\"image\":{\"@id\":\"https:\/\/www.cbs-electro.com\/index.php\/produit\/congelateur-255l-no-frost-a-l-595-x-h-1855-cm-blanc-brandt-bfu584ynw\/#primaryimage\"},\"thumbnailUrl\":\"https:\/\/cbs-electro.com\/wp-content\/uploads\/2023\/11\/brandt-bfu584ynw-congelateur-255l-no-frost-a.webp\",\"datePublished\":\"2023-11-15T13:48:05+00:00\",\"dateModified\":\"2025-03-12T16:32:45+00:00\",\"breadcrumb\":{\"@id\":\"https:\/\/www.cbs-electro.com\/index.php\/produit\/congelateur-255l-no-frost-a-l-595-x-h-1855-cm-blanc-brandt-bfu584ynw\/#breadcrumb\"},\"inLanguage\":\"fr-FR\",\"potentialAction\":[{\"@type\":\"ReadAction\",\"target\":[\"https:\/\/www.cbs-electro.com\/index.php\/produit\/congelateur-255l-no-frost-a-l-595-x-h-1855-cm-blanc-brandt-bfu584ynw\/\"]}]},{\"@type\":\"ImageObject\",\"inLanguage\":\"fr-FR\",\"@id\":\"https:\/\/www.cbs-electro.com\/index.php\/produit\/congelateur-255l-no-frost-a-l-595-x-h-1855-cm-blanc-brandt-bfu584ynw\/#primaryimage\",\"url\":\"https:\/\/cbs-electro.com\/wp-content\/uploads\/2023\/11\/brandt-bfu584ynw-congelateur-255l-no-frost-a.webp\",\"contentUrl\":\"https:\/\/cbs-electro.com\/wp-content\/uploads\/2023\/11\/brandt-bfu584ynw-congelateur-255l-no-frost-a.webp\",\"width\":550,\"height\":550},{\"@type\":\"BreadcrumbList\",\"@id\":\"https:\/\/www.cbs-electro.com\/index.php\/produit\/congelateur-255l-no-frost-a-l-595-x-h-1855-cm-blanc-brandt-bfu584ynw\/#breadcrumb\",\"itemListElement\":[{\"@type\":\"ListItem\",\"position\":1,\"name\":\"Accueil\",\"item\":\"https:\/\/www.cbs-electro.com\/\"},{\"@type\":\"ListItem\",\"position\":2,\"name\":\"Boutique\",\"item\":\"https:\/\/www.cbs-electro.com\/index.php\/boutique\/\"},{\"@type\":\"ListItem\",\"position\":3,\"name\":\"Cong\u00e9lateur 255L No Frost \u2013 A++ \u2013 L 59,5 x H 185,5 cm Blanc BRANDT BFU584YNW\"}]},{\"@type\":\"WebSite\",\"@id\":\"https:\/\/www.cbs-electro.com\/#website\",\"url\":\"https:\/\/www.cbs-electro.com\/\",\"name\":\"CBS Electro\",\"description\":\"Vente des produits neufs - Informatique, Smartphones, livres, jeux vid\u00e9o, photos, jouets et \u00e9lectrom\u00e9nager\",\"potentialAction\":[{\"@type\":\"SearchAction\",\"target\":{\"@type\":\"EntryPoint\",\"urlTemplate\":\"https:\/\/www.cbs-electro.com\/?s={search_term_string}\"},\"query-input\":{\"@type\":\"PropertyValueSpecification\",\"valueRequired\":true,\"valueName\":\"search_term_string\"}}],\"inLanguage\":\"fr-FR\"}]}<\/script>\n<!-- \/ Yoast SEO plugin. -->","yoast_head_json":{"title":"Cong\u00e9lateur 255L No Frost \u2013 A++ \u2013 L 59,5 x H 185,5 cm Blanc BRANDT BFU584YNW - CBS Electro","robots":{"index":"index","follow":"follow","max-snippet":"max-snippet:-1","max-image-preview":"max-image-preview:large","max-video-preview":"max-video-preview:-1"},"canonical":"https:\/\/www.cbs-electro.com\/index.php\/produit\/congelateur-255l-no-frost-a-l-595-x-h-1855-cm-blanc-brandt-bfu584ynw\/","og_locale":"fr_FR","og_type":"article","og_title":"Cong\u00e9lateur 255L No Frost \u2013 A++ \u2013 L 59,5 x H 185,5 cm Blanc BRANDT BFU584YNW - CBS Electro","og_description":"Informations g\u00e9n\u00e9rales sur le produit   Marque BRANDT   Nom du produit BRANDT BFU584YNW \u2013 Cong\u00e9lateur 255L \u2013 No Frost \u2013 A   Cat\u00e9gorie CONG\u00c9LATEUR PORTE   Informations sur le produit   Couleur(s) Blanc   G\u00e9n\u00e9ral   Type de produit Cong\u00e9lateur \u2013 cong\u00e9lateur-armoire   Cat\u00e9gorie de r\u00e9frig\u00e9rateur Cong\u00e9lateur-armoire   Classe \u00e9nerg\u00e9tique Classe A++   Consommation d\u2019\u00e9nergie annuelle 244 kWh   Volume utile total 255 litres   Volume utile de cong\u00e9lateur 255 litres   Niveau sonore maximum 42 dB   Format Pose libre   Couleur Blanc   Nombre de portes 1   Portes r\u00e9versibles Oui   Autonomie en cas de coupure 15 hrs   Contr\u00f4le Tactile   Type(s) de froid Froid ventil\u00e9   Alarme de remont\u00e9e de temp\u00e9rature Oui \u2013 sonore, visuelle   Charni\u00e8re de porte Droite   Alarme porte ouverte Oui   Consommation   Longueur du cordon 2 m   Puissance \u00e9lectrique 165 Watt   Alimentation 220 \u2013 240 V \/ 50 Hz   Consommation d\u2019\u00e9nergie 0.677 kWh   Courant nominal 0.6 A   Dimensions et poids   Largeur 59.5 cm   Profondeur 66.2 cm   Hauteur 185.5 cm   Poids 77 kg   Dimensions et poids (emball\u00e9)   Poids (Exp\u00e9dition) 85 kg   Largeur (emball\u00e9e) 64.3 cm   Profondeur (emball\u00e9e) 71.3 cm   Hauteur (Exp\u00e9dition) 194.8 cm   Caract\u00e9ristiques du cong\u00e9lateur   Capacit\u00e9 de cong\u00e9lation 20 kg \/ 24 h   Carat\u00e9ristiques des \u00e9tag\u00e8res\/compartiments du cong\u00e9lateur 1 x Compartiment Tiroir \u2013 Maxi Box   Nombre de tiroirs du cong\u00e9lateur 6   Cong\u00e9lation rapide Oui   Affichage   Type Ecran LCD   Technologie LCD   Emplacement de l\u2019\u00e9cran Sur la porte   Machine \u00e0 gla\u00e7on   Machine \u00e0 gla\u00e7ons Double d\u00e9mouleur \u00e0 gla\u00e7ons Twin Ice   Glace En cube   R\u00e9glages, commandes et voyants   Emplacement du contr\u00f4le Sur porte   Commandes tactiles Oui","og_url":"https:\/\/www.cbs-electro.com\/index.php\/produit\/congelateur-255l-no-frost-a-l-595-x-h-1855-cm-blanc-brandt-bfu584ynw\/","og_site_name":"CBS Electro","article_modified_time":"2025-03-12T16:32:45+00:00","og_image":[{"width":550,"height":550,"url":"https:\/\/www.cbs-electro.com\/wp-content\/uploads\/2023\/11\/brandt-bfu584ynw-congelateur-255l-no-frost-a.webp","type":"image\/webp"}],"twitter_card":"summary_large_image","schema":{"@context":"https:\/\/schema.org","@graph":[{"@type":"WebPage","@id":"https:\/\/www.cbs-electro.com\/index.php\/produit\/congelateur-255l-no-frost-a-l-595-x-h-1855-cm-blanc-brandt-bfu584ynw\/","url":"https:\/\/www.cbs-electro.com\/index.php\/produit\/congelateur-255l-no-frost-a-l-595-x-h-1855-cm-blanc-brandt-bfu584ynw\/","name":"Cong\u00e9lateur 255L No Frost \u2013 A++ \u2013 L 59,5 x H 185,5 cm Blanc BRANDT BFU584YNW - CBS Electro","isPartOf":{"@id":"https:\/\/www.cbs-electro.com\/#website"},"primaryImageOfPage":{"@id":"https:\/\/www.cbs-electro.com\/index.php\/produit\/congelateur-255l-no-frost-a-l-595-x-h-1855-cm-blanc-brandt-bfu584ynw\/#primaryimage"},"image":{"@id":"https:\/\/www.cbs-electro.com\/index.php\/produit\/congelateur-255l-no-frost-a-l-595-x-h-1855-cm-blanc-brandt-bfu584ynw\/#primaryimage"},"thumbnailUrl":"https:\/\/cbs-electro.com\/wp-content\/uploads\/2023\/11\/brandt-bfu584ynw-congelateur-255l-no-frost-a.webp","datePublished":"2023-11-15T13:48:05+00:00","dateModified":"2025-03-12T16:32:45+00:00","breadcrumb":{"@id":"https:\/\/www.cbs-electro.com\/index.php\/produit\/congelateur-255l-no-frost-a-l-595-x-h-1855-cm-blanc-brandt-bfu584ynw\/#breadcrumb"},"inLanguage":"fr-FR","potentialAction":[{"@type":"ReadAction","target":["https:\/\/www.cbs-electro.com\/index.php\/produit\/congelateur-255l-no-frost-a-l-595-x-h-1855-cm-blanc-brandt-bfu584ynw\/"]}]},{"@type":"ImageObject","inLanguage":"fr-FR","@id":"https:\/\/www.cbs-electro.com\/index.php\/produit\/congelateur-255l-no-frost-a-l-595-x-h-1855-cm-blanc-brandt-bfu584ynw\/#primaryimage","url":"https:\/\/cbs-electro.com\/wp-content\/uploads\/2023\/11\/brandt-bfu584ynw-congelateur-255l-no-frost-a.webp","contentUrl":"https:\/\/cbs-electro.com\/wp-content\/uploads\/2023\/11\/brandt-bfu584ynw-congelateur-255l-no-frost-a.webp","width":550,"height":550},{"@type":"BreadcrumbList","@id":"https:\/\/www.cbs-electro.com\/index.php\/produit\/congelateur-255l-no-frost-a-l-595-x-h-1855-cm-blanc-brandt-bfu584ynw\/#breadcrumb","itemListElement":[{"@type":"ListItem","position":1,"name":"Accueil","item":"https:\/\/www.cbs-electro.com\/"},{"@type":"ListItem","position":2,"name":"Boutique","item":"https:\/\/www.cbs-electro.com\/index.php\/boutique\/"},{"@type":"ListItem","position":3,"name":"Cong\u00e9lateur 255L No Frost \u2013 A++ \u2013 L 59,5 x H 185,5 cm Blanc BRANDT BFU584YNW"}]},{"@type":"WebSite","@id":"https:\/\/www.cbs-electro.com\/#website","url":"https:\/\/www.cbs-electro.com\/","name":"CBS Electro","description":"Vente des produits neufs - Informatique, Smartphones, livres, jeux vid\u00e9o, photos, jouets et \u00e9lectrom\u00e9nager","potentialAction":[{"@type":"SearchAction","target":{"@type":"EntryPoint","urlTemplate":"https:\/\/www.cbs-electro.com\/?s={search_term_string}"},"query-input":{"@type":"PropertyValueSpecification","valueRequired":true,"valueName":"search_term_string"}}],"inLanguage":"fr-FR"}]}},"_links":{"self":[{"href":"https:\/\/cbs-electro.com\/index.php\/wp-json\/wp\/v2\/product\/14037","targetHints":{"allow":["GET"]}}],"collection":[{"href":"https:\/\/cbs-electro.com\/index.php\/wp-json\/wp\/v2\/product"}],"about":[{"href":"https:\/\/cbs-electro.com\/index.php\/wp-json\/wp\/v2\/types\/product"}],"version-history":[{"count":3,"href":"https:\/\/cbs-electro.com\/index.php\/wp-json\/wp\/v2\/product\/14037\/revisions"}],"predecessor-version":[{"id":17412,"href":"https:\/\/cbs-electro.com\/index.php\/wp-json\/wp\/v2\/product\/14037\/revisions\/17412"}],"wp:featuredmedia":[{"embeddable":true,"href":"https:\/\/cbs-electro.com\/index.php\/wp-json\/wp\/v2\/media\/17411"}],"wp:attachment":[{"href":"https:\/\/cbs-electro.com\/index.php\/wp-json\/wp\/v2\/media?parent=14037"}],"wp:term":[{"taxonomy":"product_brand","embeddable":true,"href":"https:\/\/cbs-electro.com\/index.php\/wp-json\/wp\/v2\/product_brand?post=14037"},{"taxonomy":"product_cat","embeddable":true,"href":"https:\/\/cbs-electro.com\/index.php\/wp-json\/wp\/v2\/product_cat?post=14037"},{"taxonomy":"product_tag","embeddable":true,"href":"https:\/\/cbs-electro.com\/index.php\/wp-json\/wp\/v2\/product_tag?post=14037"}],"curies":[{"name":"wp","href":"https:\/\/api.w.org\/{rel}","templated":true}]}}