{"id":14005,"date":"2023-11-15T14:47:45","date_gmt":"2023-11-15T13:47:45","guid":{"rendered":"https:\/?post_type=product&#038;p=14005"},"modified":"2025-03-12T16:50:23","modified_gmt":"2025-03-12T15:50:23","slug":"aspirateur-avec-sac-capacite-45l-750w-accessoires-speciaux-poils-danimaux-et-voiture-rowenta-ro6466ea-silence-force-home-car-pro","status":"publish","type":"product","link":"https:\/\/cbs-electro.com\/index.php\/produit\/aspirateur-avec-sac-capacite-45l-750w-accessoires-speciaux-poils-danimaux-et-voiture-rowenta-ro6466ea-silence-force-home-car-pro\/","title":{"rendered":"Aspirateur Avec Sac Capacit\u00e9 4,5L 750W Accessoires Sp\u00e9ciaux Poils d\u2019Animaux et Voiture Rowenta RO6466EA Silence Force Home &#038; Car Pro"},"content":{"rendered":"<ul>\n<li>Collecte des poussi\u00e8res : Sac<\/li>\n<li>Mode de nettoyage : Sec<\/li>\n<li>Capacit\u00e9 du collecteur : 4.5 litres<\/li>\n<li>Niveau sonore maximal : 66 dB<\/li>\n<li>Puissance \u00e9lectrique : 750 Watt<\/li>\n<\/ul>\n<div class=\"jsFpBulletPointMore\">\n<ul>\n<li>Longueur du cordon : 8.4 m<\/li>\n<li>Type de filtre : Mousse<\/li>\n<li>Outils inclus : Suceur plat, brosse pour meubles, brosse mini-turbo, brosse multi-fonctions, t\u00eate Deep Clean<\/li>\n<\/ul>\n<\/div>\n","protected":false},"excerpt":{"rendered":"<div class=\"flix-keyClaim flix-d-h1\">Silence et performance extr\u00eame 5*****<\/div>\n<div class=\"flix-short-desp\">\n<div class=\"flix-std-content\">\n<div class=\"flix-std-desc flix-d-p\">\n<p>Silence Force poss\u00e8de d\u2019excellentes performances. Cet aspirateur ultra silencieux avec seulement 66 dB(A) en position maximale, offre de puissantes performances, avec trois niveaux de filtration capturant plus de 99,998 % de la poussi\u00e8re* et une basse consommation \u00e9nerg\u00e9tique. Con\u00e7u pour aspirer les poils, cet aspirateur avec sac est la solution de nettoyage dont r\u00eavent tous les propri\u00e9taires d\u2019animaux pour leur int\u00e9rieur comme pour leur v\u00e9hicule.<\/p>\n<p style=\"padding-left: 40px;\"><em><strong>2. Le R\u00e8glement UE n\u00b0665\/2013 sur l\u2019\u00e9tiquetage \u00e9nerg\u00e9tique aspirateurs et incluant des classes d\u2019efficacit\u00e9 ayant \u00e9t\u00e9 annul\u00e9, cette page est en cours de mise \u00e0 jour dans les plus brefs d\u00e9lais. Merci d\u2019en tenir compte dans votre s\u00e9lection.<\/strong><\/em><\/p>\n<\/div>\n<\/div>\n<\/div>\n","protected":false},"featured_media":14199,"template":"","meta":[],"product_brand":[],"product_cat":[83],"product_tag":[84],"class_list":{"0":"post-14005","1":"product","2":"type-product","3":"status-publish","4":"has-post-thumbnail","6":"product_cat-entretien-du-sol","7":"product_tag-aspirateur-avec-sac","9":"first","10":"instock","11":"taxable","12":"shipping-taxable","13":"purchasable","14":"product-type-simple"},"yoast_head":"<!-- This site is optimized with the Yoast SEO plugin v24.8.1 - https:\/\/yoast.com\/wordpress\/plugins\/seo\/ -->\n<title>Aspirateur Avec Sac Capacit\u00e9 4,5L 750W Accessoires Sp\u00e9ciaux Poils d\u2019Animaux et Voiture Rowenta RO6466EA Silence Force Home &amp; Car Pro - CBS Electro<\/title>\n<meta name=\"robots\" content=\"index, follow, max-snippet:-1, max-image-preview:large, max-video-preview:-1\" \/>\n<link rel=\"canonical\" href=\"https:\/\/cbs-electro.com\/index.php\/produit\/aspirateur-avec-sac-capacite-45l-750w-accessoires-speciaux-poils-danimaux-et-voiture-rowenta-ro6466ea-silence-force-home-car-pro\/\" \/>\n<meta property=\"og:locale\" content=\"fr_FR\" \/>\n<meta property=\"og:type\" content=\"article\" \/>\n<meta property=\"og:title\" content=\"Aspirateur Avec Sac Capacit\u00e9 4,5L 750W Accessoires Sp\u00e9ciaux Poils d\u2019Animaux et Voiture Rowenta RO6466EA Silence Force Home &amp; Car Pro - CBS Electro\" \/>\n<meta property=\"og:description\" content=\"Silence et performance extr\u00eame 5*****     Silence Force poss\u00e8de d\u2019excellentes performances. Cet aspirateur ultra silencieux avec seulement 66 dB(A) en position maximale, offre de puissantes performances, avec trois niveaux de filtration capturant plus de 99,998 % de la poussi\u00e8re* et une basse consommation \u00e9nerg\u00e9tique. Con\u00e7u pour aspirer les poils, cet aspirateur avec sac est la solution de nettoyage dont r\u00eavent tous les propri\u00e9taires d\u2019animaux pour leur int\u00e9rieur comme pour leur v\u00e9hicule. 2. Le R\u00e8glement UE n\u00b0665\/2013 sur l\u2019\u00e9tiquetage \u00e9nerg\u00e9tique aspirateurs et incluant des classes d\u2019efficacit\u00e9 ayant \u00e9t\u00e9 annul\u00e9, cette page est en cours de mise \u00e0 jour dans les plus brefs d\u00e9lais. Merci d\u2019en tenir compte dans votre s\u00e9lection.\" \/>\n<meta property=\"og:url\" content=\"https:\/\/cbs-electro.com\/index.php\/produit\/aspirateur-avec-sac-capacite-45l-750w-accessoires-speciaux-poils-danimaux-et-voiture-rowenta-ro6466ea-silence-force-home-car-pro\/\" \/>\n<meta property=\"og:site_name\" content=\"CBS Electro\" \/>\n<meta property=\"article:modified_time\" content=\"2025-03-12T15:50:23+00:00\" \/>\n<meta property=\"og:image\" content=\"https:\/\/cbs-electro.com\/wp-content\/uploads\/2023\/11\/a-210.jpg\" \/>\n\t<meta property=\"og:image:width\" content=\"700\" \/>\n\t<meta property=\"og:image:height\" content=\"700\" \/>\n\t<meta property=\"og:image:type\" content=\"image\/jpeg\" \/>\n<meta name=\"twitter:card\" content=\"summary_large_image\" \/>\n<script type=\"application\/ld+json\" class=\"yoast-schema-graph\">{\"@context\":\"https:\/\/schema.org\",\"@graph\":[{\"@type\":\"WebPage\",\"@id\":\"https:\/\/cbs-electro.com\/index.php\/produit\/aspirateur-avec-sac-capacite-45l-750w-accessoires-speciaux-poils-danimaux-et-voiture-rowenta-ro6466ea-silence-force-home-car-pro\/\",\"url\":\"https:\/\/cbs-electro.com\/index.php\/produit\/aspirateur-avec-sac-capacite-45l-750w-accessoires-speciaux-poils-danimaux-et-voiture-rowenta-ro6466ea-silence-force-home-car-pro\/\",\"name\":\"Aspirateur Avec Sac Capacit\u00e9 4,5L 750W Accessoires Sp\u00e9ciaux Poils d\u2019Animaux et Voiture Rowenta RO6466EA Silence Force Home & Car Pro - CBS Electro\",\"isPartOf\":{\"@id\":\"https:\/\/www.cbs-electro.com\/#website\"},\"primaryImageOfPage\":{\"@id\":\"https:\/\/cbs-electro.com\/index.php\/produit\/aspirateur-avec-sac-capacite-45l-750w-accessoires-speciaux-poils-danimaux-et-voiture-rowenta-ro6466ea-silence-force-home-car-pro\/#primaryimage\"},\"image\":{\"@id\":\"https:\/\/cbs-electro.com\/index.php\/produit\/aspirateur-avec-sac-capacite-45l-750w-accessoires-speciaux-poils-danimaux-et-voiture-rowenta-ro6466ea-silence-force-home-car-pro\/#primaryimage\"},\"thumbnailUrl\":\"https:\/\/cbs-electro.com\/wp-content\/uploads\/2023\/11\/a-210.jpg\",\"datePublished\":\"2023-11-15T13:47:45+00:00\",\"dateModified\":\"2025-03-12T15:50:23+00:00\",\"breadcrumb\":{\"@id\":\"https:\/\/cbs-electro.com\/index.php\/produit\/aspirateur-avec-sac-capacite-45l-750w-accessoires-speciaux-poils-danimaux-et-voiture-rowenta-ro6466ea-silence-force-home-car-pro\/#breadcrumb\"},\"inLanguage\":\"fr-FR\",\"potentialAction\":[{\"@type\":\"ReadAction\",\"target\":[\"https:\/\/cbs-electro.com\/index.php\/produit\/aspirateur-avec-sac-capacite-45l-750w-accessoires-speciaux-poils-danimaux-et-voiture-rowenta-ro6466ea-silence-force-home-car-pro\/\"]}]},{\"@type\":\"ImageObject\",\"inLanguage\":\"fr-FR\",\"@id\":\"https:\/\/cbs-electro.com\/index.php\/produit\/aspirateur-avec-sac-capacite-45l-750w-accessoires-speciaux-poils-danimaux-et-voiture-rowenta-ro6466ea-silence-force-home-car-pro\/#primaryimage\",\"url\":\"https:\/\/cbs-electro.com\/wp-content\/uploads\/2023\/11\/a-210.jpg\",\"contentUrl\":\"https:\/\/cbs-electro.com\/wp-content\/uploads\/2023\/11\/a-210.jpg\",\"width\":700,\"height\":700},{\"@type\":\"BreadcrumbList\",\"@id\":\"https:\/\/cbs-electro.com\/index.php\/produit\/aspirateur-avec-sac-capacite-45l-750w-accessoires-speciaux-poils-danimaux-et-voiture-rowenta-ro6466ea-silence-force-home-car-pro\/#breadcrumb\",\"itemListElement\":[{\"@type\":\"ListItem\",\"position\":1,\"name\":\"Accueil\",\"item\":\"https:\/\/www.cbs-electro.com\/\"},{\"@type\":\"ListItem\",\"position\":2,\"name\":\"Boutique\",\"item\":\"https:\/\/www.cbs-electro.com\/index.php\/boutique\/\"},{\"@type\":\"ListItem\",\"position\":3,\"name\":\"Aspirateur Avec Sac Capacit\u00e9 4,5L 750W Accessoires Sp\u00e9ciaux Poils d\u2019Animaux et Voiture Rowenta RO6466EA Silence Force Home &#038; Car Pro\"}]},{\"@type\":\"WebSite\",\"@id\":\"https:\/\/www.cbs-electro.com\/#website\",\"url\":\"https:\/\/www.cbs-electro.com\/\",\"name\":\"CBS Electro\",\"description\":\"Vente des produits neufs - Informatique, Smartphones, livres, jeux vid\u00e9o, photos, jouets et \u00e9lectrom\u00e9nager\",\"potentialAction\":[{\"@type\":\"SearchAction\",\"target\":{\"@type\":\"EntryPoint\",\"urlTemplate\":\"https:\/\/www.cbs-electro.com\/?s={search_term_string}\"},\"query-input\":{\"@type\":\"PropertyValueSpecification\",\"valueRequired\":true,\"valueName\":\"search_term_string\"}}],\"inLanguage\":\"fr-FR\"}]}<\/script>\n<!-- \/ Yoast SEO plugin. -->","yoast_head_json":{"title":"Aspirateur Avec Sac Capacit\u00e9 4,5L 750W Accessoires Sp\u00e9ciaux Poils d\u2019Animaux et Voiture Rowenta RO6466EA Silence Force Home & Car Pro - CBS Electro","robots":{"index":"index","follow":"follow","max-snippet":"max-snippet:-1","max-image-preview":"max-image-preview:large","max-video-preview":"max-video-preview:-1"},"canonical":"https:\/\/cbs-electro.com\/index.php\/produit\/aspirateur-avec-sac-capacite-45l-750w-accessoires-speciaux-poils-danimaux-et-voiture-rowenta-ro6466ea-silence-force-home-car-pro\/","og_locale":"fr_FR","og_type":"article","og_title":"Aspirateur Avec Sac Capacit\u00e9 4,5L 750W Accessoires Sp\u00e9ciaux Poils d\u2019Animaux et Voiture Rowenta RO6466EA Silence Force Home & Car Pro - CBS Electro","og_description":"Silence et performance extr\u00eame 5*****     Silence Force poss\u00e8de d\u2019excellentes performances. Cet aspirateur ultra silencieux avec seulement 66 dB(A) en position maximale, offre de puissantes performances, avec trois niveaux de filtration capturant plus de 99,998 % de la poussi\u00e8re* et une basse consommation \u00e9nerg\u00e9tique. Con\u00e7u pour aspirer les poils, cet aspirateur avec sac est la solution de nettoyage dont r\u00eavent tous les propri\u00e9taires d\u2019animaux pour leur int\u00e9rieur comme pour leur v\u00e9hicule. 2. Le R\u00e8glement UE n\u00b0665\/2013 sur l\u2019\u00e9tiquetage \u00e9nerg\u00e9tique aspirateurs et incluant des classes d\u2019efficacit\u00e9 ayant \u00e9t\u00e9 annul\u00e9, cette page est en cours de mise \u00e0 jour dans les plus brefs d\u00e9lais. Merci d\u2019en tenir compte dans votre s\u00e9lection.","og_url":"https:\/\/cbs-electro.com\/index.php\/produit\/aspirateur-avec-sac-capacite-45l-750w-accessoires-speciaux-poils-danimaux-et-voiture-rowenta-ro6466ea-silence-force-home-car-pro\/","og_site_name":"CBS Electro","article_modified_time":"2025-03-12T15:50:23+00:00","og_image":[{"width":700,"height":700,"url":"https:\/\/cbs-electro.com\/wp-content\/uploads\/2023\/11\/a-210.jpg","type":"image\/jpeg"}],"twitter_card":"summary_large_image","schema":{"@context":"https:\/\/schema.org","@graph":[{"@type":"WebPage","@id":"https:\/\/cbs-electro.com\/index.php\/produit\/aspirateur-avec-sac-capacite-45l-750w-accessoires-speciaux-poils-danimaux-et-voiture-rowenta-ro6466ea-silence-force-home-car-pro\/","url":"https:\/\/cbs-electro.com\/index.php\/produit\/aspirateur-avec-sac-capacite-45l-750w-accessoires-speciaux-poils-danimaux-et-voiture-rowenta-ro6466ea-silence-force-home-car-pro\/","name":"Aspirateur Avec Sac Capacit\u00e9 4,5L 750W Accessoires Sp\u00e9ciaux Poils d\u2019Animaux et Voiture Rowenta RO6466EA Silence Force Home & Car Pro - CBS Electro","isPartOf":{"@id":"https:\/\/www.cbs-electro.com\/#website"},"primaryImageOfPage":{"@id":"https:\/\/cbs-electro.com\/index.php\/produit\/aspirateur-avec-sac-capacite-45l-750w-accessoires-speciaux-poils-danimaux-et-voiture-rowenta-ro6466ea-silence-force-home-car-pro\/#primaryimage"},"image":{"@id":"https:\/\/cbs-electro.com\/index.php\/produit\/aspirateur-avec-sac-capacite-45l-750w-accessoires-speciaux-poils-danimaux-et-voiture-rowenta-ro6466ea-silence-force-home-car-pro\/#primaryimage"},"thumbnailUrl":"https:\/\/cbs-electro.com\/wp-content\/uploads\/2023\/11\/a-210.jpg","datePublished":"2023-11-15T13:47:45+00:00","dateModified":"2025-03-12T15:50:23+00:00","breadcrumb":{"@id":"https:\/\/cbs-electro.com\/index.php\/produit\/aspirateur-avec-sac-capacite-45l-750w-accessoires-speciaux-poils-danimaux-et-voiture-rowenta-ro6466ea-silence-force-home-car-pro\/#breadcrumb"},"inLanguage":"fr-FR","potentialAction":[{"@type":"ReadAction","target":["https:\/\/cbs-electro.com\/index.php\/produit\/aspirateur-avec-sac-capacite-45l-750w-accessoires-speciaux-poils-danimaux-et-voiture-rowenta-ro6466ea-silence-force-home-car-pro\/"]}]},{"@type":"ImageObject","inLanguage":"fr-FR","@id":"https:\/\/cbs-electro.com\/index.php\/produit\/aspirateur-avec-sac-capacite-45l-750w-accessoires-speciaux-poils-danimaux-et-voiture-rowenta-ro6466ea-silence-force-home-car-pro\/#primaryimage","url":"https:\/\/cbs-electro.com\/wp-content\/uploads\/2023\/11\/a-210.jpg","contentUrl":"https:\/\/cbs-electro.com\/wp-content\/uploads\/2023\/11\/a-210.jpg","width":700,"height":700},{"@type":"BreadcrumbList","@id":"https:\/\/cbs-electro.com\/index.php\/produit\/aspirateur-avec-sac-capacite-45l-750w-accessoires-speciaux-poils-danimaux-et-voiture-rowenta-ro6466ea-silence-force-home-car-pro\/#breadcrumb","itemListElement":[{"@type":"ListItem","position":1,"name":"Accueil","item":"https:\/\/www.cbs-electro.com\/"},{"@type":"ListItem","position":2,"name":"Boutique","item":"https:\/\/www.cbs-electro.com\/index.php\/boutique\/"},{"@type":"ListItem","position":3,"name":"Aspirateur Avec Sac Capacit\u00e9 4,5L 750W Accessoires Sp\u00e9ciaux Poils d\u2019Animaux et Voiture Rowenta RO6466EA Silence Force Home &#038; Car Pro"}]},{"@type":"WebSite","@id":"https:\/\/www.cbs-electro.com\/#website","url":"https:\/\/www.cbs-electro.com\/","name":"CBS Electro","description":"Vente des produits neufs - Informatique, Smartphones, livres, jeux vid\u00e9o, photos, jouets et \u00e9lectrom\u00e9nager","potentialAction":[{"@type":"SearchAction","target":{"@type":"EntryPoint","urlTemplate":"https:\/\/www.cbs-electro.com\/?s={search_term_string}"},"query-input":{"@type":"PropertyValueSpecification","valueRequired":true,"valueName":"search_term_string"}}],"inLanguage":"fr-FR"}]}},"_links":{"self":[{"href":"https:\/\/cbs-electro.com\/index.php\/wp-json\/wp\/v2\/product\/14005","targetHints":{"allow":["GET"]}}],"collection":[{"href":"https:\/\/cbs-electro.com\/index.php\/wp-json\/wp\/v2\/product"}],"about":[{"href":"https:\/\/cbs-electro.com\/index.php\/wp-json\/wp\/v2\/types\/product"}],"version-history":[{"count":1,"href":"https:\/\/cbs-electro.com\/index.php\/wp-json\/wp\/v2\/product\/14005\/revisions"}],"predecessor-version":[{"id":14201,"href":"https:\/\/cbs-electro.com\/index.php\/wp-json\/wp\/v2\/product\/14005\/revisions\/14201"}],"wp:featuredmedia":[{"embeddable":true,"href":"https:\/\/cbs-electro.com\/index.php\/wp-json\/wp\/v2\/media\/14199"}],"wp:attachment":[{"href":"https:\/\/cbs-electro.com\/index.php\/wp-json\/wp\/v2\/media?parent=14005"}],"wp:term":[{"taxonomy":"product_brand","embeddable":true,"href":"https:\/\/cbs-electro.com\/index.php\/wp-json\/wp\/v2\/product_brand?post=14005"},{"taxonomy":"product_cat","embeddable":true,"href":"https:\/\/cbs-electro.com\/index.php\/wp-json\/wp\/v2\/product_cat?post=14005"},{"taxonomy":"product_tag","embeddable":true,"href":"https:\/\/cbs-electro.com\/index.php\/wp-json\/wp\/v2\/product_tag?post=14005"}],"curies":[{"name":"wp","href":"https:\/\/api.w.org\/{rel}","templated":true}]}}