{"id":14004,"date":"2023-11-15T14:47:45","date_gmt":"2023-11-15T13:47:45","guid":{"rendered":"https:\/?post_type=product&#038;p=14004"},"modified":"2025-03-12T16:49:42","modified_gmt":"2025-03-12T15:49:42","slug":"lifespan-tr1200it-tapis-de-course","status":"publish","type":"product","link":"https:\/\/cbs-electro.com\/index.php\/produit\/lifespan-tr1200it-tapis-de-course\/","title":{"rendered":"LifeSpan TR1200iT Tapis de course"},"content":{"rendered":"<p>Genre: Usage domestique l\u00e9ger<br \/>\nCharge maximale d&rsquo;utilisateur: 136kg<br \/>\nSurface de course 51cm large<br \/>\nContr\u00f4le de la fr\u00e9quence cardiaque<br \/>\nPliable<br \/>\nCompatible avec iPad\/Tableau<\/p>\n<h1>LifeSpan TR1200iT Tapis de course<\/h1>\n<div class=\"description\">\n<p>Prenez le contr\u00f4le de votre propre entra\u00eenement avec le tapis de course LifeSpan TR1200iT d\u00e9j\u00e0 mis \u00e0 jour. Ce tapis roulant abordable et pliable a Une large bande de roulement est donc id\u00e9ale pour la marche, la course \u00e0 pied ou la course \u00e0 pied et est soutenue par 8 amortisseurs de compression pour vous assurer que vous pouvez vous entra\u00eener en toute s\u00e9curit\u00e9 et ainsi soulager vos genoux, votre dos et vos articulations.<\/p>\n<p>Et quand ton entra\u00eenement est fini? Il vous suffit de replier le tapis de course avec EZfold\u2122 pour un rangement compact et compact.<\/p>\n<div class=\"media\">\n<div class=\"media-left\"><img decoding=\"async\" class=\"media-object\" src=\"https:\/\/helisports.pictures\/_badges\/lifespan\/lifespan-tr1200i-touchscreen.jpg\" alt=\"lifespan\" \/><\/div>\n<div class=\"media-body\">\n<h4 class=\"media-heading\">Commencez en appuyant sur un bouton<\/h4>\n<p>La console facile \u00e0 utiliser vous permet de commencer votre entra\u00eenement rapidement. A sur l&rsquo;\u00e9cran couleur 7 pouces Vous pouvez choisir parmi trois types d&rsquo;affichage diff\u00e9rents afin de toujours voir les donn\u00e9es souhait\u00e9es \u00e0 l&rsquo;\u00e9cran. Vous pouvez avec la fonction Bluetooth\u00ae liez facilement les r\u00e9sultats avec votre application pr\u00e9f\u00e9r\u00e9e.<\/p><\/div>\n<\/div>\n<p>\u00c9cran couleur 7 pouces, 3 tableaux de bord diff\u00e9rents, facile \u00e0 utiliser, connexion Bluetooth\u00ae<\/p>\n<div class=\"media\">\n<div class=\"media-left\"><img decoding=\"async\" class=\"media-object\" src=\"https:\/\/helisports.pictures\/_badges\/lifespan\/lifespan-tr1200i-workouts.jpg\" alt=\"lifespan\" \/><\/div>\n<div class=\"media-body\">\n<h4 class=\"media-heading\">Des programmes sans fin<\/h4>\n<p>Le TR1200iT est le tapis de course dont vous ne vous lasserez jamais. Il est livr\u00e9 avec 21 programmes faciles \u00e0 r\u00e9gler, notamment: 2 5 modes de vie sains, &#8211; 7 entra\u00eenements sportifs, &#8211; 5 programmes de perte de poids et 2 programmes d&rsquo;utilisation permettant de compiler soi-m\u00eame les entra\u00eenements Tous les programmes pr\u00e9programm\u00e9s sont co-con\u00e7us par des psychologues du sport et sont donc s\u00fbrs et efficaces pour atteindre vos objectifs. tels que la promotion de votre sant\u00e9, votre forme physique et votre perte de graisse.<\/p><\/div>\n<\/div>\n<p>2 commandes de rythme cardiaque, 5 modes de vie sains, 5 perte de poids, 7 entra\u00eenements sportifs, 2 configurations utilisateur<\/p>\n<div class=\"media\">\n<div class=\"media-left\"><img decoding=\"async\" class=\"media-object\" src=\"https:\/\/helisports.pictures\/_badges\/lifespan\/lifespan-tr1200i-ez-folding.jpg\" alt=\"lifespan\" \/><\/div>\n<div class=\"media-body\">\n<h4 class=\"media-heading\">Pliable<\/h4>\n<p>Une fois que vous avez termin\u00e9 votre entra\u00eenement, vous pouvez facilement, en un instant, replier et ranger le tapis de course si vous le souhaitez. Le Les roues de transport permettent de d\u00e9placer le tapis de course. Gr\u00e2ce \u00e0 la technologie EZfold, le tapis de course vous aide \u00e0 vous replier, mais aussi avec d\u00e9plier. Gr\u00e2ce au syst\u00e8me de chute douce, le tapis de course se d\u00e9plie de mani\u00e8re enti\u00e8rement automatique, vous donnant puissance ou \u00e9nergie. vous perdrez et pouvez donc tout donner pendant l&rsquo;entra\u00eenement sur le tapis de course TR1200iT.<\/p><\/div>\n<\/div>\n<p>Syst\u00e8me de pliage EZfold, Soft-drop, Roues de transport, Taille compacte une fois repli\u00e9e 99x84x160 cm<\/p>\n<div class=\"media\">\n<div class=\"media-left\"><img decoding=\"async\" class=\"media-object\" src=\"https:\/\/helisports.pictures\/_badges\/lifespan\/lifespan-tr1200i-performance.jpg\" alt=\"lifespan\" \/><\/div>\n<div class=\"media-body\">\n<h4 class=\"media-heading\">Le m\u00e9lange parfait entre durabilit\u00e9 et performance<\/h4>\n<p>Le moteur CC 2.5 CV puissant et durable de LifeSpan convient \u00e0 un usage intensif quotidien, ann\u00e9e apr\u00e8s ann\u00e9e. Le 51 cm de large La bande de roulement en fait le tapis de course id\u00e9al pour la marche, le jogging et la course \u00e0 pied. Le cadre est soud\u00e9 \u00e0 la machine et se compose enti\u00e8rement de haute qualit\u00e9 acier et est con\u00e7u pour simuler des similitudes et des conditions r\u00e9elles provenant du monde ext\u00e9rieur, ce qui donne l&rsquo;impression qu&rsquo;il vous marchez r\u00e9ellement dehors.<\/p><\/div>\n<\/div>\n<p>Vous pouvez \u00eatre assur\u00e9 que le confort ne sera jamais un probl\u00e8me car le pont est soutenu par 8 chocs de compression Assurez un amorti s\u00fbr et r\u00e9actif pour vos genoux, votre dos et vos articulations.<\/p>\n<p>Moteur CC de 2.5 CV, bande de roulement de 51 cm de large, 8 amortisseurs de compression<\/p>\n<\/div>\n","protected":false},"excerpt":{"rendered":"<p>Genre: Usage domestique l\u00e9ger Charge maximale d&rsquo;utilisateur: 136kg Surface de course 51cm large Contr\u00f4le de la fr\u00e9quence cardiaque Pliable Compatible<\/p>\n","protected":false},"featured_media":14190,"template":"","meta":[],"product_brand":[],"product_cat":[77,82],"product_tag":[],"class_list":{"0":"post-14004","1":"product","2":"type-product","3":"status-publish","4":"has-post-thumbnail","6":"product_cat-sports-loisirs","7":"product_cat-tapis-de-course","9":"first","10":"instock","11":"taxable","12":"shipping-taxable","13":"purchasable","14":"product-type-simple"},"yoast_head":"<!-- This site is optimized with the Yoast SEO plugin v24.8.1 - https:\/\/yoast.com\/wordpress\/plugins\/seo\/ -->\n<title>LifeSpan TR1200iT Tapis de course - CBS Electro<\/title>\n<meta name=\"robots\" content=\"index, follow, max-snippet:-1, max-image-preview:large, max-video-preview:-1\" \/>\n<link rel=\"canonical\" href=\"https:\/\/cbs-electro.com\/index.php\/produit\/lifespan-tr1200it-tapis-de-course\/\" \/>\n<meta property=\"og:locale\" content=\"fr_FR\" \/>\n<meta property=\"og:type\" content=\"article\" \/>\n<meta property=\"og:title\" content=\"LifeSpan TR1200iT Tapis de course - CBS Electro\" \/>\n<meta property=\"og:description\" content=\"Genre: Usage domestique l\u00e9ger Charge maximale d&rsquo;utilisateur: 136kg Surface de course 51cm large Contr\u00f4le de la fr\u00e9quence cardiaque Pliable Compatible\" \/>\n<meta property=\"og:url\" content=\"https:\/\/cbs-electro.com\/index.php\/produit\/lifespan-tr1200it-tapis-de-course\/\" \/>\n<meta property=\"og:site_name\" content=\"CBS Electro\" \/>\n<meta property=\"article:modified_time\" content=\"2025-03-12T15:49:42+00:00\" \/>\n<meta property=\"og:image\" content=\"https:\/\/cbs-electro.com\/wp-content\/uploads\/2023\/11\/lifespan-tr1200it-2-scaled-1.jpg\" \/>\n\t<meta property=\"og:image:width\" content=\"2560\" \/>\n\t<meta property=\"og:image:height\" content=\"1707\" \/>\n\t<meta property=\"og:image:type\" content=\"image\/jpeg\" \/>\n<meta name=\"twitter:card\" content=\"summary_large_image\" \/>\n<meta name=\"twitter:label1\" content=\"Dur\u00e9e de lecture estim\u00e9e\" \/>\n\t<meta name=\"twitter:data1\" content=\"3 minutes\" \/>\n<script type=\"application\/ld+json\" class=\"yoast-schema-graph\">{\"@context\":\"https:\/\/schema.org\",\"@graph\":[{\"@type\":\"WebPage\",\"@id\":\"https:\/\/cbs-electro.com\/index.php\/produit\/lifespan-tr1200it-tapis-de-course\/\",\"url\":\"https:\/\/cbs-electro.com\/index.php\/produit\/lifespan-tr1200it-tapis-de-course\/\",\"name\":\"LifeSpan TR1200iT Tapis de course - CBS Electro\",\"isPartOf\":{\"@id\":\"https:\/\/www.cbs-electro.com\/#website\"},\"primaryImageOfPage\":{\"@id\":\"https:\/\/cbs-electro.com\/index.php\/produit\/lifespan-tr1200it-tapis-de-course\/#primaryimage\"},\"image\":{\"@id\":\"https:\/\/cbs-electro.com\/index.php\/produit\/lifespan-tr1200it-tapis-de-course\/#primaryimage\"},\"thumbnailUrl\":\"https:\/\/cbs-electro.com\/wp-content\/uploads\/2023\/11\/lifespan-tr1200it-2-scaled-1.jpg\",\"datePublished\":\"2023-11-15T13:47:45+00:00\",\"dateModified\":\"2025-03-12T15:49:42+00:00\",\"breadcrumb\":{\"@id\":\"https:\/\/cbs-electro.com\/index.php\/produit\/lifespan-tr1200it-tapis-de-course\/#breadcrumb\"},\"inLanguage\":\"fr-FR\",\"potentialAction\":[{\"@type\":\"ReadAction\",\"target\":[\"https:\/\/cbs-electro.com\/index.php\/produit\/lifespan-tr1200it-tapis-de-course\/\"]}]},{\"@type\":\"ImageObject\",\"inLanguage\":\"fr-FR\",\"@id\":\"https:\/\/cbs-electro.com\/index.php\/produit\/lifespan-tr1200it-tapis-de-course\/#primaryimage\",\"url\":\"https:\/\/cbs-electro.com\/wp-content\/uploads\/2023\/11\/lifespan-tr1200it-2-scaled-1.jpg\",\"contentUrl\":\"https:\/\/cbs-electro.com\/wp-content\/uploads\/2023\/11\/lifespan-tr1200it-2-scaled-1.jpg\",\"width\":2560,\"height\":1707},{\"@type\":\"BreadcrumbList\",\"@id\":\"https:\/\/cbs-electro.com\/index.php\/produit\/lifespan-tr1200it-tapis-de-course\/#breadcrumb\",\"itemListElement\":[{\"@type\":\"ListItem\",\"position\":1,\"name\":\"Accueil\",\"item\":\"https:\/\/www.cbs-electro.com\/\"},{\"@type\":\"ListItem\",\"position\":2,\"name\":\"Boutique\",\"item\":\"https:\/\/www.cbs-electro.com\/index.php\/boutique\/\"},{\"@type\":\"ListItem\",\"position\":3,\"name\":\"LifeSpan TR1200iT Tapis de course\"}]},{\"@type\":\"WebSite\",\"@id\":\"https:\/\/www.cbs-electro.com\/#website\",\"url\":\"https:\/\/www.cbs-electro.com\/\",\"name\":\"CBS Electro\",\"description\":\"Vente des produits neufs - Informatique, Smartphones, livres, jeux vid\u00e9o, photos, jouets et \u00e9lectrom\u00e9nager\",\"potentialAction\":[{\"@type\":\"SearchAction\",\"target\":{\"@type\":\"EntryPoint\",\"urlTemplate\":\"https:\/\/www.cbs-electro.com\/?s={search_term_string}\"},\"query-input\":{\"@type\":\"PropertyValueSpecification\",\"valueRequired\":true,\"valueName\":\"search_term_string\"}}],\"inLanguage\":\"fr-FR\"}]}<\/script>\n<!-- \/ Yoast SEO plugin. -->","yoast_head_json":{"title":"LifeSpan TR1200iT Tapis de course - CBS Electro","robots":{"index":"index","follow":"follow","max-snippet":"max-snippet:-1","max-image-preview":"max-image-preview:large","max-video-preview":"max-video-preview:-1"},"canonical":"https:\/\/cbs-electro.com\/index.php\/produit\/lifespan-tr1200it-tapis-de-course\/","og_locale":"fr_FR","og_type":"article","og_title":"LifeSpan TR1200iT Tapis de course - CBS Electro","og_description":"Genre: Usage domestique l\u00e9ger Charge maximale d&rsquo;utilisateur: 136kg Surface de course 51cm large Contr\u00f4le de la fr\u00e9quence cardiaque Pliable Compatible","og_url":"https:\/\/cbs-electro.com\/index.php\/produit\/lifespan-tr1200it-tapis-de-course\/","og_site_name":"CBS Electro","article_modified_time":"2025-03-12T15:49:42+00:00","og_image":[{"width":2560,"height":1707,"url":"https:\/\/cbs-electro.com\/wp-content\/uploads\/2023\/11\/lifespan-tr1200it-2-scaled-1.jpg","type":"image\/jpeg"}],"twitter_card":"summary_large_image","twitter_misc":{"Dur\u00e9e de lecture estim\u00e9e":"3 minutes"},"schema":{"@context":"https:\/\/schema.org","@graph":[{"@type":"WebPage","@id":"https:\/\/cbs-electro.com\/index.php\/produit\/lifespan-tr1200it-tapis-de-course\/","url":"https:\/\/cbs-electro.com\/index.php\/produit\/lifespan-tr1200it-tapis-de-course\/","name":"LifeSpan TR1200iT Tapis de course - CBS Electro","isPartOf":{"@id":"https:\/\/www.cbs-electro.com\/#website"},"primaryImageOfPage":{"@id":"https:\/\/cbs-electro.com\/index.php\/produit\/lifespan-tr1200it-tapis-de-course\/#primaryimage"},"image":{"@id":"https:\/\/cbs-electro.com\/index.php\/produit\/lifespan-tr1200it-tapis-de-course\/#primaryimage"},"thumbnailUrl":"https:\/\/cbs-electro.com\/wp-content\/uploads\/2023\/11\/lifespan-tr1200it-2-scaled-1.jpg","datePublished":"2023-11-15T13:47:45+00:00","dateModified":"2025-03-12T15:49:42+00:00","breadcrumb":{"@id":"https:\/\/cbs-electro.com\/index.php\/produit\/lifespan-tr1200it-tapis-de-course\/#breadcrumb"},"inLanguage":"fr-FR","potentialAction":[{"@type":"ReadAction","target":["https:\/\/cbs-electro.com\/index.php\/produit\/lifespan-tr1200it-tapis-de-course\/"]}]},{"@type":"ImageObject","inLanguage":"fr-FR","@id":"https:\/\/cbs-electro.com\/index.php\/produit\/lifespan-tr1200it-tapis-de-course\/#primaryimage","url":"https:\/\/cbs-electro.com\/wp-content\/uploads\/2023\/11\/lifespan-tr1200it-2-scaled-1.jpg","contentUrl":"https:\/\/cbs-electro.com\/wp-content\/uploads\/2023\/11\/lifespan-tr1200it-2-scaled-1.jpg","width":2560,"height":1707},{"@type":"BreadcrumbList","@id":"https:\/\/cbs-electro.com\/index.php\/produit\/lifespan-tr1200it-tapis-de-course\/#breadcrumb","itemListElement":[{"@type":"ListItem","position":1,"name":"Accueil","item":"https:\/\/www.cbs-electro.com\/"},{"@type":"ListItem","position":2,"name":"Boutique","item":"https:\/\/www.cbs-electro.com\/index.php\/boutique\/"},{"@type":"ListItem","position":3,"name":"LifeSpan TR1200iT Tapis de course"}]},{"@type":"WebSite","@id":"https:\/\/www.cbs-electro.com\/#website","url":"https:\/\/www.cbs-electro.com\/","name":"CBS Electro","description":"Vente des produits neufs - Informatique, Smartphones, livres, jeux vid\u00e9o, photos, jouets et \u00e9lectrom\u00e9nager","potentialAction":[{"@type":"SearchAction","target":{"@type":"EntryPoint","urlTemplate":"https:\/\/www.cbs-electro.com\/?s={search_term_string}"},"query-input":{"@type":"PropertyValueSpecification","valueRequired":true,"valueName":"search_term_string"}}],"inLanguage":"fr-FR"}]}},"_links":{"self":[{"href":"https:\/\/cbs-electro.com\/index.php\/wp-json\/wp\/v2\/product\/14004","targetHints":{"allow":["GET"]}}],"collection":[{"href":"https:\/\/cbs-electro.com\/index.php\/wp-json\/wp\/v2\/product"}],"about":[{"href":"https:\/\/cbs-electro.com\/index.php\/wp-json\/wp\/v2\/types\/product"}],"version-history":[{"count":1,"href":"https:\/\/cbs-electro.com\/index.php\/wp-json\/wp\/v2\/product\/14004\/revisions"}],"predecessor-version":[{"id":14198,"href":"https:\/\/cbs-electro.com\/index.php\/wp-json\/wp\/v2\/product\/14004\/revisions\/14198"}],"wp:featuredmedia":[{"embeddable":true,"href":"https:\/\/cbs-electro.com\/index.php\/wp-json\/wp\/v2\/media\/14190"}],"wp:attachment":[{"href":"https:\/\/cbs-electro.com\/index.php\/wp-json\/wp\/v2\/media?parent=14004"}],"wp:term":[{"taxonomy":"product_brand","embeddable":true,"href":"https:\/\/cbs-electro.com\/index.php\/wp-json\/wp\/v2\/product_brand?post=14004"},{"taxonomy":"product_cat","embeddable":true,"href":"https:\/\/cbs-electro.com\/index.php\/wp-json\/wp\/v2\/product_cat?post=14004"},{"taxonomy":"product_tag","embeddable":true,"href":"https:\/\/cbs-electro.com\/index.php\/wp-json\/wp\/v2\/product_tag?post=14004"}],"curies":[{"name":"wp","href":"https:\/\/api.w.org\/{rel}","templated":true}]}}