{"id":14003,"date":"2023-11-15T14:47:45","date_gmt":"2023-11-15T13:47:45","guid":{"rendered":"https:\/?post_type=product&#038;p=14003"},"modified":"2025-03-12T16:48:08","modified_gmt":"2025-03-12T15:48:08","slug":"newton-fitness-skyrunner-3-0-led-tapis-de-course","status":"publish","type":"product","link":"https:\/\/cbs-electro.com\/index.php\/produit\/newton-fitness-skyrunner-3-0-led-tapis-de-course\/","title":{"rendered":"Newton Fitness Skyrunner 3.0 LED Tapis de Course"},"content":{"rendered":"<p>Genre: Usage domestique intensif<br \/>\nCharge maximale d&rsquo;utilisateur: 125kg<br \/>\nSurface de course 52cm large<br \/>\nContr\u00f4le de la fr\u00e9quence cardiaque<br \/>\nPliable<br \/>\nCompatible avec iPad\/Tableau<\/p>\n<p>Le tapis roulant Newton Fitness Skyrunner 3.0 LED est un tapis roulant domestique \u00e0 prix attractif \u00e9quip\u00e9 d&rsquo;un moteur de 3 CV. A cause de cela le Le tapis roulant convient \u00e0 la marche intensive, au jogging et \u00e0 la course. De plus, vous pouvez coupler l&rsquo;ordinateur du tapis de course via Bluetooth avec votre smartphone\/tablette et \u00e9ventuellement en utilisant les programmes Kinomap et Zwift. Cela offre de nombreuses possibilit\u00e9s et maintient la formation amusant et motivant !<\/p>\n<div class=\"media\">\n<div class=\"media-left\"><img decoding=\"async\" class=\"media-object\" src=\"https:\/\/helisports.pictures\/_badges\/newton-fitness\/newton-fitness-skyrunner-3.0-motor.jpg\" alt=\"newton fitness\" \/><\/div>\n<div class=\"media-body\">\n<h4 class=\"media-heading\">Moteur de 3.0 ch<\/h4>\n<p>Sous le capot se trouve un moteur puissant continu de 3.0 ch. Cela signifie que vous pouvez utiliser le tapis de course \u00e0 la maison pour les promenades, mais aussi pour le jogging et les courses r\u00e9guli\u00e8res. en cours d&rsquo;ex\u00e9cution. En plus du moteur de 3.0 CV, le tapis de course dispose \u00e9galement d&rsquo;un moteur d&rsquo;inclinaison, qui vous permet de marcher confortablement en mont\u00e9e.<\/p>\n<\/div>\n<\/div>\n<div class=\"media\">\n<div class=\"media-left\"><img decoding=\"async\" class=\"media-object\" src=\"https:\/\/helisports.pictures\/_badges\/newton-fitness\/newton-fitness-skyrunner-3.0-tread.jpg\" alt=\"newton fitness\" \/><\/div>\n<div class=\"media-body\">\n<h4 class=\"media-heading\">Marche 136&#215;52 cm<\/h4>\n<p>La grande surface de course de 136&#215;52 cm offre un confort et un sentiment de s\u00e9curit\u00e9 pendant l&rsquo;entra\u00eenement et garantit que vous disposez de suffisamment d&rsquo;espace pour marcher, faire du jogging ou courir.<\/p>\n<\/div>\n<\/div>\n<div class=\"media\">\n<div class=\"media-left\"><img decoding=\"async\" class=\"media-object\" src=\"https:\/\/helisports.pictures\/_badges\/newton-fitness\/newton-fitness-skyrunner-3.0-damping.jpg\" alt=\"newton fitness\" \/><\/div>\n<div class=\"media-body\">\n<h4 class=\"media-heading\">Syst\u00e8me d&rsquo;amortissement<\/h4>\n<p>Le syst\u00e8me d&rsquo;amorti du tapis de course assure un impact r\u00e9duit sur les articulations lors de la marche par rapport au dur asphalte \u00e0 l&rsquo;ext\u00e9rieur. Le syst\u00e8me d&rsquo;amorti et la bande de roulement fonctionnent ensemble pour que chaque pas soit confortable.<\/p>\n<\/div>\n<\/div>\n<div class=\"media\">\n<div class=\"media-left\"><img decoding=\"async\" class=\"media-object\" src=\"https:\/\/helisports.pictures\/_badges\/newton-fitness\/newton-fitness-skyrunner-3.0-display.jpg\" alt=\"newton fitness\" \/><\/div>\n<div class=\"media-body\">\n<h4 class=\"media-heading\">Grand \u00e9cran LED<\/h4>\n<p>Toutes les donn\u00e9es d&rsquo;entra\u00eenement sont clairement affich\u00e9es sur le grand \u00e9cran LED. Parce que tout est affich\u00e9 assez grand dans l&rsquo;\u00e9clairage LED, vous peut facilement tout lire pendant la formation et se concentrer pleinement sur la formation.<\/p>\n<\/div>\n<\/div>\n<div class=\"media\">\n<div class=\"media-left\"><img decoding=\"async\" class=\"media-object\" src=\"https:\/\/helisports.pictures\/_badges\/newton-fitness\/newton-fitness-skyrunner-3.0-heart-rate.jpg\" alt=\"newton fitness\" \/><\/div>\n<div class=\"media-body\">\n<h4 class=\"media-heading\">Mesure de la fr\u00e9quence cardiaque<\/h4>\n<p>Vous pouvez mesurer votre fr\u00e9quence cardiaque pendant l&rsquo;exercice en tenant les capteurs int\u00e9gr\u00e9s dans les poign\u00e9es ou en portant la sangle de poitrine incluse. Le port de la ceinture pectorale donne une meilleure mesure et est recommand\u00e9 si vous utilisez les programmes contr\u00f4l\u00e9s par la fr\u00e9quence cardiaque. Si tu veux Pour mesurer votre fr\u00e9quence cardiaque de temps en temps en marchant, les capteurs int\u00e9gr\u00e9s sont une excellente solution.<\/p>\n<\/div>\n<\/div>\n<div class=\"media\">\n<div class=\"media-left\"><img decoding=\"async\" class=\"media-object\" src=\"https:\/\/helisports.pictures\/_badges\/newton-fitness\/newton-fitness-skyrunner-3.0-programs.jpg\" alt=\"newton fitness\" \/><\/div>\n<div class=\"media-body\">\n<h4 class=\"media-heading\">Programmes<\/h4>\n<p>L&rsquo;ordinateur est \u00e9quip\u00e9 d&rsquo;un large \u00e9ventail de programmes qui peuvent vous aider \u00e0 atteindre vos objectifs et \u00e0 rester motiv\u00e9. Vous avez acc\u00e8s \u00e0 12 programmes pr\u00e9programm\u00e9s et 3 programmes contr\u00f4l\u00e9s par la fr\u00e9quence cardiaque. Comme mentionn\u00e9 ci-dessus, vous pouvez Vous pouvez \u00e9galement connecter l&rsquo;ordinateur \u00e0 votre smartphone ou tablette via Bluetooth et utilisez les applications Kinomap et Zwift.<\/p>\n<\/div>\n<\/div>\n<div class=\"media\">\n<div class=\"media-left\"><img decoding=\"async\" class=\"media-object\" src=\"https:\/\/helisports.pictures\/_badges\/newton-fitness\/newton-fitness-skyrunner-3.0-lubrication.jpg\" alt=\"newton fitness\" \/><\/div>\n<div class=\"media-body\">\n<h4 class=\"media-heading\">Syst\u00e8me de lubrification automatique<\/h4>\n<p>Le Newton Fitness Skyrunner 3.0 LED est l&rsquo;une des rares marques \u00e0 disposer d&rsquo;un syst\u00e8me de lubrification enti\u00e8rement nouveau et r\u00e9gul\u00e9 automatiquement pour entretenir au mieux la bande de roulement. C&rsquo;est un essentiel partie quand il s&rsquo;agit de la durabilit\u00e9 du tapis roulant. Vous remplissez le r\u00e9servoir d&rsquo;huile \u00e0 partir du point de filtre o\u00f9 se trouve le lubrifiant, puis uniform\u00e9ment distribu\u00e9. Gr\u00e2ce \u00e0 ce syst\u00e8me, vous n&rsquo;avez plus besoin de soulever la surface de roulement pour la lubrifier.<\/p>\n<\/div>\n<\/div>\n<div class=\"media\">\n<div class=\"media-left\"><img decoding=\"async\" class=\"media-object\" src=\"https:\/\/helisports.pictures\/_badges\/newton-fitness\/newton-fitness-skyrunner-3.0-fold.jpg\" alt=\"newton fitness\" \/><\/div>\n<div class=\"media-body\">\n<h4 class=\"media-heading\">Plier<\/h4>\n<p>Lorsque le tapis de course n&rsquo;est pas utilis\u00e9, vous pouvez facilement le replier \u00e0 l&rsquo;aide du m\u00e9canisme de pliage. Le tapis roulant peut \u00e9galement \u00eatre d\u00e9plac\u00e9 car la construction est \u00e9quip\u00e9e de roues de transport. Ainsi, vous \u00e9conomisez beaucoup d&rsquo;espace lorsque le tapis de course n&rsquo;est pas utilis\u00e9.<\/p>\n<\/div>\n<\/div>\n","protected":false},"excerpt":{"rendered":"<p>Genre: Usage domestique intensif Charge maximale d&rsquo;utilisateur: 125kg Surface de course 52cm large Contr\u00f4le de la fr\u00e9quence cardiaque Pliable Compatible<\/p>\n","protected":false},"featured_media":14181,"template":"","meta":[],"product_brand":[],"product_cat":[77,82],"product_tag":[],"class_list":{"0":"post-14003","1":"product","2":"type-product","3":"status-publish","4":"has-post-thumbnail","6":"product_cat-sports-loisirs","7":"product_cat-tapis-de-course","9":"first","10":"instock","11":"taxable","12":"shipping-taxable","13":"purchasable","14":"product-type-simple"},"yoast_head":"<!-- This site is optimized with the Yoast SEO plugin v24.8.1 - https:\/\/yoast.com\/wordpress\/plugins\/seo\/ -->\n<title>Newton Fitness Skyrunner 3.0 LED Tapis de Course - CBS Electro<\/title>\n<meta name=\"robots\" content=\"index, follow, max-snippet:-1, max-image-preview:large, max-video-preview:-1\" \/>\n<link rel=\"canonical\" href=\"https:\/\/cbs-electro.com\/index.php\/produit\/newton-fitness-skyrunner-3-0-led-tapis-de-course\/\" \/>\n<meta property=\"og:locale\" content=\"fr_FR\" \/>\n<meta property=\"og:type\" content=\"article\" \/>\n<meta property=\"og:title\" content=\"Newton Fitness Skyrunner 3.0 LED Tapis de Course - CBS Electro\" \/>\n<meta property=\"og:description\" content=\"Genre: Usage domestique intensif Charge maximale d&rsquo;utilisateur: 125kg Surface de course 52cm large Contr\u00f4le de la fr\u00e9quence cardiaque Pliable Compatible\" \/>\n<meta property=\"og:url\" content=\"https:\/\/cbs-electro.com\/index.php\/produit\/newton-fitness-skyrunner-3-0-led-tapis-de-course\/\" \/>\n<meta property=\"og:site_name\" content=\"CBS Electro\" \/>\n<meta property=\"article:modified_time\" content=\"2025-03-12T15:48:08+00:00\" \/>\n<meta property=\"og:image\" content=\"https:\/\/cbs-electro.com\/wp-content\/uploads\/2023\/11\/newton-fitness-skyrunner-3.0-led-scaled-1.jpg\" \/>\n\t<meta property=\"og:image:width\" content=\"2560\" \/>\n\t<meta property=\"og:image:height\" content=\"1708\" \/>\n\t<meta property=\"og:image:type\" content=\"image\/jpeg\" \/>\n<meta name=\"twitter:card\" content=\"summary_large_image\" \/>\n<meta name=\"twitter:label1\" content=\"Dur\u00e9e de lecture estim\u00e9e\" \/>\n\t<meta name=\"twitter:data1\" content=\"3 minutes\" \/>\n<script type=\"application\/ld+json\" class=\"yoast-schema-graph\">{\"@context\":\"https:\/\/schema.org\",\"@graph\":[{\"@type\":\"WebPage\",\"@id\":\"https:\/\/cbs-electro.com\/index.php\/produit\/newton-fitness-skyrunner-3-0-led-tapis-de-course\/\",\"url\":\"https:\/\/cbs-electro.com\/index.php\/produit\/newton-fitness-skyrunner-3-0-led-tapis-de-course\/\",\"name\":\"Newton Fitness Skyrunner 3.0 LED Tapis de Course - CBS Electro\",\"isPartOf\":{\"@id\":\"https:\/\/www.cbs-electro.com\/#website\"},\"primaryImageOfPage\":{\"@id\":\"https:\/\/cbs-electro.com\/index.php\/produit\/newton-fitness-skyrunner-3-0-led-tapis-de-course\/#primaryimage\"},\"image\":{\"@id\":\"https:\/\/cbs-electro.com\/index.php\/produit\/newton-fitness-skyrunner-3-0-led-tapis-de-course\/#primaryimage\"},\"thumbnailUrl\":\"https:\/\/cbs-electro.com\/wp-content\/uploads\/2023\/11\/newton-fitness-skyrunner-3.0-led-scaled-1.jpg\",\"datePublished\":\"2023-11-15T13:47:45+00:00\",\"dateModified\":\"2025-03-12T15:48:08+00:00\",\"breadcrumb\":{\"@id\":\"https:\/\/cbs-electro.com\/index.php\/produit\/newton-fitness-skyrunner-3-0-led-tapis-de-course\/#breadcrumb\"},\"inLanguage\":\"fr-FR\",\"potentialAction\":[{\"@type\":\"ReadAction\",\"target\":[\"https:\/\/cbs-electro.com\/index.php\/produit\/newton-fitness-skyrunner-3-0-led-tapis-de-course\/\"]}]},{\"@type\":\"ImageObject\",\"inLanguage\":\"fr-FR\",\"@id\":\"https:\/\/cbs-electro.com\/index.php\/produit\/newton-fitness-skyrunner-3-0-led-tapis-de-course\/#primaryimage\",\"url\":\"https:\/\/cbs-electro.com\/wp-content\/uploads\/2023\/11\/newton-fitness-skyrunner-3.0-led-scaled-1.jpg\",\"contentUrl\":\"https:\/\/cbs-electro.com\/wp-content\/uploads\/2023\/11\/newton-fitness-skyrunner-3.0-led-scaled-1.jpg\",\"width\":2560,\"height\":1708},{\"@type\":\"BreadcrumbList\",\"@id\":\"https:\/\/cbs-electro.com\/index.php\/produit\/newton-fitness-skyrunner-3-0-led-tapis-de-course\/#breadcrumb\",\"itemListElement\":[{\"@type\":\"ListItem\",\"position\":1,\"name\":\"Accueil\",\"item\":\"https:\/\/www.cbs-electro.com\/\"},{\"@type\":\"ListItem\",\"position\":2,\"name\":\"Boutique\",\"item\":\"https:\/\/www.cbs-electro.com\/index.php\/boutique\/\"},{\"@type\":\"ListItem\",\"position\":3,\"name\":\"Newton Fitness Skyrunner 3.0 LED Tapis de Course\"}]},{\"@type\":\"WebSite\",\"@id\":\"https:\/\/www.cbs-electro.com\/#website\",\"url\":\"https:\/\/www.cbs-electro.com\/\",\"name\":\"CBS Electro\",\"description\":\"Vente des produits neufs - Informatique, Smartphones, livres, jeux vid\u00e9o, photos, jouets et \u00e9lectrom\u00e9nager\",\"potentialAction\":[{\"@type\":\"SearchAction\",\"target\":{\"@type\":\"EntryPoint\",\"urlTemplate\":\"https:\/\/www.cbs-electro.com\/?s={search_term_string}\"},\"query-input\":{\"@type\":\"PropertyValueSpecification\",\"valueRequired\":true,\"valueName\":\"search_term_string\"}}],\"inLanguage\":\"fr-FR\"}]}<\/script>\n<!-- \/ Yoast SEO plugin. -->","yoast_head_json":{"title":"Newton Fitness Skyrunner 3.0 LED Tapis de Course - CBS Electro","robots":{"index":"index","follow":"follow","max-snippet":"max-snippet:-1","max-image-preview":"max-image-preview:large","max-video-preview":"max-video-preview:-1"},"canonical":"https:\/\/cbs-electro.com\/index.php\/produit\/newton-fitness-skyrunner-3-0-led-tapis-de-course\/","og_locale":"fr_FR","og_type":"article","og_title":"Newton Fitness Skyrunner 3.0 LED Tapis de Course - CBS Electro","og_description":"Genre: Usage domestique intensif Charge maximale d&rsquo;utilisateur: 125kg Surface de course 52cm large Contr\u00f4le de la fr\u00e9quence cardiaque Pliable Compatible","og_url":"https:\/\/cbs-electro.com\/index.php\/produit\/newton-fitness-skyrunner-3-0-led-tapis-de-course\/","og_site_name":"CBS Electro","article_modified_time":"2025-03-12T15:48:08+00:00","og_image":[{"width":2560,"height":1708,"url":"https:\/\/cbs-electro.com\/wp-content\/uploads\/2023\/11\/newton-fitness-skyrunner-3.0-led-scaled-1.jpg","type":"image\/jpeg"}],"twitter_card":"summary_large_image","twitter_misc":{"Dur\u00e9e de lecture estim\u00e9e":"3 minutes"},"schema":{"@context":"https:\/\/schema.org","@graph":[{"@type":"WebPage","@id":"https:\/\/cbs-electro.com\/index.php\/produit\/newton-fitness-skyrunner-3-0-led-tapis-de-course\/","url":"https:\/\/cbs-electro.com\/index.php\/produit\/newton-fitness-skyrunner-3-0-led-tapis-de-course\/","name":"Newton Fitness Skyrunner 3.0 LED Tapis de Course - CBS Electro","isPartOf":{"@id":"https:\/\/www.cbs-electro.com\/#website"},"primaryImageOfPage":{"@id":"https:\/\/cbs-electro.com\/index.php\/produit\/newton-fitness-skyrunner-3-0-led-tapis-de-course\/#primaryimage"},"image":{"@id":"https:\/\/cbs-electro.com\/index.php\/produit\/newton-fitness-skyrunner-3-0-led-tapis-de-course\/#primaryimage"},"thumbnailUrl":"https:\/\/cbs-electro.com\/wp-content\/uploads\/2023\/11\/newton-fitness-skyrunner-3.0-led-scaled-1.jpg","datePublished":"2023-11-15T13:47:45+00:00","dateModified":"2025-03-12T15:48:08+00:00","breadcrumb":{"@id":"https:\/\/cbs-electro.com\/index.php\/produit\/newton-fitness-skyrunner-3-0-led-tapis-de-course\/#breadcrumb"},"inLanguage":"fr-FR","potentialAction":[{"@type":"ReadAction","target":["https:\/\/cbs-electro.com\/index.php\/produit\/newton-fitness-skyrunner-3-0-led-tapis-de-course\/"]}]},{"@type":"ImageObject","inLanguage":"fr-FR","@id":"https:\/\/cbs-electro.com\/index.php\/produit\/newton-fitness-skyrunner-3-0-led-tapis-de-course\/#primaryimage","url":"https:\/\/cbs-electro.com\/wp-content\/uploads\/2023\/11\/newton-fitness-skyrunner-3.0-led-scaled-1.jpg","contentUrl":"https:\/\/cbs-electro.com\/wp-content\/uploads\/2023\/11\/newton-fitness-skyrunner-3.0-led-scaled-1.jpg","width":2560,"height":1708},{"@type":"BreadcrumbList","@id":"https:\/\/cbs-electro.com\/index.php\/produit\/newton-fitness-skyrunner-3-0-led-tapis-de-course\/#breadcrumb","itemListElement":[{"@type":"ListItem","position":1,"name":"Accueil","item":"https:\/\/www.cbs-electro.com\/"},{"@type":"ListItem","position":2,"name":"Boutique","item":"https:\/\/www.cbs-electro.com\/index.php\/boutique\/"},{"@type":"ListItem","position":3,"name":"Newton Fitness Skyrunner 3.0 LED Tapis de Course"}]},{"@type":"WebSite","@id":"https:\/\/www.cbs-electro.com\/#website","url":"https:\/\/www.cbs-electro.com\/","name":"CBS Electro","description":"Vente des produits neufs - Informatique, Smartphones, livres, jeux vid\u00e9o, photos, jouets et \u00e9lectrom\u00e9nager","potentialAction":[{"@type":"SearchAction","target":{"@type":"EntryPoint","urlTemplate":"https:\/\/www.cbs-electro.com\/?s={search_term_string}"},"query-input":{"@type":"PropertyValueSpecification","valueRequired":true,"valueName":"search_term_string"}}],"inLanguage":"fr-FR"}]}},"_links":{"self":[{"href":"https:\/\/cbs-electro.com\/index.php\/wp-json\/wp\/v2\/product\/14003","targetHints":{"allow":["GET"]}}],"collection":[{"href":"https:\/\/cbs-electro.com\/index.php\/wp-json\/wp\/v2\/product"}],"about":[{"href":"https:\/\/cbs-electro.com\/index.php\/wp-json\/wp\/v2\/types\/product"}],"version-history":[{"count":1,"href":"https:\/\/cbs-electro.com\/index.php\/wp-json\/wp\/v2\/product\/14003\/revisions"}],"predecessor-version":[{"id":14189,"href":"https:\/\/cbs-electro.com\/index.php\/wp-json\/wp\/v2\/product\/14003\/revisions\/14189"}],"wp:featuredmedia":[{"embeddable":true,"href":"https:\/\/cbs-electro.com\/index.php\/wp-json\/wp\/v2\/media\/14181"}],"wp:attachment":[{"href":"https:\/\/cbs-electro.com\/index.php\/wp-json\/wp\/v2\/media?parent=14003"}],"wp:term":[{"taxonomy":"product_brand","embeddable":true,"href":"https:\/\/cbs-electro.com\/index.php\/wp-json\/wp\/v2\/product_brand?post=14003"},{"taxonomy":"product_cat","embeddable":true,"href":"https:\/\/cbs-electro.com\/index.php\/wp-json\/wp\/v2\/product_cat?post=14003"},{"taxonomy":"product_tag","embeddable":true,"href":"https:\/\/cbs-electro.com\/index.php\/wp-json\/wp\/v2\/product_tag?post=14003"}],"curies":[{"name":"wp","href":"https:\/\/api.w.org\/{rel}","templated":true}]}}