{"id":14002,"date":"2023-11-15T14:47:45","date_gmt":"2023-11-15T13:47:45","guid":{"rendered":"https:\/?post_type=product&#038;p=14002"},"modified":"2025-03-12T16:47:14","modified_gmt":"2025-03-12T15:47:14","slug":"newton-fitness-skyrunner-elite-led-tapis-de-course","status":"publish","type":"product","link":"https:\/\/cbs-electro.com\/index.php\/produit\/newton-fitness-skyrunner-elite-led-tapis-de-course\/","title":{"rendered":"Newton Fitness Skyrunner Elite LED Tapis de course"},"content":{"rendered":"<div class=\"row\"><\/div>\n<div>\n<div class=\"row\"><\/div>\n<\/div>\n<div>\n<div class=\"stretchy container-fluid alt nobb\">\n<div class=\"col-xs-6 col-sm-7 col-right\">\n<p>&#8211; Genre: Usage domestique intensif<br \/>\nCharge maximale d&rsquo;utilisateur: 150kg<br \/>\nSurface de course 52cm large<br \/>\nPliable<\/p>\n<p>&#8211; Garantie usage r\u00e9sidentiel<br \/>\nFrame\/Soudage:\u00a0Dur\u00e9e de vie<br \/>\nMoteur:\u00a05 Ann\u00e9es<br \/>\nBande de roulement:\u00a03 Ann\u00e9es<br \/>\nPi\u00e8ces:\u00a02 Ann\u00e9es<\/p>\n<p>&#8211;\u00a0 Dimensions<br \/>\n179x90x141 cm<br \/>\nDimensions pli\u00e9es<br \/>\n81.5x90x141 cm<br \/>\nUtilisation<br \/>\nUsage domestique Intense<\/p>\n<p>&nbsp;<\/p>\n<\/div>\n<\/div>\n<\/div>\n<div>\n<p>\u00cates-vous \u00e0 la recherche d&rsquo;un tapis roulant \u00e9l\u00e9gant et de haute qualit\u00e9 avec l&rsquo;excellent service Helisports? Sont les choses les plus importantes pour vous fiabilit\u00e9 et facilit\u00e9 d&rsquo;utilisation? Alors Newton Fitness a le mod\u00e8le qu&rsquo;il vous faut avec le Skyrunner Elite LED!<\/p>\n<div class=\"media\">\n<div class=\"media-left\"><img decoding=\"async\" class=\"media-object\" src=\"https:\/\/helisports.pictures\/_badges\/newton-fitness\/newton-fitness-skyrunner-elite-led-lubrication-1.jpg\" alt=\"newton fitness\" \/><\/div>\n<div class=\"media-body\">\n<h4 class=\"media-heading\">Syst\u00e8me de lubrification automatique<\/h4>\n<p>Le Skyrunner Elite LED dispose d&rsquo;un syst\u00e8me de lubrification \u00e0 r\u00e9gulation automatique pour entretenir le tapis de course. Il s&rsquo;agit d&rsquo;un \u00e9l\u00e9ment essentiel lorsque il s&rsquo;agit de la durabilit\u00e9 du tapis roulant. Vous remplissez le r\u00e9servoir d&rsquo;huile o\u00f9 le lubrifiant est ensuite r\u00e9parti uniform\u00e9ment. Avec ce syst\u00e8me, vous n&rsquo;\u00eates plus doivent soulever la bande de roulement pour lubrifier.<\/p>\n<\/div>\n<\/div>\n<div class=\"media\">\n<div class=\"media-left\"><img decoding=\"async\" class=\"media-object\" src=\"https:\/\/helisports.pictures\/_badges\/newton-fitness\/newton-fitness-skyrunner-elite-led-look.jpg\" alt=\"newton fitness\" \/><\/div>\n<div class=\"media-body\">\n<h4 class=\"media-heading\">Le look de la salle de sport<\/h4>\n<p>Avec une finition et une qualit\u00e9 dignes d&rsquo;une salle de sport, ce tapis de course aura certainement fi\u00e8re allure \u00e0 la maison. Ce mod\u00e8le est clairement un pas en avant de la mod\u00e8les normaux Newton Skyrunner.<\/p>\n<\/div>\n<\/div>\n<div class=\"media\">\n<div class=\"media-left\"><img decoding=\"async\" class=\"media-object\" src=\"https:\/\/helisports.pictures\/_badges\/newton-fitness\/newton-fitness-skyrunner-elite-led-wifi-bluetooth.jpg\" alt=\"fitness newton\" \/><\/div>\n<div class=\"media-body\">\n<h4 class=\"media-heading\">Interface<\/h4>\n<p>La version LED du Skyrunner Elite a \u00e9t\u00e9 cr\u00e9\u00e9e avec la facilit\u00e9 d&rsquo;utilisation \u00e0 l&rsquo;esprit, toutes les fonctionnalit\u00e9s dont vous avez besoin sans l&rsquo;op\u00e9ration compliqu\u00e9e. La LED Elite peut ne pas avoir de WiFi ou de Bluetooth\u00ae, mais vous serez op\u00e9rationnel en quelques secondes et dans votre programme pr\u00e9f\u00e9r\u00e9.<\/p>\n<\/div>\n<\/div>\n<div class=\"media\">\n<div class=\"media-left\"><img decoding=\"async\" class=\"media-object\" src=\"https:\/\/helisports.pictures\/_badges\/newton-fitness\/newton-fitness-skyrunner-elite-led-motor.jpg\" alt=\"newton fitness\" \/><\/div>\n<div class=\"media-body\">\n<h4 class=\"media-heading\">Force<\/h4>\n<p>Le Newton Fitness Skyrunner Elite a avec son puissant moteur de 2.5 CV une puissance plus que suffisante pour convenir aussi bien au l\u00e9ger qu&rsquo;au lourd utilisation \u00e0 domicile jusqu&rsquo;\u00e0 un max. poids utilisateur de 150 kg. La course \u00e0 pied n&rsquo;est pas non plus un probl\u00e8me pour ce tapis roulant, la vitesse peut \u00eatre r\u00e9gl\u00e9e jusqu&rsquo;\u00e0 18.8 km\/h. Pour les marcheurs de montagne, le tapis de course peut \u00e9galement \u00eatre ajust\u00e9 \u00e0 un angle d&rsquo;inclinaison de 15 degr\u00e9s.<\/p>\n<\/div>\n<\/div>\n<div class=\"media\">\n<div class=\"media-left\"><img decoding=\"async\" class=\"media-object\" src=\"https:\/\/helisports.pictures\/_badges\/newton-fitness\/newton-fitness-skyrunner-elite-led-programs.jpg\" alt=\"fitness newton\" \/><\/div>\n<div class=\"media-body\">\n<h4 class=\"media-heading\">Programmes<\/h4>\n<p>Avec les 12 programmes int\u00e9gr\u00e9s, vous pouvez continuer \u00e0 surprendre votre corps, des randonn\u00e9es en montagne simul\u00e9es \u00e0 l&rsquo;entra\u00eenement par intervalles sur la plage perte de poids ou a\u00e9robic. Vous avez \u00e9galement la libert\u00e9 totale de d\u00e9finir et d&rsquo;activer 3 programmes compl\u00e8tement propres \u00e0 frapper.<\/p>\n<\/div>\n<\/div>\n<div class=\"media\">\n<div class=\"media-left\"><img decoding=\"async\" class=\"media-object\" src=\"https:\/\/helisports.pictures\/_badges\/newton-fitness\/newton-fitness-skyrunner-elite-led-foldable.jpg\" alt=\"fitness newton\" \/><\/div>\n<div class=\"media-body\">\n<h4 class=\"media-heading\">Fonctionnalit\u00e9<\/h4>\n<p>Le Newton Skyrunner Elite est un choix facile pour n&rsquo;importe quelle pi\u00e8ce car il se replie ou se replie en quelques secondes. Le tapis roulant a \u00e9galement des roues au avant pour le d\u00e9placer facilement si n\u00e9cessaire. En marchant, les poign\u00e9es ergonomiques peuvent \u00eatre utilis\u00e9es pour le r\u00e9glage de la vitesse et de l&rsquo;inclinaison.<\/p>\n<\/div>\n<\/div>\n<div class=\"media\">\n<div class=\"media-left\"><img decoding=\"async\" class=\"media-object\" src=\"https:\/\/helisports.pictures\/_badges\/newton-fitness\/newton-fitness-skyrunner-elite-tft-shocks.jpg\" alt=\"newton fitness\" \/><\/div>\n<div class=\"media-body\">\n<h4 class=\"media-heading\">Protection des genoux<\/h4>\n<p>Gr\u00e2ce aux nouveaux amortisseurs, le tapis de course absorbe une grande partie des chocs qui se produisent normalement lors de blessures au genou et \u00e0 la cheville. Avec ce pneu, vous pouvez continuer \u00e0 courir aussi longtemps que vous le souhaitez, m\u00eame au plus haut niveau!<\/p>\n<\/div>\n<\/div>\n<div class=\"media\">\n<div class=\"media-left\"><img decoding=\"async\" class=\"media-object\" src=\"https:\/\/helisports.pictures\/_badges\/newton-fitness\/newton-fitness-skyrunner-elite-tft-belt.jpg\" alt=\"newton fitness\" \/><\/div>\n<div class=\"media-body\">\n<h4 class=\"media-heading\">Bande de roulement large<\/h4>\n<p>Un crit\u00e8re important lors de l&rsquo;achat d&rsquo;un nouveau tapis roulant est la taille de la bande de roulement. La bande de roulement de 52 cm de large garantit que vous pouvez courir sans soucis sur ce tapis roulant avec n&rsquo;importe quelle technique ou physique. Et lorsque vous avez fini de marcher, vous pouvez simplement marcher sur les rails lat\u00e9raux et laisser la ceinture d\u00e9rouler en douceur.<\/p>\n<\/div>\n<\/div>\n<div class=\"media\">\n<div class=\"media-left\"><img decoding=\"async\" class=\"media-object\" src=\"https:\/\/helisports.pictures\/_badges\/newton-fitness\/newton-fitness-skyrunner-elite-tft-angle.jpg\" alt=\"newton fitness\" \/><\/div>\n<div class=\"media-body\">\n<h4 class=\"media-heading\">Console r\u00e9glable<\/h4>\n<p>La console r\u00e9volutionnaire \u00e0 angle de vue r\u00e9glable garantit que petits et grands, petits et grands, petits et grands peuvent utiliser ce tapis de course et tout son\/elle peut garder un \u0153il sur les performances.<\/p>\n<\/div>\n<\/div>\n<div class=\"media\">\n<div class=\"media-left\"><img decoding=\"async\" class=\"media-object\" src=\"https:\/\/helisports.pictures\/_badges\/newton-fitness\/newton-fitness-skyrunner-elite-tft-drum.jpg\" alt=\"newton fitness\" \/><\/div>\n<div class=\"media-body\">\n<h4 class=\"media-heading\">Roulements \u00e0 rouleaux stables<\/h4>\n<p>Gr\u00e2ce aux roulements \u00e0 rouleaux autor\u00e9gulants, le tapis de course fournit son propre calibrage. Donc tu n&rsquo;as pas \u00e0 t&rsquo;inqui\u00e9ter si vite r\u00e9gler le tapis de course. Ces roulements offrent \u00e9galement une exp\u00e9rience de fonctionnement en douceur sans pr\u00e9c\u00e9dent.<\/p>\n<\/div>\n<\/div>\n<p>En bref, le Newton Skyrunner Elite LED est un choix appropri\u00e9 pour tous ceux qui aiment le sport, la qualit\u00e9 et la simplicit\u00e9!<\/p>\n<\/div>\n","protected":false},"excerpt":{"rendered":"<p>&#8211; Genre: Usage domestique intensif Charge maximale d&rsquo;utilisateur: 150kg Surface de course 52cm large Pliable &#8211; Garantie usage r\u00e9sidentiel Frame\/Soudage:\u00a0Dur\u00e9e<\/p>\n","protected":false},"featured_media":14172,"template":"","meta":[],"product_brand":[],"product_cat":[77,82],"product_tag":[],"class_list":{"0":"post-14002","1":"product","2":"type-product","3":"status-publish","4":"has-post-thumbnail","6":"product_cat-sports-loisirs","7":"product_cat-tapis-de-course","9":"first","10":"instock","11":"taxable","12":"shipping-taxable","13":"purchasable","14":"product-type-simple"},"yoast_head":"<!-- This site is optimized with the Yoast SEO plugin v24.8.1 - https:\/\/yoast.com\/wordpress\/plugins\/seo\/ -->\n<title>Newton Fitness Skyrunner Elite LED Tapis de course - CBS Electro<\/title>\n<meta name=\"robots\" content=\"index, follow, max-snippet:-1, max-image-preview:large, max-video-preview:-1\" \/>\n<link rel=\"canonical\" href=\"https:\/\/cbs-electro.com\/index.php\/produit\/newton-fitness-skyrunner-elite-led-tapis-de-course\/\" \/>\n<meta property=\"og:locale\" content=\"fr_FR\" \/>\n<meta property=\"og:type\" content=\"article\" \/>\n<meta property=\"og:title\" content=\"Newton Fitness Skyrunner Elite LED Tapis de course - CBS Electro\" \/>\n<meta property=\"og:description\" content=\"&#8211; Genre: Usage domestique intensif Charge maximale d&rsquo;utilisateur: 150kg Surface de course 52cm large Pliable &#8211; Garantie usage r\u00e9sidentiel Frame\/Soudage:\u00a0Dur\u00e9e\" \/>\n<meta property=\"og:url\" content=\"https:\/\/cbs-electro.com\/index.php\/produit\/newton-fitness-skyrunner-elite-led-tapis-de-course\/\" \/>\n<meta property=\"og:site_name\" content=\"CBS Electro\" \/>\n<meta property=\"article:modified_time\" content=\"2025-03-12T15:47:14+00:00\" \/>\n<meta property=\"og:image\" content=\"https:\/\/cbs-electro.com\/wp-content\/uploads\/2023\/11\/newton-fitness-skyrunner-elite-led.jpg\" \/>\n\t<meta property=\"og:image:width\" content=\"500\" \/>\n\t<meta property=\"og:image:height\" content=\"333\" \/>\n\t<meta property=\"og:image:type\" content=\"image\/jpeg\" \/>\n<meta name=\"twitter:card\" content=\"summary_large_image\" \/>\n<meta name=\"twitter:label1\" content=\"Dur\u00e9e de lecture estim\u00e9e\" \/>\n\t<meta name=\"twitter:data1\" content=\"3 minutes\" \/>\n<script type=\"application\/ld+json\" class=\"yoast-schema-graph\">{\"@context\":\"https:\/\/schema.org\",\"@graph\":[{\"@type\":\"WebPage\",\"@id\":\"https:\/\/cbs-electro.com\/index.php\/produit\/newton-fitness-skyrunner-elite-led-tapis-de-course\/\",\"url\":\"https:\/\/cbs-electro.com\/index.php\/produit\/newton-fitness-skyrunner-elite-led-tapis-de-course\/\",\"name\":\"Newton Fitness Skyrunner Elite LED Tapis de course - CBS Electro\",\"isPartOf\":{\"@id\":\"https:\/\/www.cbs-electro.com\/#website\"},\"primaryImageOfPage\":{\"@id\":\"https:\/\/cbs-electro.com\/index.php\/produit\/newton-fitness-skyrunner-elite-led-tapis-de-course\/#primaryimage\"},\"image\":{\"@id\":\"https:\/\/cbs-electro.com\/index.php\/produit\/newton-fitness-skyrunner-elite-led-tapis-de-course\/#primaryimage\"},\"thumbnailUrl\":\"https:\/\/cbs-electro.com\/wp-content\/uploads\/2023\/11\/newton-fitness-skyrunner-elite-led.jpg\",\"datePublished\":\"2023-11-15T13:47:45+00:00\",\"dateModified\":\"2025-03-12T15:47:14+00:00\",\"breadcrumb\":{\"@id\":\"https:\/\/cbs-electro.com\/index.php\/produit\/newton-fitness-skyrunner-elite-led-tapis-de-course\/#breadcrumb\"},\"inLanguage\":\"fr-FR\",\"potentialAction\":[{\"@type\":\"ReadAction\",\"target\":[\"https:\/\/cbs-electro.com\/index.php\/produit\/newton-fitness-skyrunner-elite-led-tapis-de-course\/\"]}]},{\"@type\":\"ImageObject\",\"inLanguage\":\"fr-FR\",\"@id\":\"https:\/\/cbs-electro.com\/index.php\/produit\/newton-fitness-skyrunner-elite-led-tapis-de-course\/#primaryimage\",\"url\":\"https:\/\/cbs-electro.com\/wp-content\/uploads\/2023\/11\/newton-fitness-skyrunner-elite-led.jpg\",\"contentUrl\":\"https:\/\/cbs-electro.com\/wp-content\/uploads\/2023\/11\/newton-fitness-skyrunner-elite-led.jpg\",\"width\":500,\"height\":333},{\"@type\":\"BreadcrumbList\",\"@id\":\"https:\/\/cbs-electro.com\/index.php\/produit\/newton-fitness-skyrunner-elite-led-tapis-de-course\/#breadcrumb\",\"itemListElement\":[{\"@type\":\"ListItem\",\"position\":1,\"name\":\"Accueil\",\"item\":\"https:\/\/www.cbs-electro.com\/\"},{\"@type\":\"ListItem\",\"position\":2,\"name\":\"Boutique\",\"item\":\"https:\/\/www.cbs-electro.com\/index.php\/boutique\/\"},{\"@type\":\"ListItem\",\"position\":3,\"name\":\"Newton Fitness Skyrunner Elite LED Tapis de course\"}]},{\"@type\":\"WebSite\",\"@id\":\"https:\/\/www.cbs-electro.com\/#website\",\"url\":\"https:\/\/www.cbs-electro.com\/\",\"name\":\"CBS Electro\",\"description\":\"Vente des produits neufs - Informatique, Smartphones, livres, jeux vid\u00e9o, photos, jouets et \u00e9lectrom\u00e9nager\",\"potentialAction\":[{\"@type\":\"SearchAction\",\"target\":{\"@type\":\"EntryPoint\",\"urlTemplate\":\"https:\/\/www.cbs-electro.com\/?s={search_term_string}\"},\"query-input\":{\"@type\":\"PropertyValueSpecification\",\"valueRequired\":true,\"valueName\":\"search_term_string\"}}],\"inLanguage\":\"fr-FR\"}]}<\/script>\n<!-- \/ Yoast SEO plugin. -->","yoast_head_json":{"title":"Newton Fitness Skyrunner Elite LED Tapis de course - CBS Electro","robots":{"index":"index","follow":"follow","max-snippet":"max-snippet:-1","max-image-preview":"max-image-preview:large","max-video-preview":"max-video-preview:-1"},"canonical":"https:\/\/cbs-electro.com\/index.php\/produit\/newton-fitness-skyrunner-elite-led-tapis-de-course\/","og_locale":"fr_FR","og_type":"article","og_title":"Newton Fitness Skyrunner Elite LED Tapis de course - CBS Electro","og_description":"&#8211; Genre: Usage domestique intensif Charge maximale d&rsquo;utilisateur: 150kg Surface de course 52cm large Pliable &#8211; Garantie usage r\u00e9sidentiel Frame\/Soudage:\u00a0Dur\u00e9e","og_url":"https:\/\/cbs-electro.com\/index.php\/produit\/newton-fitness-skyrunner-elite-led-tapis-de-course\/","og_site_name":"CBS Electro","article_modified_time":"2025-03-12T15:47:14+00:00","og_image":[{"width":500,"height":333,"url":"https:\/\/cbs-electro.com\/wp-content\/uploads\/2023\/11\/newton-fitness-skyrunner-elite-led.jpg","type":"image\/jpeg"}],"twitter_card":"summary_large_image","twitter_misc":{"Dur\u00e9e de lecture estim\u00e9e":"3 minutes"},"schema":{"@context":"https:\/\/schema.org","@graph":[{"@type":"WebPage","@id":"https:\/\/cbs-electro.com\/index.php\/produit\/newton-fitness-skyrunner-elite-led-tapis-de-course\/","url":"https:\/\/cbs-electro.com\/index.php\/produit\/newton-fitness-skyrunner-elite-led-tapis-de-course\/","name":"Newton Fitness Skyrunner Elite LED Tapis de course - CBS Electro","isPartOf":{"@id":"https:\/\/www.cbs-electro.com\/#website"},"primaryImageOfPage":{"@id":"https:\/\/cbs-electro.com\/index.php\/produit\/newton-fitness-skyrunner-elite-led-tapis-de-course\/#primaryimage"},"image":{"@id":"https:\/\/cbs-electro.com\/index.php\/produit\/newton-fitness-skyrunner-elite-led-tapis-de-course\/#primaryimage"},"thumbnailUrl":"https:\/\/cbs-electro.com\/wp-content\/uploads\/2023\/11\/newton-fitness-skyrunner-elite-led.jpg","datePublished":"2023-11-15T13:47:45+00:00","dateModified":"2025-03-12T15:47:14+00:00","breadcrumb":{"@id":"https:\/\/cbs-electro.com\/index.php\/produit\/newton-fitness-skyrunner-elite-led-tapis-de-course\/#breadcrumb"},"inLanguage":"fr-FR","potentialAction":[{"@type":"ReadAction","target":["https:\/\/cbs-electro.com\/index.php\/produit\/newton-fitness-skyrunner-elite-led-tapis-de-course\/"]}]},{"@type":"ImageObject","inLanguage":"fr-FR","@id":"https:\/\/cbs-electro.com\/index.php\/produit\/newton-fitness-skyrunner-elite-led-tapis-de-course\/#primaryimage","url":"https:\/\/cbs-electro.com\/wp-content\/uploads\/2023\/11\/newton-fitness-skyrunner-elite-led.jpg","contentUrl":"https:\/\/cbs-electro.com\/wp-content\/uploads\/2023\/11\/newton-fitness-skyrunner-elite-led.jpg","width":500,"height":333},{"@type":"BreadcrumbList","@id":"https:\/\/cbs-electro.com\/index.php\/produit\/newton-fitness-skyrunner-elite-led-tapis-de-course\/#breadcrumb","itemListElement":[{"@type":"ListItem","position":1,"name":"Accueil","item":"https:\/\/www.cbs-electro.com\/"},{"@type":"ListItem","position":2,"name":"Boutique","item":"https:\/\/www.cbs-electro.com\/index.php\/boutique\/"},{"@type":"ListItem","position":3,"name":"Newton Fitness Skyrunner Elite LED Tapis de course"}]},{"@type":"WebSite","@id":"https:\/\/www.cbs-electro.com\/#website","url":"https:\/\/www.cbs-electro.com\/","name":"CBS Electro","description":"Vente des produits neufs - Informatique, Smartphones, livres, jeux vid\u00e9o, photos, jouets et \u00e9lectrom\u00e9nager","potentialAction":[{"@type":"SearchAction","target":{"@type":"EntryPoint","urlTemplate":"https:\/\/www.cbs-electro.com\/?s={search_term_string}"},"query-input":{"@type":"PropertyValueSpecification","valueRequired":true,"valueName":"search_term_string"}}],"inLanguage":"fr-FR"}]}},"_links":{"self":[{"href":"https:\/\/cbs-electro.com\/index.php\/wp-json\/wp\/v2\/product\/14002","targetHints":{"allow":["GET"]}}],"collection":[{"href":"https:\/\/cbs-electro.com\/index.php\/wp-json\/wp\/v2\/product"}],"about":[{"href":"https:\/\/cbs-electro.com\/index.php\/wp-json\/wp\/v2\/types\/product"}],"version-history":[{"count":1,"href":"https:\/\/cbs-electro.com\/index.php\/wp-json\/wp\/v2\/product\/14002\/revisions"}],"predecessor-version":[{"id":14180,"href":"https:\/\/cbs-electro.com\/index.php\/wp-json\/wp\/v2\/product\/14002\/revisions\/14180"}],"wp:featuredmedia":[{"embeddable":true,"href":"https:\/\/cbs-electro.com\/index.php\/wp-json\/wp\/v2\/media\/14172"}],"wp:attachment":[{"href":"https:\/\/cbs-electro.com\/index.php\/wp-json\/wp\/v2\/media?parent=14002"}],"wp:term":[{"taxonomy":"product_brand","embeddable":true,"href":"https:\/\/cbs-electro.com\/index.php\/wp-json\/wp\/v2\/product_brand?post=14002"},{"taxonomy":"product_cat","embeddable":true,"href":"https:\/\/cbs-electro.com\/index.php\/wp-json\/wp\/v2\/product_cat?post=14002"},{"taxonomy":"product_tag","embeddable":true,"href":"https:\/\/cbs-electro.com\/index.php\/wp-json\/wp\/v2\/product_tag?post=14002"}],"curies":[{"name":"wp","href":"https:\/\/api.w.org\/{rel}","templated":true}]}}