{"id":14000,"date":"2023-11-15T14:47:45","date_gmt":"2023-11-15T13:47:45","guid":{"rendered":"https:\/?post_type=product&#038;p=14000"},"modified":"2025-03-12T16:46:35","modified_gmt":"2025-03-12T15:46:35","slug":"newton-fitness-mini-pro-tft-tapis-de-course","status":"publish","type":"product","link":"https:\/\/cbs-electro.com\/index.php\/produit\/newton-fitness-mini-pro-tft-tapis-de-course\/","title":{"rendered":"Newton Fitness Mini Pro TFT Tapis de course"},"content":{"rendered":"<div>Un design sublime, une qualit\u00e9 sup\u00e9rieure.<\/div>\n<div>Vous \u00eates \u00e0 la recherche d&rsquo;un tapis roulant compact pour la maison ou le travail qui d\u00e9passe en m\u00eame temps toutes vos attentes de qualit\u00e9? Newton Fitness Mini Pro TFT offre la solution!<\/div>\n<div><\/div>\n<div>Enti\u00e8rement pliable et facile \u00e0 d\u00e9placer<\/div>\n<div>Le tapis de course Newton Fitness Mini Pro TFT est enti\u00e8rement pliable et peut \u00eatre plac\u00e9 horizontalement ou verticalement. Enti\u00e8rement pli\u00e9, le mod\u00e8le a un hauteur de seulement 22 cm, ce qui le rend facile \u00e0 ranger dans n&rsquo;importe quelle pi\u00e8ce.<\/div>\n<div><\/div>\n<div>Le mod\u00e8le avec des roues de transport pratiques est l&rsquo;un des tapis roulants les plus faciles \u00e0 d\u00e9placer avec son poids et sa compacit\u00e9 dans notre gamme. De cette fa\u00e7on, le mod\u00e8le peut \u00eatre stock\u00e9 sans effort apr\u00e8s utilisation et vous n&rsquo;\u00eates plus attach\u00e9 \u00e0 un emplacement fixe pour travailler sur votre sant\u00e9 physique.<\/div>\n<div><\/div>\n<div>\u00c0 partir de maintenant, combinez votre travail avec votre entra\u00eenement<\/div>\n<div>La console de haute technologie sup\u00e9rieure du tapis de course se plie facilement pour une utilisation en m\u00eame temps qu&rsquo;un plateau de table! Placez simplement votre ordinateur portable sur le plateau de table solide pour compl\u00e9ter tout votre travail pendant la formation!<\/div>\n<div><\/div>\n<div>Console<\/div>\n<div><\/div>\n<div>Avec la console TFT multifonction, vous pouvez \u00e9couter de la musique, regarder des vid\u00e9os et m\u00eame simuler des promenades enti\u00e8res! Cette console a son forme de divertissement pr\u00e9f\u00e9r\u00e9e de chaque coureur, vous n&rsquo;avez donc plus d&rsquo;excuses pour vous arr\u00eater plus t\u00f4t. Voici quelques exemples:<\/div>\n<div>Avec diverses applications telles que Netflix, YouTube, Prime Video et Spotify, vous ne vous ennuierez jamais en marchant. Connectez le tapis de course au Wi-Fi et profitez de diverses vid\u00e9os.<\/div>\n<div>Sur la plate-forme d&rsquo;entra\u00eenement, vous disposez d&rsquo;une grande vari\u00e9t\u00e9 d&rsquo;options telles que la dur\u00e9e et la distance parcourue, les calories obtenues ou la combustion des graisses.<\/div>\n<div>Promenez-vous dans les montagnes avec l&rsquo;unique Real View Sport! Une repr\u00e9sentation r\u00e9aliste avec diff\u00e9rents itin\u00e9raires de marche.<\/div>\n<div>Vous avez l&rsquo;habitude de courir des marathons? Avec le Pace Running, vous pouvez suivre diff\u00e9rents types d&rsquo;entra\u00eenement bas\u00e9s sur des kilom\u00e8tres ou des marathons.<\/div>\n<div><\/div>\n<div>Montage et amortissement faciles<\/div>\n<div>Le Newton Fitness Mini Pro est livr\u00e9 presque enti\u00e8rement assembl\u00e9, ce qui rend l&rsquo;assemblage final tr\u00e8s facile. Bon amorti tout en la course est essentielle. Les amortisseurs du Newton Fitness Mini Pro absorbent les chocs et soulagent les tendons et les articulations pendant la course.<\/div>\n<div>newton fitness<\/div>\n<div>Roues de transport pour un positionnement et un rangement faciles<\/div>\n<div>Les roues de transport le rendent facile \u00e0 manipuler et \u00e0 d\u00e9placer rapidement.<\/div>\n<div><\/div>\n<div>Les haut-parleurs int\u00e9gr\u00e9s vous permettent d&rsquo;\u00e9couter votre musique pr\u00e9f\u00e9r\u00e9e pendant votre entra\u00eenement.<\/div>\n<div><\/div>\n<div>Syst\u00e8me de contr\u00f4le multifonction<\/div>\n<div>Le syst\u00e8me de main courante fonctionnelle vous offre la possibilit\u00e9 de mesurer facilement la fr\u00e9quence cardiaque via les capteurs et en m\u00eame temps sert de panneau de commande pour r\u00e9gler la vitesse. Le syst\u00e8me a \u00e9t\u00e9 sp\u00e9cialement d\u00e9velopp\u00e9 pour vous fournir en tant qu&rsquo;utilisateur le plus simple options de fonctionnement!<\/div>\n<div><\/div>\n<div>Moteur \u00e0 courant continu professionnel de 2.0 hp<\/div>\n<div>B\u00e9n\u00e9ficiez directement d&rsquo;une dur\u00e9e de vie prolong\u00e9e. Le Mini Pro TFT est \u00e9quip\u00e9 d&rsquo;un moteur professionnel de 2.0 ch tr\u00e8s silencieux, d\u00e9velopp\u00e9 par sp\u00e9cialistes selon les normes de qualit\u00e9 contemporaines. Un moteur de bonne qualit\u00e9 garantit une dur\u00e9e de vie technique prolong\u00e9e du tapis de course et assure un entra\u00eenement fluide sans complications.<\/div>\n<div><\/div>\n<div>La sensation de course parfaite<\/div>\n<div>Le tapis de course est \u00e9quip\u00e9 d&rsquo;un syst\u00e8me d&rsquo;amortissement exceptionnel super doux \u00e0 7 couches qui procure la sensation la plus confortable. le Le syst\u00e8me d&rsquo;amorti innovant dans le tapis de course assure la moindre charge sur les genoux, les tendons et les articulations et est donc id\u00e9al pour le entra\u00eenements les plus intensifs!<\/div>\n<div><\/div>\n<div>Bande de roulement large<\/div>\n<div>Pour assurer la s\u00e9curit\u00e9 de l&rsquo;utilisateur \u00e0 tout moment, le Mini Pro TFT est \u00e9quip\u00e9 d&rsquo;une bande de roulement de 48 cm de large! Une bande de roulement \u00e9largie am\u00e9liore la qualit\u00e9 de l&rsquo;entra\u00eenement pour que vous puissiez effectuer chaque entra\u00eenement en toute s\u00e9curit\u00e9 et confortablement.<\/div>\n","protected":false},"excerpt":{"rendered":"<p>Un design sublime, une qualit\u00e9 sup\u00e9rieure. Vous \u00eates \u00e0 la recherche d&rsquo;un tapis roulant compact pour la maison ou le<\/p>\n","protected":false},"featured_media":14148,"template":"","meta":[],"product_brand":[],"product_cat":[77,82],"product_tag":[],"class_list":{"0":"post-14000","1":"product","2":"type-product","3":"status-publish","4":"has-post-thumbnail","6":"product_cat-sports-loisirs","7":"product_cat-tapis-de-course","9":"first","10":"instock","11":"taxable","12":"shipping-taxable","13":"purchasable","14":"product-type-simple"},"yoast_head":"<!-- This site is optimized with the Yoast SEO plugin v24.8.1 - https:\/\/yoast.com\/wordpress\/plugins\/seo\/ -->\n<title>Newton Fitness Mini Pro TFT Tapis de course - CBS Electro<\/title>\n<meta name=\"robots\" content=\"index, follow, max-snippet:-1, max-image-preview:large, max-video-preview:-1\" \/>\n<link rel=\"canonical\" href=\"https:\/\/cbs-electro.com\/index.php\/produit\/newton-fitness-mini-pro-tft-tapis-de-course\/\" \/>\n<meta property=\"og:locale\" content=\"fr_FR\" \/>\n<meta property=\"og:type\" content=\"article\" \/>\n<meta property=\"og:title\" content=\"Newton Fitness Mini Pro TFT Tapis de course - CBS Electro\" \/>\n<meta property=\"og:description\" content=\"Un design sublime, une qualit\u00e9 sup\u00e9rieure. Vous \u00eates \u00e0 la recherche d&rsquo;un tapis roulant compact pour la maison ou le\" \/>\n<meta property=\"og:url\" content=\"https:\/\/cbs-electro.com\/index.php\/produit\/newton-fitness-mini-pro-tft-tapis-de-course\/\" \/>\n<meta property=\"og:site_name\" content=\"CBS Electro\" \/>\n<meta property=\"article:modified_time\" content=\"2025-03-12T15:46:35+00:00\" \/>\n<meta property=\"og:image\" content=\"https:\/\/cbs-electro.com\/wp-content\/uploads\/2023\/11\/newton-fitness-mini-pro-scaled-1.jpg\" \/>\n\t<meta property=\"og:image:width\" content=\"2560\" \/>\n\t<meta property=\"og:image:height\" content=\"1707\" \/>\n\t<meta property=\"og:image:type\" content=\"image\/jpeg\" \/>\n<meta name=\"twitter:card\" content=\"summary_large_image\" \/>\n<meta name=\"twitter:label1\" content=\"Dur\u00e9e de lecture estim\u00e9e\" \/>\n\t<meta name=\"twitter:data1\" content=\"4 minutes\" \/>\n<script type=\"application\/ld+json\" class=\"yoast-schema-graph\">{\"@context\":\"https:\/\/schema.org\",\"@graph\":[{\"@type\":\"WebPage\",\"@id\":\"https:\/\/cbs-electro.com\/index.php\/produit\/newton-fitness-mini-pro-tft-tapis-de-course\/\",\"url\":\"https:\/\/cbs-electro.com\/index.php\/produit\/newton-fitness-mini-pro-tft-tapis-de-course\/\",\"name\":\"Newton Fitness Mini Pro TFT Tapis de course - CBS Electro\",\"isPartOf\":{\"@id\":\"https:\/\/www.cbs-electro.com\/#website\"},\"primaryImageOfPage\":{\"@id\":\"https:\/\/cbs-electro.com\/index.php\/produit\/newton-fitness-mini-pro-tft-tapis-de-course\/#primaryimage\"},\"image\":{\"@id\":\"https:\/\/cbs-electro.com\/index.php\/produit\/newton-fitness-mini-pro-tft-tapis-de-course\/#primaryimage\"},\"thumbnailUrl\":\"https:\/\/cbs-electro.com\/wp-content\/uploads\/2023\/11\/newton-fitness-mini-pro-scaled-1.jpg\",\"datePublished\":\"2023-11-15T13:47:45+00:00\",\"dateModified\":\"2025-03-12T15:46:35+00:00\",\"breadcrumb\":{\"@id\":\"https:\/\/cbs-electro.com\/index.php\/produit\/newton-fitness-mini-pro-tft-tapis-de-course\/#breadcrumb\"},\"inLanguage\":\"fr-FR\",\"potentialAction\":[{\"@type\":\"ReadAction\",\"target\":[\"https:\/\/cbs-electro.com\/index.php\/produit\/newton-fitness-mini-pro-tft-tapis-de-course\/\"]}]},{\"@type\":\"ImageObject\",\"inLanguage\":\"fr-FR\",\"@id\":\"https:\/\/cbs-electro.com\/index.php\/produit\/newton-fitness-mini-pro-tft-tapis-de-course\/#primaryimage\",\"url\":\"https:\/\/cbs-electro.com\/wp-content\/uploads\/2023\/11\/newton-fitness-mini-pro-scaled-1.jpg\",\"contentUrl\":\"https:\/\/cbs-electro.com\/wp-content\/uploads\/2023\/11\/newton-fitness-mini-pro-scaled-1.jpg\",\"width\":2560,\"height\":1707},{\"@type\":\"BreadcrumbList\",\"@id\":\"https:\/\/cbs-electro.com\/index.php\/produit\/newton-fitness-mini-pro-tft-tapis-de-course\/#breadcrumb\",\"itemListElement\":[{\"@type\":\"ListItem\",\"position\":1,\"name\":\"Accueil\",\"item\":\"https:\/\/www.cbs-electro.com\/\"},{\"@type\":\"ListItem\",\"position\":2,\"name\":\"Boutique\",\"item\":\"https:\/\/www.cbs-electro.com\/index.php\/boutique\/\"},{\"@type\":\"ListItem\",\"position\":3,\"name\":\"Newton Fitness Mini Pro TFT Tapis de course\"}]},{\"@type\":\"WebSite\",\"@id\":\"https:\/\/www.cbs-electro.com\/#website\",\"url\":\"https:\/\/www.cbs-electro.com\/\",\"name\":\"CBS Electro\",\"description\":\"Vente des produits neufs - Informatique, Smartphones, livres, jeux vid\u00e9o, photos, jouets et \u00e9lectrom\u00e9nager\",\"potentialAction\":[{\"@type\":\"SearchAction\",\"target\":{\"@type\":\"EntryPoint\",\"urlTemplate\":\"https:\/\/www.cbs-electro.com\/?s={search_term_string}\"},\"query-input\":{\"@type\":\"PropertyValueSpecification\",\"valueRequired\":true,\"valueName\":\"search_term_string\"}}],\"inLanguage\":\"fr-FR\"}]}<\/script>\n<!-- \/ Yoast SEO plugin. -->","yoast_head_json":{"title":"Newton Fitness Mini Pro TFT Tapis de course - CBS Electro","robots":{"index":"index","follow":"follow","max-snippet":"max-snippet:-1","max-image-preview":"max-image-preview:large","max-video-preview":"max-video-preview:-1"},"canonical":"https:\/\/cbs-electro.com\/index.php\/produit\/newton-fitness-mini-pro-tft-tapis-de-course\/","og_locale":"fr_FR","og_type":"article","og_title":"Newton Fitness Mini Pro TFT Tapis de course - CBS Electro","og_description":"Un design sublime, une qualit\u00e9 sup\u00e9rieure. Vous \u00eates \u00e0 la recherche d&rsquo;un tapis roulant compact pour la maison ou le","og_url":"https:\/\/cbs-electro.com\/index.php\/produit\/newton-fitness-mini-pro-tft-tapis-de-course\/","og_site_name":"CBS Electro","article_modified_time":"2025-03-12T15:46:35+00:00","og_image":[{"width":2560,"height":1707,"url":"https:\/\/cbs-electro.com\/wp-content\/uploads\/2023\/11\/newton-fitness-mini-pro-scaled-1.jpg","type":"image\/jpeg"}],"twitter_card":"summary_large_image","twitter_misc":{"Dur\u00e9e de lecture estim\u00e9e":"4 minutes"},"schema":{"@context":"https:\/\/schema.org","@graph":[{"@type":"WebPage","@id":"https:\/\/cbs-electro.com\/index.php\/produit\/newton-fitness-mini-pro-tft-tapis-de-course\/","url":"https:\/\/cbs-electro.com\/index.php\/produit\/newton-fitness-mini-pro-tft-tapis-de-course\/","name":"Newton Fitness Mini Pro TFT Tapis de course - CBS Electro","isPartOf":{"@id":"https:\/\/www.cbs-electro.com\/#website"},"primaryImageOfPage":{"@id":"https:\/\/cbs-electro.com\/index.php\/produit\/newton-fitness-mini-pro-tft-tapis-de-course\/#primaryimage"},"image":{"@id":"https:\/\/cbs-electro.com\/index.php\/produit\/newton-fitness-mini-pro-tft-tapis-de-course\/#primaryimage"},"thumbnailUrl":"https:\/\/cbs-electro.com\/wp-content\/uploads\/2023\/11\/newton-fitness-mini-pro-scaled-1.jpg","datePublished":"2023-11-15T13:47:45+00:00","dateModified":"2025-03-12T15:46:35+00:00","breadcrumb":{"@id":"https:\/\/cbs-electro.com\/index.php\/produit\/newton-fitness-mini-pro-tft-tapis-de-course\/#breadcrumb"},"inLanguage":"fr-FR","potentialAction":[{"@type":"ReadAction","target":["https:\/\/cbs-electro.com\/index.php\/produit\/newton-fitness-mini-pro-tft-tapis-de-course\/"]}]},{"@type":"ImageObject","inLanguage":"fr-FR","@id":"https:\/\/cbs-electro.com\/index.php\/produit\/newton-fitness-mini-pro-tft-tapis-de-course\/#primaryimage","url":"https:\/\/cbs-electro.com\/wp-content\/uploads\/2023\/11\/newton-fitness-mini-pro-scaled-1.jpg","contentUrl":"https:\/\/cbs-electro.com\/wp-content\/uploads\/2023\/11\/newton-fitness-mini-pro-scaled-1.jpg","width":2560,"height":1707},{"@type":"BreadcrumbList","@id":"https:\/\/cbs-electro.com\/index.php\/produit\/newton-fitness-mini-pro-tft-tapis-de-course\/#breadcrumb","itemListElement":[{"@type":"ListItem","position":1,"name":"Accueil","item":"https:\/\/www.cbs-electro.com\/"},{"@type":"ListItem","position":2,"name":"Boutique","item":"https:\/\/www.cbs-electro.com\/index.php\/boutique\/"},{"@type":"ListItem","position":3,"name":"Newton Fitness Mini Pro TFT Tapis de course"}]},{"@type":"WebSite","@id":"https:\/\/www.cbs-electro.com\/#website","url":"https:\/\/www.cbs-electro.com\/","name":"CBS Electro","description":"Vente des produits neufs - Informatique, Smartphones, livres, jeux vid\u00e9o, photos, jouets et \u00e9lectrom\u00e9nager","potentialAction":[{"@type":"SearchAction","target":{"@type":"EntryPoint","urlTemplate":"https:\/\/www.cbs-electro.com\/?s={search_term_string}"},"query-input":{"@type":"PropertyValueSpecification","valueRequired":true,"valueName":"search_term_string"}}],"inLanguage":"fr-FR"}]}},"_links":{"self":[{"href":"https:\/\/cbs-electro.com\/index.php\/wp-json\/wp\/v2\/product\/14000","targetHints":{"allow":["GET"]}}],"collection":[{"href":"https:\/\/cbs-electro.com\/index.php\/wp-json\/wp\/v2\/product"}],"about":[{"href":"https:\/\/cbs-electro.com\/index.php\/wp-json\/wp\/v2\/types\/product"}],"version-history":[{"count":1,"href":"https:\/\/cbs-electro.com\/index.php\/wp-json\/wp\/v2\/product\/14000\/revisions"}],"predecessor-version":[{"id":14156,"href":"https:\/\/cbs-electro.com\/index.php\/wp-json\/wp\/v2\/product\/14000\/revisions\/14156"}],"wp:featuredmedia":[{"embeddable":true,"href":"https:\/\/cbs-electro.com\/index.php\/wp-json\/wp\/v2\/media\/14148"}],"wp:attachment":[{"href":"https:\/\/cbs-electro.com\/index.php\/wp-json\/wp\/v2\/media?parent=14000"}],"wp:term":[{"taxonomy":"product_brand","embeddable":true,"href":"https:\/\/cbs-electro.com\/index.php\/wp-json\/wp\/v2\/product_brand?post=14000"},{"taxonomy":"product_cat","embeddable":true,"href":"https:\/\/cbs-electro.com\/index.php\/wp-json\/wp\/v2\/product_cat?post=14000"},{"taxonomy":"product_tag","embeddable":true,"href":"https:\/\/cbs-electro.com\/index.php\/wp-json\/wp\/v2\/product_tag?post=14000"}],"curies":[{"name":"wp","href":"https:\/\/api.w.org\/{rel}","templated":true}]}}