{"id":13999,"date":"2023-11-15T14:47:45","date_gmt":"2023-11-15T13:47:45","guid":{"rendered":"https:\/?post_type=product&#038;p=13999"},"modified":"2023-11-15T14:49:03","modified_gmt":"2023-11-15T13:49:03","slug":"sportstech-f37-tapis-de-course-professionnel-pliable","status":"publish","type":"product","link":"https:\/\/cbs-electro.com\/index.php\/produit\/sportstech-f37-tapis-de-course-professionnel-pliable\/","title":{"rendered":"Sportstech F37 Tapis de Course Professionnel Pliable"},"content":{"rendered":"<p>Marque Sportstech<br \/>\nCouleur F37_N<br \/>\nDimensions de l&rsquo;article L x L x H 171.5 x 83 x 138 centim\u00e8tres<br \/>\nPoids maximum pouvant \u00eatre support\u00e9 par le produit 150 Kilogrammes<\/p>\n<p>Sportstech F37 Tapis de Course Professionnel de qualit\u00e9 Allemande &#8211; Vid\u00e9os en Direct et Mulitplayeur APP, 7CH jusqu&rsquo;\u00e0 20 km\/h + syst\u00e8me de Lubrification, Pliable, Ceinture \u00e0 impulsions<\/p>\n<p>\u00c0 propos de cet article<\/p>\n<p>Notre tapis roulant peut atteindre une vitesse maximale de 20 km\/h gr\u00e2ce \u00e0 un moteur de 7 CV. En outre, une inclinaison maximale de 15 % est possible. De plus, le tapis roulant multim\u00e9dia est compatible avec la ceinture \u00e0 impulsions &#8211; pour un entra\u00eenement encore plus efficace !<\/p>\n<p>La surface de course \u00e0 5 couches avec syst\u00e8me d&rsquo;amortissement \u00e0 8 zones offre un entra\u00eenement qui m\u00e9nage les articulations et procure une sensation de course naturelle. Le meilleur : gr\u00e2ce au syst\u00e8me d&rsquo;autolubrification innovant, plus besoin de graissage &#8211; un pur confort !<br \/>\nAvec KINOMAP et SPORTSTECH, vous pouvez commencer d\u00e8s maintenant votre formation \u00e0 la nouvelle g\u00e9n\u00e9ration. D\u00e9couvrez le Home Fitness 2.0 avec la console multim\u00e9dia 7.5&Prime; compatible avec l&rsquo;application et commencez un nouveau niveau de fitness \u00e0 plein r\u00e9gime !<\/p>\n<p>Parce que nous nous soucions de votre sant\u00e9 et de votre s\u00e9curit\u00e9, nous n&rsquo;utilisons que de la qualit\u00e9 sup\u00e9rieure. Des mat\u00e9riaux de haute qualit\u00e9 assurent un plaisir d&rsquo;entra\u00eenement extra-long &#8211; avec un poids maximum de 150 kg !<\/p>\n<p>Gr\u00e2ce au syst\u00e8me hydraulique unique de pliage rapide avec des roues de transport intelligentes pour un stockage plus facile et plus rapide, vous pouvez maintenant b\u00e9n\u00e9ficier d&rsquo;une exp\u00e9rience d&rsquo;entra\u00eenement particuli\u00e8rement peu encombrante &#8211; la forme physique peut \u00eatre si belle !<\/p>\n","protected":false},"excerpt":{"rendered":"<p>Marque Sportstech Couleur F37_N Dimensions de l&rsquo;article L x L x H 171.5 x 83 x 138 centim\u00e8tres Poids maximum<\/p>\n","protected":false},"featured_media":14142,"template":"","meta":[],"product_brand":[],"product_cat":[77,82],"product_tag":[],"class_list":{"0":"post-13999","1":"product","2":"type-product","3":"status-publish","4":"has-post-thumbnail","6":"product_cat-sports-loisirs","7":"product_cat-tapis-de-course","9":"first","10":"instock","11":"sale","12":"taxable","13":"shipping-taxable","14":"purchasable","15":"product-type-simple"},"yoast_head":"<!-- This site is optimized with the Yoast SEO plugin v24.8.1 - https:\/\/yoast.com\/wordpress\/plugins\/seo\/ -->\n<title>Sportstech F37 Tapis de Course Professionnel Pliable - CBS Electro<\/title>\n<meta name=\"robots\" content=\"index, follow, max-snippet:-1, max-image-preview:large, max-video-preview:-1\" \/>\n<link rel=\"canonical\" href=\"https:\/\/cbs-electro.com\/index.php\/produit\/sportstech-f37-tapis-de-course-professionnel-pliable\/\" \/>\n<meta property=\"og:locale\" content=\"fr_FR\" \/>\n<meta property=\"og:type\" content=\"article\" \/>\n<meta property=\"og:title\" content=\"Sportstech F37 Tapis de Course Professionnel Pliable - CBS Electro\" \/>\n<meta property=\"og:description\" content=\"Marque Sportstech Couleur F37_N Dimensions de l&rsquo;article L x L x H 171.5 x 83 x 138 centim\u00e8tres Poids maximum\" \/>\n<meta property=\"og:url\" content=\"https:\/\/cbs-electro.com\/index.php\/produit\/sportstech-f37-tapis-de-course-professionnel-pliable\/\" \/>\n<meta property=\"og:site_name\" content=\"CBS Electro\" \/>\n<meta property=\"article:modified_time\" content=\"2023-11-15T13:49:03+00:00\" \/>\n<meta property=\"og:image\" content=\"https:\/\/cbs-electro.com\/wp-content\/uploads\/2023\/11\/384-large_default.jpg\" \/>\n\t<meta property=\"og:image:width\" content=\"800\" \/>\n\t<meta property=\"og:image:height\" content=\"800\" \/>\n\t<meta property=\"og:image:type\" content=\"image\/jpeg\" \/>\n<meta name=\"twitter:card\" content=\"summary_large_image\" \/>\n<meta name=\"twitter:label1\" content=\"Dur\u00e9e de lecture estim\u00e9e\" \/>\n\t<meta name=\"twitter:data1\" content=\"1 minute\" \/>\n<script type=\"application\/ld+json\" class=\"yoast-schema-graph\">{\"@context\":\"https:\/\/schema.org\",\"@graph\":[{\"@type\":\"WebPage\",\"@id\":\"https:\/\/cbs-electro.com\/index.php\/produit\/sportstech-f37-tapis-de-course-professionnel-pliable\/\",\"url\":\"https:\/\/cbs-electro.com\/index.php\/produit\/sportstech-f37-tapis-de-course-professionnel-pliable\/\",\"name\":\"Sportstech F37 Tapis de Course Professionnel Pliable - CBS Electro\",\"isPartOf\":{\"@id\":\"https:\/\/www.cbs-electro.com\/#website\"},\"primaryImageOfPage\":{\"@id\":\"https:\/\/cbs-electro.com\/index.php\/produit\/sportstech-f37-tapis-de-course-professionnel-pliable\/#primaryimage\"},\"image\":{\"@id\":\"https:\/\/cbs-electro.com\/index.php\/produit\/sportstech-f37-tapis-de-course-professionnel-pliable\/#primaryimage\"},\"thumbnailUrl\":\"https:\/\/cbs-electro.com\/wp-content\/uploads\/2023\/11\/384-large_default.jpg\",\"datePublished\":\"2023-11-15T13:47:45+00:00\",\"dateModified\":\"2023-11-15T13:49:03+00:00\",\"breadcrumb\":{\"@id\":\"https:\/\/cbs-electro.com\/index.php\/produit\/sportstech-f37-tapis-de-course-professionnel-pliable\/#breadcrumb\"},\"inLanguage\":\"fr-FR\",\"potentialAction\":[{\"@type\":\"ReadAction\",\"target\":[\"https:\/\/cbs-electro.com\/index.php\/produit\/sportstech-f37-tapis-de-course-professionnel-pliable\/\"]}]},{\"@type\":\"ImageObject\",\"inLanguage\":\"fr-FR\",\"@id\":\"https:\/\/cbs-electro.com\/index.php\/produit\/sportstech-f37-tapis-de-course-professionnel-pliable\/#primaryimage\",\"url\":\"https:\/\/cbs-electro.com\/wp-content\/uploads\/2023\/11\/384-large_default.jpg\",\"contentUrl\":\"https:\/\/cbs-electro.com\/wp-content\/uploads\/2023\/11\/384-large_default.jpg\",\"width\":800,\"height\":800},{\"@type\":\"BreadcrumbList\",\"@id\":\"https:\/\/cbs-electro.com\/index.php\/produit\/sportstech-f37-tapis-de-course-professionnel-pliable\/#breadcrumb\",\"itemListElement\":[{\"@type\":\"ListItem\",\"position\":1,\"name\":\"Accueil\",\"item\":\"https:\/\/www.cbs-electro.com\/\"},{\"@type\":\"ListItem\",\"position\":2,\"name\":\"Boutique\",\"item\":\"https:\/\/www.cbs-electro.com\/index.php\/boutique\/\"},{\"@type\":\"ListItem\",\"position\":3,\"name\":\"Sportstech F37 Tapis de Course Professionnel Pliable\"}]},{\"@type\":\"WebSite\",\"@id\":\"https:\/\/www.cbs-electro.com\/#website\",\"url\":\"https:\/\/www.cbs-electro.com\/\",\"name\":\"CBS Electro\",\"description\":\"Vente des produits neufs - Informatique, Smartphones, livres, jeux vid\u00e9o, photos, jouets et \u00e9lectrom\u00e9nager\",\"potentialAction\":[{\"@type\":\"SearchAction\",\"target\":{\"@type\":\"EntryPoint\",\"urlTemplate\":\"https:\/\/www.cbs-electro.com\/?s={search_term_string}\"},\"query-input\":{\"@type\":\"PropertyValueSpecification\",\"valueRequired\":true,\"valueName\":\"search_term_string\"}}],\"inLanguage\":\"fr-FR\"}]}<\/script>\n<!-- \/ Yoast SEO plugin. -->","yoast_head_json":{"title":"Sportstech F37 Tapis de Course Professionnel Pliable - CBS Electro","robots":{"index":"index","follow":"follow","max-snippet":"max-snippet:-1","max-image-preview":"max-image-preview:large","max-video-preview":"max-video-preview:-1"},"canonical":"https:\/\/cbs-electro.com\/index.php\/produit\/sportstech-f37-tapis-de-course-professionnel-pliable\/","og_locale":"fr_FR","og_type":"article","og_title":"Sportstech F37 Tapis de Course Professionnel Pliable - CBS Electro","og_description":"Marque Sportstech Couleur F37_N Dimensions de l&rsquo;article L x L x H 171.5 x 83 x 138 centim\u00e8tres Poids maximum","og_url":"https:\/\/cbs-electro.com\/index.php\/produit\/sportstech-f37-tapis-de-course-professionnel-pliable\/","og_site_name":"CBS Electro","article_modified_time":"2023-11-15T13:49:03+00:00","og_image":[{"width":800,"height":800,"url":"https:\/\/cbs-electro.com\/wp-content\/uploads\/2023\/11\/384-large_default.jpg","type":"image\/jpeg"}],"twitter_card":"summary_large_image","twitter_misc":{"Dur\u00e9e de lecture estim\u00e9e":"1 minute"},"schema":{"@context":"https:\/\/schema.org","@graph":[{"@type":"WebPage","@id":"https:\/\/cbs-electro.com\/index.php\/produit\/sportstech-f37-tapis-de-course-professionnel-pliable\/","url":"https:\/\/cbs-electro.com\/index.php\/produit\/sportstech-f37-tapis-de-course-professionnel-pliable\/","name":"Sportstech F37 Tapis de Course Professionnel Pliable - CBS Electro","isPartOf":{"@id":"https:\/\/www.cbs-electro.com\/#website"},"primaryImageOfPage":{"@id":"https:\/\/cbs-electro.com\/index.php\/produit\/sportstech-f37-tapis-de-course-professionnel-pliable\/#primaryimage"},"image":{"@id":"https:\/\/cbs-electro.com\/index.php\/produit\/sportstech-f37-tapis-de-course-professionnel-pliable\/#primaryimage"},"thumbnailUrl":"https:\/\/cbs-electro.com\/wp-content\/uploads\/2023\/11\/384-large_default.jpg","datePublished":"2023-11-15T13:47:45+00:00","dateModified":"2023-11-15T13:49:03+00:00","breadcrumb":{"@id":"https:\/\/cbs-electro.com\/index.php\/produit\/sportstech-f37-tapis-de-course-professionnel-pliable\/#breadcrumb"},"inLanguage":"fr-FR","potentialAction":[{"@type":"ReadAction","target":["https:\/\/cbs-electro.com\/index.php\/produit\/sportstech-f37-tapis-de-course-professionnel-pliable\/"]}]},{"@type":"ImageObject","inLanguage":"fr-FR","@id":"https:\/\/cbs-electro.com\/index.php\/produit\/sportstech-f37-tapis-de-course-professionnel-pliable\/#primaryimage","url":"https:\/\/cbs-electro.com\/wp-content\/uploads\/2023\/11\/384-large_default.jpg","contentUrl":"https:\/\/cbs-electro.com\/wp-content\/uploads\/2023\/11\/384-large_default.jpg","width":800,"height":800},{"@type":"BreadcrumbList","@id":"https:\/\/cbs-electro.com\/index.php\/produit\/sportstech-f37-tapis-de-course-professionnel-pliable\/#breadcrumb","itemListElement":[{"@type":"ListItem","position":1,"name":"Accueil","item":"https:\/\/www.cbs-electro.com\/"},{"@type":"ListItem","position":2,"name":"Boutique","item":"https:\/\/www.cbs-electro.com\/index.php\/boutique\/"},{"@type":"ListItem","position":3,"name":"Sportstech F37 Tapis de Course Professionnel Pliable"}]},{"@type":"WebSite","@id":"https:\/\/www.cbs-electro.com\/#website","url":"https:\/\/www.cbs-electro.com\/","name":"CBS Electro","description":"Vente des produits neufs - Informatique, Smartphones, livres, jeux vid\u00e9o, photos, jouets et \u00e9lectrom\u00e9nager","potentialAction":[{"@type":"SearchAction","target":{"@type":"EntryPoint","urlTemplate":"https:\/\/www.cbs-electro.com\/?s={search_term_string}"},"query-input":{"@type":"PropertyValueSpecification","valueRequired":true,"valueName":"search_term_string"}}],"inLanguage":"fr-FR"}]}},"_links":{"self":[{"href":"https:\/\/cbs-electro.com\/index.php\/wp-json\/wp\/v2\/product\/13999","targetHints":{"allow":["GET"]}}],"collection":[{"href":"https:\/\/cbs-electro.com\/index.php\/wp-json\/wp\/v2\/product"}],"about":[{"href":"https:\/\/cbs-electro.com\/index.php\/wp-json\/wp\/v2\/types\/product"}],"version-history":[{"count":1,"href":"https:\/\/cbs-electro.com\/index.php\/wp-json\/wp\/v2\/product\/13999\/revisions"}],"predecessor-version":[{"id":14147,"href":"https:\/\/cbs-electro.com\/index.php\/wp-json\/wp\/v2\/product\/13999\/revisions\/14147"}],"wp:featuredmedia":[{"embeddable":true,"href":"https:\/\/cbs-electro.com\/index.php\/wp-json\/wp\/v2\/media\/14142"}],"wp:attachment":[{"href":"https:\/\/cbs-electro.com\/index.php\/wp-json\/wp\/v2\/media?parent=13999"}],"wp:term":[{"taxonomy":"product_brand","embeddable":true,"href":"https:\/\/cbs-electro.com\/index.php\/wp-json\/wp\/v2\/product_brand?post=13999"},{"taxonomy":"product_cat","embeddable":true,"href":"https:\/\/cbs-electro.com\/index.php\/wp-json\/wp\/v2\/product_cat?post=13999"},{"taxonomy":"product_tag","embeddable":true,"href":"https:\/\/cbs-electro.com\/index.php\/wp-json\/wp\/v2\/product_tag?post=13999"}],"curies":[{"name":"wp","href":"https:\/\/api.w.org\/{rel}","templated":true}]}}