{"id":13998,"date":"2023-11-15T14:47:45","date_gmt":"2023-11-15T13:47:45","guid":{"rendered":"https:\/?post_type=product&#038;p=13998"},"modified":"2023-11-15T14:49:00","modified_gmt":"2023-11-15T13:49:00","slug":"robot-tondeuse-420-husqvarna","status":"publish","type":"product","link":"https:\/\/cbs-electro.com\/index.php\/produit\/robot-tondeuse-420-husqvarna\/","title":{"rendered":"Robot tondeuse 420 HUSQVARNA"},"content":{"rendered":"<p>Con\u00e7u pour les jardins jusque 2200m\u00b2, l\u2019Automower HUSQVARNA 420 coupe sur 24 cm de large et peut tondre sur des pentes jusque 45%. R\u00e9glable manuellement, la hauteur de coupe est effective entre 20 et 60mm. Particuli\u00e8rement silencieux et \u00e9tanche, il tond jour et nuit, quelle que soit la m\u00e9t\u00e9o. Ses 105 minutes d\u2019autonomie pour seulement 55 minutes de recharge en font une tondeuse tr\u00e8s performante. Autonome, il revient seul \u00e0 sa station de recharge. Il poss\u00e8de plusieurs modes de tontes qui optimisent son fonctionnement , en plus de la tonte en spirale, il poss\u00e8de une minuterie adaptative qui ajuste son temps de travail \u00e0 la vitesse de pousse de l\u2019herbe. Il sait \u00e9galement d\u00e9tecter les passages \u00e9troits. Les menus de programmation, simples et intuitifs et visibles sur le grand \u00e9cran LCD, donnent acc\u00e8s aux param\u00e8tres : sortie, fr\u00e9quence, zones, passages\u2026 et le tout se verrouille par un code PIN de s\u00e9curit\u00e9.<\/p>\n<p>&nbsp;<\/p>\n<p><strong>Fiche technique<\/strong><\/p>\n<p><strong>Avantages du produit<\/strong><\/p>\n<p>Capteurs de collision, soul\u00e8vements, \u00e9cran LCD r\u00e9tro\u00e9claire, d\u00e9tection automatique des passages \u00e9troits, minuterie adaptative, tonte sous la pluie (IPX4), r\u00e9glage de hauteur de coupe \u00e9lectrique<\/p>\n<p><strong>Poids<\/strong><\/p>\n<p>11,5 kg<\/p>\n<p><strong>Accessoire(s) inclu(s)<\/strong><\/p>\n<p>1 Station de charge, 1 r\u00e8gle, 3 vis d&rsquo;ancrage, 1 transformateur, 1 c\u00e2ble basse tension, 6 lames de remplacement<\/p>\n<p><strong>Surface conseill\u00e9e max.<\/strong><\/p>\n<p>2200 m\u00b2<\/p>\n<p><strong>Garantie<\/strong><\/p>\n<p>2 ans<\/p>\n<p><strong>Indice de r\u00e9parabilit\u00e9<\/strong><\/p>\n<p>8.5<\/p>\n<p><strong>Mode de chargement<\/strong><\/p>\n<p>Automatique<\/p>\n<p><strong>Pente maximum %<\/strong><\/p>\n<p>45%<\/p>\n<p><strong>Temps de travail max jour (tonte + recharge)<\/strong><\/p>\n<p>24 heures<\/p>\n<p><strong>C\u00e2ble guide<\/strong><\/p>\n<p>2<\/p>\n<p><strong>M\u00e9thodes de retour \u00e0 la station de charge<\/strong><\/p>\n<p>C\u00e2ble p\u00e9riph\u00e9rique, C\u00e2ble guide (x2), signal de station<\/p>\n<p><strong>Hauteur de coupe<\/strong><\/p>\n<p>2 \u00e0 6 cm<\/p>\n<p><strong>Largeur de coupe<\/strong><\/p>\n<p>24 cm<\/p>\n<p><strong>Connectivit\u00e9<\/strong><\/p>\n<p>Bluetooth<\/p>\n<p><strong>G\u00e9olocalisation \u00e0 distance par GPS<\/strong><\/p>\n<p>En option avec kit connect<\/p>\n<p><strong>Capacit\u00e9 tonte horaire (tonte + charge)<\/strong><\/p>\n<p>92 m2\/h<\/p>\n<p>&nbsp;<\/p>\n","protected":false},"excerpt":{"rendered":"<p>Con\u00e7u pour les jardins jusque 2200m\u00b2, l\u2019Automower HUSQVARNA 420 coupe sur 24 cm de large et peut tondre sur des<\/p>\n","protected":false},"featured_media":14136,"template":"","meta":[],"product_brand":[],"product_cat":[74,80],"product_tag":[],"class_list":{"0":"post-13998","1":"product","2":"type-product","3":"status-publish","4":"has-post-thumbnail","6":"product_cat-maison-jardin","7":"product_cat-robot-tondeuse","9":"first","10":"instock","11":"sale","12":"taxable","13":"shipping-taxable","14":"purchasable","15":"product-type-simple"},"yoast_head":"<!-- This site is optimized with the Yoast SEO plugin v24.8.1 - https:\/\/yoast.com\/wordpress\/plugins\/seo\/ -->\n<title>Robot tondeuse 420 HUSQVARNA - CBS Electro<\/title>\n<meta name=\"robots\" content=\"index, follow, max-snippet:-1, max-image-preview:large, max-video-preview:-1\" \/>\n<link rel=\"canonical\" href=\"https:\/\/cbs-electro.com\/index.php\/produit\/robot-tondeuse-420-husqvarna\/\" \/>\n<meta property=\"og:locale\" content=\"fr_FR\" \/>\n<meta property=\"og:type\" content=\"article\" \/>\n<meta property=\"og:title\" content=\"Robot tondeuse 420 HUSQVARNA - CBS Electro\" \/>\n<meta property=\"og:description\" content=\"Con\u00e7u pour les jardins jusque 2200m\u00b2, l\u2019Automower HUSQVARNA 420 coupe sur 24 cm de large et peut tondre sur des\" \/>\n<meta property=\"og:url\" content=\"https:\/\/cbs-electro.com\/index.php\/produit\/robot-tondeuse-420-husqvarna\/\" \/>\n<meta property=\"og:site_name\" content=\"CBS Electro\" \/>\n<meta property=\"article:modified_time\" content=\"2023-11-15T13:49:00+00:00\" \/>\n<meta property=\"og:image\" content=\"https:\/\/cbs-electro.com\/wp-content\/uploads\/2023\/11\/robot-tondeuse-420-husqvarna.jpg\" \/>\n\t<meta property=\"og:image:width\" content=\"600\" \/>\n\t<meta property=\"og:image:height\" content=\"600\" \/>\n\t<meta property=\"og:image:type\" content=\"image\/jpeg\" \/>\n<meta name=\"twitter:card\" content=\"summary_large_image\" \/>\n<meta name=\"twitter:label1\" content=\"Dur\u00e9e de lecture estim\u00e9e\" \/>\n\t<meta name=\"twitter:data1\" content=\"1 minute\" \/>\n<script type=\"application\/ld+json\" class=\"yoast-schema-graph\">{\"@context\":\"https:\/\/schema.org\",\"@graph\":[{\"@type\":\"WebPage\",\"@id\":\"https:\/\/cbs-electro.com\/index.php\/produit\/robot-tondeuse-420-husqvarna\/\",\"url\":\"https:\/\/cbs-electro.com\/index.php\/produit\/robot-tondeuse-420-husqvarna\/\",\"name\":\"Robot tondeuse 420 HUSQVARNA - CBS Electro\",\"isPartOf\":{\"@id\":\"https:\/\/www.cbs-electro.com\/#website\"},\"primaryImageOfPage\":{\"@id\":\"https:\/\/cbs-electro.com\/index.php\/produit\/robot-tondeuse-420-husqvarna\/#primaryimage\"},\"image\":{\"@id\":\"https:\/\/cbs-electro.com\/index.php\/produit\/robot-tondeuse-420-husqvarna\/#primaryimage\"},\"thumbnailUrl\":\"https:\/\/cbs-electro.com\/wp-content\/uploads\/2023\/11\/robot-tondeuse-420-husqvarna.jpg\",\"datePublished\":\"2023-11-15T13:47:45+00:00\",\"dateModified\":\"2023-11-15T13:49:00+00:00\",\"breadcrumb\":{\"@id\":\"https:\/\/cbs-electro.com\/index.php\/produit\/robot-tondeuse-420-husqvarna\/#breadcrumb\"},\"inLanguage\":\"fr-FR\",\"potentialAction\":[{\"@type\":\"ReadAction\",\"target\":[\"https:\/\/cbs-electro.com\/index.php\/produit\/robot-tondeuse-420-husqvarna\/\"]}]},{\"@type\":\"ImageObject\",\"inLanguage\":\"fr-FR\",\"@id\":\"https:\/\/cbs-electro.com\/index.php\/produit\/robot-tondeuse-420-husqvarna\/#primaryimage\",\"url\":\"https:\/\/cbs-electro.com\/wp-content\/uploads\/2023\/11\/robot-tondeuse-420-husqvarna.jpg\",\"contentUrl\":\"https:\/\/cbs-electro.com\/wp-content\/uploads\/2023\/11\/robot-tondeuse-420-husqvarna.jpg\",\"width\":600,\"height\":600},{\"@type\":\"BreadcrumbList\",\"@id\":\"https:\/\/cbs-electro.com\/index.php\/produit\/robot-tondeuse-420-husqvarna\/#breadcrumb\",\"itemListElement\":[{\"@type\":\"ListItem\",\"position\":1,\"name\":\"Accueil\",\"item\":\"https:\/\/www.cbs-electro.com\/\"},{\"@type\":\"ListItem\",\"position\":2,\"name\":\"Boutique\",\"item\":\"https:\/\/www.cbs-electro.com\/index.php\/boutique\/\"},{\"@type\":\"ListItem\",\"position\":3,\"name\":\"Robot tondeuse 420 HUSQVARNA\"}]},{\"@type\":\"WebSite\",\"@id\":\"https:\/\/www.cbs-electro.com\/#website\",\"url\":\"https:\/\/www.cbs-electro.com\/\",\"name\":\"CBS Electro\",\"description\":\"Vente des produits neufs - Informatique, Smartphones, livres, jeux vid\u00e9o, photos, jouets et \u00e9lectrom\u00e9nager\",\"potentialAction\":[{\"@type\":\"SearchAction\",\"target\":{\"@type\":\"EntryPoint\",\"urlTemplate\":\"https:\/\/www.cbs-electro.com\/?s={search_term_string}\"},\"query-input\":{\"@type\":\"PropertyValueSpecification\",\"valueRequired\":true,\"valueName\":\"search_term_string\"}}],\"inLanguage\":\"fr-FR\"}]}<\/script>\n<!-- \/ Yoast SEO plugin. -->","yoast_head_json":{"title":"Robot tondeuse 420 HUSQVARNA - CBS Electro","robots":{"index":"index","follow":"follow","max-snippet":"max-snippet:-1","max-image-preview":"max-image-preview:large","max-video-preview":"max-video-preview:-1"},"canonical":"https:\/\/cbs-electro.com\/index.php\/produit\/robot-tondeuse-420-husqvarna\/","og_locale":"fr_FR","og_type":"article","og_title":"Robot tondeuse 420 HUSQVARNA - CBS Electro","og_description":"Con\u00e7u pour les jardins jusque 2200m\u00b2, l\u2019Automower HUSQVARNA 420 coupe sur 24 cm de large et peut tondre sur des","og_url":"https:\/\/cbs-electro.com\/index.php\/produit\/robot-tondeuse-420-husqvarna\/","og_site_name":"CBS Electro","article_modified_time":"2023-11-15T13:49:00+00:00","og_image":[{"width":600,"height":600,"url":"https:\/\/cbs-electro.com\/wp-content\/uploads\/2023\/11\/robot-tondeuse-420-husqvarna.jpg","type":"image\/jpeg"}],"twitter_card":"summary_large_image","twitter_misc":{"Dur\u00e9e de lecture estim\u00e9e":"1 minute"},"schema":{"@context":"https:\/\/schema.org","@graph":[{"@type":"WebPage","@id":"https:\/\/cbs-electro.com\/index.php\/produit\/robot-tondeuse-420-husqvarna\/","url":"https:\/\/cbs-electro.com\/index.php\/produit\/robot-tondeuse-420-husqvarna\/","name":"Robot tondeuse 420 HUSQVARNA - CBS Electro","isPartOf":{"@id":"https:\/\/www.cbs-electro.com\/#website"},"primaryImageOfPage":{"@id":"https:\/\/cbs-electro.com\/index.php\/produit\/robot-tondeuse-420-husqvarna\/#primaryimage"},"image":{"@id":"https:\/\/cbs-electro.com\/index.php\/produit\/robot-tondeuse-420-husqvarna\/#primaryimage"},"thumbnailUrl":"https:\/\/cbs-electro.com\/wp-content\/uploads\/2023\/11\/robot-tondeuse-420-husqvarna.jpg","datePublished":"2023-11-15T13:47:45+00:00","dateModified":"2023-11-15T13:49:00+00:00","breadcrumb":{"@id":"https:\/\/cbs-electro.com\/index.php\/produit\/robot-tondeuse-420-husqvarna\/#breadcrumb"},"inLanguage":"fr-FR","potentialAction":[{"@type":"ReadAction","target":["https:\/\/cbs-electro.com\/index.php\/produit\/robot-tondeuse-420-husqvarna\/"]}]},{"@type":"ImageObject","inLanguage":"fr-FR","@id":"https:\/\/cbs-electro.com\/index.php\/produit\/robot-tondeuse-420-husqvarna\/#primaryimage","url":"https:\/\/cbs-electro.com\/wp-content\/uploads\/2023\/11\/robot-tondeuse-420-husqvarna.jpg","contentUrl":"https:\/\/cbs-electro.com\/wp-content\/uploads\/2023\/11\/robot-tondeuse-420-husqvarna.jpg","width":600,"height":600},{"@type":"BreadcrumbList","@id":"https:\/\/cbs-electro.com\/index.php\/produit\/robot-tondeuse-420-husqvarna\/#breadcrumb","itemListElement":[{"@type":"ListItem","position":1,"name":"Accueil","item":"https:\/\/www.cbs-electro.com\/"},{"@type":"ListItem","position":2,"name":"Boutique","item":"https:\/\/www.cbs-electro.com\/index.php\/boutique\/"},{"@type":"ListItem","position":3,"name":"Robot tondeuse 420 HUSQVARNA"}]},{"@type":"WebSite","@id":"https:\/\/www.cbs-electro.com\/#website","url":"https:\/\/www.cbs-electro.com\/","name":"CBS Electro","description":"Vente des produits neufs - Informatique, Smartphones, livres, jeux vid\u00e9o, photos, jouets et \u00e9lectrom\u00e9nager","potentialAction":[{"@type":"SearchAction","target":{"@type":"EntryPoint","urlTemplate":"https:\/\/www.cbs-electro.com\/?s={search_term_string}"},"query-input":{"@type":"PropertyValueSpecification","valueRequired":true,"valueName":"search_term_string"}}],"inLanguage":"fr-FR"}]}},"_links":{"self":[{"href":"https:\/\/cbs-electro.com\/index.php\/wp-json\/wp\/v2\/product\/13998","targetHints":{"allow":["GET"]}}],"collection":[{"href":"https:\/\/cbs-electro.com\/index.php\/wp-json\/wp\/v2\/product"}],"about":[{"href":"https:\/\/cbs-electro.com\/index.php\/wp-json\/wp\/v2\/types\/product"}],"version-history":[{"count":1,"href":"https:\/\/cbs-electro.com\/index.php\/wp-json\/wp\/v2\/product\/13998\/revisions"}],"predecessor-version":[{"id":14141,"href":"https:\/\/cbs-electro.com\/index.php\/wp-json\/wp\/v2\/product\/13998\/revisions\/14141"}],"wp:featuredmedia":[{"embeddable":true,"href":"https:\/\/cbs-electro.com\/index.php\/wp-json\/wp\/v2\/media\/14136"}],"wp:attachment":[{"href":"https:\/\/cbs-electro.com\/index.php\/wp-json\/wp\/v2\/media?parent=13998"}],"wp:term":[{"taxonomy":"product_brand","embeddable":true,"href":"https:\/\/cbs-electro.com\/index.php\/wp-json\/wp\/v2\/product_brand?post=13998"},{"taxonomy":"product_cat","embeddable":true,"href":"https:\/\/cbs-electro.com\/index.php\/wp-json\/wp\/v2\/product_cat?post=13998"},{"taxonomy":"product_tag","embeddable":true,"href":"https:\/\/cbs-electro.com\/index.php\/wp-json\/wp\/v2\/product_tag?post=13998"}],"curies":[{"name":"wp","href":"https:\/\/api.w.org\/{rel}","templated":true}]}}