{"id":13949,"date":"2023-11-15T14:47:21","date_gmt":"2023-11-15T13:47:21","guid":{"rendered":"https:\/?post_type=product&#038;p=13949"},"modified":"2025-03-12T16:53:50","modified_gmt":"2025-03-12T15:53:50","slug":"robot-tondeuse-315-mark-ii-husqvarna","status":"publish","type":"product","link":"https:\/\/cbs-electro.com\/index.php\/produit\/robot-tondeuse-315-mark-ii-husqvarna\/","title":{"rendered":"Robot tondeuse 315 Mark II HUSQVARNA"},"content":{"rendered":"<p>Gr\u00e2ce \u00e0 sa conception compacte \u00e0 4\u00a0roues, le nouveau robot tondeuse\u00a0HUSQVARNA Automower\u00ae\u00a0315 Mark\u00a0 prend soin sans effort des pelouses jusqu&rsquo;\u00e0 1500\u00a0m2.<\/p>\n<p>Il peut pratiquer les pentes d&rsquo;une inclinaison de 40\u00a0% et m\u00eame se guider \u00e0 travers les passages \u00e9troits. Une fois le travail termin\u00e9, la triple fonction de recherche lui permet de trouver le chemin le plus rapide vers la station de charge. Facile \u00e0 utiliser et \u00e0 nettoyer, il peut \u00eatre contr\u00f4l\u00e9 via votre smartphone et est dot\u00e9 d&rsquo;une protection antigel et d&rsquo;une minuterie adaptative qui ajuste les temps de tonte en fonction de la saison.<\/p>\n<div class=\"h3 feature-headline\">Automower\u00ae Connect@HOME:<\/div>\n<div class=\"feature-description\">La solution Bluetooth\u00ae Automower\u00ae Connect@HOME vous offre un contr\u00f4le total de votre tondeuse depuis votre smartphone. Vous pouvez transmettre facilement des ordres de d\u00e9marrage, d&rsquo;arr\u00eat et de stationnement, mais aussi v\u00e9rifier et modifier les r\u00e9glages. Port\u00e9e de la communication Bluetooth\u00ae jusqu&rsquo;\u00e0 10 m\u00e8tres. De s\u00e9rie sur les gammes 300-400.<\/div>\n<div class=\"feature-description\"><\/div>\n<div class=\"feature-description\">\n<div class=\"h3 feature-headline\">Tonte syst\u00e9matique des passages:<\/div>\n<div class=\"feature-description\">Pour obtenir d&rsquo;excellents r\u00e9sultats de coupe partout, le robot tondeuse peut \u00eatre r\u00e9gl\u00e9 pour passer automatiquement du mode al\u00e9atoire au mode syst\u00e9matique dans les passages \u00e9troits.<\/div>\n<div class=\"feature-description\">\n<div class=\"feature-description\">L&rsquo;Automower\u00ae d\u00e9tecte automatiquement les passages \u00e9troits et se fraie son chemin m\u00eame dans les endroits exigus. Son chemin dans le passage varie, afin d&rsquo;\u00e9viter des traces disgracieuses.<\/div>\n<\/div>\n<div class=\"feature-description\"><\/div>\n<div class=\"feature-description\">\n<div class=\"h3 feature-headline\">Minuterie adaptative:<\/div>\n<div class=\"feature-description\">Il ajuste le temps de travail au taux de croissance du gazon, ce qui signifie, que l&rsquo;Automower\u00ae maximise ses heures de tonte pendant les p\u00e9riode de forte croissance du gazon. Par temps ensoleill\u00e9 et sec ou tard dans la saison, la tondeuse passera moins de temps \u00e0 tondre, ce qui r\u00e9duira la sollicitation de la pelouse et de la tondeuse.<\/div>\n<div class=\"feature-description\"><\/div>\n<div class=\"feature-description\">\n<div class=\"h3 feature-headline\">Protection antigel:<\/div>\n<div class=\"feature-description\">Le robot tondeuse interrompt automatiquement le programme de tonte en cas de gel, ce qui contribue \u00e0 prot\u00e9ger la pelouse.<\/div>\n<\/div>\n<div class=\"feature-description\"><\/div>\n<div class=\"feature-description\">\n<div class=\"h3 feature-headline\">Coupe par zone:<\/div>\n<div class=\"feature-description\">Mode sp\u00e9cial pour tondre rapidement sur une zone. Ceci est particuli\u00e8rement utile pour les zones contenant du mobilier de jardin une fois retir\u00e9. Placer l&rsquo;automower dans la zone d\u00e9sir\u00e9e et choisissez le mode coupe par zone. La tondeuse tondra en spirales serr\u00e9es puis repassera en mode automatique une fois le travail termin\u00e9.<\/div>\n<\/div>\n<\/div>\n<\/div>\n","protected":false},"excerpt":{"rendered":"<p>Gr\u00e2ce \u00e0 sa conception compacte \u00e0 4\u00a0roues, le nouveau robot tondeuse\u00a0HUSQVARNA Automower\u00ae\u00a0315 Mark\u00a0 prend soin sans effort des pelouses jusqu&rsquo;\u00e0<\/p>\n","protected":false},"featured_media":14127,"template":"","meta":[],"product_brand":[],"product_cat":[74,80],"product_tag":[],"class_list":{"0":"post-13949","1":"product","2":"type-product","3":"status-publish","4":"has-post-thumbnail","6":"product_cat-maison-jardin","7":"product_cat-robot-tondeuse","9":"first","10":"instock","11":"taxable","12":"shipping-taxable","13":"purchasable","14":"product-type-simple"},"yoast_head":"<!-- This site is optimized with the Yoast SEO plugin v24.8.1 - https:\/\/yoast.com\/wordpress\/plugins\/seo\/ -->\n<title>Robot tondeuse 315 Mark II HUSQVARNA - CBS Electro<\/title>\n<meta name=\"robots\" content=\"index, follow, max-snippet:-1, max-image-preview:large, max-video-preview:-1\" \/>\n<link rel=\"canonical\" href=\"https:\/\/cbs-electro.com\/index.php\/produit\/robot-tondeuse-315-mark-ii-husqvarna\/\" \/>\n<meta property=\"og:locale\" content=\"fr_FR\" \/>\n<meta property=\"og:type\" content=\"article\" \/>\n<meta property=\"og:title\" content=\"Robot tondeuse 315 Mark II HUSQVARNA - CBS Electro\" \/>\n<meta property=\"og:description\" content=\"Gr\u00e2ce \u00e0 sa conception compacte \u00e0 4\u00a0roues, le nouveau robot tondeuse\u00a0HUSQVARNA Automower\u00ae\u00a0315 Mark\u00a0 prend soin sans effort des pelouses jusqu&rsquo;\u00e0\" \/>\n<meta property=\"og:url\" content=\"https:\/\/cbs-electro.com\/index.php\/produit\/robot-tondeuse-315-mark-ii-husqvarna\/\" \/>\n<meta property=\"og:site_name\" content=\"CBS Electro\" \/>\n<meta property=\"article:modified_time\" content=\"2025-03-12T15:53:50+00:00\" \/>\n<meta property=\"og:image\" content=\"https:\/\/cbs-electro.com\/wp-content\/uploads\/2023\/11\/robot-tondeuse-315-mark-ii-husqvarna-3.png\" \/>\n\t<meta property=\"og:image:width\" content=\"600\" \/>\n\t<meta property=\"og:image:height\" content=\"600\" \/>\n\t<meta property=\"og:image:type\" content=\"image\/png\" \/>\n<meta name=\"twitter:card\" content=\"summary_large_image\" \/>\n<meta name=\"twitter:label1\" content=\"Dur\u00e9e de lecture estim\u00e9e\" \/>\n\t<meta name=\"twitter:data1\" content=\"2 minutes\" \/>\n<script type=\"application\/ld+json\" class=\"yoast-schema-graph\">{\"@context\":\"https:\/\/schema.org\",\"@graph\":[{\"@type\":\"WebPage\",\"@id\":\"https:\/\/cbs-electro.com\/index.php\/produit\/robot-tondeuse-315-mark-ii-husqvarna\/\",\"url\":\"https:\/\/cbs-electro.com\/index.php\/produit\/robot-tondeuse-315-mark-ii-husqvarna\/\",\"name\":\"Robot tondeuse 315 Mark II HUSQVARNA - CBS Electro\",\"isPartOf\":{\"@id\":\"https:\/\/www.cbs-electro.com\/#website\"},\"primaryImageOfPage\":{\"@id\":\"https:\/\/cbs-electro.com\/index.php\/produit\/robot-tondeuse-315-mark-ii-husqvarna\/#primaryimage\"},\"image\":{\"@id\":\"https:\/\/cbs-electro.com\/index.php\/produit\/robot-tondeuse-315-mark-ii-husqvarna\/#primaryimage\"},\"thumbnailUrl\":\"https:\/\/cbs-electro.com\/wp-content\/uploads\/2023\/11\/robot-tondeuse-315-mark-ii-husqvarna-3.png\",\"datePublished\":\"2023-11-15T13:47:21+00:00\",\"dateModified\":\"2025-03-12T15:53:50+00:00\",\"breadcrumb\":{\"@id\":\"https:\/\/cbs-electro.com\/index.php\/produit\/robot-tondeuse-315-mark-ii-husqvarna\/#breadcrumb\"},\"inLanguage\":\"fr-FR\",\"potentialAction\":[{\"@type\":\"ReadAction\",\"target\":[\"https:\/\/cbs-electro.com\/index.php\/produit\/robot-tondeuse-315-mark-ii-husqvarna\/\"]}]},{\"@type\":\"ImageObject\",\"inLanguage\":\"fr-FR\",\"@id\":\"https:\/\/cbs-electro.com\/index.php\/produit\/robot-tondeuse-315-mark-ii-husqvarna\/#primaryimage\",\"url\":\"https:\/\/cbs-electro.com\/wp-content\/uploads\/2023\/11\/robot-tondeuse-315-mark-ii-husqvarna-3.png\",\"contentUrl\":\"https:\/\/cbs-electro.com\/wp-content\/uploads\/2023\/11\/robot-tondeuse-315-mark-ii-husqvarna-3.png\",\"width\":600,\"height\":600},{\"@type\":\"BreadcrumbList\",\"@id\":\"https:\/\/cbs-electro.com\/index.php\/produit\/robot-tondeuse-315-mark-ii-husqvarna\/#breadcrumb\",\"itemListElement\":[{\"@type\":\"ListItem\",\"position\":1,\"name\":\"Accueil\",\"item\":\"https:\/\/www.cbs-electro.com\/\"},{\"@type\":\"ListItem\",\"position\":2,\"name\":\"Boutique\",\"item\":\"https:\/\/www.cbs-electro.com\/index.php\/boutique\/\"},{\"@type\":\"ListItem\",\"position\":3,\"name\":\"Robot tondeuse 315 Mark II HUSQVARNA\"}]},{\"@type\":\"WebSite\",\"@id\":\"https:\/\/www.cbs-electro.com\/#website\",\"url\":\"https:\/\/www.cbs-electro.com\/\",\"name\":\"CBS Electro\",\"description\":\"Vente des produits neufs - Informatique, Smartphones, livres, jeux vid\u00e9o, photos, jouets et \u00e9lectrom\u00e9nager\",\"potentialAction\":[{\"@type\":\"SearchAction\",\"target\":{\"@type\":\"EntryPoint\",\"urlTemplate\":\"https:\/\/www.cbs-electro.com\/?s={search_term_string}\"},\"query-input\":{\"@type\":\"PropertyValueSpecification\",\"valueRequired\":true,\"valueName\":\"search_term_string\"}}],\"inLanguage\":\"fr-FR\"}]}<\/script>\n<!-- \/ Yoast SEO plugin. -->","yoast_head_json":{"title":"Robot tondeuse 315 Mark II HUSQVARNA - CBS Electro","robots":{"index":"index","follow":"follow","max-snippet":"max-snippet:-1","max-image-preview":"max-image-preview:large","max-video-preview":"max-video-preview:-1"},"canonical":"https:\/\/cbs-electro.com\/index.php\/produit\/robot-tondeuse-315-mark-ii-husqvarna\/","og_locale":"fr_FR","og_type":"article","og_title":"Robot tondeuse 315 Mark II HUSQVARNA - CBS Electro","og_description":"Gr\u00e2ce \u00e0 sa conception compacte \u00e0 4\u00a0roues, le nouveau robot tondeuse\u00a0HUSQVARNA Automower\u00ae\u00a0315 Mark\u00a0 prend soin sans effort des pelouses jusqu&rsquo;\u00e0","og_url":"https:\/\/cbs-electro.com\/index.php\/produit\/robot-tondeuse-315-mark-ii-husqvarna\/","og_site_name":"CBS Electro","article_modified_time":"2025-03-12T15:53:50+00:00","og_image":[{"width":600,"height":600,"url":"https:\/\/cbs-electro.com\/wp-content\/uploads\/2023\/11\/robot-tondeuse-315-mark-ii-husqvarna-3.png","type":"image\/png"}],"twitter_card":"summary_large_image","twitter_misc":{"Dur\u00e9e de lecture estim\u00e9e":"2 minutes"},"schema":{"@context":"https:\/\/schema.org","@graph":[{"@type":"WebPage","@id":"https:\/\/cbs-electro.com\/index.php\/produit\/robot-tondeuse-315-mark-ii-husqvarna\/","url":"https:\/\/cbs-electro.com\/index.php\/produit\/robot-tondeuse-315-mark-ii-husqvarna\/","name":"Robot tondeuse 315 Mark II HUSQVARNA - CBS Electro","isPartOf":{"@id":"https:\/\/www.cbs-electro.com\/#website"},"primaryImageOfPage":{"@id":"https:\/\/cbs-electro.com\/index.php\/produit\/robot-tondeuse-315-mark-ii-husqvarna\/#primaryimage"},"image":{"@id":"https:\/\/cbs-electro.com\/index.php\/produit\/robot-tondeuse-315-mark-ii-husqvarna\/#primaryimage"},"thumbnailUrl":"https:\/\/cbs-electro.com\/wp-content\/uploads\/2023\/11\/robot-tondeuse-315-mark-ii-husqvarna-3.png","datePublished":"2023-11-15T13:47:21+00:00","dateModified":"2025-03-12T15:53:50+00:00","breadcrumb":{"@id":"https:\/\/cbs-electro.com\/index.php\/produit\/robot-tondeuse-315-mark-ii-husqvarna\/#breadcrumb"},"inLanguage":"fr-FR","potentialAction":[{"@type":"ReadAction","target":["https:\/\/cbs-electro.com\/index.php\/produit\/robot-tondeuse-315-mark-ii-husqvarna\/"]}]},{"@type":"ImageObject","inLanguage":"fr-FR","@id":"https:\/\/cbs-electro.com\/index.php\/produit\/robot-tondeuse-315-mark-ii-husqvarna\/#primaryimage","url":"https:\/\/cbs-electro.com\/wp-content\/uploads\/2023\/11\/robot-tondeuse-315-mark-ii-husqvarna-3.png","contentUrl":"https:\/\/cbs-electro.com\/wp-content\/uploads\/2023\/11\/robot-tondeuse-315-mark-ii-husqvarna-3.png","width":600,"height":600},{"@type":"BreadcrumbList","@id":"https:\/\/cbs-electro.com\/index.php\/produit\/robot-tondeuse-315-mark-ii-husqvarna\/#breadcrumb","itemListElement":[{"@type":"ListItem","position":1,"name":"Accueil","item":"https:\/\/www.cbs-electro.com\/"},{"@type":"ListItem","position":2,"name":"Boutique","item":"https:\/\/www.cbs-electro.com\/index.php\/boutique\/"},{"@type":"ListItem","position":3,"name":"Robot tondeuse 315 Mark II HUSQVARNA"}]},{"@type":"WebSite","@id":"https:\/\/www.cbs-electro.com\/#website","url":"https:\/\/www.cbs-electro.com\/","name":"CBS Electro","description":"Vente des produits neufs - Informatique, Smartphones, livres, jeux vid\u00e9o, photos, jouets et \u00e9lectrom\u00e9nager","potentialAction":[{"@type":"SearchAction","target":{"@type":"EntryPoint","urlTemplate":"https:\/\/www.cbs-electro.com\/?s={search_term_string}"},"query-input":{"@type":"PropertyValueSpecification","valueRequired":true,"valueName":"search_term_string"}}],"inLanguage":"fr-FR"}]}},"_links":{"self":[{"href":"https:\/\/cbs-electro.com\/index.php\/wp-json\/wp\/v2\/product\/13949","targetHints":{"allow":["GET"]}}],"collection":[{"href":"https:\/\/cbs-electro.com\/index.php\/wp-json\/wp\/v2\/product"}],"about":[{"href":"https:\/\/cbs-electro.com\/index.php\/wp-json\/wp\/v2\/types\/product"}],"version-history":[{"count":1,"href":"https:\/\/cbs-electro.com\/index.php\/wp-json\/wp\/v2\/product\/13949\/revisions"}],"predecessor-version":[{"id":14130,"href":"https:\/\/cbs-electro.com\/index.php\/wp-json\/wp\/v2\/product\/13949\/revisions\/14130"}],"wp:featuredmedia":[{"embeddable":true,"href":"https:\/\/cbs-electro.com\/index.php\/wp-json\/wp\/v2\/media\/14127"}],"wp:attachment":[{"href":"https:\/\/cbs-electro.com\/index.php\/wp-json\/wp\/v2\/media?parent=13949"}],"wp:term":[{"taxonomy":"product_brand","embeddable":true,"href":"https:\/\/cbs-electro.com\/index.php\/wp-json\/wp\/v2\/product_brand?post=13949"},{"taxonomy":"product_cat","embeddable":true,"href":"https:\/\/cbs-electro.com\/index.php\/wp-json\/wp\/v2\/product_cat?post=13949"},{"taxonomy":"product_tag","embeddable":true,"href":"https:\/\/cbs-electro.com\/index.php\/wp-json\/wp\/v2\/product_tag?post=13949"}],"curies":[{"name":"wp","href":"https:\/\/api.w.org\/{rel}","templated":true}]}}