{"id":13928,"date":"2023-11-15T14:46:58","date_gmt":"2023-11-15T13:46:58","guid":{"rendered":"https:\/?post_type=product&#038;p=13928"},"modified":"2025-03-12T16:59:40","modified_gmt":"2025-03-12T15:59:40","slug":"robot-tondeuse-305-husqvarna","status":"publish","type":"product","link":"https:\/\/cbs-electro.com\/index.php\/produit\/robot-tondeuse-305-husqvarna\/","title":{"rendered":"Robot tondeuse 305 HUSQVARNA"},"content":{"rendered":"<p>Le robot de tonte HUSQVARNA 305 est ultra performant pour les jardins urbains et p\u00e9ri-urbains jusqu&rsquo;\u00e0 600m\u00b2. \u00c9quip\u00e9 des derni\u00e8res technologies Husqvarna, il est intelligent et g\u00e8re tous types de configuration de terrains et les pentes jusqu&rsquo;\u00e0 40% d&rsquo;inclinaison. Intuitif, il offre un mode tonte syst\u00e9matique dans les passages \u00e9troits \u00e0 partir de 60cm, la fonction tonte adaptative et des capteurs de gel. Facile \u00e0 nettoyer et \u00e0 laver au jet d&rsquo;eau.<\/p>\n<p>Avantages du produit<br \/>\nCapteur de collision, capteur de soul\u00e8vement, \u00e9cran LCD r\u00e9tro\u00e9clair\u00e9, d\u00e9tection automatique des passages \u00e9troits, tonte adaptative, capteurs de gel.<\/p>\n<p>Conseil du pro<br \/>\nLavable au jet d&rsquo;eau (IPX5)<\/p>\n<p>Poids<br \/>\n6.7 Kg<\/p>\n<p>Accessoire(s) inclu(s)<br \/>\n1 Station de charge; 1 r\u00e8gle de pose; 3 vis d&rsquo;ancrage; 1 transformateur; 1 c\u00e2ble basse tension; 6 lames de remplacement<\/p>\n<p>Surface conseill\u00e9e max.<br \/>\n600 m2<\/p>\n<p>Indice de r\u00e9parabilit\u00e9<br \/>\n8.8<\/p>\n<p>Mode de chargement<br \/>\nAutomatique<\/p>\n<p>Pente maximum %<br \/>\n40%<\/p>\n<p>Temps de travail max jour (tonte + recharge)<br \/>\n10 heures<\/p>\n<p>C\u00e2ble guide<br \/>\n1<\/p>\n<p>M\u00e9thodes de retour \u00e0 la station de charge<br \/>\nC\u00e2ble p\u00e9riph\u00e9rique, C\u00e2ble guide, signal de station<\/p>\n<p>Hauteur de coupe<br \/>\n2 \u00e0 5 cm<\/p>\n<p>Largeur de coupe<br \/>\n22 cm<\/p>\n<p>Connectivit\u00e9<br \/>\nBluetooth<\/p>\n<p>G\u00e9olocalisation \u00e0 distance par GPS<br \/>\nEn option avec Kit connect<\/p>\n<p>Capacit\u00e9 tonte horaire (tonte + charge)<br \/>\n60 m2\/h<\/p>\n","protected":false},"excerpt":{"rendered":"<p>Le robot de tonte HUSQVARNA 305 est ultra performant pour les jardins urbains et p\u00e9ri-urbains jusqu&rsquo;\u00e0 600m\u00b2. \u00c9quip\u00e9 des derni\u00e8res<\/p>\n","protected":false},"featured_media":14112,"template":"","meta":[],"product_brand":[],"product_cat":[74,80],"product_tag":[],"class_list":{"0":"post-13928","1":"product","2":"type-product","3":"status-publish","4":"has-post-thumbnail","6":"product_cat-maison-jardin","7":"product_cat-robot-tondeuse","9":"first","10":"instock","11":"taxable","12":"shipping-taxable","13":"purchasable","14":"product-type-simple"},"yoast_head":"<!-- This site is optimized with the Yoast SEO plugin v24.8.1 - https:\/\/yoast.com\/wordpress\/plugins\/seo\/ -->\n<title>Robot tondeuse 305 HUSQVARNA - CBS Electro<\/title>\n<meta name=\"robots\" content=\"index, follow, max-snippet:-1, max-image-preview:large, max-video-preview:-1\" \/>\n<link rel=\"canonical\" href=\"https:\/\/cbs-electro.com\/index.php\/produit\/robot-tondeuse-305-husqvarna\/\" \/>\n<meta property=\"og:locale\" content=\"fr_FR\" \/>\n<meta property=\"og:type\" content=\"article\" \/>\n<meta property=\"og:title\" content=\"Robot tondeuse 305 HUSQVARNA - CBS Electro\" \/>\n<meta property=\"og:description\" content=\"Le robot de tonte HUSQVARNA 305 est ultra performant pour les jardins urbains et p\u00e9ri-urbains jusqu&rsquo;\u00e0 600m\u00b2. \u00c9quip\u00e9 des derni\u00e8res\" \/>\n<meta property=\"og:url\" content=\"https:\/\/cbs-electro.com\/index.php\/produit\/robot-tondeuse-305-husqvarna\/\" \/>\n<meta property=\"og:site_name\" content=\"CBS Electro\" \/>\n<meta property=\"article:modified_time\" content=\"2025-03-12T15:59:40+00:00\" \/>\n<meta property=\"og:image\" content=\"https:\/\/cbs-electro.com\/wp-content\/uploads\/2023\/11\/robot-tondeuse-305-husqvarna-1.png\" \/>\n\t<meta property=\"og:image:width\" content=\"600\" \/>\n\t<meta property=\"og:image:height\" content=\"600\" \/>\n\t<meta property=\"og:image:type\" content=\"image\/png\" \/>\n<meta name=\"twitter:card\" content=\"summary_large_image\" \/>\n<meta name=\"twitter:label1\" content=\"Dur\u00e9e de lecture estim\u00e9e\" \/>\n\t<meta name=\"twitter:data1\" content=\"1 minute\" \/>\n<script type=\"application\/ld+json\" class=\"yoast-schema-graph\">{\"@context\":\"https:\/\/schema.org\",\"@graph\":[{\"@type\":\"WebPage\",\"@id\":\"https:\/\/cbs-electro.com\/index.php\/produit\/robot-tondeuse-305-husqvarna\/\",\"url\":\"https:\/\/cbs-electro.com\/index.php\/produit\/robot-tondeuse-305-husqvarna\/\",\"name\":\"Robot tondeuse 305 HUSQVARNA - CBS Electro\",\"isPartOf\":{\"@id\":\"https:\/\/www.cbs-electro.com\/#website\"},\"primaryImageOfPage\":{\"@id\":\"https:\/\/cbs-electro.com\/index.php\/produit\/robot-tondeuse-305-husqvarna\/#primaryimage\"},\"image\":{\"@id\":\"https:\/\/cbs-electro.com\/index.php\/produit\/robot-tondeuse-305-husqvarna\/#primaryimage\"},\"thumbnailUrl\":\"https:\/\/cbs-electro.com\/wp-content\/uploads\/2023\/11\/robot-tondeuse-305-husqvarna-1.png\",\"datePublished\":\"2023-11-15T13:46:58+00:00\",\"dateModified\":\"2025-03-12T15:59:40+00:00\",\"breadcrumb\":{\"@id\":\"https:\/\/cbs-electro.com\/index.php\/produit\/robot-tondeuse-305-husqvarna\/#breadcrumb\"},\"inLanguage\":\"fr-FR\",\"potentialAction\":[{\"@type\":\"ReadAction\",\"target\":[\"https:\/\/cbs-electro.com\/index.php\/produit\/robot-tondeuse-305-husqvarna\/\"]}]},{\"@type\":\"ImageObject\",\"inLanguage\":\"fr-FR\",\"@id\":\"https:\/\/cbs-electro.com\/index.php\/produit\/robot-tondeuse-305-husqvarna\/#primaryimage\",\"url\":\"https:\/\/cbs-electro.com\/wp-content\/uploads\/2023\/11\/robot-tondeuse-305-husqvarna-1.png\",\"contentUrl\":\"https:\/\/cbs-electro.com\/wp-content\/uploads\/2023\/11\/robot-tondeuse-305-husqvarna-1.png\",\"width\":600,\"height\":600},{\"@type\":\"BreadcrumbList\",\"@id\":\"https:\/\/cbs-electro.com\/index.php\/produit\/robot-tondeuse-305-husqvarna\/#breadcrumb\",\"itemListElement\":[{\"@type\":\"ListItem\",\"position\":1,\"name\":\"Accueil\",\"item\":\"https:\/\/www.cbs-electro.com\/\"},{\"@type\":\"ListItem\",\"position\":2,\"name\":\"Boutique\",\"item\":\"https:\/\/www.cbs-electro.com\/index.php\/boutique\/\"},{\"@type\":\"ListItem\",\"position\":3,\"name\":\"Robot tondeuse 305 HUSQVARNA\"}]},{\"@type\":\"WebSite\",\"@id\":\"https:\/\/www.cbs-electro.com\/#website\",\"url\":\"https:\/\/www.cbs-electro.com\/\",\"name\":\"CBS Electro\",\"description\":\"Vente des produits neufs - Informatique, Smartphones, livres, jeux vid\u00e9o, photos, jouets et \u00e9lectrom\u00e9nager\",\"potentialAction\":[{\"@type\":\"SearchAction\",\"target\":{\"@type\":\"EntryPoint\",\"urlTemplate\":\"https:\/\/www.cbs-electro.com\/?s={search_term_string}\"},\"query-input\":{\"@type\":\"PropertyValueSpecification\",\"valueRequired\":true,\"valueName\":\"search_term_string\"}}],\"inLanguage\":\"fr-FR\"}]}<\/script>\n<!-- \/ Yoast SEO plugin. -->","yoast_head_json":{"title":"Robot tondeuse 305 HUSQVARNA - CBS Electro","robots":{"index":"index","follow":"follow","max-snippet":"max-snippet:-1","max-image-preview":"max-image-preview:large","max-video-preview":"max-video-preview:-1"},"canonical":"https:\/\/cbs-electro.com\/index.php\/produit\/robot-tondeuse-305-husqvarna\/","og_locale":"fr_FR","og_type":"article","og_title":"Robot tondeuse 305 HUSQVARNA - CBS Electro","og_description":"Le robot de tonte HUSQVARNA 305 est ultra performant pour les jardins urbains et p\u00e9ri-urbains jusqu&rsquo;\u00e0 600m\u00b2. \u00c9quip\u00e9 des derni\u00e8res","og_url":"https:\/\/cbs-electro.com\/index.php\/produit\/robot-tondeuse-305-husqvarna\/","og_site_name":"CBS Electro","article_modified_time":"2025-03-12T15:59:40+00:00","og_image":[{"width":600,"height":600,"url":"https:\/\/cbs-electro.com\/wp-content\/uploads\/2023\/11\/robot-tondeuse-305-husqvarna-1.png","type":"image\/png"}],"twitter_card":"summary_large_image","twitter_misc":{"Dur\u00e9e de lecture estim\u00e9e":"1 minute"},"schema":{"@context":"https:\/\/schema.org","@graph":[{"@type":"WebPage","@id":"https:\/\/cbs-electro.com\/index.php\/produit\/robot-tondeuse-305-husqvarna\/","url":"https:\/\/cbs-electro.com\/index.php\/produit\/robot-tondeuse-305-husqvarna\/","name":"Robot tondeuse 305 HUSQVARNA - CBS Electro","isPartOf":{"@id":"https:\/\/www.cbs-electro.com\/#website"},"primaryImageOfPage":{"@id":"https:\/\/cbs-electro.com\/index.php\/produit\/robot-tondeuse-305-husqvarna\/#primaryimage"},"image":{"@id":"https:\/\/cbs-electro.com\/index.php\/produit\/robot-tondeuse-305-husqvarna\/#primaryimage"},"thumbnailUrl":"https:\/\/cbs-electro.com\/wp-content\/uploads\/2023\/11\/robot-tondeuse-305-husqvarna-1.png","datePublished":"2023-11-15T13:46:58+00:00","dateModified":"2025-03-12T15:59:40+00:00","breadcrumb":{"@id":"https:\/\/cbs-electro.com\/index.php\/produit\/robot-tondeuse-305-husqvarna\/#breadcrumb"},"inLanguage":"fr-FR","potentialAction":[{"@type":"ReadAction","target":["https:\/\/cbs-electro.com\/index.php\/produit\/robot-tondeuse-305-husqvarna\/"]}]},{"@type":"ImageObject","inLanguage":"fr-FR","@id":"https:\/\/cbs-electro.com\/index.php\/produit\/robot-tondeuse-305-husqvarna\/#primaryimage","url":"https:\/\/cbs-electro.com\/wp-content\/uploads\/2023\/11\/robot-tondeuse-305-husqvarna-1.png","contentUrl":"https:\/\/cbs-electro.com\/wp-content\/uploads\/2023\/11\/robot-tondeuse-305-husqvarna-1.png","width":600,"height":600},{"@type":"BreadcrumbList","@id":"https:\/\/cbs-electro.com\/index.php\/produit\/robot-tondeuse-305-husqvarna\/#breadcrumb","itemListElement":[{"@type":"ListItem","position":1,"name":"Accueil","item":"https:\/\/www.cbs-electro.com\/"},{"@type":"ListItem","position":2,"name":"Boutique","item":"https:\/\/www.cbs-electro.com\/index.php\/boutique\/"},{"@type":"ListItem","position":3,"name":"Robot tondeuse 305 HUSQVARNA"}]},{"@type":"WebSite","@id":"https:\/\/www.cbs-electro.com\/#website","url":"https:\/\/www.cbs-electro.com\/","name":"CBS Electro","description":"Vente des produits neufs - Informatique, Smartphones, livres, jeux vid\u00e9o, photos, jouets et \u00e9lectrom\u00e9nager","potentialAction":[{"@type":"SearchAction","target":{"@type":"EntryPoint","urlTemplate":"https:\/\/www.cbs-electro.com\/?s={search_term_string}"},"query-input":{"@type":"PropertyValueSpecification","valueRequired":true,"valueName":"search_term_string"}}],"inLanguage":"fr-FR"}]}},"_links":{"self":[{"href":"https:\/\/cbs-electro.com\/index.php\/wp-json\/wp\/v2\/product\/13928","targetHints":{"allow":["GET"]}}],"collection":[{"href":"https:\/\/cbs-electro.com\/index.php\/wp-json\/wp\/v2\/product"}],"about":[{"href":"https:\/\/cbs-electro.com\/index.php\/wp-json\/wp\/v2\/types\/product"}],"version-history":[{"count":1,"href":"https:\/\/cbs-electro.com\/index.php\/wp-json\/wp\/v2\/product\/13928\/revisions"}],"predecessor-version":[{"id":14113,"href":"https:\/\/cbs-electro.com\/index.php\/wp-json\/wp\/v2\/product\/13928\/revisions\/14113"}],"wp:featuredmedia":[{"embeddable":true,"href":"https:\/\/cbs-electro.com\/index.php\/wp-json\/wp\/v2\/media\/14112"}],"wp:attachment":[{"href":"https:\/\/cbs-electro.com\/index.php\/wp-json\/wp\/v2\/media?parent=13928"}],"wp:term":[{"taxonomy":"product_brand","embeddable":true,"href":"https:\/\/cbs-electro.com\/index.php\/wp-json\/wp\/v2\/product_brand?post=13928"},{"taxonomy":"product_cat","embeddable":true,"href":"https:\/\/cbs-electro.com\/index.php\/wp-json\/wp\/v2\/product_cat?post=13928"},{"taxonomy":"product_tag","embeddable":true,"href":"https:\/\/cbs-electro.com\/index.php\/wp-json\/wp\/v2\/product_tag?post=13928"}],"curies":[{"name":"wp","href":"https:\/\/api.w.org\/{rel}","templated":true}]}}