{"id":13927,"date":"2023-11-15T14:46:58","date_gmt":"2023-11-15T13:46:58","guid":{"rendered":"https:\/?post_type=product&#038;p=13927"},"modified":"2025-03-12T16:58:50","modified_gmt":"2025-03-12T15:58:50","slug":"robot-tondeuse-105-husqvarna","status":"publish","type":"product","link":"https:\/\/cbs-electro.com\/index.php\/produit\/robot-tondeuse-105-husqvarna\/","title":{"rendered":"Robot tondeuse 105 HUSQVARNA"},"content":{"rendered":"<p>L\u2019Automower 105 est le plus petit des robots tondeuses HUSQVARNA, leader mondial de la tonte robotis\u00e9e. Enti\u00e8rement automatique, elle est con\u00e7ue pour les jardins de petites surfaces, \u00e0 sch\u00e9ma de tonte simple, contenant peu d\u2019obstacles et relativement plats. Elle accepte les pentes jusque 25%, coupe sur 17 cm de large et retourne automatiquement se charger sur sa station. Sa batterie au lithium-ion de 2.1 Ah autorise jusque 70 minutes d\u2019autonomie, pour seulement 50 minutes de recharge , ses 3 lames pivotantes favorisent le broyage de l\u2019herbe et votre pelouse reste toujours verte. Prot\u00e9g\u00e9s par un code PIN de s\u00e9curit\u00e9, les param\u00e8tres sont facilement programm\u00e9s et verrouill\u00e9s par l\u2019\u00e9cran LCD, qui comprend des menus simplifi\u00e9s de programmation. L\u2019automower 105 tond votre gazon en silence de jour comme de nuit, quelle que soit la m\u00e9t\u00e9o, pour que vous puissiez profiter d&rsquo;une pelouse impeccable tous les jours et garder plus de temps pour vos autres t\u00e2ches.<\/p>\n<p>&nbsp;<\/p>\n","protected":false},"excerpt":{"rendered":"<p>L\u2019Automower 105 est le plus petit des robots tondeuses HUSQVARNA, leader mondial de la tonte robotis\u00e9e. Enti\u00e8rement automatique, elle est<\/p>\n","protected":false},"featured_media":14106,"template":"","meta":[],"product_brand":[],"product_cat":[74,80],"product_tag":[],"class_list":{"0":"post-13927","1":"product","2":"type-product","3":"status-publish","4":"has-post-thumbnail","6":"product_cat-maison-jardin","7":"product_cat-robot-tondeuse","9":"first","10":"instock","11":"taxable","12":"shipping-taxable","13":"purchasable","14":"product-type-simple"},"yoast_head":"<!-- This site is optimized with the Yoast SEO plugin v24.8.1 - https:\/\/yoast.com\/wordpress\/plugins\/seo\/ -->\n<title>Robot tondeuse 105 HUSQVARNA - CBS Electro<\/title>\n<meta name=\"robots\" content=\"index, follow, max-snippet:-1, max-image-preview:large, max-video-preview:-1\" \/>\n<link rel=\"canonical\" href=\"https:\/\/cbs-electro.com\/index.php\/produit\/robot-tondeuse-105-husqvarna\/\" \/>\n<meta property=\"og:locale\" content=\"fr_FR\" \/>\n<meta property=\"og:type\" content=\"article\" \/>\n<meta property=\"og:title\" content=\"Robot tondeuse 105 HUSQVARNA - CBS Electro\" \/>\n<meta property=\"og:description\" content=\"L\u2019Automower 105 est le plus petit des robots tondeuses HUSQVARNA, leader mondial de la tonte robotis\u00e9e. Enti\u00e8rement automatique, elle est\" \/>\n<meta property=\"og:url\" content=\"https:\/\/cbs-electro.com\/index.php\/produit\/robot-tondeuse-105-husqvarna\/\" \/>\n<meta property=\"og:site_name\" content=\"CBS Electro\" \/>\n<meta property=\"article:modified_time\" content=\"2025-03-12T15:58:50+00:00\" \/>\n<meta property=\"og:image\" content=\"https:\/\/cbs-electro.com\/wp-content\/uploads\/2023\/11\/robot-tondeuse-105-husqvarna.jpg\" \/>\n\t<meta property=\"og:image:width\" content=\"600\" \/>\n\t<meta property=\"og:image:height\" content=\"600\" \/>\n\t<meta property=\"og:image:type\" content=\"image\/jpeg\" \/>\n<meta name=\"twitter:card\" content=\"summary_large_image\" \/>\n<meta name=\"twitter:label1\" content=\"Dur\u00e9e de lecture estim\u00e9e\" \/>\n\t<meta name=\"twitter:data1\" content=\"1 minute\" \/>\n<script type=\"application\/ld+json\" class=\"yoast-schema-graph\">{\"@context\":\"https:\/\/schema.org\",\"@graph\":[{\"@type\":\"WebPage\",\"@id\":\"https:\/\/cbs-electro.com\/index.php\/produit\/robot-tondeuse-105-husqvarna\/\",\"url\":\"https:\/\/cbs-electro.com\/index.php\/produit\/robot-tondeuse-105-husqvarna\/\",\"name\":\"Robot tondeuse 105 HUSQVARNA - CBS Electro\",\"isPartOf\":{\"@id\":\"https:\/\/www.cbs-electro.com\/#website\"},\"primaryImageOfPage\":{\"@id\":\"https:\/\/cbs-electro.com\/index.php\/produit\/robot-tondeuse-105-husqvarna\/#primaryimage\"},\"image\":{\"@id\":\"https:\/\/cbs-electro.com\/index.php\/produit\/robot-tondeuse-105-husqvarna\/#primaryimage\"},\"thumbnailUrl\":\"https:\/\/cbs-electro.com\/wp-content\/uploads\/2023\/11\/robot-tondeuse-105-husqvarna.jpg\",\"datePublished\":\"2023-11-15T13:46:58+00:00\",\"dateModified\":\"2025-03-12T15:58:50+00:00\",\"breadcrumb\":{\"@id\":\"https:\/\/cbs-electro.com\/index.php\/produit\/robot-tondeuse-105-husqvarna\/#breadcrumb\"},\"inLanguage\":\"fr-FR\",\"potentialAction\":[{\"@type\":\"ReadAction\",\"target\":[\"https:\/\/cbs-electro.com\/index.php\/produit\/robot-tondeuse-105-husqvarna\/\"]}]},{\"@type\":\"ImageObject\",\"inLanguage\":\"fr-FR\",\"@id\":\"https:\/\/cbs-electro.com\/index.php\/produit\/robot-tondeuse-105-husqvarna\/#primaryimage\",\"url\":\"https:\/\/cbs-electro.com\/wp-content\/uploads\/2023\/11\/robot-tondeuse-105-husqvarna.jpg\",\"contentUrl\":\"https:\/\/cbs-electro.com\/wp-content\/uploads\/2023\/11\/robot-tondeuse-105-husqvarna.jpg\",\"width\":600,\"height\":600},{\"@type\":\"BreadcrumbList\",\"@id\":\"https:\/\/cbs-electro.com\/index.php\/produit\/robot-tondeuse-105-husqvarna\/#breadcrumb\",\"itemListElement\":[{\"@type\":\"ListItem\",\"position\":1,\"name\":\"Accueil\",\"item\":\"https:\/\/www.cbs-electro.com\/\"},{\"@type\":\"ListItem\",\"position\":2,\"name\":\"Boutique\",\"item\":\"https:\/\/www.cbs-electro.com\/index.php\/boutique\/\"},{\"@type\":\"ListItem\",\"position\":3,\"name\":\"Robot tondeuse 105 HUSQVARNA\"}]},{\"@type\":\"WebSite\",\"@id\":\"https:\/\/www.cbs-electro.com\/#website\",\"url\":\"https:\/\/www.cbs-electro.com\/\",\"name\":\"CBS Electro\",\"description\":\"Vente des produits neufs - Informatique, Smartphones, livres, jeux vid\u00e9o, photos, jouets et \u00e9lectrom\u00e9nager\",\"potentialAction\":[{\"@type\":\"SearchAction\",\"target\":{\"@type\":\"EntryPoint\",\"urlTemplate\":\"https:\/\/www.cbs-electro.com\/?s={search_term_string}\"},\"query-input\":{\"@type\":\"PropertyValueSpecification\",\"valueRequired\":true,\"valueName\":\"search_term_string\"}}],\"inLanguage\":\"fr-FR\"}]}<\/script>\n<!-- \/ Yoast SEO plugin. -->","yoast_head_json":{"title":"Robot tondeuse 105 HUSQVARNA - CBS Electro","robots":{"index":"index","follow":"follow","max-snippet":"max-snippet:-1","max-image-preview":"max-image-preview:large","max-video-preview":"max-video-preview:-1"},"canonical":"https:\/\/cbs-electro.com\/index.php\/produit\/robot-tondeuse-105-husqvarna\/","og_locale":"fr_FR","og_type":"article","og_title":"Robot tondeuse 105 HUSQVARNA - CBS Electro","og_description":"L\u2019Automower 105 est le plus petit des robots tondeuses HUSQVARNA, leader mondial de la tonte robotis\u00e9e. Enti\u00e8rement automatique, elle est","og_url":"https:\/\/cbs-electro.com\/index.php\/produit\/robot-tondeuse-105-husqvarna\/","og_site_name":"CBS Electro","article_modified_time":"2025-03-12T15:58:50+00:00","og_image":[{"width":600,"height":600,"url":"https:\/\/cbs-electro.com\/wp-content\/uploads\/2023\/11\/robot-tondeuse-105-husqvarna.jpg","type":"image\/jpeg"}],"twitter_card":"summary_large_image","twitter_misc":{"Dur\u00e9e de lecture estim\u00e9e":"1 minute"},"schema":{"@context":"https:\/\/schema.org","@graph":[{"@type":"WebPage","@id":"https:\/\/cbs-electro.com\/index.php\/produit\/robot-tondeuse-105-husqvarna\/","url":"https:\/\/cbs-electro.com\/index.php\/produit\/robot-tondeuse-105-husqvarna\/","name":"Robot tondeuse 105 HUSQVARNA - CBS Electro","isPartOf":{"@id":"https:\/\/www.cbs-electro.com\/#website"},"primaryImageOfPage":{"@id":"https:\/\/cbs-electro.com\/index.php\/produit\/robot-tondeuse-105-husqvarna\/#primaryimage"},"image":{"@id":"https:\/\/cbs-electro.com\/index.php\/produit\/robot-tondeuse-105-husqvarna\/#primaryimage"},"thumbnailUrl":"https:\/\/cbs-electro.com\/wp-content\/uploads\/2023\/11\/robot-tondeuse-105-husqvarna.jpg","datePublished":"2023-11-15T13:46:58+00:00","dateModified":"2025-03-12T15:58:50+00:00","breadcrumb":{"@id":"https:\/\/cbs-electro.com\/index.php\/produit\/robot-tondeuse-105-husqvarna\/#breadcrumb"},"inLanguage":"fr-FR","potentialAction":[{"@type":"ReadAction","target":["https:\/\/cbs-electro.com\/index.php\/produit\/robot-tondeuse-105-husqvarna\/"]}]},{"@type":"ImageObject","inLanguage":"fr-FR","@id":"https:\/\/cbs-electro.com\/index.php\/produit\/robot-tondeuse-105-husqvarna\/#primaryimage","url":"https:\/\/cbs-electro.com\/wp-content\/uploads\/2023\/11\/robot-tondeuse-105-husqvarna.jpg","contentUrl":"https:\/\/cbs-electro.com\/wp-content\/uploads\/2023\/11\/robot-tondeuse-105-husqvarna.jpg","width":600,"height":600},{"@type":"BreadcrumbList","@id":"https:\/\/cbs-electro.com\/index.php\/produit\/robot-tondeuse-105-husqvarna\/#breadcrumb","itemListElement":[{"@type":"ListItem","position":1,"name":"Accueil","item":"https:\/\/www.cbs-electro.com\/"},{"@type":"ListItem","position":2,"name":"Boutique","item":"https:\/\/www.cbs-electro.com\/index.php\/boutique\/"},{"@type":"ListItem","position":3,"name":"Robot tondeuse 105 HUSQVARNA"}]},{"@type":"WebSite","@id":"https:\/\/www.cbs-electro.com\/#website","url":"https:\/\/www.cbs-electro.com\/","name":"CBS Electro","description":"Vente des produits neufs - Informatique, Smartphones, livres, jeux vid\u00e9o, photos, jouets et \u00e9lectrom\u00e9nager","potentialAction":[{"@type":"SearchAction","target":{"@type":"EntryPoint","urlTemplate":"https:\/\/www.cbs-electro.com\/?s={search_term_string}"},"query-input":{"@type":"PropertyValueSpecification","valueRequired":true,"valueName":"search_term_string"}}],"inLanguage":"fr-FR"}]}},"_links":{"self":[{"href":"https:\/\/cbs-electro.com\/index.php\/wp-json\/wp\/v2\/product\/13927","targetHints":{"allow":["GET"]}}],"collection":[{"href":"https:\/\/cbs-electro.com\/index.php\/wp-json\/wp\/v2\/product"}],"about":[{"href":"https:\/\/cbs-electro.com\/index.php\/wp-json\/wp\/v2\/types\/product"}],"version-history":[{"count":1,"href":"https:\/\/cbs-electro.com\/index.php\/wp-json\/wp\/v2\/product\/13927\/revisions"}],"predecessor-version":[{"id":14111,"href":"https:\/\/cbs-electro.com\/index.php\/wp-json\/wp\/v2\/product\/13927\/revisions\/14111"}],"wp:featuredmedia":[{"embeddable":true,"href":"https:\/\/cbs-electro.com\/index.php\/wp-json\/wp\/v2\/media\/14106"}],"wp:attachment":[{"href":"https:\/\/cbs-electro.com\/index.php\/wp-json\/wp\/v2\/media?parent=13927"}],"wp:term":[{"taxonomy":"product_brand","embeddable":true,"href":"https:\/\/cbs-electro.com\/index.php\/wp-json\/wp\/v2\/product_brand?post=13927"},{"taxonomy":"product_cat","embeddable":true,"href":"https:\/\/cbs-electro.com\/index.php\/wp-json\/wp\/v2\/product_cat?post=13927"},{"taxonomy":"product_tag","embeddable":true,"href":"https:\/\/cbs-electro.com\/index.php\/wp-json\/wp\/v2\/product_tag?post=13927"}],"curies":[{"name":"wp","href":"https:\/\/api.w.org\/{rel}","templated":true}]}}