{"id":13924,"date":"2023-11-15T14:46:58","date_gmt":"2023-11-15T13:46:58","guid":{"rendered":"https:\/?post_type=product&#038;p=13924"},"modified":"2025-03-12T16:56:46","modified_gmt":"2025-03-12T15:56:46","slug":"robot-tondeuse-automower-aspire-r4-husqvarna","status":"publish","type":"product","link":"https:\/\/cbs-electro.com\/index.php\/produit\/robot-tondeuse-automower-aspire-r4-husqvarna\/","title":{"rendered":"Robot tondeuse AUTOMOWER ASPIRE R4 HUSQVARNA"},"content":{"rendered":"<p>Husqvarna Automower\u00ae Aspire\u2122 R4 est un robot tondeuse compact qui offre une pelouse tondue \u00e0 la perfection 24h\/24 et 7j\/7. Il fonctionne sans souci gr\u00e2ce \u00e0 une tonte fiable par n\u2019importe quel temps, un chargement automatique et une protection contre le gel. Il est id\u00e9al pour les petites pelouses jusqu&rsquo;\u00e0 400 m\u00b2 et est dot\u00e9 de fonctions intelligentes pour g\u00e9rer les pentes de 25 % et les passages \u00e9troits jusqu&rsquo;\u00e0 60 cm. Il est possible d\u2019ajuster la hauteur de coupe et les horaires de tonte gr\u00e2ce \u00e0 son application Automower\u00ae Connect qui permet de le contr\u00f4ler facilement \u00e0 distance. Il se nettoie tr\u00e8s simplement au jet d\u2019eau.<\/p>\n<p>Avantages du produit<br \/>\nTonte passage \u00e9troits \u00e0 partir de 60 cm, tond sous la pluie, lavable au jet d&rsquo;eau (IPX5), capteur de gel, minuterie adaptative, mise \u00e0 jour automatique du logiciel<\/p>\n<p>Conseil du pro<br \/>\nMod\u00e8le id\u00e9al pour les petits jardins<\/p>\n<p>Accessoire(s) inclu(s)<br \/>\n1 Station de charge; 1 r\u00e8gle de pose; 3 vis d&rsquo;ancrage; 1 transformateur; 1 c\u00e2ble basse tension; 6 lames de remplacement<\/p>\n<p>Surface conseill\u00e9e max.<br \/>\n400 m\u00b2<\/p>\n<p>Garantie<br \/>\n2 ans<\/p>\n<p>Indice de r\u00e9parabilit\u00e9<br \/>\n9<br \/>\nMode de chargement<br \/>\nAutomatique<\/p>\n<p>Pente maximum %<br \/>\n25%<\/p>\n<p>Temps de travail max jour (tonte + recharge)<br \/>\n9 heures<\/p>\n<p>C\u00e2ble guide<br \/>\n1<\/p>\n<p>M\u00e9thodes de retour \u00e0 la station de charge<br \/>\nC\u00e2ble guide uniquement<\/p>\n<p>Hauteur de coupe<br \/>\n2 \u00e0 5 cm<\/p>\n<p>Largeur de coupe<br \/>\n16 cm<\/p>\n<p>Capacit\u00e9 tonte horaire (tonte + charge)<br \/>\nTemps de tonte: 70 min, temps de recharge 75 min<\/p>\n","protected":false},"excerpt":{"rendered":"<p>Husqvarna Automower\u00ae Aspire\u2122 R4 est un robot tondeuse compact qui offre une pelouse tondue \u00e0 la perfection 24h\/24 et 7j\/7.<\/p>\n","protected":false},"featured_media":14088,"template":"","meta":[],"product_brand":[],"product_cat":[74,80],"product_tag":[],"class_list":{"0":"post-13924","1":"product","2":"type-product","3":"status-publish","4":"has-post-thumbnail","6":"product_cat-maison-jardin","7":"product_cat-robot-tondeuse","9":"first","10":"instock","11":"taxable","12":"shipping-taxable","13":"purchasable","14":"product-type-simple"},"yoast_head":"<!-- This site is optimized with the Yoast SEO plugin v24.8.1 - https:\/\/yoast.com\/wordpress\/plugins\/seo\/ -->\n<title>Robot tondeuse AUTOMOWER ASPIRE R4 HUSQVARNA - CBS Electro<\/title>\n<meta name=\"robots\" content=\"index, follow, max-snippet:-1, max-image-preview:large, max-video-preview:-1\" \/>\n<link rel=\"canonical\" href=\"https:\/\/cbs-electro.com\/index.php\/produit\/robot-tondeuse-automower-aspire-r4-husqvarna\/\" \/>\n<meta property=\"og:locale\" content=\"fr_FR\" \/>\n<meta property=\"og:type\" content=\"article\" \/>\n<meta property=\"og:title\" content=\"Robot tondeuse AUTOMOWER ASPIRE R4 HUSQVARNA - CBS Electro\" \/>\n<meta property=\"og:description\" content=\"Husqvarna Automower\u00ae Aspire\u2122 R4 est un robot tondeuse compact qui offre une pelouse tondue \u00e0 la perfection 24h\/24 et 7j\/7.\" \/>\n<meta property=\"og:url\" content=\"https:\/\/cbs-electro.com\/index.php\/produit\/robot-tondeuse-automower-aspire-r4-husqvarna\/\" \/>\n<meta property=\"og:site_name\" content=\"CBS Electro\" \/>\n<meta property=\"article:modified_time\" content=\"2025-03-12T15:56:46+00:00\" \/>\n<meta property=\"og:image\" content=\"https:\/\/cbs-electro.com\/wp-content\/uploads\/2023\/11\/robot-tondeuse-automower-aspire-r4-husqvarna-2.jpg\" \/>\n\t<meta property=\"og:image:width\" content=\"600\" \/>\n\t<meta property=\"og:image:height\" content=\"600\" \/>\n\t<meta property=\"og:image:type\" content=\"image\/jpeg\" \/>\n<meta name=\"twitter:card\" content=\"summary_large_image\" \/>\n<meta name=\"twitter:label1\" content=\"Dur\u00e9e de lecture estim\u00e9e\" \/>\n\t<meta name=\"twitter:data1\" content=\"1 minute\" \/>\n<script type=\"application\/ld+json\" class=\"yoast-schema-graph\">{\"@context\":\"https:\/\/schema.org\",\"@graph\":[{\"@type\":\"WebPage\",\"@id\":\"https:\/\/cbs-electro.com\/index.php\/produit\/robot-tondeuse-automower-aspire-r4-husqvarna\/\",\"url\":\"https:\/\/cbs-electro.com\/index.php\/produit\/robot-tondeuse-automower-aspire-r4-husqvarna\/\",\"name\":\"Robot tondeuse AUTOMOWER ASPIRE R4 HUSQVARNA - CBS Electro\",\"isPartOf\":{\"@id\":\"https:\/\/www.cbs-electro.com\/#website\"},\"primaryImageOfPage\":{\"@id\":\"https:\/\/cbs-electro.com\/index.php\/produit\/robot-tondeuse-automower-aspire-r4-husqvarna\/#primaryimage\"},\"image\":{\"@id\":\"https:\/\/cbs-electro.com\/index.php\/produit\/robot-tondeuse-automower-aspire-r4-husqvarna\/#primaryimage\"},\"thumbnailUrl\":\"https:\/\/cbs-electro.com\/wp-content\/uploads\/2023\/11\/robot-tondeuse-automower-aspire-r4-husqvarna-2.jpg\",\"datePublished\":\"2023-11-15T13:46:58+00:00\",\"dateModified\":\"2025-03-12T15:56:46+00:00\",\"breadcrumb\":{\"@id\":\"https:\/\/cbs-electro.com\/index.php\/produit\/robot-tondeuse-automower-aspire-r4-husqvarna\/#breadcrumb\"},\"inLanguage\":\"fr-FR\",\"potentialAction\":[{\"@type\":\"ReadAction\",\"target\":[\"https:\/\/cbs-electro.com\/index.php\/produit\/robot-tondeuse-automower-aspire-r4-husqvarna\/\"]}]},{\"@type\":\"ImageObject\",\"inLanguage\":\"fr-FR\",\"@id\":\"https:\/\/cbs-electro.com\/index.php\/produit\/robot-tondeuse-automower-aspire-r4-husqvarna\/#primaryimage\",\"url\":\"https:\/\/cbs-electro.com\/wp-content\/uploads\/2023\/11\/robot-tondeuse-automower-aspire-r4-husqvarna-2.jpg\",\"contentUrl\":\"https:\/\/cbs-electro.com\/wp-content\/uploads\/2023\/11\/robot-tondeuse-automower-aspire-r4-husqvarna-2.jpg\",\"width\":600,\"height\":600},{\"@type\":\"BreadcrumbList\",\"@id\":\"https:\/\/cbs-electro.com\/index.php\/produit\/robot-tondeuse-automower-aspire-r4-husqvarna\/#breadcrumb\",\"itemListElement\":[{\"@type\":\"ListItem\",\"position\":1,\"name\":\"Accueil\",\"item\":\"https:\/\/www.cbs-electro.com\/\"},{\"@type\":\"ListItem\",\"position\":2,\"name\":\"Boutique\",\"item\":\"https:\/\/www.cbs-electro.com\/index.php\/boutique\/\"},{\"@type\":\"ListItem\",\"position\":3,\"name\":\"Robot tondeuse AUTOMOWER ASPIRE R4 HUSQVARNA\"}]},{\"@type\":\"WebSite\",\"@id\":\"https:\/\/www.cbs-electro.com\/#website\",\"url\":\"https:\/\/www.cbs-electro.com\/\",\"name\":\"CBS Electro\",\"description\":\"Vente des produits neufs - Informatique, Smartphones, livres, jeux vid\u00e9o, photos, jouets et \u00e9lectrom\u00e9nager\",\"potentialAction\":[{\"@type\":\"SearchAction\",\"target\":{\"@type\":\"EntryPoint\",\"urlTemplate\":\"https:\/\/www.cbs-electro.com\/?s={search_term_string}\"},\"query-input\":{\"@type\":\"PropertyValueSpecification\",\"valueRequired\":true,\"valueName\":\"search_term_string\"}}],\"inLanguage\":\"fr-FR\"}]}<\/script>\n<!-- \/ Yoast SEO plugin. -->","yoast_head_json":{"title":"Robot tondeuse AUTOMOWER ASPIRE R4 HUSQVARNA - CBS Electro","robots":{"index":"index","follow":"follow","max-snippet":"max-snippet:-1","max-image-preview":"max-image-preview:large","max-video-preview":"max-video-preview:-1"},"canonical":"https:\/\/cbs-electro.com\/index.php\/produit\/robot-tondeuse-automower-aspire-r4-husqvarna\/","og_locale":"fr_FR","og_type":"article","og_title":"Robot tondeuse AUTOMOWER ASPIRE R4 HUSQVARNA - CBS Electro","og_description":"Husqvarna Automower\u00ae Aspire\u2122 R4 est un robot tondeuse compact qui offre une pelouse tondue \u00e0 la perfection 24h\/24 et 7j\/7.","og_url":"https:\/\/cbs-electro.com\/index.php\/produit\/robot-tondeuse-automower-aspire-r4-husqvarna\/","og_site_name":"CBS Electro","article_modified_time":"2025-03-12T15:56:46+00:00","og_image":[{"width":600,"height":600,"url":"https:\/\/cbs-electro.com\/wp-content\/uploads\/2023\/11\/robot-tondeuse-automower-aspire-r4-husqvarna-2.jpg","type":"image\/jpeg"}],"twitter_card":"summary_large_image","twitter_misc":{"Dur\u00e9e de lecture estim\u00e9e":"1 minute"},"schema":{"@context":"https:\/\/schema.org","@graph":[{"@type":"WebPage","@id":"https:\/\/cbs-electro.com\/index.php\/produit\/robot-tondeuse-automower-aspire-r4-husqvarna\/","url":"https:\/\/cbs-electro.com\/index.php\/produit\/robot-tondeuse-automower-aspire-r4-husqvarna\/","name":"Robot tondeuse AUTOMOWER ASPIRE R4 HUSQVARNA - CBS Electro","isPartOf":{"@id":"https:\/\/www.cbs-electro.com\/#website"},"primaryImageOfPage":{"@id":"https:\/\/cbs-electro.com\/index.php\/produit\/robot-tondeuse-automower-aspire-r4-husqvarna\/#primaryimage"},"image":{"@id":"https:\/\/cbs-electro.com\/index.php\/produit\/robot-tondeuse-automower-aspire-r4-husqvarna\/#primaryimage"},"thumbnailUrl":"https:\/\/cbs-electro.com\/wp-content\/uploads\/2023\/11\/robot-tondeuse-automower-aspire-r4-husqvarna-2.jpg","datePublished":"2023-11-15T13:46:58+00:00","dateModified":"2025-03-12T15:56:46+00:00","breadcrumb":{"@id":"https:\/\/cbs-electro.com\/index.php\/produit\/robot-tondeuse-automower-aspire-r4-husqvarna\/#breadcrumb"},"inLanguage":"fr-FR","potentialAction":[{"@type":"ReadAction","target":["https:\/\/cbs-electro.com\/index.php\/produit\/robot-tondeuse-automower-aspire-r4-husqvarna\/"]}]},{"@type":"ImageObject","inLanguage":"fr-FR","@id":"https:\/\/cbs-electro.com\/index.php\/produit\/robot-tondeuse-automower-aspire-r4-husqvarna\/#primaryimage","url":"https:\/\/cbs-electro.com\/wp-content\/uploads\/2023\/11\/robot-tondeuse-automower-aspire-r4-husqvarna-2.jpg","contentUrl":"https:\/\/cbs-electro.com\/wp-content\/uploads\/2023\/11\/robot-tondeuse-automower-aspire-r4-husqvarna-2.jpg","width":600,"height":600},{"@type":"BreadcrumbList","@id":"https:\/\/cbs-electro.com\/index.php\/produit\/robot-tondeuse-automower-aspire-r4-husqvarna\/#breadcrumb","itemListElement":[{"@type":"ListItem","position":1,"name":"Accueil","item":"https:\/\/www.cbs-electro.com\/"},{"@type":"ListItem","position":2,"name":"Boutique","item":"https:\/\/www.cbs-electro.com\/index.php\/boutique\/"},{"@type":"ListItem","position":3,"name":"Robot tondeuse AUTOMOWER ASPIRE R4 HUSQVARNA"}]},{"@type":"WebSite","@id":"https:\/\/www.cbs-electro.com\/#website","url":"https:\/\/www.cbs-electro.com\/","name":"CBS Electro","description":"Vente des produits neufs - Informatique, Smartphones, livres, jeux vid\u00e9o, photos, jouets et \u00e9lectrom\u00e9nager","potentialAction":[{"@type":"SearchAction","target":{"@type":"EntryPoint","urlTemplate":"https:\/\/www.cbs-electro.com\/?s={search_term_string}"},"query-input":{"@type":"PropertyValueSpecification","valueRequired":true,"valueName":"search_term_string"}}],"inLanguage":"fr-FR"}]}},"_links":{"self":[{"href":"https:\/\/cbs-electro.com\/index.php\/wp-json\/wp\/v2\/product\/13924","targetHints":{"allow":["GET"]}}],"collection":[{"href":"https:\/\/cbs-electro.com\/index.php\/wp-json\/wp\/v2\/product"}],"about":[{"href":"https:\/\/cbs-electro.com\/index.php\/wp-json\/wp\/v2\/types\/product"}],"version-history":[{"count":1,"href":"https:\/\/cbs-electro.com\/index.php\/wp-json\/wp\/v2\/product\/13924\/revisions"}],"predecessor-version":[{"id":14091,"href":"https:\/\/cbs-electro.com\/index.php\/wp-json\/wp\/v2\/product\/13924\/revisions\/14091"}],"wp:featuredmedia":[{"embeddable":true,"href":"https:\/\/cbs-electro.com\/index.php\/wp-json\/wp\/v2\/media\/14088"}],"wp:attachment":[{"href":"https:\/\/cbs-electro.com\/index.php\/wp-json\/wp\/v2\/media?parent=13924"}],"wp:term":[{"taxonomy":"product_brand","embeddable":true,"href":"https:\/\/cbs-electro.com\/index.php\/wp-json\/wp\/v2\/product_brand?post=13924"},{"taxonomy":"product_cat","embeddable":true,"href":"https:\/\/cbs-electro.com\/index.php\/wp-json\/wp\/v2\/product_cat?post=13924"},{"taxonomy":"product_tag","embeddable":true,"href":"https:\/\/cbs-electro.com\/index.php\/wp-json\/wp\/v2\/product_tag?post=13924"}],"curies":[{"name":"wp","href":"https:\/\/api.w.org\/{rel}","templated":true}]}}