{"id":13923,"date":"2023-11-15T14:46:58","date_gmt":"2023-11-15T13:46:58","guid":{"rendered":"https:\/?post_type=product&#038;p=13923"},"modified":"2025-03-12T16:55:09","modified_gmt":"2025-03-12T15:55:09","slug":"concept-2-modele-d-rameur-avec-ecran-pm5","status":"publish","type":"product","link":"https:\/\/cbs-electro.com\/index.php\/produit\/concept-2-modele-d-rameur-avec-ecran-pm5\/","title":{"rendered":"Concept 2 Mod\u00e8le D Rameur Avec \u00c9cran PM5"},"content":{"rendered":"<p>Le Rameur Concept2 mod\u00e8le D est le rameur de r\u00e9f\u00e9rence dans le milieu du sport \u00e0 domicile, des clubs de sport et de fitness mais aussi de la pr\u00e9paration physique des sportifs.<\/p>\n<p>La fiabilit\u00e9 et la robustesse du Rameur Concept2 en ont fait le rameur le plus vendu au monde.<\/p>\n<p>Resistance mechanism Air<br \/>\nDimensions de l&rsquo;article L x L x H 2.44 x 0.61 x 0.36 m\u00e8tres<br \/>\nLe Rameur Concept2 mod\u00e8le D est le rameur de r\u00e9f\u00e9rence dans le milieu du sport \u00e0 domicile, des clubs de sport et de fitness mais aussi de la pr\u00e9paration physique des sportifs.<br \/>\nLa fiabilit\u00e9 et la robustesse du Rameur Concept2 en ont fait le rameur le plus vendu au monde.<br \/>\nLe Rameur Concept2 mod\u00e8le D vous apporte tout ce dont vous avez besoin pour r\u00e9aliser des entra\u00eenements de qualit\u00e9 \u00e0 domicile. Pliable et dot\u00e9 d&rsquo;un freinage \u00e0 air, le rameur Concept2 est reconnu comme la r\u00e9f\u00e9rence en mati\u00e8re d\u2019aviron indoor. Utilis\u00e9 quotidiennement par la F\u00e9d\u00e9ration Fran\u00e7aise d\u2019Aviron et ses 400 clubs mais aussi par l&rsquo;arm\u00e9e, les clubs de remise en forme, sans oublier les structures sportives professionnelles (INSEP, Roland Garros, Marcoussis, Clairefontaine&#8230;). Sa fiabilit\u00e9 et sa robustesse font de Concept2 la marque de rameurs la plus vendue au monde.<br \/>\nLe rameur, un appareil de cardio pour tous<br \/>\nSa conception \u00e0 la m\u00e9canique simp\u00adle et ergonomique permet \u00e0 tous, de l\u2019utilisateur occasionnel \u00e0 l\u2019athl\u00e8te de haut niveau, de b\u00e9n\u00e9ficier des nombreux avantages d\u2019un exercice physique complet qui reproduit \u00e0 la perfection le geste de l\u2019aviron, en plus de repr\u00e9senter des performances physiques fid\u00e8les \u00e0 l\u2019effort fourni lors de la pratique de ce sport.<\/p>\n<p>Pliable (d\u00e9montable) en deux parties, le rameur Concept2 se range facilement dans votre int\u00e9rieur. Le Concept2 est un rameur \u00e0 air dont la r\u00e9sistance s&rsquo;adapte \u00e0 l&rsquo;intensit\u00e9 de l&rsquo;utilisateur<br \/>\nConcept2 propose un rameur sans obsolescence programm\u00e9e !<br \/>\nLe rameur Concept2 est con\u00e7u pour durer plus de 10 ans en milieu professionnel (clubs de fitness, etc..) et plus de 15 ans \u00e0 votre domicile. le monorail en aluminium supportant jusqu\u2019\u00e0 220 kg. Piste de roulement en acier inoxydable.<\/p>\n<p>Ramer, un effort complet en toute s\u00e9curit\u00e9<br \/>\nEntra\u00eenement cardio-vasculaire efficace qui vous permettra d\u2019augmenter votre niveau de forme physique et de tonifier votre corps.<br \/>\nMat\u00e9riel conforme \u00e0 la norme ISO 20957-1:2013 relative aux exigences de s\u00e9curit\u00e9 des appareils d&rsquo;entra\u00eenement fixes<br \/>\nLe rameur est b\u00e9n\u00e9fique pour la sant\u00e9 Contr\u00f4le du poids, am\u00e9lioration du syst\u00e8me cardiovasculaire, r\u00e9\u00e9ducation, remise en forme, cross-training, \u2026<br \/>\nLire l&rsquo;article \u201c Les bienfaits d\u2019une activit\u00e9 physique r\u00e9guli\u00e8re \u201d<br \/>\nLe Rameur Concept2 mod\u00e8le D est disponible en 2 couleurs : gris clair (comme les mod\u00e8les E et Dynamique) et noir (pl\u00e9biscit\u00e9, notamment, par les adeptes du Crossfit).<br \/>\n\u00c9l\u00e9ments livr\u00e9s avec le Rameur Mod\u00e8le D :<br \/>\n1 moniteur PM5 (\u00e9lectriquement autonome : l\u2019\u00e9nergie de la roue alimente l&rsquo;\u00e9cran pendant que vous skiez) et son manuel d\u2019utilisation<br \/>\nle manuel d&rsquo;utilisation du Rameur Concept2 et une notice d&rsquo;instructions pour l\u2019assemblage<br \/>\n2 piles LR20 \u2013 type D<br \/>\nPossibilit\u00e9 d\u2019utiliser une cl\u00e9 USB comme support de stockage, en remplacement de la m\u00e9moire interne.<br \/>\nCompatible avec les ceintures cardio ANT+ HR\u2122 (Suunto\u2122, Garmin\u2122) et Bluetooth\u00ae Smart (Polar\u2122 H7, WearLink+, \u2026).<\/p>\n<p>Veuillez noter que le moniteur PM5 supporte le Bluetooth Smart (ou Low Energy), qui est une technologie diff\u00e9rente du Bluetooth \u201c classique \u201c .<br \/>\nLes anciennes ceintures (Polar H1 et T31) et le relais r\u00e9cepteur Polar ne sont plus utilisables avec le PM5.<\/p>\n<p>&nbsp;<\/p>\n","protected":false},"excerpt":{"rendered":"<p>Le Rameur Concept2 mod\u00e8le D est le rameur de r\u00e9f\u00e9rence dans le milieu du sport \u00e0 domicile, des clubs de<\/p>\n","protected":false},"featured_media":14082,"template":"","meta":[],"product_brand":[],"product_cat":[79,77],"product_tag":[],"class_list":{"0":"post-13923","1":"product","2":"type-product","3":"status-publish","4":"has-post-thumbnail","6":"product_cat-rameur","7":"product_cat-sports-loisirs","9":"first","10":"instock","11":"taxable","12":"shipping-taxable","13":"purchasable","14":"product-type-simple"},"yoast_head":"<!-- This site is optimized with the Yoast SEO plugin v24.8.1 - https:\/\/yoast.com\/wordpress\/plugins\/seo\/ -->\n<title>Concept 2 Mod\u00e8le D Rameur Avec \u00c9cran PM5 - CBS Electro<\/title>\n<meta name=\"robots\" content=\"index, follow, max-snippet:-1, max-image-preview:large, max-video-preview:-1\" \/>\n<link rel=\"canonical\" href=\"https:\/\/cbs-electro.com\/index.php\/produit\/concept-2-modele-d-rameur-avec-ecran-pm5\/\" \/>\n<meta property=\"og:locale\" content=\"fr_FR\" \/>\n<meta property=\"og:type\" content=\"article\" \/>\n<meta property=\"og:title\" content=\"Concept 2 Mod\u00e8le D Rameur Avec \u00c9cran PM5 - CBS Electro\" \/>\n<meta property=\"og:description\" content=\"Le Rameur Concept2 mod\u00e8le D est le rameur de r\u00e9f\u00e9rence dans le milieu du sport \u00e0 domicile, des clubs de\" \/>\n<meta property=\"og:url\" content=\"https:\/\/cbs-electro.com\/index.php\/produit\/concept-2-modele-d-rameur-avec-ecran-pm5\/\" \/>\n<meta property=\"og:site_name\" content=\"CBS Electro\" \/>\n<meta property=\"article:modified_time\" content=\"2025-03-12T15:55:09+00:00\" \/>\n<meta property=\"og:image\" content=\"https:\/\/cbs-electro.com\/wp-content\/uploads\/2023\/11\/concept-2-modele-d-rameur-avec-ecran-pm5.jpg\" \/>\n\t<meta property=\"og:image:width\" content=\"800\" \/>\n\t<meta property=\"og:image:height\" content=\"800\" \/>\n\t<meta property=\"og:image:type\" content=\"image\/jpeg\" \/>\n<meta name=\"twitter:card\" content=\"summary_large_image\" \/>\n<meta name=\"twitter:label1\" content=\"Dur\u00e9e de lecture estim\u00e9e\" \/>\n\t<meta name=\"twitter:data1\" content=\"3 minutes\" \/>\n<script type=\"application\/ld+json\" class=\"yoast-schema-graph\">{\"@context\":\"https:\/\/schema.org\",\"@graph\":[{\"@type\":\"WebPage\",\"@id\":\"https:\/\/cbs-electro.com\/index.php\/produit\/concept-2-modele-d-rameur-avec-ecran-pm5\/\",\"url\":\"https:\/\/cbs-electro.com\/index.php\/produit\/concept-2-modele-d-rameur-avec-ecran-pm5\/\",\"name\":\"Concept 2 Mod\u00e8le D Rameur Avec \u00c9cran PM5 - CBS Electro\",\"isPartOf\":{\"@id\":\"https:\/\/www.cbs-electro.com\/#website\"},\"primaryImageOfPage\":{\"@id\":\"https:\/\/cbs-electro.com\/index.php\/produit\/concept-2-modele-d-rameur-avec-ecran-pm5\/#primaryimage\"},\"image\":{\"@id\":\"https:\/\/cbs-electro.com\/index.php\/produit\/concept-2-modele-d-rameur-avec-ecran-pm5\/#primaryimage\"},\"thumbnailUrl\":\"https:\/\/cbs-electro.com\/wp-content\/uploads\/2023\/11\/concept-2-modele-d-rameur-avec-ecran-pm5.jpg\",\"datePublished\":\"2023-11-15T13:46:58+00:00\",\"dateModified\":\"2025-03-12T15:55:09+00:00\",\"breadcrumb\":{\"@id\":\"https:\/\/cbs-electro.com\/index.php\/produit\/concept-2-modele-d-rameur-avec-ecran-pm5\/#breadcrumb\"},\"inLanguage\":\"fr-FR\",\"potentialAction\":[{\"@type\":\"ReadAction\",\"target\":[\"https:\/\/cbs-electro.com\/index.php\/produit\/concept-2-modele-d-rameur-avec-ecran-pm5\/\"]}]},{\"@type\":\"ImageObject\",\"inLanguage\":\"fr-FR\",\"@id\":\"https:\/\/cbs-electro.com\/index.php\/produit\/concept-2-modele-d-rameur-avec-ecran-pm5\/#primaryimage\",\"url\":\"https:\/\/cbs-electro.com\/wp-content\/uploads\/2023\/11\/concept-2-modele-d-rameur-avec-ecran-pm5.jpg\",\"contentUrl\":\"https:\/\/cbs-electro.com\/wp-content\/uploads\/2023\/11\/concept-2-modele-d-rameur-avec-ecran-pm5.jpg\",\"width\":800,\"height\":800},{\"@type\":\"BreadcrumbList\",\"@id\":\"https:\/\/cbs-electro.com\/index.php\/produit\/concept-2-modele-d-rameur-avec-ecran-pm5\/#breadcrumb\",\"itemListElement\":[{\"@type\":\"ListItem\",\"position\":1,\"name\":\"Accueil\",\"item\":\"https:\/\/www.cbs-electro.com\/\"},{\"@type\":\"ListItem\",\"position\":2,\"name\":\"Boutique\",\"item\":\"https:\/\/www.cbs-electro.com\/index.php\/boutique\/\"},{\"@type\":\"ListItem\",\"position\":3,\"name\":\"Concept 2 Mod\u00e8le D Rameur Avec \u00c9cran PM5\"}]},{\"@type\":\"WebSite\",\"@id\":\"https:\/\/www.cbs-electro.com\/#website\",\"url\":\"https:\/\/www.cbs-electro.com\/\",\"name\":\"CBS Electro\",\"description\":\"Vente des produits neufs - Informatique, Smartphones, livres, jeux vid\u00e9o, photos, jouets et \u00e9lectrom\u00e9nager\",\"potentialAction\":[{\"@type\":\"SearchAction\",\"target\":{\"@type\":\"EntryPoint\",\"urlTemplate\":\"https:\/\/www.cbs-electro.com\/?s={search_term_string}\"},\"query-input\":{\"@type\":\"PropertyValueSpecification\",\"valueRequired\":true,\"valueName\":\"search_term_string\"}}],\"inLanguage\":\"fr-FR\"}]}<\/script>\n<!-- \/ Yoast SEO plugin. -->","yoast_head_json":{"title":"Concept 2 Mod\u00e8le D Rameur Avec \u00c9cran PM5 - CBS Electro","robots":{"index":"index","follow":"follow","max-snippet":"max-snippet:-1","max-image-preview":"max-image-preview:large","max-video-preview":"max-video-preview:-1"},"canonical":"https:\/\/cbs-electro.com\/index.php\/produit\/concept-2-modele-d-rameur-avec-ecran-pm5\/","og_locale":"fr_FR","og_type":"article","og_title":"Concept 2 Mod\u00e8le D Rameur Avec \u00c9cran PM5 - CBS Electro","og_description":"Le Rameur Concept2 mod\u00e8le D est le rameur de r\u00e9f\u00e9rence dans le milieu du sport \u00e0 domicile, des clubs de","og_url":"https:\/\/cbs-electro.com\/index.php\/produit\/concept-2-modele-d-rameur-avec-ecran-pm5\/","og_site_name":"CBS Electro","article_modified_time":"2025-03-12T15:55:09+00:00","og_image":[{"width":800,"height":800,"url":"https:\/\/cbs-electro.com\/wp-content\/uploads\/2023\/11\/concept-2-modele-d-rameur-avec-ecran-pm5.jpg","type":"image\/jpeg"}],"twitter_card":"summary_large_image","twitter_misc":{"Dur\u00e9e de lecture estim\u00e9e":"3 minutes"},"schema":{"@context":"https:\/\/schema.org","@graph":[{"@type":"WebPage","@id":"https:\/\/cbs-electro.com\/index.php\/produit\/concept-2-modele-d-rameur-avec-ecran-pm5\/","url":"https:\/\/cbs-electro.com\/index.php\/produit\/concept-2-modele-d-rameur-avec-ecran-pm5\/","name":"Concept 2 Mod\u00e8le D Rameur Avec \u00c9cran PM5 - CBS Electro","isPartOf":{"@id":"https:\/\/www.cbs-electro.com\/#website"},"primaryImageOfPage":{"@id":"https:\/\/cbs-electro.com\/index.php\/produit\/concept-2-modele-d-rameur-avec-ecran-pm5\/#primaryimage"},"image":{"@id":"https:\/\/cbs-electro.com\/index.php\/produit\/concept-2-modele-d-rameur-avec-ecran-pm5\/#primaryimage"},"thumbnailUrl":"https:\/\/cbs-electro.com\/wp-content\/uploads\/2023\/11\/concept-2-modele-d-rameur-avec-ecran-pm5.jpg","datePublished":"2023-11-15T13:46:58+00:00","dateModified":"2025-03-12T15:55:09+00:00","breadcrumb":{"@id":"https:\/\/cbs-electro.com\/index.php\/produit\/concept-2-modele-d-rameur-avec-ecran-pm5\/#breadcrumb"},"inLanguage":"fr-FR","potentialAction":[{"@type":"ReadAction","target":["https:\/\/cbs-electro.com\/index.php\/produit\/concept-2-modele-d-rameur-avec-ecran-pm5\/"]}]},{"@type":"ImageObject","inLanguage":"fr-FR","@id":"https:\/\/cbs-electro.com\/index.php\/produit\/concept-2-modele-d-rameur-avec-ecran-pm5\/#primaryimage","url":"https:\/\/cbs-electro.com\/wp-content\/uploads\/2023\/11\/concept-2-modele-d-rameur-avec-ecran-pm5.jpg","contentUrl":"https:\/\/cbs-electro.com\/wp-content\/uploads\/2023\/11\/concept-2-modele-d-rameur-avec-ecran-pm5.jpg","width":800,"height":800},{"@type":"BreadcrumbList","@id":"https:\/\/cbs-electro.com\/index.php\/produit\/concept-2-modele-d-rameur-avec-ecran-pm5\/#breadcrumb","itemListElement":[{"@type":"ListItem","position":1,"name":"Accueil","item":"https:\/\/www.cbs-electro.com\/"},{"@type":"ListItem","position":2,"name":"Boutique","item":"https:\/\/www.cbs-electro.com\/index.php\/boutique\/"},{"@type":"ListItem","position":3,"name":"Concept 2 Mod\u00e8le D Rameur Avec \u00c9cran PM5"}]},{"@type":"WebSite","@id":"https:\/\/www.cbs-electro.com\/#website","url":"https:\/\/www.cbs-electro.com\/","name":"CBS Electro","description":"Vente des produits neufs - Informatique, Smartphones, livres, jeux vid\u00e9o, photos, jouets et \u00e9lectrom\u00e9nager","potentialAction":[{"@type":"SearchAction","target":{"@type":"EntryPoint","urlTemplate":"https:\/\/www.cbs-electro.com\/?s={search_term_string}"},"query-input":{"@type":"PropertyValueSpecification","valueRequired":true,"valueName":"search_term_string"}}],"inLanguage":"fr-FR"}]}},"_links":{"self":[{"href":"https:\/\/cbs-electro.com\/index.php\/wp-json\/wp\/v2\/product\/13923","targetHints":{"allow":["GET"]}}],"collection":[{"href":"https:\/\/cbs-electro.com\/index.php\/wp-json\/wp\/v2\/product"}],"about":[{"href":"https:\/\/cbs-electro.com\/index.php\/wp-json\/wp\/v2\/types\/product"}],"version-history":[{"count":1,"href":"https:\/\/cbs-electro.com\/index.php\/wp-json\/wp\/v2\/product\/13923\/revisions"}],"predecessor-version":[{"id":14087,"href":"https:\/\/cbs-electro.com\/index.php\/wp-json\/wp\/v2\/product\/13923\/revisions\/14087"}],"wp:featuredmedia":[{"embeddable":true,"href":"https:\/\/cbs-electro.com\/index.php\/wp-json\/wp\/v2\/media\/14082"}],"wp:attachment":[{"href":"https:\/\/cbs-electro.com\/index.php\/wp-json\/wp\/v2\/media?parent=13923"}],"wp:term":[{"taxonomy":"product_brand","embeddable":true,"href":"https:\/\/cbs-electro.com\/index.php\/wp-json\/wp\/v2\/product_brand?post=13923"},{"taxonomy":"product_cat","embeddable":true,"href":"https:\/\/cbs-electro.com\/index.php\/wp-json\/wp\/v2\/product_cat?post=13923"},{"taxonomy":"product_tag","embeddable":true,"href":"https:\/\/cbs-electro.com\/index.php\/wp-json\/wp\/v2\/product_tag?post=13923"}],"curies":[{"name":"wp","href":"https:\/\/api.w.org\/{rel}","templated":true}]}}