{"id":13922,"date":"2023-11-15T14:46:58","date_gmt":"2023-11-15T13:46:58","guid":{"rendered":"https:\/?post_type=product&#038;p=13922"},"modified":"2025-03-12T16:54:46","modified_gmt":"2025-03-12T15:54:46","slug":"hitway-velo-electrique-26-velos-electriques-femmemoteur-250wshimano-7-vitessese-bike-avec-batterie-au-lithium-amovible-36v-112ah-35-90km-ebike","status":"publish","type":"product","link":"https:\/\/cbs-electro.com\/index.php\/produit\/hitway-velo-electrique-26-velos-electriques-femmemoteur-250wshimano-7-vitessese-bike-avec-batterie-au-lithium-amovible-36v-112ah-35-90km-ebike\/","title":{"rendered":"HITWAY V\u00e9lo \u00e9lectrique, 26\u201d v\u00e9los \u00e9lectriques Femme,Moteur 250W,Shimano 7 Vitesses,E-Bike avec Batterie au Lithium Amovible 36V 11,2Ah 35-90km Ebike"},"content":{"rendered":"<p>Type de v\u00e9lo V\u00e9lo \u00e9lectrique, V\u00e9lo de montagne<br \/>\nTranche d&rsquo;\u00e2ge (description) Adulte<br \/>\nMarque HITWAY<br \/>\nNombre de vitesses 7<br \/>\nCouleur BK8-nero-EU<br \/>\nMat\u00e9riau du cadre Aluminium<br \/>\nType de suspension Suspension fourche, Suspension arri\u00e8re<br \/>\nCaract\u00e9ristique sp\u00e9ciale L\u00e9ger<br \/>\nComposants inclus Manuel<br \/>\nStyle de frein Disque<\/p>\n<p>\u00c0 propos de cet article<br \/>\n\ud83d\udeb4\u200dV\u00e9lo \u00c9lectrique Puissant\uff1aLe v\u00e9lo \u00e9lectrique est \u00e9quip\u00e9 d&rsquo;un moteur haute performance de 250 W et peut atteindre une vitesse maximale de 25 km\/h\uff0cLes v\u00e9los \u00e9lectriques pour hommes et femmes de 26 pouces vous offrent une exp\u00e9rience de conduite fluide, Vous permet de rouler librement et d&rsquo;explorer la nature \u00e0 la montagne et en ville.<br \/>\n\ud83d\udeb4\u200dProtection Pour une Conduite W\u00fbre\uff1aLes freins \u00e0 double disque avant et arri\u00e8re et les freins \u00e9lectroniques am\u00e9liorent pleinement les performances de freinage et raccourcissent la distance d&rsquo;arr\u00eat. De plus, les freins \u00e0 disque avant et arri\u00e8re personnalis\u00e9s offrent une protection suppl\u00e9mentaire lors de la conduite. Les phares \u00e0 LED de s\u00e9curit\u00e9 et la sonnette de v\u00e9lo vous rendent plus s\u00fbr lorsque vous sortez. Surtout la nuit car vous pouvez \u00eatre vu et entendu par les voitures et les pi\u00e9tons .<br \/>\n\ud83d\udeb4\u200dBatterie au lithium amovible\uff1aBatterie au lithium amovible 11.2Ah\/36V\uff0cNe vous inqui\u00e9tez plus du probl\u00e8me de nulle part o\u00f9 charger\uff0cDans le m\u00eame temps, la plus longue dur\u00e9e de vie de la batterie des v\u00e9los \u00e9lectriques peut atteindre 35 \u00e0 90 kilom\u00e8tres. (Les donn\u00e9es sp\u00e9cifiques sont affect\u00e9es par le poids du conducteur, la temp\u00e9rature, les conditions routi\u00e8res, etc.)<br \/>\n\ud83d\udeb4\u200dModes de conduite r\u00e9glables : BK8 ont 2 modes de conduite de v\u00e9lo \u00e9lectrique int\u00e9gr\u00e9s : mode cyclomoteur (\u00e9galement appel\u00e9 mode d&rsquo;assistance \u00e0 la p\u00e9dale, qui fournit jusqu&rsquo;\u00e0 50 % de la puissance de votre pied). ), mode de conduite (juste \u00e9teindre). Toutes les d\u00e9cisions sont entre vos mains !<br \/>\n\ud83d\udeb4\u200dL\u00e9ger et durable: le v\u00e9lo \u00e9lectrique BK8 adopte un processus de forgeage en alliage d&rsquo;aluminium ultra-l\u00e9ger, qui pr\u00e9sente une duret\u00e9 et une anti-oxydation \u00e9lev\u00e9es. Le v\u00e9lo p\u00e8se environ 24,2 kg et la fourche amortit tr\u00e8s bien. Dans le m\u00eame temps, le jeu d&rsquo;engrenages Shimano \u00e0 7 vitesses est adopt\u00e9 pour am\u00e9liorer les performances d&rsquo;alpinisme.Sensible lors des changements de vitesse.<br \/>\n\ud83d\udeb4\u200dRemarque : les v\u00e9los \u00e9lectriques HITWAY sont pr\u00e9-assembl\u00e9s \u00e0 85 %. Le manuel d&rsquo;utilisation est disponible en 7 langues : anglais, fran\u00e7ais, allemand, italien, espagnol, polonais et n\u00e9erlandais. Si vous avez des questions (entretien, pi\u00e8ces de rechange, assistance au montage, etc.), veuillez contacter notre service client pour obtenir de l&rsquo;aide, nous fournissons un support technique 24h\/24 et vous fournissons une solution satisfaisante,<\/p>\n","protected":false},"excerpt":{"rendered":"<p>Type de v\u00e9lo V\u00e9lo \u00e9lectrique, V\u00e9lo de montagne Tranche d&rsquo;\u00e2ge (description) Adulte Marque HITWAY Nombre de vitesses 7 Couleur BK8-nero-EU<\/p>\n","protected":false},"featured_media":14075,"template":"","meta":[],"product_brand":[],"product_cat":[77,78],"product_tag":[],"class_list":{"0":"post-13922","1":"product","2":"type-product","3":"status-publish","4":"has-post-thumbnail","6":"product_cat-sports-loisirs","7":"product_cat-velo-electrique","9":"first","10":"instock","11":"taxable","12":"shipping-taxable","13":"purchasable","14":"product-type-simple"},"yoast_head":"<!-- This site is optimized with the Yoast SEO plugin v24.8.1 - https:\/\/yoast.com\/wordpress\/plugins\/seo\/ -->\n<title>HITWAY V\u00e9lo \u00e9lectrique, 26\u201d v\u00e9los \u00e9lectriques Femme,Moteur 250W,Shimano 7 Vitesses,E-Bike avec Batterie au Lithium Amovible 36V 11,2Ah 35-90km Ebike - CBS Electro<\/title>\n<meta name=\"robots\" content=\"index, follow, max-snippet:-1, max-image-preview:large, max-video-preview:-1\" \/>\n<link rel=\"canonical\" href=\"https:\/\/cbs-electro.com\/index.php\/produit\/hitway-velo-electrique-26-velos-electriques-femmemoteur-250wshimano-7-vitessese-bike-avec-batterie-au-lithium-amovible-36v-112ah-35-90km-ebike\/\" \/>\n<meta property=\"og:locale\" content=\"fr_FR\" \/>\n<meta property=\"og:type\" content=\"article\" \/>\n<meta property=\"og:title\" content=\"HITWAY V\u00e9lo \u00e9lectrique, 26\u201d v\u00e9los \u00e9lectriques Femme,Moteur 250W,Shimano 7 Vitesses,E-Bike avec Batterie au Lithium Amovible 36V 11,2Ah 35-90km Ebike - CBS Electro\" \/>\n<meta property=\"og:description\" content=\"Type de v\u00e9lo V\u00e9lo \u00e9lectrique, V\u00e9lo de montagne Tranche d&rsquo;\u00e2ge (description) Adulte Marque HITWAY Nombre de vitesses 7 Couleur BK8-nero-EU\" \/>\n<meta property=\"og:url\" content=\"https:\/\/cbs-electro.com\/index.php\/produit\/hitway-velo-electrique-26-velos-electriques-femmemoteur-250wshimano-7-vitessese-bike-avec-batterie-au-lithium-amovible-36v-112ah-35-90km-ebike\/\" \/>\n<meta property=\"og:site_name\" content=\"CBS Electro\" \/>\n<meta property=\"article:modified_time\" content=\"2025-03-12T15:54:46+00:00\" \/>\n<meta property=\"og:image\" content=\"https:\/\/cbs-electro.com\/wp-content\/uploads\/2023\/11\/71c8IjAFURL._AC_SL1500_.jpg\" \/>\n\t<meta property=\"og:image:width\" content=\"1500\" \/>\n\t<meta property=\"og:image:height\" content=\"1485\" \/>\n\t<meta property=\"og:image:type\" content=\"image\/jpeg\" \/>\n<meta name=\"twitter:card\" content=\"summary_large_image\" \/>\n<meta name=\"twitter:label1\" content=\"Dur\u00e9e de lecture estim\u00e9e\" \/>\n\t<meta name=\"twitter:data1\" content=\"2 minutes\" \/>\n<script type=\"application\/ld+json\" class=\"yoast-schema-graph\">{\"@context\":\"https:\/\/schema.org\",\"@graph\":[{\"@type\":\"WebPage\",\"@id\":\"https:\/\/cbs-electro.com\/index.php\/produit\/hitway-velo-electrique-26-velos-electriques-femmemoteur-250wshimano-7-vitessese-bike-avec-batterie-au-lithium-amovible-36v-112ah-35-90km-ebike\/\",\"url\":\"https:\/\/cbs-electro.com\/index.php\/produit\/hitway-velo-electrique-26-velos-electriques-femmemoteur-250wshimano-7-vitessese-bike-avec-batterie-au-lithium-amovible-36v-112ah-35-90km-ebike\/\",\"name\":\"HITWAY V\u00e9lo \u00e9lectrique, 26\u201d v\u00e9los \u00e9lectriques Femme,Moteur 250W,Shimano 7 Vitesses,E-Bike avec Batterie au Lithium Amovible 36V 11,2Ah 35-90km Ebike - CBS Electro\",\"isPartOf\":{\"@id\":\"https:\/\/www.cbs-electro.com\/#website\"},\"primaryImageOfPage\":{\"@id\":\"https:\/\/cbs-electro.com\/index.php\/produit\/hitway-velo-electrique-26-velos-electriques-femmemoteur-250wshimano-7-vitessese-bike-avec-batterie-au-lithium-amovible-36v-112ah-35-90km-ebike\/#primaryimage\"},\"image\":{\"@id\":\"https:\/\/cbs-electro.com\/index.php\/produit\/hitway-velo-electrique-26-velos-electriques-femmemoteur-250wshimano-7-vitessese-bike-avec-batterie-au-lithium-amovible-36v-112ah-35-90km-ebike\/#primaryimage\"},\"thumbnailUrl\":\"https:\/\/cbs-electro.com\/wp-content\/uploads\/2023\/11\/71c8IjAFURL._AC_SL1500_.jpg\",\"datePublished\":\"2023-11-15T13:46:58+00:00\",\"dateModified\":\"2025-03-12T15:54:46+00:00\",\"breadcrumb\":{\"@id\":\"https:\/\/cbs-electro.com\/index.php\/produit\/hitway-velo-electrique-26-velos-electriques-femmemoteur-250wshimano-7-vitessese-bike-avec-batterie-au-lithium-amovible-36v-112ah-35-90km-ebike\/#breadcrumb\"},\"inLanguage\":\"fr-FR\",\"potentialAction\":[{\"@type\":\"ReadAction\",\"target\":[\"https:\/\/cbs-electro.com\/index.php\/produit\/hitway-velo-electrique-26-velos-electriques-femmemoteur-250wshimano-7-vitessese-bike-avec-batterie-au-lithium-amovible-36v-112ah-35-90km-ebike\/\"]}]},{\"@type\":\"ImageObject\",\"inLanguage\":\"fr-FR\",\"@id\":\"https:\/\/cbs-electro.com\/index.php\/produit\/hitway-velo-electrique-26-velos-electriques-femmemoteur-250wshimano-7-vitessese-bike-avec-batterie-au-lithium-amovible-36v-112ah-35-90km-ebike\/#primaryimage\",\"url\":\"https:\/\/cbs-electro.com\/wp-content\/uploads\/2023\/11\/71c8IjAFURL._AC_SL1500_.jpg\",\"contentUrl\":\"https:\/\/cbs-electro.com\/wp-content\/uploads\/2023\/11\/71c8IjAFURL._AC_SL1500_.jpg\",\"width\":1500,\"height\":1485},{\"@type\":\"BreadcrumbList\",\"@id\":\"https:\/\/cbs-electro.com\/index.php\/produit\/hitway-velo-electrique-26-velos-electriques-femmemoteur-250wshimano-7-vitessese-bike-avec-batterie-au-lithium-amovible-36v-112ah-35-90km-ebike\/#breadcrumb\",\"itemListElement\":[{\"@type\":\"ListItem\",\"position\":1,\"name\":\"Accueil\",\"item\":\"https:\/\/www.cbs-electro.com\/\"},{\"@type\":\"ListItem\",\"position\":2,\"name\":\"Boutique\",\"item\":\"https:\/\/www.cbs-electro.com\/index.php\/boutique\/\"},{\"@type\":\"ListItem\",\"position\":3,\"name\":\"HITWAY V\u00e9lo \u00e9lectrique, 26\u201d v\u00e9los \u00e9lectriques Femme,Moteur 250W,Shimano 7 Vitesses,E-Bike avec Batterie au Lithium Amovible 36V 11,2Ah 35-90km Ebike\"}]},{\"@type\":\"WebSite\",\"@id\":\"https:\/\/www.cbs-electro.com\/#website\",\"url\":\"https:\/\/www.cbs-electro.com\/\",\"name\":\"CBS Electro\",\"description\":\"Vente des produits neufs - Informatique, Smartphones, livres, jeux vid\u00e9o, photos, jouets et \u00e9lectrom\u00e9nager\",\"potentialAction\":[{\"@type\":\"SearchAction\",\"target\":{\"@type\":\"EntryPoint\",\"urlTemplate\":\"https:\/\/www.cbs-electro.com\/?s={search_term_string}\"},\"query-input\":{\"@type\":\"PropertyValueSpecification\",\"valueRequired\":true,\"valueName\":\"search_term_string\"}}],\"inLanguage\":\"fr-FR\"}]}<\/script>\n<!-- \/ Yoast SEO plugin. -->","yoast_head_json":{"title":"HITWAY V\u00e9lo \u00e9lectrique, 26\u201d v\u00e9los \u00e9lectriques Femme,Moteur 250W,Shimano 7 Vitesses,E-Bike avec Batterie au Lithium Amovible 36V 11,2Ah 35-90km Ebike - CBS Electro","robots":{"index":"index","follow":"follow","max-snippet":"max-snippet:-1","max-image-preview":"max-image-preview:large","max-video-preview":"max-video-preview:-1"},"canonical":"https:\/\/cbs-electro.com\/index.php\/produit\/hitway-velo-electrique-26-velos-electriques-femmemoteur-250wshimano-7-vitessese-bike-avec-batterie-au-lithium-amovible-36v-112ah-35-90km-ebike\/","og_locale":"fr_FR","og_type":"article","og_title":"HITWAY V\u00e9lo \u00e9lectrique, 26\u201d v\u00e9los \u00e9lectriques Femme,Moteur 250W,Shimano 7 Vitesses,E-Bike avec Batterie au Lithium Amovible 36V 11,2Ah 35-90km Ebike - CBS Electro","og_description":"Type de v\u00e9lo V\u00e9lo \u00e9lectrique, V\u00e9lo de montagne Tranche d&rsquo;\u00e2ge (description) Adulte Marque HITWAY Nombre de vitesses 7 Couleur BK8-nero-EU","og_url":"https:\/\/cbs-electro.com\/index.php\/produit\/hitway-velo-electrique-26-velos-electriques-femmemoteur-250wshimano-7-vitessese-bike-avec-batterie-au-lithium-amovible-36v-112ah-35-90km-ebike\/","og_site_name":"CBS Electro","article_modified_time":"2025-03-12T15:54:46+00:00","og_image":[{"width":1500,"height":1485,"url":"https:\/\/cbs-electro.com\/wp-content\/uploads\/2023\/11\/71c8IjAFURL._AC_SL1500_.jpg","type":"image\/jpeg"}],"twitter_card":"summary_large_image","twitter_misc":{"Dur\u00e9e de lecture estim\u00e9e":"2 minutes"},"schema":{"@context":"https:\/\/schema.org","@graph":[{"@type":"WebPage","@id":"https:\/\/cbs-electro.com\/index.php\/produit\/hitway-velo-electrique-26-velos-electriques-femmemoteur-250wshimano-7-vitessese-bike-avec-batterie-au-lithium-amovible-36v-112ah-35-90km-ebike\/","url":"https:\/\/cbs-electro.com\/index.php\/produit\/hitway-velo-electrique-26-velos-electriques-femmemoteur-250wshimano-7-vitessese-bike-avec-batterie-au-lithium-amovible-36v-112ah-35-90km-ebike\/","name":"HITWAY V\u00e9lo \u00e9lectrique, 26\u201d v\u00e9los \u00e9lectriques Femme,Moteur 250W,Shimano 7 Vitesses,E-Bike avec Batterie au Lithium Amovible 36V 11,2Ah 35-90km Ebike - CBS Electro","isPartOf":{"@id":"https:\/\/www.cbs-electro.com\/#website"},"primaryImageOfPage":{"@id":"https:\/\/cbs-electro.com\/index.php\/produit\/hitway-velo-electrique-26-velos-electriques-femmemoteur-250wshimano-7-vitessese-bike-avec-batterie-au-lithium-amovible-36v-112ah-35-90km-ebike\/#primaryimage"},"image":{"@id":"https:\/\/cbs-electro.com\/index.php\/produit\/hitway-velo-electrique-26-velos-electriques-femmemoteur-250wshimano-7-vitessese-bike-avec-batterie-au-lithium-amovible-36v-112ah-35-90km-ebike\/#primaryimage"},"thumbnailUrl":"https:\/\/cbs-electro.com\/wp-content\/uploads\/2023\/11\/71c8IjAFURL._AC_SL1500_.jpg","datePublished":"2023-11-15T13:46:58+00:00","dateModified":"2025-03-12T15:54:46+00:00","breadcrumb":{"@id":"https:\/\/cbs-electro.com\/index.php\/produit\/hitway-velo-electrique-26-velos-electriques-femmemoteur-250wshimano-7-vitessese-bike-avec-batterie-au-lithium-amovible-36v-112ah-35-90km-ebike\/#breadcrumb"},"inLanguage":"fr-FR","potentialAction":[{"@type":"ReadAction","target":["https:\/\/cbs-electro.com\/index.php\/produit\/hitway-velo-electrique-26-velos-electriques-femmemoteur-250wshimano-7-vitessese-bike-avec-batterie-au-lithium-amovible-36v-112ah-35-90km-ebike\/"]}]},{"@type":"ImageObject","inLanguage":"fr-FR","@id":"https:\/\/cbs-electro.com\/index.php\/produit\/hitway-velo-electrique-26-velos-electriques-femmemoteur-250wshimano-7-vitessese-bike-avec-batterie-au-lithium-amovible-36v-112ah-35-90km-ebike\/#primaryimage","url":"https:\/\/cbs-electro.com\/wp-content\/uploads\/2023\/11\/71c8IjAFURL._AC_SL1500_.jpg","contentUrl":"https:\/\/cbs-electro.com\/wp-content\/uploads\/2023\/11\/71c8IjAFURL._AC_SL1500_.jpg","width":1500,"height":1485},{"@type":"BreadcrumbList","@id":"https:\/\/cbs-electro.com\/index.php\/produit\/hitway-velo-electrique-26-velos-electriques-femmemoteur-250wshimano-7-vitessese-bike-avec-batterie-au-lithium-amovible-36v-112ah-35-90km-ebike\/#breadcrumb","itemListElement":[{"@type":"ListItem","position":1,"name":"Accueil","item":"https:\/\/www.cbs-electro.com\/"},{"@type":"ListItem","position":2,"name":"Boutique","item":"https:\/\/www.cbs-electro.com\/index.php\/boutique\/"},{"@type":"ListItem","position":3,"name":"HITWAY V\u00e9lo \u00e9lectrique, 26\u201d v\u00e9los \u00e9lectriques Femme,Moteur 250W,Shimano 7 Vitesses,E-Bike avec Batterie au Lithium Amovible 36V 11,2Ah 35-90km Ebike"}]},{"@type":"WebSite","@id":"https:\/\/www.cbs-electro.com\/#website","url":"https:\/\/www.cbs-electro.com\/","name":"CBS Electro","description":"Vente des produits neufs - Informatique, Smartphones, livres, jeux vid\u00e9o, photos, jouets et \u00e9lectrom\u00e9nager","potentialAction":[{"@type":"SearchAction","target":{"@type":"EntryPoint","urlTemplate":"https:\/\/www.cbs-electro.com\/?s={search_term_string}"},"query-input":{"@type":"PropertyValueSpecification","valueRequired":true,"valueName":"search_term_string"}}],"inLanguage":"fr-FR"}]}},"_links":{"self":[{"href":"https:\/\/cbs-electro.com\/index.php\/wp-json\/wp\/v2\/product\/13922","targetHints":{"allow":["GET"]}}],"collection":[{"href":"https:\/\/cbs-electro.com\/index.php\/wp-json\/wp\/v2\/product"}],"about":[{"href":"https:\/\/cbs-electro.com\/index.php\/wp-json\/wp\/v2\/types\/product"}],"version-history":[{"count":1,"href":"https:\/\/cbs-electro.com\/index.php\/wp-json\/wp\/v2\/product\/13922\/revisions"}],"predecessor-version":[{"id":14081,"href":"https:\/\/cbs-electro.com\/index.php\/wp-json\/wp\/v2\/product\/13922\/revisions\/14081"}],"wp:featuredmedia":[{"embeddable":true,"href":"https:\/\/cbs-electro.com\/index.php\/wp-json\/wp\/v2\/media\/14075"}],"wp:attachment":[{"href":"https:\/\/cbs-electro.com\/index.php\/wp-json\/wp\/v2\/media?parent=13922"}],"wp:term":[{"taxonomy":"product_brand","embeddable":true,"href":"https:\/\/cbs-electro.com\/index.php\/wp-json\/wp\/v2\/product_brand?post=13922"},{"taxonomy":"product_cat","embeddable":true,"href":"https:\/\/cbs-electro.com\/index.php\/wp-json\/wp\/v2\/product_cat?post=13922"},{"taxonomy":"product_tag","embeddable":true,"href":"https:\/\/cbs-electro.com\/index.php\/wp-json\/wp\/v2\/product_tag?post=13922"}],"curies":[{"name":"wp","href":"https:\/\/api.w.org\/{rel}","templated":true}]}}