{"id":13879,"date":"2023-11-15T14:46:34","date_gmt":"2023-11-15T13:46:34","guid":{"rendered":"https:\/?post_type=product&#038;p=13879"},"modified":"2025-03-12T16:40:24","modified_gmt":"2025-03-12T15:40:24","slug":"eleglide-m1-velo-electrique-velo-de-montagne-electrique-27-5-250w-vtt-electrique-batterie-75ah-amovible-ecran-led-shimano-derailleurs-21-vitesses-e-bike-urbain-pour-adulte","status":"publish","type":"product","link":"https:\/\/cbs-electro.com\/index.php\/produit\/eleglide-m1-velo-electrique-velo-de-montagne-electrique-27-5-250w-vtt-electrique-batterie-75ah-amovible-ecran-led-shimano-derailleurs-21-vitesses-e-bike-urbain-pour-adulte\/","title":{"rendered":"Eleglide M1 V\u00e9lo \u00c9lectrique, V\u00e9lo de Montagne \u00e9lectrique 27.5&Prime;, 250W VTT \u00c9lectrique Batterie 7,5Ah Amovible, \u00e9cran LED, Shimano D\u00e9railleurs 21 Vitesses, e-Bike Urbain pour Adulte"},"content":{"rendered":"<p>Couleur: M1 bleu<br \/>\nType de v\u00e9lo V\u00e9lo \u00e9lectrique<br \/>\nTranche d&rsquo;\u00e2ge (description) Adulte<br \/>\nMarque Eleglide<br \/>\nNombre de vitesses 21<br \/>\nCouleur M1 bleu<br \/>\nTaille de roue 27,5 Pouces<br \/>\nMat\u00e9riau du cadre Aluminium<br \/>\nType de suspension Suspension fourche<br \/>\nCaract\u00e9ristique sp\u00e9ciale L\u00e9ger<br \/>\nComposants inclus 2 x cl\u00e9s, 1 x chargeur, 1 x v\u00e9lo Eleglide M1, 1 x trousse \u00e0 outils, 2 x p\u00e9dales<\/p>\n<p>\u00c0 propos de cet article<\/p>\n<p>\u3010V\u00e9lo \u00e9lectrique de montagne confortable\u3011 Moteur haute efficacit\u00e9 avec syst\u00e8me de transmission Shimano, 3 vitesses avant + 7 vitesses arri\u00e8re (21 Shimano Gear Shifter). Le r\u00e9glage des vitesses est rapide et fiable, le fonctionnement est simple et la conduite est plus l\u00e9g\u00e8re et moins laborieuse. Que chacune de vos acc\u00e9l\u00e9rations devienne un voyage unique.<br \/>\n\u30103 modes de conduite et 5 modes de vitesse\u3011Le v\u00e9lo \u00e9lectrique Eleglide M1 dispose de trois modes, le mode v\u00e9lo, le mode d&rsquo;assistance \u00e9lectrique et le mode \u00e9lectrique pur. En mode \u00e9lectrique pur, vous avez le choix entre cinq vitesses. Vous pouvez profiter de voyages longue distance dans n&rsquo;importe quel mode si n\u00e9cessaire. La combinaison de ces trois modes serait un meilleur choix.<br \/>\n\u3010V\u00e9lo \u00e9lectrique puissant\u3011 \u00c9quip\u00e9 d&rsquo;une batterie longue dur\u00e9e amovible de 36 V 7,5 Ah, d&rsquo;un moteur stable et de pneus de 27.5 pouces. La pente peut atteindre 15\u00b0 dans des conditions routi\u00e8res courantes.<br \/>\n\u3010Amortissement des chocs, antid\u00e9rapant, s\u00e9curit\u00e9\u3011 Le v\u00e9lo \u00e9lectrique Eleglide adopte la conception du disque de frein \u00e0 disque. Fournit un amorti doux et une absorption des chocs lors de la conduite sur des routes accident\u00e9es et profitez du plaisir de conduire. Il est \u00e9galement \u00e9quip\u00e9 de si\u00e8ges r\u00e9glables, de pneus antid\u00e9rapants r\u00e9sistants \u00e0 l&rsquo;usure et de phares \u00e0 LED adaptatifs lumineux, qui peuvent \u00eatre utilis\u00e9s pour la conduite de nuit.<br \/>\n\u3010Affichage LED intelligent\u3011 R\u00e9glez l&rsquo;affichage LED\uff08Il existe deux versions de l&rsquo;\u00e9cran sont exp\u00e9di\u00e9es de mani\u00e8re al\u00e9atoire.\uff09, qui peut afficher l&rsquo;\u00e9tat de la batterie, la vitesse, la lumi\u00e8re, l&rsquo;\u00e9tat et les modes du r\u00e9gulateur de vitesse. Si vous avez des questions sur le produit (r\u00e9paration, accessoires de remplacement, aide au montage, etc.), veuillez nous contacter par e-mail et nous vous r\u00e9pondrons \u00e0 temps.<br \/>\nRemarque : apr\u00e8s avoir re\u00e7u le v\u00e9lo \u00e9lectrique, si vous avez des questions sur l&rsquo;installation, l&rsquo;utilisation ou les produits, vous pouvez nous contacter \u00e0 temps. S&rsquo;il y a un probl\u00e8me avec l&#8217;emballage, veuillez conserver le carton. Le num\u00e9ro de s\u00e9rie du v\u00e9lo se trouve sur le support, veuillez enregistrer le num\u00e9ro de s\u00e9rie de votre v\u00e9lo lorsque vous le recevez. Si vous avez besoin d&rsquo;enregistrer un code antivol, veuillez nous contacter. Les v\u00e9los \u00e9lectriques Eleglide peuvent obtenir l&rsquo;Aide \u00e0 l&rsquo;achat d&rsquo;un v\u00e9lo\uff08France\uff09, veuillez contacter le vendeur pour obtenir les documents de demande.<\/p>\n","protected":false},"excerpt":{"rendered":"<p>Couleur: M1 bleu Type de v\u00e9lo V\u00e9lo \u00e9lectrique Tranche d&rsquo;\u00e2ge (description) Adulte Marque Eleglide Nombre de vitesses 21 Couleur M1<\/p>\n","protected":false},"featured_media":14056,"template":"","meta":[],"product_brand":[],"product_cat":[77,78],"product_tag":[],"class_list":{"0":"post-13879","1":"product","2":"type-product","3":"status-publish","4":"has-post-thumbnail","6":"product_cat-sports-loisirs","7":"product_cat-velo-electrique","9":"first","10":"instock","11":"taxable","12":"shipping-taxable","13":"purchasable","14":"product-type-simple"},"yoast_head":"<!-- This site is optimized with the Yoast SEO plugin v24.8.1 - https:\/\/yoast.com\/wordpress\/plugins\/seo\/ -->\n<title>Eleglide M1 V\u00e9lo \u00c9lectrique, V\u00e9lo de Montagne \u00e9lectrique 27.5&quot;, 250W VTT \u00c9lectrique Batterie 7,5Ah Amovible, \u00e9cran LED, Shimano D\u00e9railleurs 21 Vitesses, e-Bike Urbain pour Adulte - CBS Electro<\/title>\n<meta name=\"robots\" content=\"index, follow, max-snippet:-1, max-image-preview:large, max-video-preview:-1\" \/>\n<link rel=\"canonical\" href=\"https:\/\/cbs-electro.com\/index.php\/produit\/eleglide-m1-velo-electrique-velo-de-montagne-electrique-27-5-250w-vtt-electrique-batterie-75ah-amovible-ecran-led-shimano-derailleurs-21-vitesses-e-bike-urbain-pour-adulte\/\" \/>\n<meta property=\"og:locale\" content=\"fr_FR\" \/>\n<meta property=\"og:type\" content=\"article\" \/>\n<meta property=\"og:title\" content=\"Eleglide M1 V\u00e9lo \u00c9lectrique, V\u00e9lo de Montagne \u00e9lectrique 27.5&quot;, 250W VTT \u00c9lectrique Batterie 7,5Ah Amovible, \u00e9cran LED, Shimano D\u00e9railleurs 21 Vitesses, e-Bike Urbain pour Adulte - CBS Electro\" \/>\n<meta property=\"og:description\" content=\"Couleur: M1 bleu Type de v\u00e9lo V\u00e9lo \u00e9lectrique Tranche d&rsquo;\u00e2ge (description) Adulte Marque Eleglide Nombre de vitesses 21 Couleur M1\" \/>\n<meta property=\"og:url\" content=\"https:\/\/cbs-electro.com\/index.php\/produit\/eleglide-m1-velo-electrique-velo-de-montagne-electrique-27-5-250w-vtt-electrique-batterie-75ah-amovible-ecran-led-shimano-derailleurs-21-vitesses-e-bike-urbain-pour-adulte\/\" \/>\n<meta property=\"og:site_name\" content=\"CBS Electro\" \/>\n<meta property=\"article:modified_time\" content=\"2025-03-12T15:40:24+00:00\" \/>\n<meta property=\"og:image\" content=\"https:\/\/cbs-electro.com\/wp-content\/uploads\/2023\/11\/1-2.jpg\" \/>\n\t<meta property=\"og:image:width\" content=\"1500\" \/>\n\t<meta property=\"og:image:height\" content=\"1323\" \/>\n\t<meta property=\"og:image:type\" content=\"image\/jpeg\" \/>\n<meta name=\"twitter:card\" content=\"summary_large_image\" \/>\n<meta name=\"twitter:label1\" content=\"Dur\u00e9e de lecture estim\u00e9e\" \/>\n\t<meta name=\"twitter:data1\" content=\"2 minutes\" \/>\n<script type=\"application\/ld+json\" class=\"yoast-schema-graph\">{\"@context\":\"https:\/\/schema.org\",\"@graph\":[{\"@type\":\"WebPage\",\"@id\":\"https:\/\/cbs-electro.com\/index.php\/produit\/eleglide-m1-velo-electrique-velo-de-montagne-electrique-27-5-250w-vtt-electrique-batterie-75ah-amovible-ecran-led-shimano-derailleurs-21-vitesses-e-bike-urbain-pour-adulte\/\",\"url\":\"https:\/\/cbs-electro.com\/index.php\/produit\/eleglide-m1-velo-electrique-velo-de-montagne-electrique-27-5-250w-vtt-electrique-batterie-75ah-amovible-ecran-led-shimano-derailleurs-21-vitesses-e-bike-urbain-pour-adulte\/\",\"name\":\"Eleglide M1 V\u00e9lo \u00c9lectrique, V\u00e9lo de Montagne \u00e9lectrique 27.5\\\", 250W VTT \u00c9lectrique Batterie 7,5Ah Amovible, \u00e9cran LED, Shimano D\u00e9railleurs 21 Vitesses, e-Bike Urbain pour Adulte - CBS Electro\",\"isPartOf\":{\"@id\":\"https:\/\/www.cbs-electro.com\/#website\"},\"primaryImageOfPage\":{\"@id\":\"https:\/\/cbs-electro.com\/index.php\/produit\/eleglide-m1-velo-electrique-velo-de-montagne-electrique-27-5-250w-vtt-electrique-batterie-75ah-amovible-ecran-led-shimano-derailleurs-21-vitesses-e-bike-urbain-pour-adulte\/#primaryimage\"},\"image\":{\"@id\":\"https:\/\/cbs-electro.com\/index.php\/produit\/eleglide-m1-velo-electrique-velo-de-montagne-electrique-27-5-250w-vtt-electrique-batterie-75ah-amovible-ecran-led-shimano-derailleurs-21-vitesses-e-bike-urbain-pour-adulte\/#primaryimage\"},\"thumbnailUrl\":\"https:\/\/cbs-electro.com\/wp-content\/uploads\/2023\/11\/1-2.jpg\",\"datePublished\":\"2023-11-15T13:46:34+00:00\",\"dateModified\":\"2025-03-12T15:40:24+00:00\",\"breadcrumb\":{\"@id\":\"https:\/\/cbs-electro.com\/index.php\/produit\/eleglide-m1-velo-electrique-velo-de-montagne-electrique-27-5-250w-vtt-electrique-batterie-75ah-amovible-ecran-led-shimano-derailleurs-21-vitesses-e-bike-urbain-pour-adulte\/#breadcrumb\"},\"inLanguage\":\"fr-FR\",\"potentialAction\":[{\"@type\":\"ReadAction\",\"target\":[\"https:\/\/cbs-electro.com\/index.php\/produit\/eleglide-m1-velo-electrique-velo-de-montagne-electrique-27-5-250w-vtt-electrique-batterie-75ah-amovible-ecran-led-shimano-derailleurs-21-vitesses-e-bike-urbain-pour-adulte\/\"]}]},{\"@type\":\"ImageObject\",\"inLanguage\":\"fr-FR\",\"@id\":\"https:\/\/cbs-electro.com\/index.php\/produit\/eleglide-m1-velo-electrique-velo-de-montagne-electrique-27-5-250w-vtt-electrique-batterie-75ah-amovible-ecran-led-shimano-derailleurs-21-vitesses-e-bike-urbain-pour-adulte\/#primaryimage\",\"url\":\"https:\/\/cbs-electro.com\/wp-content\/uploads\/2023\/11\/1-2.jpg\",\"contentUrl\":\"https:\/\/cbs-electro.com\/wp-content\/uploads\/2023\/11\/1-2.jpg\",\"width\":1500,\"height\":1323},{\"@type\":\"BreadcrumbList\",\"@id\":\"https:\/\/cbs-electro.com\/index.php\/produit\/eleglide-m1-velo-electrique-velo-de-montagne-electrique-27-5-250w-vtt-electrique-batterie-75ah-amovible-ecran-led-shimano-derailleurs-21-vitesses-e-bike-urbain-pour-adulte\/#breadcrumb\",\"itemListElement\":[{\"@type\":\"ListItem\",\"position\":1,\"name\":\"Accueil\",\"item\":\"https:\/\/www.cbs-electro.com\/\"},{\"@type\":\"ListItem\",\"position\":2,\"name\":\"Boutique\",\"item\":\"https:\/\/www.cbs-electro.com\/index.php\/boutique\/\"},{\"@type\":\"ListItem\",\"position\":3,\"name\":\"Eleglide M1 V\u00e9lo \u00c9lectrique, V\u00e9lo de Montagne \u00e9lectrique 27.5&Prime;, 250W VTT \u00c9lectrique Batterie 7,5Ah Amovible, \u00e9cran LED, Shimano D\u00e9railleurs 21 Vitesses, e-Bike Urbain pour Adulte\"}]},{\"@type\":\"WebSite\",\"@id\":\"https:\/\/www.cbs-electro.com\/#website\",\"url\":\"https:\/\/www.cbs-electro.com\/\",\"name\":\"CBS Electro\",\"description\":\"Vente des produits neufs - Informatique, Smartphones, livres, jeux vid\u00e9o, photos, jouets et \u00e9lectrom\u00e9nager\",\"potentialAction\":[{\"@type\":\"SearchAction\",\"target\":{\"@type\":\"EntryPoint\",\"urlTemplate\":\"https:\/\/www.cbs-electro.com\/?s={search_term_string}\"},\"query-input\":{\"@type\":\"PropertyValueSpecification\",\"valueRequired\":true,\"valueName\":\"search_term_string\"}}],\"inLanguage\":\"fr-FR\"}]}<\/script>\n<!-- \/ Yoast SEO plugin. -->","yoast_head_json":{"title":"Eleglide M1 V\u00e9lo \u00c9lectrique, V\u00e9lo de Montagne \u00e9lectrique 27.5\", 250W VTT \u00c9lectrique Batterie 7,5Ah Amovible, \u00e9cran LED, Shimano D\u00e9railleurs 21 Vitesses, e-Bike Urbain pour Adulte - CBS Electro","robots":{"index":"index","follow":"follow","max-snippet":"max-snippet:-1","max-image-preview":"max-image-preview:large","max-video-preview":"max-video-preview:-1"},"canonical":"https:\/\/cbs-electro.com\/index.php\/produit\/eleglide-m1-velo-electrique-velo-de-montagne-electrique-27-5-250w-vtt-electrique-batterie-75ah-amovible-ecran-led-shimano-derailleurs-21-vitesses-e-bike-urbain-pour-adulte\/","og_locale":"fr_FR","og_type":"article","og_title":"Eleglide M1 V\u00e9lo \u00c9lectrique, V\u00e9lo de Montagne \u00e9lectrique 27.5\", 250W VTT \u00c9lectrique Batterie 7,5Ah Amovible, \u00e9cran LED, Shimano D\u00e9railleurs 21 Vitesses, e-Bike Urbain pour Adulte - CBS Electro","og_description":"Couleur: M1 bleu Type de v\u00e9lo V\u00e9lo \u00e9lectrique Tranche d&rsquo;\u00e2ge (description) Adulte Marque Eleglide Nombre de vitesses 21 Couleur M1","og_url":"https:\/\/cbs-electro.com\/index.php\/produit\/eleglide-m1-velo-electrique-velo-de-montagne-electrique-27-5-250w-vtt-electrique-batterie-75ah-amovible-ecran-led-shimano-derailleurs-21-vitesses-e-bike-urbain-pour-adulte\/","og_site_name":"CBS Electro","article_modified_time":"2025-03-12T15:40:24+00:00","og_image":[{"width":1500,"height":1323,"url":"https:\/\/cbs-electro.com\/wp-content\/uploads\/2023\/11\/1-2.jpg","type":"image\/jpeg"}],"twitter_card":"summary_large_image","twitter_misc":{"Dur\u00e9e de lecture estim\u00e9e":"2 minutes"},"schema":{"@context":"https:\/\/schema.org","@graph":[{"@type":"WebPage","@id":"https:\/\/cbs-electro.com\/index.php\/produit\/eleglide-m1-velo-electrique-velo-de-montagne-electrique-27-5-250w-vtt-electrique-batterie-75ah-amovible-ecran-led-shimano-derailleurs-21-vitesses-e-bike-urbain-pour-adulte\/","url":"https:\/\/cbs-electro.com\/index.php\/produit\/eleglide-m1-velo-electrique-velo-de-montagne-electrique-27-5-250w-vtt-electrique-batterie-75ah-amovible-ecran-led-shimano-derailleurs-21-vitesses-e-bike-urbain-pour-adulte\/","name":"Eleglide M1 V\u00e9lo \u00c9lectrique, V\u00e9lo de Montagne \u00e9lectrique 27.5\", 250W VTT \u00c9lectrique Batterie 7,5Ah Amovible, \u00e9cran LED, Shimano D\u00e9railleurs 21 Vitesses, e-Bike Urbain pour Adulte - CBS Electro","isPartOf":{"@id":"https:\/\/www.cbs-electro.com\/#website"},"primaryImageOfPage":{"@id":"https:\/\/cbs-electro.com\/index.php\/produit\/eleglide-m1-velo-electrique-velo-de-montagne-electrique-27-5-250w-vtt-electrique-batterie-75ah-amovible-ecran-led-shimano-derailleurs-21-vitesses-e-bike-urbain-pour-adulte\/#primaryimage"},"image":{"@id":"https:\/\/cbs-electro.com\/index.php\/produit\/eleglide-m1-velo-electrique-velo-de-montagne-electrique-27-5-250w-vtt-electrique-batterie-75ah-amovible-ecran-led-shimano-derailleurs-21-vitesses-e-bike-urbain-pour-adulte\/#primaryimage"},"thumbnailUrl":"https:\/\/cbs-electro.com\/wp-content\/uploads\/2023\/11\/1-2.jpg","datePublished":"2023-11-15T13:46:34+00:00","dateModified":"2025-03-12T15:40:24+00:00","breadcrumb":{"@id":"https:\/\/cbs-electro.com\/index.php\/produit\/eleglide-m1-velo-electrique-velo-de-montagne-electrique-27-5-250w-vtt-electrique-batterie-75ah-amovible-ecran-led-shimano-derailleurs-21-vitesses-e-bike-urbain-pour-adulte\/#breadcrumb"},"inLanguage":"fr-FR","potentialAction":[{"@type":"ReadAction","target":["https:\/\/cbs-electro.com\/index.php\/produit\/eleglide-m1-velo-electrique-velo-de-montagne-electrique-27-5-250w-vtt-electrique-batterie-75ah-amovible-ecran-led-shimano-derailleurs-21-vitesses-e-bike-urbain-pour-adulte\/"]}]},{"@type":"ImageObject","inLanguage":"fr-FR","@id":"https:\/\/cbs-electro.com\/index.php\/produit\/eleglide-m1-velo-electrique-velo-de-montagne-electrique-27-5-250w-vtt-electrique-batterie-75ah-amovible-ecran-led-shimano-derailleurs-21-vitesses-e-bike-urbain-pour-adulte\/#primaryimage","url":"https:\/\/cbs-electro.com\/wp-content\/uploads\/2023\/11\/1-2.jpg","contentUrl":"https:\/\/cbs-electro.com\/wp-content\/uploads\/2023\/11\/1-2.jpg","width":1500,"height":1323},{"@type":"BreadcrumbList","@id":"https:\/\/cbs-electro.com\/index.php\/produit\/eleglide-m1-velo-electrique-velo-de-montagne-electrique-27-5-250w-vtt-electrique-batterie-75ah-amovible-ecran-led-shimano-derailleurs-21-vitesses-e-bike-urbain-pour-adulte\/#breadcrumb","itemListElement":[{"@type":"ListItem","position":1,"name":"Accueil","item":"https:\/\/www.cbs-electro.com\/"},{"@type":"ListItem","position":2,"name":"Boutique","item":"https:\/\/www.cbs-electro.com\/index.php\/boutique\/"},{"@type":"ListItem","position":3,"name":"Eleglide M1 V\u00e9lo \u00c9lectrique, V\u00e9lo de Montagne \u00e9lectrique 27.5&Prime;, 250W VTT \u00c9lectrique Batterie 7,5Ah Amovible, \u00e9cran LED, Shimano D\u00e9railleurs 21 Vitesses, e-Bike Urbain pour Adulte"}]},{"@type":"WebSite","@id":"https:\/\/www.cbs-electro.com\/#website","url":"https:\/\/www.cbs-electro.com\/","name":"CBS Electro","description":"Vente des produits neufs - Informatique, Smartphones, livres, jeux vid\u00e9o, photos, jouets et \u00e9lectrom\u00e9nager","potentialAction":[{"@type":"SearchAction","target":{"@type":"EntryPoint","urlTemplate":"https:\/\/www.cbs-electro.com\/?s={search_term_string}"},"query-input":{"@type":"PropertyValueSpecification","valueRequired":true,"valueName":"search_term_string"}}],"inLanguage":"fr-FR"}]}},"_links":{"self":[{"href":"https:\/\/cbs-electro.com\/index.php\/wp-json\/wp\/v2\/product\/13879","targetHints":{"allow":["GET"]}}],"collection":[{"href":"https:\/\/cbs-electro.com\/index.php\/wp-json\/wp\/v2\/product"}],"about":[{"href":"https:\/\/cbs-electro.com\/index.php\/wp-json\/wp\/v2\/types\/product"}],"version-history":[{"count":1,"href":"https:\/\/cbs-electro.com\/index.php\/wp-json\/wp\/v2\/product\/13879\/revisions"}],"predecessor-version":[{"id":14062,"href":"https:\/\/cbs-electro.com\/index.php\/wp-json\/wp\/v2\/product\/13879\/revisions\/14062"}],"wp:featuredmedia":[{"embeddable":true,"href":"https:\/\/cbs-electro.com\/index.php\/wp-json\/wp\/v2\/media\/14056"}],"wp:attachment":[{"href":"https:\/\/cbs-electro.com\/index.php\/wp-json\/wp\/v2\/media?parent=13879"}],"wp:term":[{"taxonomy":"product_brand","embeddable":true,"href":"https:\/\/cbs-electro.com\/index.php\/wp-json\/wp\/v2\/product_brand?post=13879"},{"taxonomy":"product_cat","embeddable":true,"href":"https:\/\/cbs-electro.com\/index.php\/wp-json\/wp\/v2\/product_cat?post=13879"},{"taxonomy":"product_tag","embeddable":true,"href":"https:\/\/cbs-electro.com\/index.php\/wp-json\/wp\/v2\/product_tag?post=13879"}],"curies":[{"name":"wp","href":"https:\/\/api.w.org\/{rel}","templated":true}]}}