{"id":13878,"date":"2023-11-15T14:46:34","date_gmt":"2023-11-15T13:46:34","guid":{"rendered":"https:\/?post_type=product&#038;p=13878"},"modified":"2025-03-12T16:40:04","modified_gmt":"2025-03-12T15:40:04","slug":"hitway-velo-electrique-de-montagne-26-velo-electrique-puissant-36v-12ah-250wshimano-7-vitesses-velos-a-assistance-electrique-pour-adultes","status":"publish","type":"product","link":"https:\/\/cbs-electro.com\/index.php\/produit\/hitway-velo-electrique-de-montagne-26-velo-electrique-puissant-36v-12ah-250wshimano-7-vitesses-velos-a-assistance-electrique-pour-adultes\/","title":{"rendered":"HITWAY V\u00e9lo \u00e9lectrique de Montagne 26&Prime;, v\u00e9lo \u00e9lectrique Puissant 36V 12Ah 250W,Shimano 7 Vitesses, v\u00e9los \u00e0 Assistance \u00e9lectrique pour Adultes"},"content":{"rendered":"<p>Type de v\u00e9lo V\u00e9lo \u00e9lectrique, V\u00e9lo de montagne<br \/>\nTranche d&rsquo;\u00e2ge (description) Adulte<br \/>\nMarque HITWAY<br \/>\nNombre de vitesses 7<br \/>\nCouleur BK7S-NK-EU<br \/>\nMat\u00e9riau du cadre Aluminium<br \/>\nType de suspension Suspension fourche<br \/>\nCaract\u00e9ristique sp\u00e9ciale Rechargeable<br \/>\nComposants inclus Manuel<br \/>\nNom de mod\u00e8le Bk7s<\/p>\n<p>*\u00c0 propos de cet article<\/p>\n<p>\u2714 Super moteur et autonomie &#8211; ce v\u00e9lo \u00e9lectrique Hitway est \u00e9quip\u00e9 d&rsquo;un moteur sans balais de 250 W et d&rsquo;une batterie de grande capacit\u00e9 de 12 Ah, il peut fournir suffisamment de puissance pour g\u00e9rer facilement diff\u00e9rentes conditions de route. Le kilom\u00e9trage de conduite peut atteindre 35 \u00e0 90 km en mode d&rsquo;assistance (testeur de 75 kg, 25 degr\u00e9s, l&rsquo;autonomie d\u00e9pend de facteurs tels que la charge et le style de conduite). C&rsquo;est le choix parfait pour une utilisation quotidienne et le travail.<br \/>\n\u2714 Mat\u00e9riaux de haute qualit\u00e9 et conduite confortable &#8211; L&rsquo;ensemble du v\u00e9hicule adopte un corps en alliage d&rsquo;aluminium, \u00e0 faible densit\u00e9 et \u00e0 haute r\u00e9sistance. L&rsquo;ensemble du v\u00e9hicule ne p\u00e8se que 24,3 kg et peut \u00eatre facilement transport\u00e9. \u00c9quip\u00e9 d&rsquo;un amortisseur de fourche avant. Des pneus \u00e9pais et larges de 26 pouces offrent une absorption suppl\u00e9mentaire des chocs. Ne craignez plus les bosses sur toutes sortes de routes !<br \/>\n\u2714 Mode de conduite avanc\u00e9 &#8211; Ce v\u00e9lo \u00e9lectrique est \u00e9quip\u00e9 de 2 modes d&rsquo;acc\u00e9l\u00e9ration ( mode d&rsquo;assistance, mode de conduite normale). Il est \u00e9galement \u00e9quip\u00e9 d&rsquo;un syst\u00e8me Shimano \u00e0 7 vitesses, qui am\u00e9liore sa capacit\u00e9 d&rsquo;escalade et son adaptabilit\u00e9 aux diff\u00e9rents terrains. De plus, il est \u00e9quip\u00e9 du mode Walk \u00e0 6 km\/h qui permet de pousser le v\u00e9lo facilement et sans stress.<br \/>\n\u2714 \u00c9cran d&rsquo;affichage intelligent haute d\u00e9finition &#8211; L&rsquo;\u00e9cran d&rsquo;affichage intelligent haute luminosit\u00e9 peut \u00eatre enti\u00e8rement affich\u00e9 en une seconde lorsqu&rsquo;il est allum\u00e9. Vous pouvez regarder les donn\u00e9es de conduite, changer de vitesse, contr\u00f4ler le phare et bien plus encore, n&rsquo;importe quand et n&rsquo;importe o\u00f9. Le compteur affiche le code d&rsquo;erreur. Vous pouvez rapidement r\u00e9soudre le probl\u00e8me gr\u00e2ce au code d&rsquo;erreur.<br \/>\n\u2714 Garantie de s\u00e9curit\u00e9 fiable &#8211; Le v\u00e9lo \u00e9lectrique est \u00e9quip\u00e9 d&rsquo;un syst\u00e8me de freinage \u00e0 double disque, qui peut r\u00e9duire efficacement la distance de freinage. Les phares \u00e0 haute luminosit\u00e9 et les r\u00e9flecteurs arri\u00e8re vous offrent une excellente visibilit\u00e9 et assurent efficacement votre s\u00e9curit\u00e9 lors des d\u00e9placements nocturnes.<\/p>\n","protected":false},"excerpt":{"rendered":"<p>Type de v\u00e9lo V\u00e9lo \u00e9lectrique, V\u00e9lo de montagne Tranche d&rsquo;\u00e2ge (description) Adulte Marque HITWAY Nombre de vitesses 7 Couleur BK7S-NK-EU<\/p>\n","protected":false},"featured_media":14049,"template":"","meta":[],"product_brand":[],"product_cat":[77,78],"product_tag":[],"class_list":{"0":"post-13878","1":"product","2":"type-product","3":"status-publish","4":"has-post-thumbnail","6":"product_cat-sports-loisirs","7":"product_cat-velo-electrique","9":"first","10":"instock","11":"taxable","12":"shipping-taxable","13":"purchasable","14":"product-type-simple"},"yoast_head":"<!-- This site is optimized with the Yoast SEO plugin v24.8.1 - https:\/\/yoast.com\/wordpress\/plugins\/seo\/ -->\n<title>HITWAY V\u00e9lo \u00e9lectrique de Montagne 26&quot;, v\u00e9lo \u00e9lectrique Puissant 36V 12Ah 250W,Shimano 7 Vitesses, v\u00e9los \u00e0 Assistance \u00e9lectrique pour Adultes - CBS Electro<\/title>\n<meta name=\"robots\" content=\"index, follow, max-snippet:-1, max-image-preview:large, max-video-preview:-1\" \/>\n<link rel=\"canonical\" href=\"https:\/\/cbs-electro.com\/index.php\/produit\/hitway-velo-electrique-de-montagne-26-velo-electrique-puissant-36v-12ah-250wshimano-7-vitesses-velos-a-assistance-electrique-pour-adultes\/\" \/>\n<meta property=\"og:locale\" content=\"fr_FR\" \/>\n<meta property=\"og:type\" content=\"article\" \/>\n<meta property=\"og:title\" content=\"HITWAY V\u00e9lo \u00e9lectrique de Montagne 26&quot;, v\u00e9lo \u00e9lectrique Puissant 36V 12Ah 250W,Shimano 7 Vitesses, v\u00e9los \u00e0 Assistance \u00e9lectrique pour Adultes - CBS Electro\" \/>\n<meta property=\"og:description\" content=\"Type de v\u00e9lo V\u00e9lo \u00e9lectrique, V\u00e9lo de montagne Tranche d&rsquo;\u00e2ge (description) Adulte Marque HITWAY Nombre de vitesses 7 Couleur BK7S-NK-EU\" \/>\n<meta property=\"og:url\" content=\"https:\/\/cbs-electro.com\/index.php\/produit\/hitway-velo-electrique-de-montagne-26-velo-electrique-puissant-36v-12ah-250wshimano-7-vitesses-velos-a-assistance-electrique-pour-adultes\/\" \/>\n<meta property=\"og:site_name\" content=\"CBS Electro\" \/>\n<meta property=\"article:modified_time\" content=\"2025-03-12T15:40:04+00:00\" \/>\n<meta property=\"og:image\" content=\"https:\/\/cbs-electro.com\/wp-content\/uploads\/2023\/11\/71yq0WFUtxL._AC_SL1500_.jpg\" \/>\n\t<meta property=\"og:image:width\" content=\"1500\" \/>\n\t<meta property=\"og:image:height\" content=\"1482\" \/>\n\t<meta property=\"og:image:type\" content=\"image\/jpeg\" \/>\n<meta name=\"twitter:card\" content=\"summary_large_image\" \/>\n<meta name=\"twitter:label1\" content=\"Dur\u00e9e de lecture estim\u00e9e\" \/>\n\t<meta name=\"twitter:data1\" content=\"2 minutes\" \/>\n<script type=\"application\/ld+json\" class=\"yoast-schema-graph\">{\"@context\":\"https:\/\/schema.org\",\"@graph\":[{\"@type\":\"WebPage\",\"@id\":\"https:\/\/cbs-electro.com\/index.php\/produit\/hitway-velo-electrique-de-montagne-26-velo-electrique-puissant-36v-12ah-250wshimano-7-vitesses-velos-a-assistance-electrique-pour-adultes\/\",\"url\":\"https:\/\/cbs-electro.com\/index.php\/produit\/hitway-velo-electrique-de-montagne-26-velo-electrique-puissant-36v-12ah-250wshimano-7-vitesses-velos-a-assistance-electrique-pour-adultes\/\",\"name\":\"HITWAY V\u00e9lo \u00e9lectrique de Montagne 26\\\", v\u00e9lo \u00e9lectrique Puissant 36V 12Ah 250W,Shimano 7 Vitesses, v\u00e9los \u00e0 Assistance \u00e9lectrique pour Adultes - CBS Electro\",\"isPartOf\":{\"@id\":\"https:\/\/www.cbs-electro.com\/#website\"},\"primaryImageOfPage\":{\"@id\":\"https:\/\/cbs-electro.com\/index.php\/produit\/hitway-velo-electrique-de-montagne-26-velo-electrique-puissant-36v-12ah-250wshimano-7-vitesses-velos-a-assistance-electrique-pour-adultes\/#primaryimage\"},\"image\":{\"@id\":\"https:\/\/cbs-electro.com\/index.php\/produit\/hitway-velo-electrique-de-montagne-26-velo-electrique-puissant-36v-12ah-250wshimano-7-vitesses-velos-a-assistance-electrique-pour-adultes\/#primaryimage\"},\"thumbnailUrl\":\"https:\/\/cbs-electro.com\/wp-content\/uploads\/2023\/11\/71yq0WFUtxL._AC_SL1500_.jpg\",\"datePublished\":\"2023-11-15T13:46:34+00:00\",\"dateModified\":\"2025-03-12T15:40:04+00:00\",\"breadcrumb\":{\"@id\":\"https:\/\/cbs-electro.com\/index.php\/produit\/hitway-velo-electrique-de-montagne-26-velo-electrique-puissant-36v-12ah-250wshimano-7-vitesses-velos-a-assistance-electrique-pour-adultes\/#breadcrumb\"},\"inLanguage\":\"fr-FR\",\"potentialAction\":[{\"@type\":\"ReadAction\",\"target\":[\"https:\/\/cbs-electro.com\/index.php\/produit\/hitway-velo-electrique-de-montagne-26-velo-electrique-puissant-36v-12ah-250wshimano-7-vitesses-velos-a-assistance-electrique-pour-adultes\/\"]}]},{\"@type\":\"ImageObject\",\"inLanguage\":\"fr-FR\",\"@id\":\"https:\/\/cbs-electro.com\/index.php\/produit\/hitway-velo-electrique-de-montagne-26-velo-electrique-puissant-36v-12ah-250wshimano-7-vitesses-velos-a-assistance-electrique-pour-adultes\/#primaryimage\",\"url\":\"https:\/\/cbs-electro.com\/wp-content\/uploads\/2023\/11\/71yq0WFUtxL._AC_SL1500_.jpg\",\"contentUrl\":\"https:\/\/cbs-electro.com\/wp-content\/uploads\/2023\/11\/71yq0WFUtxL._AC_SL1500_.jpg\",\"width\":1500,\"height\":1482},{\"@type\":\"BreadcrumbList\",\"@id\":\"https:\/\/cbs-electro.com\/index.php\/produit\/hitway-velo-electrique-de-montagne-26-velo-electrique-puissant-36v-12ah-250wshimano-7-vitesses-velos-a-assistance-electrique-pour-adultes\/#breadcrumb\",\"itemListElement\":[{\"@type\":\"ListItem\",\"position\":1,\"name\":\"Accueil\",\"item\":\"https:\/\/www.cbs-electro.com\/\"},{\"@type\":\"ListItem\",\"position\":2,\"name\":\"Boutique\",\"item\":\"https:\/\/www.cbs-electro.com\/index.php\/boutique\/\"},{\"@type\":\"ListItem\",\"position\":3,\"name\":\"HITWAY V\u00e9lo \u00e9lectrique de Montagne 26&Prime;, v\u00e9lo \u00e9lectrique Puissant 36V 12Ah 250W,Shimano 7 Vitesses, v\u00e9los \u00e0 Assistance \u00e9lectrique pour Adultes\"}]},{\"@type\":\"WebSite\",\"@id\":\"https:\/\/www.cbs-electro.com\/#website\",\"url\":\"https:\/\/www.cbs-electro.com\/\",\"name\":\"CBS Electro\",\"description\":\"Vente des produits neufs - Informatique, Smartphones, livres, jeux vid\u00e9o, photos, jouets et \u00e9lectrom\u00e9nager\",\"potentialAction\":[{\"@type\":\"SearchAction\",\"target\":{\"@type\":\"EntryPoint\",\"urlTemplate\":\"https:\/\/www.cbs-electro.com\/?s={search_term_string}\"},\"query-input\":{\"@type\":\"PropertyValueSpecification\",\"valueRequired\":true,\"valueName\":\"search_term_string\"}}],\"inLanguage\":\"fr-FR\"}]}<\/script>\n<!-- \/ Yoast SEO plugin. -->","yoast_head_json":{"title":"HITWAY V\u00e9lo \u00e9lectrique de Montagne 26\", v\u00e9lo \u00e9lectrique Puissant 36V 12Ah 250W,Shimano 7 Vitesses, v\u00e9los \u00e0 Assistance \u00e9lectrique pour Adultes - CBS Electro","robots":{"index":"index","follow":"follow","max-snippet":"max-snippet:-1","max-image-preview":"max-image-preview:large","max-video-preview":"max-video-preview:-1"},"canonical":"https:\/\/cbs-electro.com\/index.php\/produit\/hitway-velo-electrique-de-montagne-26-velo-electrique-puissant-36v-12ah-250wshimano-7-vitesses-velos-a-assistance-electrique-pour-adultes\/","og_locale":"fr_FR","og_type":"article","og_title":"HITWAY V\u00e9lo \u00e9lectrique de Montagne 26\", v\u00e9lo \u00e9lectrique Puissant 36V 12Ah 250W,Shimano 7 Vitesses, v\u00e9los \u00e0 Assistance \u00e9lectrique pour Adultes - CBS Electro","og_description":"Type de v\u00e9lo V\u00e9lo \u00e9lectrique, V\u00e9lo de montagne Tranche d&rsquo;\u00e2ge (description) Adulte Marque HITWAY Nombre de vitesses 7 Couleur BK7S-NK-EU","og_url":"https:\/\/cbs-electro.com\/index.php\/produit\/hitway-velo-electrique-de-montagne-26-velo-electrique-puissant-36v-12ah-250wshimano-7-vitesses-velos-a-assistance-electrique-pour-adultes\/","og_site_name":"CBS Electro","article_modified_time":"2025-03-12T15:40:04+00:00","og_image":[{"width":1500,"height":1482,"url":"https:\/\/cbs-electro.com\/wp-content\/uploads\/2023\/11\/71yq0WFUtxL._AC_SL1500_.jpg","type":"image\/jpeg"}],"twitter_card":"summary_large_image","twitter_misc":{"Dur\u00e9e de lecture estim\u00e9e":"2 minutes"},"schema":{"@context":"https:\/\/schema.org","@graph":[{"@type":"WebPage","@id":"https:\/\/cbs-electro.com\/index.php\/produit\/hitway-velo-electrique-de-montagne-26-velo-electrique-puissant-36v-12ah-250wshimano-7-vitesses-velos-a-assistance-electrique-pour-adultes\/","url":"https:\/\/cbs-electro.com\/index.php\/produit\/hitway-velo-electrique-de-montagne-26-velo-electrique-puissant-36v-12ah-250wshimano-7-vitesses-velos-a-assistance-electrique-pour-adultes\/","name":"HITWAY V\u00e9lo \u00e9lectrique de Montagne 26\", v\u00e9lo \u00e9lectrique Puissant 36V 12Ah 250W,Shimano 7 Vitesses, v\u00e9los \u00e0 Assistance \u00e9lectrique pour Adultes - CBS Electro","isPartOf":{"@id":"https:\/\/www.cbs-electro.com\/#website"},"primaryImageOfPage":{"@id":"https:\/\/cbs-electro.com\/index.php\/produit\/hitway-velo-electrique-de-montagne-26-velo-electrique-puissant-36v-12ah-250wshimano-7-vitesses-velos-a-assistance-electrique-pour-adultes\/#primaryimage"},"image":{"@id":"https:\/\/cbs-electro.com\/index.php\/produit\/hitway-velo-electrique-de-montagne-26-velo-electrique-puissant-36v-12ah-250wshimano-7-vitesses-velos-a-assistance-electrique-pour-adultes\/#primaryimage"},"thumbnailUrl":"https:\/\/cbs-electro.com\/wp-content\/uploads\/2023\/11\/71yq0WFUtxL._AC_SL1500_.jpg","datePublished":"2023-11-15T13:46:34+00:00","dateModified":"2025-03-12T15:40:04+00:00","breadcrumb":{"@id":"https:\/\/cbs-electro.com\/index.php\/produit\/hitway-velo-electrique-de-montagne-26-velo-electrique-puissant-36v-12ah-250wshimano-7-vitesses-velos-a-assistance-electrique-pour-adultes\/#breadcrumb"},"inLanguage":"fr-FR","potentialAction":[{"@type":"ReadAction","target":["https:\/\/cbs-electro.com\/index.php\/produit\/hitway-velo-electrique-de-montagne-26-velo-electrique-puissant-36v-12ah-250wshimano-7-vitesses-velos-a-assistance-electrique-pour-adultes\/"]}]},{"@type":"ImageObject","inLanguage":"fr-FR","@id":"https:\/\/cbs-electro.com\/index.php\/produit\/hitway-velo-electrique-de-montagne-26-velo-electrique-puissant-36v-12ah-250wshimano-7-vitesses-velos-a-assistance-electrique-pour-adultes\/#primaryimage","url":"https:\/\/cbs-electro.com\/wp-content\/uploads\/2023\/11\/71yq0WFUtxL._AC_SL1500_.jpg","contentUrl":"https:\/\/cbs-electro.com\/wp-content\/uploads\/2023\/11\/71yq0WFUtxL._AC_SL1500_.jpg","width":1500,"height":1482},{"@type":"BreadcrumbList","@id":"https:\/\/cbs-electro.com\/index.php\/produit\/hitway-velo-electrique-de-montagne-26-velo-electrique-puissant-36v-12ah-250wshimano-7-vitesses-velos-a-assistance-electrique-pour-adultes\/#breadcrumb","itemListElement":[{"@type":"ListItem","position":1,"name":"Accueil","item":"https:\/\/www.cbs-electro.com\/"},{"@type":"ListItem","position":2,"name":"Boutique","item":"https:\/\/www.cbs-electro.com\/index.php\/boutique\/"},{"@type":"ListItem","position":3,"name":"HITWAY V\u00e9lo \u00e9lectrique de Montagne 26&Prime;, v\u00e9lo \u00e9lectrique Puissant 36V 12Ah 250W,Shimano 7 Vitesses, v\u00e9los \u00e0 Assistance \u00e9lectrique pour Adultes"}]},{"@type":"WebSite","@id":"https:\/\/www.cbs-electro.com\/#website","url":"https:\/\/www.cbs-electro.com\/","name":"CBS Electro","description":"Vente des produits neufs - Informatique, Smartphones, livres, jeux vid\u00e9o, photos, jouets et \u00e9lectrom\u00e9nager","potentialAction":[{"@type":"SearchAction","target":{"@type":"EntryPoint","urlTemplate":"https:\/\/www.cbs-electro.com\/?s={search_term_string}"},"query-input":{"@type":"PropertyValueSpecification","valueRequired":true,"valueName":"search_term_string"}}],"inLanguage":"fr-FR"}]}},"_links":{"self":[{"href":"https:\/\/cbs-electro.com\/index.php\/wp-json\/wp\/v2\/product\/13878","targetHints":{"allow":["GET"]}}],"collection":[{"href":"https:\/\/cbs-electro.com\/index.php\/wp-json\/wp\/v2\/product"}],"about":[{"href":"https:\/\/cbs-electro.com\/index.php\/wp-json\/wp\/v2\/types\/product"}],"version-history":[{"count":1,"href":"https:\/\/cbs-electro.com\/index.php\/wp-json\/wp\/v2\/product\/13878\/revisions"}],"predecessor-version":[{"id":14055,"href":"https:\/\/cbs-electro.com\/index.php\/wp-json\/wp\/v2\/product\/13878\/revisions\/14055"}],"wp:featuredmedia":[{"embeddable":true,"href":"https:\/\/cbs-electro.com\/index.php\/wp-json\/wp\/v2\/media\/14049"}],"wp:attachment":[{"href":"https:\/\/cbs-electro.com\/index.php\/wp-json\/wp\/v2\/media?parent=13878"}],"wp:term":[{"taxonomy":"product_brand","embeddable":true,"href":"https:\/\/cbs-electro.com\/index.php\/wp-json\/wp\/v2\/product_brand?post=13878"},{"taxonomy":"product_cat","embeddable":true,"href":"https:\/\/cbs-electro.com\/index.php\/wp-json\/wp\/v2\/product_cat?post=13878"},{"taxonomy":"product_tag","embeddable":true,"href":"https:\/\/cbs-electro.com\/index.php\/wp-json\/wp\/v2\/product_tag?post=13878"}],"curies":[{"name":"wp","href":"https:\/\/api.w.org\/{rel}","templated":true}]}}