{"id":13876,"date":"2023-11-15T14:46:34","date_gmt":"2023-11-15T13:46:34","guid":{"rendered":"https:\/?post_type=product&#038;p=13876"},"modified":"2023-11-15T14:48:08","modified_gmt":"2023-11-15T13:48:08","slug":"tacx-neo-2t-smart-support-dentrainement-pour-velo","status":"publish","type":"product","link":"https:\/\/cbs-electro.com\/index.php\/produit\/tacx-neo-2t-smart-support-dentrainement-pour-velo\/","title":{"rendered":"TacX Neo 2T Smart Support D\u2019entra\u00eenement Pour V\u00e9lo"},"content":{"rendered":"<p>Type de v\u00e9lo V\u00e9lo de route<br \/>\nMarque Tacx<br \/>\nFabricant TACX<br \/>\nR\u00e9f\u00e9rence constructeur T2875.61<br \/>\nPoids de l&rsquo;article 24.9 kilogrammes<br \/>\nASIN B07YC5LSRT<\/p>\n<p>Description du produit<\/p>\n<p>Pinacle de l\u2019entra\u00eenement cycliste d\u2019int\u00e9rieur, le Tacx NEO 2T Smart est un support d\u2019entra\u00eenement de pointe. Gr\u00e2ce \u00e0 son syst\u00e8me d\u2019entra\u00eenement direct Smart, il est encore plus silencieux et puissant. Le moteur a \u00e9t\u00e9 repens\u00e9 pour offrir une exp\u00e9rience de p\u00e9dalage et une sensation de course en int\u00e9rieur optimale, en particulier dans les mont\u00e9es et les sprints. Neo 2T Smart est plus silencieux que jamais et sans aucun doute le support d\u2019entra\u00eenement pour v\u00e9lo le plus puissant, r\u00e9aliste et pr\u00e9cis. Caract\u00e9ristiques : Type de support d\u2019entra\u00eenement : entra\u00eenement direct Interactive Smart avec frein moteur. Aimants : 32 aimants au n\u00e9odyme. Transmission : aucune. Indications \u00e9lectriques : 110 &#8211; 240 V ; branchement optionnel sur secteur. Indicateur d\u2019alimentation : LED multicolore, point lumineux au sol. Indicateur de connexion (ANT\/Bluetooth) : 2 LED. Possibilit\u00e9 de mise \u00e0 jour du firmware : oui. Cassettes adapt\u00e9es : ne convient pas \u00e0 un syst\u00e8me SCS sp\u00e9cialis\u00e9. Shimano et SRAM de 8 \u00e0 12 vitesses, corps Campagnolo, SRAM XD et XD-R (non inclus). Axe adapt\u00e9s : largeur de la fourche arri\u00e8re : v\u00e9lo de course 130 mm, VTT 135 mm, 142 mm et 148 mm. Adaptateurs 135 x 10 mm disponibles. V\u00e9los compatibles : tous les v\u00e9los. Inclus : entra\u00eenement direct \u00e0 fixation rapide avec kit d&rsquo;adaptation 142 x 12 mm et 148 x 12 mm, logiciel Tacx Premium pour un mois, support de roue avant, fixation rapide pour v\u00e9los de route et VTT (5 mm). Caract\u00e9ristiques : Vitesse maximale : 40 km\/h. Puissance maximale : 2200 W. Pente maximale : 25 %. Simulation de descente : oui. Couple maximum : 85 Nm. Force de freinage maximale : 250 N. Volant d\u2019inertie : virtuel. Inertie de masse : variable jusqu&rsquo;\u00e0 125 kg. \u00c9talonnage : aucun \u00e9talonnage n\u00e9cessaire. Encombrement (L x l) : 575 x 750 mm.<\/p>\n","protected":false},"excerpt":{"rendered":"<p>Type de v\u00e9lo V\u00e9lo de route Marque Tacx Fabricant TACX R\u00e9f\u00e9rence constructeur T2875.61 Poids de l&rsquo;article 24.9 kilogrammes ASIN B07YC5LSRT<\/p>\n","protected":false},"featured_media":14038,"template":"","meta":[],"product_brand":[],"product_cat":[77,78],"product_tag":[],"class_list":{"0":"post-13876","1":"product","2":"type-product","3":"status-publish","4":"has-post-thumbnail","6":"product_cat-sports-loisirs","7":"product_cat-velo-electrique","9":"first","10":"instock","11":"sale","12":"taxable","13":"shipping-taxable","14":"purchasable","15":"product-type-simple"},"yoast_head":"<!-- This site is optimized with the Yoast SEO plugin v24.8.1 - https:\/\/yoast.com\/wordpress\/plugins\/seo\/ -->\n<title>TacX Neo 2T Smart Support D\u2019entra\u00eenement Pour V\u00e9lo - CBS Electro<\/title>\n<meta name=\"robots\" content=\"index, follow, max-snippet:-1, max-image-preview:large, max-video-preview:-1\" \/>\n<link rel=\"canonical\" href=\"https:\/\/cbs-electro.com\/index.php\/produit\/tacx-neo-2t-smart-support-dentrainement-pour-velo\/\" \/>\n<meta property=\"og:locale\" content=\"fr_FR\" \/>\n<meta property=\"og:type\" content=\"article\" \/>\n<meta property=\"og:title\" content=\"TacX Neo 2T Smart Support D\u2019entra\u00eenement Pour V\u00e9lo - CBS Electro\" \/>\n<meta property=\"og:description\" content=\"Type de v\u00e9lo V\u00e9lo de route Marque Tacx Fabricant TACX R\u00e9f\u00e9rence constructeur T2875.61 Poids de l&rsquo;article 24.9 kilogrammes ASIN B07YC5LSRT\" \/>\n<meta property=\"og:url\" content=\"https:\/\/cbs-electro.com\/index.php\/produit\/tacx-neo-2t-smart-support-dentrainement-pour-velo\/\" \/>\n<meta property=\"og:site_name\" content=\"CBS Electro\" \/>\n<meta property=\"article:modified_time\" content=\"2023-11-15T13:48:08+00:00\" \/>\n<meta property=\"og:image\" content=\"https:\/\/cbs-electro.com\/wp-content\/uploads\/2023\/11\/tacx-neo-2t-smart-support-dentrainement-pour-velo.jpg\" \/>\n\t<meta property=\"og:image:width\" content=\"800\" \/>\n\t<meta property=\"og:image:height\" content=\"800\" \/>\n\t<meta property=\"og:image:type\" content=\"image\/jpeg\" \/>\n<meta name=\"twitter:card\" content=\"summary_large_image\" \/>\n<meta name=\"twitter:label1\" content=\"Dur\u00e9e de lecture estim\u00e9e\" \/>\n\t<meta name=\"twitter:data1\" content=\"2 minutes\" \/>\n<script type=\"application\/ld+json\" class=\"yoast-schema-graph\">{\"@context\":\"https:\/\/schema.org\",\"@graph\":[{\"@type\":\"WebPage\",\"@id\":\"https:\/\/cbs-electro.com\/index.php\/produit\/tacx-neo-2t-smart-support-dentrainement-pour-velo\/\",\"url\":\"https:\/\/cbs-electro.com\/index.php\/produit\/tacx-neo-2t-smart-support-dentrainement-pour-velo\/\",\"name\":\"TacX Neo 2T Smart Support D\u2019entra\u00eenement Pour V\u00e9lo - CBS Electro\",\"isPartOf\":{\"@id\":\"https:\/\/www.cbs-electro.com\/#website\"},\"primaryImageOfPage\":{\"@id\":\"https:\/\/cbs-electro.com\/index.php\/produit\/tacx-neo-2t-smart-support-dentrainement-pour-velo\/#primaryimage\"},\"image\":{\"@id\":\"https:\/\/cbs-electro.com\/index.php\/produit\/tacx-neo-2t-smart-support-dentrainement-pour-velo\/#primaryimage\"},\"thumbnailUrl\":\"https:\/\/cbs-electro.com\/wp-content\/uploads\/2023\/11\/tacx-neo-2t-smart-support-dentrainement-pour-velo.jpg\",\"datePublished\":\"2023-11-15T13:46:34+00:00\",\"dateModified\":\"2023-11-15T13:48:08+00:00\",\"breadcrumb\":{\"@id\":\"https:\/\/cbs-electro.com\/index.php\/produit\/tacx-neo-2t-smart-support-dentrainement-pour-velo\/#breadcrumb\"},\"inLanguage\":\"fr-FR\",\"potentialAction\":[{\"@type\":\"ReadAction\",\"target\":[\"https:\/\/cbs-electro.com\/index.php\/produit\/tacx-neo-2t-smart-support-dentrainement-pour-velo\/\"]}]},{\"@type\":\"ImageObject\",\"inLanguage\":\"fr-FR\",\"@id\":\"https:\/\/cbs-electro.com\/index.php\/produit\/tacx-neo-2t-smart-support-dentrainement-pour-velo\/#primaryimage\",\"url\":\"https:\/\/cbs-electro.com\/wp-content\/uploads\/2023\/11\/tacx-neo-2t-smart-support-dentrainement-pour-velo.jpg\",\"contentUrl\":\"https:\/\/cbs-electro.com\/wp-content\/uploads\/2023\/11\/tacx-neo-2t-smart-support-dentrainement-pour-velo.jpg\",\"width\":800,\"height\":800},{\"@type\":\"BreadcrumbList\",\"@id\":\"https:\/\/cbs-electro.com\/index.php\/produit\/tacx-neo-2t-smart-support-dentrainement-pour-velo\/#breadcrumb\",\"itemListElement\":[{\"@type\":\"ListItem\",\"position\":1,\"name\":\"Accueil\",\"item\":\"https:\/\/www.cbs-electro.com\/\"},{\"@type\":\"ListItem\",\"position\":2,\"name\":\"Boutique\",\"item\":\"https:\/\/www.cbs-electro.com\/index.php\/boutique\/\"},{\"@type\":\"ListItem\",\"position\":3,\"name\":\"TacX Neo 2T Smart Support D\u2019entra\u00eenement Pour V\u00e9lo\"}]},{\"@type\":\"WebSite\",\"@id\":\"https:\/\/www.cbs-electro.com\/#website\",\"url\":\"https:\/\/www.cbs-electro.com\/\",\"name\":\"CBS Electro\",\"description\":\"Vente des produits neufs - Informatique, Smartphones, livres, jeux vid\u00e9o, photos, jouets et \u00e9lectrom\u00e9nager\",\"potentialAction\":[{\"@type\":\"SearchAction\",\"target\":{\"@type\":\"EntryPoint\",\"urlTemplate\":\"https:\/\/www.cbs-electro.com\/?s={search_term_string}\"},\"query-input\":{\"@type\":\"PropertyValueSpecification\",\"valueRequired\":true,\"valueName\":\"search_term_string\"}}],\"inLanguage\":\"fr-FR\"}]}<\/script>\n<!-- \/ Yoast SEO plugin. -->","yoast_head_json":{"title":"TacX Neo 2T Smart Support D\u2019entra\u00eenement Pour V\u00e9lo - CBS Electro","robots":{"index":"index","follow":"follow","max-snippet":"max-snippet:-1","max-image-preview":"max-image-preview:large","max-video-preview":"max-video-preview:-1"},"canonical":"https:\/\/cbs-electro.com\/index.php\/produit\/tacx-neo-2t-smart-support-dentrainement-pour-velo\/","og_locale":"fr_FR","og_type":"article","og_title":"TacX Neo 2T Smart Support D\u2019entra\u00eenement Pour V\u00e9lo - CBS Electro","og_description":"Type de v\u00e9lo V\u00e9lo de route Marque Tacx Fabricant TACX R\u00e9f\u00e9rence constructeur T2875.61 Poids de l&rsquo;article 24.9 kilogrammes ASIN B07YC5LSRT","og_url":"https:\/\/cbs-electro.com\/index.php\/produit\/tacx-neo-2t-smart-support-dentrainement-pour-velo\/","og_site_name":"CBS Electro","article_modified_time":"2023-11-15T13:48:08+00:00","og_image":[{"width":800,"height":800,"url":"https:\/\/cbs-electro.com\/wp-content\/uploads\/2023\/11\/tacx-neo-2t-smart-support-dentrainement-pour-velo.jpg","type":"image\/jpeg"}],"twitter_card":"summary_large_image","twitter_misc":{"Dur\u00e9e de lecture estim\u00e9e":"2 minutes"},"schema":{"@context":"https:\/\/schema.org","@graph":[{"@type":"WebPage","@id":"https:\/\/cbs-electro.com\/index.php\/produit\/tacx-neo-2t-smart-support-dentrainement-pour-velo\/","url":"https:\/\/cbs-electro.com\/index.php\/produit\/tacx-neo-2t-smart-support-dentrainement-pour-velo\/","name":"TacX Neo 2T Smart Support D\u2019entra\u00eenement Pour V\u00e9lo - CBS Electro","isPartOf":{"@id":"https:\/\/www.cbs-electro.com\/#website"},"primaryImageOfPage":{"@id":"https:\/\/cbs-electro.com\/index.php\/produit\/tacx-neo-2t-smart-support-dentrainement-pour-velo\/#primaryimage"},"image":{"@id":"https:\/\/cbs-electro.com\/index.php\/produit\/tacx-neo-2t-smart-support-dentrainement-pour-velo\/#primaryimage"},"thumbnailUrl":"https:\/\/cbs-electro.com\/wp-content\/uploads\/2023\/11\/tacx-neo-2t-smart-support-dentrainement-pour-velo.jpg","datePublished":"2023-11-15T13:46:34+00:00","dateModified":"2023-11-15T13:48:08+00:00","breadcrumb":{"@id":"https:\/\/cbs-electro.com\/index.php\/produit\/tacx-neo-2t-smart-support-dentrainement-pour-velo\/#breadcrumb"},"inLanguage":"fr-FR","potentialAction":[{"@type":"ReadAction","target":["https:\/\/cbs-electro.com\/index.php\/produit\/tacx-neo-2t-smart-support-dentrainement-pour-velo\/"]}]},{"@type":"ImageObject","inLanguage":"fr-FR","@id":"https:\/\/cbs-electro.com\/index.php\/produit\/tacx-neo-2t-smart-support-dentrainement-pour-velo\/#primaryimage","url":"https:\/\/cbs-electro.com\/wp-content\/uploads\/2023\/11\/tacx-neo-2t-smart-support-dentrainement-pour-velo.jpg","contentUrl":"https:\/\/cbs-electro.com\/wp-content\/uploads\/2023\/11\/tacx-neo-2t-smart-support-dentrainement-pour-velo.jpg","width":800,"height":800},{"@type":"BreadcrumbList","@id":"https:\/\/cbs-electro.com\/index.php\/produit\/tacx-neo-2t-smart-support-dentrainement-pour-velo\/#breadcrumb","itemListElement":[{"@type":"ListItem","position":1,"name":"Accueil","item":"https:\/\/www.cbs-electro.com\/"},{"@type":"ListItem","position":2,"name":"Boutique","item":"https:\/\/www.cbs-electro.com\/index.php\/boutique\/"},{"@type":"ListItem","position":3,"name":"TacX Neo 2T Smart Support D\u2019entra\u00eenement Pour V\u00e9lo"}]},{"@type":"WebSite","@id":"https:\/\/www.cbs-electro.com\/#website","url":"https:\/\/www.cbs-electro.com\/","name":"CBS Electro","description":"Vente des produits neufs - Informatique, Smartphones, livres, jeux vid\u00e9o, photos, jouets et \u00e9lectrom\u00e9nager","potentialAction":[{"@type":"SearchAction","target":{"@type":"EntryPoint","urlTemplate":"https:\/\/www.cbs-electro.com\/?s={search_term_string}"},"query-input":{"@type":"PropertyValueSpecification","valueRequired":true,"valueName":"search_term_string"}}],"inLanguage":"fr-FR"}]}},"_links":{"self":[{"href":"https:\/\/cbs-electro.com\/index.php\/wp-json\/wp\/v2\/product\/13876","targetHints":{"allow":["GET"]}}],"collection":[{"href":"https:\/\/cbs-electro.com\/index.php\/wp-json\/wp\/v2\/product"}],"about":[{"href":"https:\/\/cbs-electro.com\/index.php\/wp-json\/wp\/v2\/types\/product"}],"version-history":[{"count":1,"href":"https:\/\/cbs-electro.com\/index.php\/wp-json\/wp\/v2\/product\/13876\/revisions"}],"predecessor-version":[{"id":14042,"href":"https:\/\/cbs-electro.com\/index.php\/wp-json\/wp\/v2\/product\/13876\/revisions\/14042"}],"wp:featuredmedia":[{"embeddable":true,"href":"https:\/\/cbs-electro.com\/index.php\/wp-json\/wp\/v2\/media\/14038"}],"wp:attachment":[{"href":"https:\/\/cbs-electro.com\/index.php\/wp-json\/wp\/v2\/media?parent=13876"}],"wp:term":[{"taxonomy":"product_brand","embeddable":true,"href":"https:\/\/cbs-electro.com\/index.php\/wp-json\/wp\/v2\/product_brand?post=13876"},{"taxonomy":"product_cat","embeddable":true,"href":"https:\/\/cbs-electro.com\/index.php\/wp-json\/wp\/v2\/product_cat?post=13876"},{"taxonomy":"product_tag","embeddable":true,"href":"https:\/\/cbs-electro.com\/index.php\/wp-json\/wp\/v2\/product_tag?post=13876"}],"curies":[{"name":"wp","href":"https:\/\/api.w.org\/{rel}","templated":true}]}}