{"id":13874,"date":"2023-11-15T14:46:33","date_gmt":"2023-11-15T13:46:33","guid":{"rendered":"https:\/?post_type=product&#038;p=13874"},"modified":"2025-03-12T16:42:58","modified_gmt":"2025-03-12T15:42:58","slug":"velo-electrique-urbanbiker-vtc-modele-viena-moteur-de-350-w-batterie-lithium-samsumg-840-wh","status":"publish","type":"product","link":"https:\/\/cbs-electro.com\/index.php\/produit\/velo-electrique-urbanbiker-vtc-modele-viena-moteur-de-350-w-batterie-lithium-samsumg-840-wh\/","title":{"rendered":"V\u00e9lo \u00e9lectrique URBANBIKER VTC mod\u00e8le VIENA. Moteur de 350 W, Batterie Lithium Samsumg 840 Wh"},"content":{"rendered":"<p>Tailles disponible :\u00a0 S &#8211; M &#8211; L- XL<\/p>\n<p>V\u00e9lo \u00e9lectrique URBANBIKER VTC mod\u00e8le VIENA. Moteur de 350 W, Batterie Lithium Samsumg 840 Wh (48 V 17,5 Ah), avec Freins hydrauliques Shimano<\/p>\n<p>V\u00e9lo VTC \u00e9lectrique mod\u00e8le VIENA Urbanbiker avec une batterie Samsung lithium ION de 840 Wh (48v 17.5Ah) . Le chargeur est inclu. En mode \u00e9co, l&rsquo;autonomie peut atteindre 160 km.<\/p>\n<p>Moteur de 350 W tr\u00e8s fiable, d\u00e9velopp\u00e9 par UBK Systems, est capable d&rsquo;un couple de 50 Nm ,equip\u00e9 aussi d\u2019un contr\u00f4leur de derni\u00e8re g\u00e9n\u00e9ration (FOC) et un senseur PAS de 24 pulse . Tout pour une conduction plus effincient et progressive. Les freins hydrauliques Shimano am\u00e9liorent consid\u00e9rablement la s\u00e9curit\u00e9 et la confiance sur la route.<\/p>\n<p>Ce v\u00e9lo est \u00e9quip\u00e9 de plusieurs caract\u00e9ristiques de confort, dont des poign\u00e9es ergonomiques, une selle en gel, un amortisseur avant et tige suspendue. Les roues utilis\u00e9es sont Michelin Protek Cross anti-crevaison. Potence Promax ajustable et r\u00e9glable .<\/p>\n<p>Le display num\u00e9rique comprend 5 niveaux d\u2019assistance, un compteur de vitesse, un compteur kilom\u00e9trique et d\u2019autres informations pr\u00e9cises, ainsi qu&rsquo;un mode d&rsquo;assistance automatique \u00e0 6 km\/h.<\/p>\n<p>15\u20ac frais de transport pour la France m\u00e9tropolitaine, 95 % assembl\u00e9 (il faut juste assembler le guidon et les p\u00e9dales), avec guide d&rsquo;utillisateur en 4 langues (espagnol, anglais, fran\u00e7ais et allemand) et certificat d&rsquo;homologation.<\/p>\n","protected":false},"excerpt":{"rendered":"<p>Tailles disponible :\u00a0 S &#8211; M &#8211; L- XL V\u00e9lo \u00e9lectrique URBANBIKER VTC mod\u00e8le VIENA. Moteur de 350 W, Batterie<\/p>\n","protected":false},"featured_media":14024,"template":"","meta":[],"product_brand":[],"product_cat":[77,78],"product_tag":[],"class_list":{"0":"post-13874","1":"product","2":"type-product","3":"status-publish","4":"has-post-thumbnail","6":"product_cat-sports-loisirs","7":"product_cat-velo-electrique","9":"first","10":"instock","11":"taxable","12":"shipping-taxable","13":"purchasable","14":"product-type-simple"},"yoast_head":"<!-- This site is optimized with the Yoast SEO plugin v24.8.1 - https:\/\/yoast.com\/wordpress\/plugins\/seo\/ -->\n<title>V\u00e9lo \u00e9lectrique URBANBIKER VTC mod\u00e8le VIENA. Moteur de 350 W, Batterie Lithium Samsumg 840 Wh - CBS Electro<\/title>\n<meta name=\"robots\" content=\"index, follow, max-snippet:-1, max-image-preview:large, max-video-preview:-1\" \/>\n<link rel=\"canonical\" href=\"https:\/\/cbs-electro.com\/index.php\/produit\/velo-electrique-urbanbiker-vtc-modele-viena-moteur-de-350-w-batterie-lithium-samsumg-840-wh\/\" \/>\n<meta property=\"og:locale\" content=\"fr_FR\" \/>\n<meta property=\"og:type\" content=\"article\" \/>\n<meta property=\"og:title\" content=\"V\u00e9lo \u00e9lectrique URBANBIKER VTC mod\u00e8le VIENA. Moteur de 350 W, Batterie Lithium Samsumg 840 Wh - CBS Electro\" \/>\n<meta property=\"og:description\" content=\"Tailles disponible :\u00a0 S &#8211; M &#8211; L- XL V\u00e9lo \u00e9lectrique URBANBIKER VTC mod\u00e8le VIENA. Moteur de 350 W, Batterie\" \/>\n<meta property=\"og:url\" content=\"https:\/\/cbs-electro.com\/index.php\/produit\/velo-electrique-urbanbiker-vtc-modele-viena-moteur-de-350-w-batterie-lithium-samsumg-840-wh\/\" \/>\n<meta property=\"og:site_name\" content=\"CBS Electro\" \/>\n<meta property=\"article:modified_time\" content=\"2025-03-12T15:42:58+00:00\" \/>\n<meta property=\"og:image\" content=\"https:\/\/cbs-electro.com\/wp-content\/uploads\/2023\/11\/velo-electrique-urbanbiker-vtc-modele-viena-moteur-de-350-w-batterie-lithium-samsumg-840-wh.jpg\" \/>\n\t<meta property=\"og:image:width\" content=\"800\" \/>\n\t<meta property=\"og:image:height\" content=\"800\" \/>\n\t<meta property=\"og:image:type\" content=\"image\/jpeg\" \/>\n<meta name=\"twitter:card\" content=\"summary_large_image\" \/>\n<meta name=\"twitter:label1\" content=\"Dur\u00e9e de lecture estim\u00e9e\" \/>\n\t<meta name=\"twitter:data1\" content=\"1 minute\" \/>\n<script type=\"application\/ld+json\" class=\"yoast-schema-graph\">{\"@context\":\"https:\/\/schema.org\",\"@graph\":[{\"@type\":\"WebPage\",\"@id\":\"https:\/\/cbs-electro.com\/index.php\/produit\/velo-electrique-urbanbiker-vtc-modele-viena-moteur-de-350-w-batterie-lithium-samsumg-840-wh\/\",\"url\":\"https:\/\/cbs-electro.com\/index.php\/produit\/velo-electrique-urbanbiker-vtc-modele-viena-moteur-de-350-w-batterie-lithium-samsumg-840-wh\/\",\"name\":\"V\u00e9lo \u00e9lectrique URBANBIKER VTC mod\u00e8le VIENA. Moteur de 350 W, Batterie Lithium Samsumg 840 Wh - CBS Electro\",\"isPartOf\":{\"@id\":\"https:\/\/www.cbs-electro.com\/#website\"},\"primaryImageOfPage\":{\"@id\":\"https:\/\/cbs-electro.com\/index.php\/produit\/velo-electrique-urbanbiker-vtc-modele-viena-moteur-de-350-w-batterie-lithium-samsumg-840-wh\/#primaryimage\"},\"image\":{\"@id\":\"https:\/\/cbs-electro.com\/index.php\/produit\/velo-electrique-urbanbiker-vtc-modele-viena-moteur-de-350-w-batterie-lithium-samsumg-840-wh\/#primaryimage\"},\"thumbnailUrl\":\"https:\/\/cbs-electro.com\/wp-content\/uploads\/2023\/11\/velo-electrique-urbanbiker-vtc-modele-viena-moteur-de-350-w-batterie-lithium-samsumg-840-wh.jpg\",\"datePublished\":\"2023-11-15T13:46:33+00:00\",\"dateModified\":\"2025-03-12T15:42:58+00:00\",\"breadcrumb\":{\"@id\":\"https:\/\/cbs-electro.com\/index.php\/produit\/velo-electrique-urbanbiker-vtc-modele-viena-moteur-de-350-w-batterie-lithium-samsumg-840-wh\/#breadcrumb\"},\"inLanguage\":\"fr-FR\",\"potentialAction\":[{\"@type\":\"ReadAction\",\"target\":[\"https:\/\/cbs-electro.com\/index.php\/produit\/velo-electrique-urbanbiker-vtc-modele-viena-moteur-de-350-w-batterie-lithium-samsumg-840-wh\/\"]}]},{\"@type\":\"ImageObject\",\"inLanguage\":\"fr-FR\",\"@id\":\"https:\/\/cbs-electro.com\/index.php\/produit\/velo-electrique-urbanbiker-vtc-modele-viena-moteur-de-350-w-batterie-lithium-samsumg-840-wh\/#primaryimage\",\"url\":\"https:\/\/cbs-electro.com\/wp-content\/uploads\/2023\/11\/velo-electrique-urbanbiker-vtc-modele-viena-moteur-de-350-w-batterie-lithium-samsumg-840-wh.jpg\",\"contentUrl\":\"https:\/\/cbs-electro.com\/wp-content\/uploads\/2023\/11\/velo-electrique-urbanbiker-vtc-modele-viena-moteur-de-350-w-batterie-lithium-samsumg-840-wh.jpg\",\"width\":800,\"height\":800},{\"@type\":\"BreadcrumbList\",\"@id\":\"https:\/\/cbs-electro.com\/index.php\/produit\/velo-electrique-urbanbiker-vtc-modele-viena-moteur-de-350-w-batterie-lithium-samsumg-840-wh\/#breadcrumb\",\"itemListElement\":[{\"@type\":\"ListItem\",\"position\":1,\"name\":\"Accueil\",\"item\":\"https:\/\/www.cbs-electro.com\/\"},{\"@type\":\"ListItem\",\"position\":2,\"name\":\"Boutique\",\"item\":\"https:\/\/www.cbs-electro.com\/index.php\/boutique\/\"},{\"@type\":\"ListItem\",\"position\":3,\"name\":\"V\u00e9lo \u00e9lectrique URBANBIKER VTC mod\u00e8le VIENA. Moteur de 350 W, Batterie Lithium Samsumg 840 Wh\"}]},{\"@type\":\"WebSite\",\"@id\":\"https:\/\/www.cbs-electro.com\/#website\",\"url\":\"https:\/\/www.cbs-electro.com\/\",\"name\":\"CBS Electro\",\"description\":\"Vente des produits neufs - Informatique, Smartphones, livres, jeux vid\u00e9o, photos, jouets et \u00e9lectrom\u00e9nager\",\"potentialAction\":[{\"@type\":\"SearchAction\",\"target\":{\"@type\":\"EntryPoint\",\"urlTemplate\":\"https:\/\/www.cbs-electro.com\/?s={search_term_string}\"},\"query-input\":{\"@type\":\"PropertyValueSpecification\",\"valueRequired\":true,\"valueName\":\"search_term_string\"}}],\"inLanguage\":\"fr-FR\"}]}<\/script>\n<!-- \/ Yoast SEO plugin. -->","yoast_head_json":{"title":"V\u00e9lo \u00e9lectrique URBANBIKER VTC mod\u00e8le VIENA. Moteur de 350 W, Batterie Lithium Samsumg 840 Wh - CBS Electro","robots":{"index":"index","follow":"follow","max-snippet":"max-snippet:-1","max-image-preview":"max-image-preview:large","max-video-preview":"max-video-preview:-1"},"canonical":"https:\/\/cbs-electro.com\/index.php\/produit\/velo-electrique-urbanbiker-vtc-modele-viena-moteur-de-350-w-batterie-lithium-samsumg-840-wh\/","og_locale":"fr_FR","og_type":"article","og_title":"V\u00e9lo \u00e9lectrique URBANBIKER VTC mod\u00e8le VIENA. Moteur de 350 W, Batterie Lithium Samsumg 840 Wh - CBS Electro","og_description":"Tailles disponible :\u00a0 S &#8211; M &#8211; L- XL V\u00e9lo \u00e9lectrique URBANBIKER VTC mod\u00e8le VIENA. Moteur de 350 W, Batterie","og_url":"https:\/\/cbs-electro.com\/index.php\/produit\/velo-electrique-urbanbiker-vtc-modele-viena-moteur-de-350-w-batterie-lithium-samsumg-840-wh\/","og_site_name":"CBS Electro","article_modified_time":"2025-03-12T15:42:58+00:00","og_image":[{"width":800,"height":800,"url":"https:\/\/cbs-electro.com\/wp-content\/uploads\/2023\/11\/velo-electrique-urbanbiker-vtc-modele-viena-moteur-de-350-w-batterie-lithium-samsumg-840-wh.jpg","type":"image\/jpeg"}],"twitter_card":"summary_large_image","twitter_misc":{"Dur\u00e9e de lecture estim\u00e9e":"1 minute"},"schema":{"@context":"https:\/\/schema.org","@graph":[{"@type":"WebPage","@id":"https:\/\/cbs-electro.com\/index.php\/produit\/velo-electrique-urbanbiker-vtc-modele-viena-moteur-de-350-w-batterie-lithium-samsumg-840-wh\/","url":"https:\/\/cbs-electro.com\/index.php\/produit\/velo-electrique-urbanbiker-vtc-modele-viena-moteur-de-350-w-batterie-lithium-samsumg-840-wh\/","name":"V\u00e9lo \u00e9lectrique URBANBIKER VTC mod\u00e8le VIENA. Moteur de 350 W, Batterie Lithium Samsumg 840 Wh - CBS Electro","isPartOf":{"@id":"https:\/\/www.cbs-electro.com\/#website"},"primaryImageOfPage":{"@id":"https:\/\/cbs-electro.com\/index.php\/produit\/velo-electrique-urbanbiker-vtc-modele-viena-moteur-de-350-w-batterie-lithium-samsumg-840-wh\/#primaryimage"},"image":{"@id":"https:\/\/cbs-electro.com\/index.php\/produit\/velo-electrique-urbanbiker-vtc-modele-viena-moteur-de-350-w-batterie-lithium-samsumg-840-wh\/#primaryimage"},"thumbnailUrl":"https:\/\/cbs-electro.com\/wp-content\/uploads\/2023\/11\/velo-electrique-urbanbiker-vtc-modele-viena-moteur-de-350-w-batterie-lithium-samsumg-840-wh.jpg","datePublished":"2023-11-15T13:46:33+00:00","dateModified":"2025-03-12T15:42:58+00:00","breadcrumb":{"@id":"https:\/\/cbs-electro.com\/index.php\/produit\/velo-electrique-urbanbiker-vtc-modele-viena-moteur-de-350-w-batterie-lithium-samsumg-840-wh\/#breadcrumb"},"inLanguage":"fr-FR","potentialAction":[{"@type":"ReadAction","target":["https:\/\/cbs-electro.com\/index.php\/produit\/velo-electrique-urbanbiker-vtc-modele-viena-moteur-de-350-w-batterie-lithium-samsumg-840-wh\/"]}]},{"@type":"ImageObject","inLanguage":"fr-FR","@id":"https:\/\/cbs-electro.com\/index.php\/produit\/velo-electrique-urbanbiker-vtc-modele-viena-moteur-de-350-w-batterie-lithium-samsumg-840-wh\/#primaryimage","url":"https:\/\/cbs-electro.com\/wp-content\/uploads\/2023\/11\/velo-electrique-urbanbiker-vtc-modele-viena-moteur-de-350-w-batterie-lithium-samsumg-840-wh.jpg","contentUrl":"https:\/\/cbs-electro.com\/wp-content\/uploads\/2023\/11\/velo-electrique-urbanbiker-vtc-modele-viena-moteur-de-350-w-batterie-lithium-samsumg-840-wh.jpg","width":800,"height":800},{"@type":"BreadcrumbList","@id":"https:\/\/cbs-electro.com\/index.php\/produit\/velo-electrique-urbanbiker-vtc-modele-viena-moteur-de-350-w-batterie-lithium-samsumg-840-wh\/#breadcrumb","itemListElement":[{"@type":"ListItem","position":1,"name":"Accueil","item":"https:\/\/www.cbs-electro.com\/"},{"@type":"ListItem","position":2,"name":"Boutique","item":"https:\/\/www.cbs-electro.com\/index.php\/boutique\/"},{"@type":"ListItem","position":3,"name":"V\u00e9lo \u00e9lectrique URBANBIKER VTC mod\u00e8le VIENA. Moteur de 350 W, Batterie Lithium Samsumg 840 Wh"}]},{"@type":"WebSite","@id":"https:\/\/www.cbs-electro.com\/#website","url":"https:\/\/www.cbs-electro.com\/","name":"CBS Electro","description":"Vente des produits neufs - Informatique, Smartphones, livres, jeux vid\u00e9o, photos, jouets et \u00e9lectrom\u00e9nager","potentialAction":[{"@type":"SearchAction","target":{"@type":"EntryPoint","urlTemplate":"https:\/\/www.cbs-electro.com\/?s={search_term_string}"},"query-input":{"@type":"PropertyValueSpecification","valueRequired":true,"valueName":"search_term_string"}}],"inLanguage":"fr-FR"}]}},"_links":{"self":[{"href":"https:\/\/cbs-electro.com\/index.php\/wp-json\/wp\/v2\/product\/13874","targetHints":{"allow":["GET"]}}],"collection":[{"href":"https:\/\/cbs-electro.com\/index.php\/wp-json\/wp\/v2\/product"}],"about":[{"href":"https:\/\/cbs-electro.com\/index.php\/wp-json\/wp\/v2\/types\/product"}],"version-history":[{"count":1,"href":"https:\/\/cbs-electro.com\/index.php\/wp-json\/wp\/v2\/product\/13874\/revisions"}],"predecessor-version":[{"id":14028,"href":"https:\/\/cbs-electro.com\/index.php\/wp-json\/wp\/v2\/product\/13874\/revisions\/14028"}],"wp:featuredmedia":[{"embeddable":true,"href":"https:\/\/cbs-electro.com\/index.php\/wp-json\/wp\/v2\/media\/14024"}],"wp:attachment":[{"href":"https:\/\/cbs-electro.com\/index.php\/wp-json\/wp\/v2\/media?parent=13874"}],"wp:term":[{"taxonomy":"product_brand","embeddable":true,"href":"https:\/\/cbs-electro.com\/index.php\/wp-json\/wp\/v2\/product_brand?post=13874"},{"taxonomy":"product_cat","embeddable":true,"href":"https:\/\/cbs-electro.com\/index.php\/wp-json\/wp\/v2\/product_cat?post=13874"},{"taxonomy":"product_tag","embeddable":true,"href":"https:\/\/cbs-electro.com\/index.php\/wp-json\/wp\/v2\/product_tag?post=13874"}],"curies":[{"name":"wp","href":"https:\/\/api.w.org\/{rel}","templated":true}]}}