{"id":13873,"date":"2023-11-15T14:46:33","date_gmt":"2023-11-15T13:46:33","guid":{"rendered":"https:\/?post_type=product&#038;p=13873"},"modified":"2025-03-12T16:43:15","modified_gmt":"2025-03-12T15:43:15","slug":"biwbik-velo-electrique-mod-gante-batterie-lithium-ion-36v-12ah-blanc","status":"publish","type":"product","link":"https:\/\/cbs-electro.com\/index.php\/produit\/biwbik-velo-electrique-mod-gante-batterie-lithium-ion-36v-12ah-blanc\/","title":{"rendered":"biwbik V\u00e9lo \u00e9lectrique Mod. Gante Batterie Lithium ION 36V 12Ah &#8211; BLANC"},"content":{"rendered":"<p>Type de v\u00e9lo V\u00e9lo de ville, V\u00e9lo \u00e9lectrique<br \/>\nTranche d&rsquo;\u00e2ge (description) Adulte<br \/>\nMarque biwbik<br \/>\nNombre de vitesses 6<br \/>\nCouleur GANTE WHITE HD<br \/>\nTaille de roue 26 Pouces<br \/>\nMat\u00e9riau du cadre A<br \/>\nType de suspension Aucune suspension<br \/>\nCaract\u00e9ristique sp\u00e9ciale Panier<br \/>\nComposants inclus Panier<\/p>\n<p>* \u00c0 propos de cet article<br \/>\n&#8211; Nouveau mod\u00e8le avec freins \u00e0 disque hydrauliques<br \/>\n&#8211; Valide por le bonus VAE &#8211; Certificate CE EN15194 &#8211; V\u00e9lo \u00e0 assistance \u00e9lectrique &#8211; Batterie 36V 12Ah incluse<br \/>\n&#8211; D\u00e9railleur Shimano 6 vitesses &#8211; Jante double paroi &#8211; Lumi\u00e8re avant et arriere led &#8211; Panier avec couvercle &#8211;<br \/>\n&#8211; Syst\u00e8me PAS (de p\u00e9dalage assist\u00e9) approuv\u00e9 par la CE avec 3 niveaux d&rsquo;assistance &#8211; Moteur brushless 250w 36V &#8211; Autonomie 40-80km*<br \/>\n* en fonction du poids du cycliste, du mode de vitesse s\u00e9lectionn\u00e9, des pentes, de la surface de la route, des facteurs m\u00e9t\u00e9orologiques<\/p>\n","protected":false},"excerpt":{"rendered":"<p>Type de v\u00e9lo V\u00e9lo de ville, V\u00e9lo \u00e9lectrique Tranche d&rsquo;\u00e2ge (description) Adulte Marque biwbik Nombre de vitesses 6 Couleur GANTE<\/p>\n","protected":false},"featured_media":14016,"template":"","meta":[],"product_brand":[],"product_cat":[77,78],"product_tag":[],"class_list":{"0":"post-13873","1":"product","2":"type-product","3":"status-publish","4":"has-post-thumbnail","6":"product_cat-sports-loisirs","7":"product_cat-velo-electrique","9":"first","10":"instock","11":"taxable","12":"shipping-taxable","13":"purchasable","14":"product-type-simple"},"yoast_head":"<!-- This site is optimized with the Yoast SEO plugin v24.8.1 - https:\/\/yoast.com\/wordpress\/plugins\/seo\/ -->\n<title>biwbik V\u00e9lo \u00e9lectrique Mod. Gante Batterie Lithium ION 36V 12Ah - BLANC - CBS Electro<\/title>\n<meta name=\"robots\" content=\"index, follow, max-snippet:-1, max-image-preview:large, max-video-preview:-1\" \/>\n<link rel=\"canonical\" href=\"https:\/\/cbs-electro.com\/index.php\/produit\/biwbik-velo-electrique-mod-gante-batterie-lithium-ion-36v-12ah-blanc\/\" \/>\n<meta property=\"og:locale\" content=\"fr_FR\" \/>\n<meta property=\"og:type\" content=\"article\" \/>\n<meta property=\"og:title\" content=\"biwbik V\u00e9lo \u00e9lectrique Mod. Gante Batterie Lithium ION 36V 12Ah - BLANC - CBS Electro\" \/>\n<meta property=\"og:description\" content=\"Type de v\u00e9lo V\u00e9lo de ville, V\u00e9lo \u00e9lectrique Tranche d&rsquo;\u00e2ge (description) Adulte Marque biwbik Nombre de vitesses 6 Couleur GANTE\" \/>\n<meta property=\"og:url\" content=\"https:\/\/cbs-electro.com\/index.php\/produit\/biwbik-velo-electrique-mod-gante-batterie-lithium-ion-36v-12ah-blanc\/\" \/>\n<meta property=\"og:site_name\" content=\"CBS Electro\" \/>\n<meta property=\"article:modified_time\" content=\"2025-03-12T15:43:15+00:00\" \/>\n<meta property=\"og:image\" content=\"https:\/\/cbs-electro.com\/wp-content\/uploads\/2023\/11\/81PYfpBMUEL._AC_SL1500_.jpg\" \/>\n\t<meta property=\"og:image:width\" content=\"1494\" \/>\n\t<meta property=\"og:image:height\" content=\"1500\" \/>\n\t<meta property=\"og:image:type\" content=\"image\/jpeg\" \/>\n<meta name=\"twitter:card\" content=\"summary_large_image\" \/>\n<meta name=\"twitter:label1\" content=\"Dur\u00e9e de lecture estim\u00e9e\" \/>\n\t<meta name=\"twitter:data1\" content=\"1 minute\" \/>\n<script type=\"application\/ld+json\" class=\"yoast-schema-graph\">{\"@context\":\"https:\/\/schema.org\",\"@graph\":[{\"@type\":\"WebPage\",\"@id\":\"https:\/\/cbs-electro.com\/index.php\/produit\/biwbik-velo-electrique-mod-gante-batterie-lithium-ion-36v-12ah-blanc\/\",\"url\":\"https:\/\/cbs-electro.com\/index.php\/produit\/biwbik-velo-electrique-mod-gante-batterie-lithium-ion-36v-12ah-blanc\/\",\"name\":\"biwbik V\u00e9lo \u00e9lectrique Mod. Gante Batterie Lithium ION 36V 12Ah - BLANC - CBS Electro\",\"isPartOf\":{\"@id\":\"https:\/\/www.cbs-electro.com\/#website\"},\"primaryImageOfPage\":{\"@id\":\"https:\/\/cbs-electro.com\/index.php\/produit\/biwbik-velo-electrique-mod-gante-batterie-lithium-ion-36v-12ah-blanc\/#primaryimage\"},\"image\":{\"@id\":\"https:\/\/cbs-electro.com\/index.php\/produit\/biwbik-velo-electrique-mod-gante-batterie-lithium-ion-36v-12ah-blanc\/#primaryimage\"},\"thumbnailUrl\":\"https:\/\/cbs-electro.com\/wp-content\/uploads\/2023\/11\/81PYfpBMUEL._AC_SL1500_.jpg\",\"datePublished\":\"2023-11-15T13:46:33+00:00\",\"dateModified\":\"2025-03-12T15:43:15+00:00\",\"breadcrumb\":{\"@id\":\"https:\/\/cbs-electro.com\/index.php\/produit\/biwbik-velo-electrique-mod-gante-batterie-lithium-ion-36v-12ah-blanc\/#breadcrumb\"},\"inLanguage\":\"fr-FR\",\"potentialAction\":[{\"@type\":\"ReadAction\",\"target\":[\"https:\/\/cbs-electro.com\/index.php\/produit\/biwbik-velo-electrique-mod-gante-batterie-lithium-ion-36v-12ah-blanc\/\"]}]},{\"@type\":\"ImageObject\",\"inLanguage\":\"fr-FR\",\"@id\":\"https:\/\/cbs-electro.com\/index.php\/produit\/biwbik-velo-electrique-mod-gante-batterie-lithium-ion-36v-12ah-blanc\/#primaryimage\",\"url\":\"https:\/\/cbs-electro.com\/wp-content\/uploads\/2023\/11\/81PYfpBMUEL._AC_SL1500_.jpg\",\"contentUrl\":\"https:\/\/cbs-electro.com\/wp-content\/uploads\/2023\/11\/81PYfpBMUEL._AC_SL1500_.jpg\",\"width\":1494,\"height\":1500},{\"@type\":\"BreadcrumbList\",\"@id\":\"https:\/\/cbs-electro.com\/index.php\/produit\/biwbik-velo-electrique-mod-gante-batterie-lithium-ion-36v-12ah-blanc\/#breadcrumb\",\"itemListElement\":[{\"@type\":\"ListItem\",\"position\":1,\"name\":\"Accueil\",\"item\":\"https:\/\/www.cbs-electro.com\/\"},{\"@type\":\"ListItem\",\"position\":2,\"name\":\"Boutique\",\"item\":\"https:\/\/www.cbs-electro.com\/index.php\/boutique\/\"},{\"@type\":\"ListItem\",\"position\":3,\"name\":\"biwbik V\u00e9lo \u00e9lectrique Mod. Gante Batterie Lithium ION 36V 12Ah &#8211; BLANC\"}]},{\"@type\":\"WebSite\",\"@id\":\"https:\/\/www.cbs-electro.com\/#website\",\"url\":\"https:\/\/www.cbs-electro.com\/\",\"name\":\"CBS Electro\",\"description\":\"Vente des produits neufs - Informatique, Smartphones, livres, jeux vid\u00e9o, photos, jouets et \u00e9lectrom\u00e9nager\",\"potentialAction\":[{\"@type\":\"SearchAction\",\"target\":{\"@type\":\"EntryPoint\",\"urlTemplate\":\"https:\/\/www.cbs-electro.com\/?s={search_term_string}\"},\"query-input\":{\"@type\":\"PropertyValueSpecification\",\"valueRequired\":true,\"valueName\":\"search_term_string\"}}],\"inLanguage\":\"fr-FR\"}]}<\/script>\n<!-- \/ Yoast SEO plugin. -->","yoast_head_json":{"title":"biwbik V\u00e9lo \u00e9lectrique Mod. Gante Batterie Lithium ION 36V 12Ah - BLANC - CBS Electro","robots":{"index":"index","follow":"follow","max-snippet":"max-snippet:-1","max-image-preview":"max-image-preview:large","max-video-preview":"max-video-preview:-1"},"canonical":"https:\/\/cbs-electro.com\/index.php\/produit\/biwbik-velo-electrique-mod-gante-batterie-lithium-ion-36v-12ah-blanc\/","og_locale":"fr_FR","og_type":"article","og_title":"biwbik V\u00e9lo \u00e9lectrique Mod. Gante Batterie Lithium ION 36V 12Ah - BLANC - CBS Electro","og_description":"Type de v\u00e9lo V\u00e9lo de ville, V\u00e9lo \u00e9lectrique Tranche d&rsquo;\u00e2ge (description) Adulte Marque biwbik Nombre de vitesses 6 Couleur GANTE","og_url":"https:\/\/cbs-electro.com\/index.php\/produit\/biwbik-velo-electrique-mod-gante-batterie-lithium-ion-36v-12ah-blanc\/","og_site_name":"CBS Electro","article_modified_time":"2025-03-12T15:43:15+00:00","og_image":[{"width":1494,"height":1500,"url":"https:\/\/cbs-electro.com\/wp-content\/uploads\/2023\/11\/81PYfpBMUEL._AC_SL1500_.jpg","type":"image\/jpeg"}],"twitter_card":"summary_large_image","twitter_misc":{"Dur\u00e9e de lecture estim\u00e9e":"1 minute"},"schema":{"@context":"https:\/\/schema.org","@graph":[{"@type":"WebPage","@id":"https:\/\/cbs-electro.com\/index.php\/produit\/biwbik-velo-electrique-mod-gante-batterie-lithium-ion-36v-12ah-blanc\/","url":"https:\/\/cbs-electro.com\/index.php\/produit\/biwbik-velo-electrique-mod-gante-batterie-lithium-ion-36v-12ah-blanc\/","name":"biwbik V\u00e9lo \u00e9lectrique Mod. Gante Batterie Lithium ION 36V 12Ah - BLANC - CBS Electro","isPartOf":{"@id":"https:\/\/www.cbs-electro.com\/#website"},"primaryImageOfPage":{"@id":"https:\/\/cbs-electro.com\/index.php\/produit\/biwbik-velo-electrique-mod-gante-batterie-lithium-ion-36v-12ah-blanc\/#primaryimage"},"image":{"@id":"https:\/\/cbs-electro.com\/index.php\/produit\/biwbik-velo-electrique-mod-gante-batterie-lithium-ion-36v-12ah-blanc\/#primaryimage"},"thumbnailUrl":"https:\/\/cbs-electro.com\/wp-content\/uploads\/2023\/11\/81PYfpBMUEL._AC_SL1500_.jpg","datePublished":"2023-11-15T13:46:33+00:00","dateModified":"2025-03-12T15:43:15+00:00","breadcrumb":{"@id":"https:\/\/cbs-electro.com\/index.php\/produit\/biwbik-velo-electrique-mod-gante-batterie-lithium-ion-36v-12ah-blanc\/#breadcrumb"},"inLanguage":"fr-FR","potentialAction":[{"@type":"ReadAction","target":["https:\/\/cbs-electro.com\/index.php\/produit\/biwbik-velo-electrique-mod-gante-batterie-lithium-ion-36v-12ah-blanc\/"]}]},{"@type":"ImageObject","inLanguage":"fr-FR","@id":"https:\/\/cbs-electro.com\/index.php\/produit\/biwbik-velo-electrique-mod-gante-batterie-lithium-ion-36v-12ah-blanc\/#primaryimage","url":"https:\/\/cbs-electro.com\/wp-content\/uploads\/2023\/11\/81PYfpBMUEL._AC_SL1500_.jpg","contentUrl":"https:\/\/cbs-electro.com\/wp-content\/uploads\/2023\/11\/81PYfpBMUEL._AC_SL1500_.jpg","width":1494,"height":1500},{"@type":"BreadcrumbList","@id":"https:\/\/cbs-electro.com\/index.php\/produit\/biwbik-velo-electrique-mod-gante-batterie-lithium-ion-36v-12ah-blanc\/#breadcrumb","itemListElement":[{"@type":"ListItem","position":1,"name":"Accueil","item":"https:\/\/www.cbs-electro.com\/"},{"@type":"ListItem","position":2,"name":"Boutique","item":"https:\/\/www.cbs-electro.com\/index.php\/boutique\/"},{"@type":"ListItem","position":3,"name":"biwbik V\u00e9lo \u00e9lectrique Mod. Gante Batterie Lithium ION 36V 12Ah &#8211; BLANC"}]},{"@type":"WebSite","@id":"https:\/\/www.cbs-electro.com\/#website","url":"https:\/\/www.cbs-electro.com\/","name":"CBS Electro","description":"Vente des produits neufs - Informatique, Smartphones, livres, jeux vid\u00e9o, photos, jouets et \u00e9lectrom\u00e9nager","potentialAction":[{"@type":"SearchAction","target":{"@type":"EntryPoint","urlTemplate":"https:\/\/www.cbs-electro.com\/?s={search_term_string}"},"query-input":{"@type":"PropertyValueSpecification","valueRequired":true,"valueName":"search_term_string"}}],"inLanguage":"fr-FR"}]}},"_links":{"self":[{"href":"https:\/\/cbs-electro.com\/index.php\/wp-json\/wp\/v2\/product\/13873","targetHints":{"allow":["GET"]}}],"collection":[{"href":"https:\/\/cbs-electro.com\/index.php\/wp-json\/wp\/v2\/product"}],"about":[{"href":"https:\/\/cbs-electro.com\/index.php\/wp-json\/wp\/v2\/types\/product"}],"version-history":[{"count":1,"href":"https:\/\/cbs-electro.com\/index.php\/wp-json\/wp\/v2\/product\/13873\/revisions"}],"predecessor-version":[{"id":14023,"href":"https:\/\/cbs-electro.com\/index.php\/wp-json\/wp\/v2\/product\/13873\/revisions\/14023"}],"wp:featuredmedia":[{"embeddable":true,"href":"https:\/\/cbs-electro.com\/index.php\/wp-json\/wp\/v2\/media\/14016"}],"wp:attachment":[{"href":"https:\/\/cbs-electro.com\/index.php\/wp-json\/wp\/v2\/media?parent=13873"}],"wp:term":[{"taxonomy":"product_brand","embeddable":true,"href":"https:\/\/cbs-electro.com\/index.php\/wp-json\/wp\/v2\/product_brand?post=13873"},{"taxonomy":"product_cat","embeddable":true,"href":"https:\/\/cbs-electro.com\/index.php\/wp-json\/wp\/v2\/product_cat?post=13873"},{"taxonomy":"product_tag","embeddable":true,"href":"https:\/\/cbs-electro.com\/index.php\/wp-json\/wp\/v2\/product_tag?post=13873"}],"curies":[{"name":"wp","href":"https:\/\/api.w.org\/{rel}","templated":true}]}}