{"id":13871,"date":"2023-11-15T14:46:33","date_gmt":"2023-11-15T13:46:33","guid":{"rendered":"https:\/?post_type=product&#038;p=13871"},"modified":"2025-03-12T16:44:00","modified_gmt":"2025-03-12T15:44:00","slug":"vtc-electrique-trek-allant-9-9s-noir","status":"publish","type":"product","link":"https:\/\/cbs-electro.com\/index.php\/produit\/vtc-electrique-trek-allant-9-9s-noir\/","title":{"rendered":"VTC \u00e9lectrique TREK Allant+ 9.9S Noir"},"content":{"rendered":"<p>Caract\u00e9ristiques du produit VTC \u00e9lectrique TREK Allant+ 9.9S Noir<br \/>\nMod\u00e8le 2020<br \/>\nVous b\u00e9n\u00e9ficiez d&rsquo;un cadre en carbone et de pi\u00e8ces haut de gamme, aliment\u00e9s par le syst\u00e8me de transmission le plus rapide de Bosch, qui offre \u00e9galement une tr\u00e8s longue autonomie.<\/p>\n<p>Le contr\u00f4leur Kiox en couleurs affiche des informations relatives \u00e0 la conduite, assure une connexion avec vos appareils Bluetooth et dispose d&rsquo;une protection antivol int\u00e9gr\u00e9e, Le syst\u00e8me de batterie int\u00e9gr\u00e9e amovible de Trek (RIB) affiche un look remarquable et est on ne peut plus convivial : il dissimule compl\u00e8tement la batterie dans le cadre et permet de la d\u00e9poser ais\u00e9ment pour la charger \u00e0 la maison ou pour la ranger.<\/p>\n<p>Il est pr\u00eat \u00e0 prendre la route avec ses accessoires tels que des garde-boue et des feux aliment\u00e9s par la batterie.<br \/>\nCompatible avec Range Boost, une batterie compl\u00e9mentaire qui double l&rsquo;autonomie de votre VTTAE afin que vous puissiez rouler plus longtemps, r\u00e9aliser des trajets quotidiens plus longs et vous lancer dans des aventures plus ambitieuses.<\/p>\n<p>* Caract\u00e9ristiques techniques<br \/>\nPratique Urbain, Chemin<br \/>\nMati\u00e8re Carbone<br \/>\nMotorisation Moteur central, 17 Ah &#8211; 600 Wh<br \/>\nGenre Homme<br \/>\nTransmission Gates, M\u00e9canique<br \/>\nFreinage Freins \u00e0 disques, Hydraulique<br \/>\nTailles_Roues 700c<br \/>\nCouleur Noir<br \/>\nGarantie_Pi\u00e8ce 2 ans<br \/>\nGarantie_Cadre A vie<br \/>\nMill\u00e9sime 2020<br \/>\nPoids net 18.8Kg<br \/>\nComposants<\/p>\n<p>Batterie : Bosch PowerTube, 625 Wh<br \/>\nCadre : Cadre de v\u00e9lo \u00e0 assistance \u00e9lectrique carbone OCLV de haute performance avec batterie int\u00e9gr\u00e9e (compatible Range Boost) et protection Motor Armor, acheminement interne des c\u00e2bles int\u00e9gr\u00e9, freins \u00e0 disque \u00e0 fixation Post-Mount, pattes \u00e0 axe traversant de 1<br \/>\nCassette : Shimano SLX M7100, 10-45 dts, 12 vitesses<br \/>\nCintre : Bontrager Pro Lowriser, carbone, 31,8 mm, \u00e9l\u00e9vation de 15 mm<br \/>\nFourche : Allant+ fourche carbone, pivot carbone de 1-1\/8&Prime;, axe traversant 100&#215;15 mm, disque \u00e0 fixation Post-Mount<br \/>\nFreins : Magura MT5E, frein \u00e0 disque hydraulique \u00e0 4 piston avec commutateur pour feu stop<br \/>\nManettes : Shimano XT M8100, 12 vitesses<br \/>\nMoteur : Bosch Performance Speed, 75 Nm, 45 km\/h<br \/>\nP\u00e9dalier : ProWheel alliage<br \/>\nPneus : Bontrager E6 Hard-Case Lite, r\u00e9fl\u00e9chissant, tringle en aramide, 60 tpi, 27,5&#215;2,4 pouces<br \/>\nPotence : Fourche en alliage forg\u00e9 Allant+, acheminement de c\u00e2bles int\u00e9gr\u00e9, collier de 31,8 mm<br \/>\nRoues : Alex MD35, Tubeless Ready, 32 trous, largeur 35 mm, valve presta<br \/>\nSelle : Bontrager Commuter Comp, largeur 165 mm<br \/>\nTige de selle : Alliage Bontrager, 31,6 mm, d\u00e9port de 12 mm<\/p>\n<p>Caract\u00e9ristiques du produit VTC \u00e9lectrique TREK Allant+ 9.9S Noir<br \/>\nMod\u00e8le 2020<br \/>\nVous b\u00e9n\u00e9ficiez d&rsquo;un cadre en carbone et de pi\u00e8ces haut de gamme, aliment\u00e9s par le syst\u00e8me de transmission le plus rapide de Bosch, qui offre \u00e9galement une tr\u00e8s longue autonomie.<\/p>\n<p>Le contr\u00f4leur Kiox en couleurs affiche des informations relatives \u00e0 la conduite, assure une connexion avec vos appareils Bluetooth et dispose d&rsquo;une protection antivol int\u00e9gr\u00e9e, Le syst\u00e8me de batterie int\u00e9gr\u00e9e amovible de Trek (RIB) affiche un look remarquable et est on ne peut plus convivial : il dissimule compl\u00e8tement la batterie dans le cadre et permet de la d\u00e9poser ais\u00e9ment pour la charger \u00e0 la maison ou pour la ranger.<\/p>\n<p>Il est pr\u00eat \u00e0 prendre la route avec ses accessoires tels que des garde-boue et des feux aliment\u00e9s par la batterie.<br \/>\nCompatible avec Range Boost, une batterie compl\u00e9mentaire qui double l&rsquo;autonomie de votre VTTAE afin que vous puissiez rouler plus longtemps, r\u00e9aliser des trajets quotidiens plus longs et vous lancer dans des aventures plus ambitieuses.<\/p>\n<p>* Caract\u00e9ristiques techniques<br \/>\nPratique Urbain, Chemin<br \/>\nMati\u00e8re Carbone<br \/>\nMotorisation Moteur central, 17 Ah &#8211; 600 Wh<br \/>\nGenre Homme<br \/>\nTransmission Gates, M\u00e9canique<br \/>\nFreinage Freins \u00e0 disques, Hydraulique<br \/>\nTailles_Roues 700c<br \/>\nCouleur Noir<br \/>\nGarantie_Pi\u00e8ce 2 ans<br \/>\nGarantie_Cadre A vie<br \/>\nMill\u00e9sime 2020<br \/>\nPoids net 18.8Kg<br \/>\nComposants<\/p>\n<p>Batterie : Bosch PowerTube, 625 Wh<br \/>\nCadre : Cadre de v\u00e9lo \u00e0 assistance \u00e9lectrique carbone OCLV de haute performance avec batterie int\u00e9gr\u00e9e (compatible Range Boost) et protection Motor Armor, acheminement interne des c\u00e2bles int\u00e9gr\u00e9, freins \u00e0 disque \u00e0 fixation Post-Mount, pattes \u00e0 axe traversant de 1<br \/>\nCassette : Shimano SLX M7100, 10-45 dts, 12 vitesses<br \/>\nCintre : Bontrager Pro Lowriser, carbone, 31,8 mm, \u00e9l\u00e9vation de 15 mm<br \/>\nFourche : Allant+ fourche carbone, pivot carbone de 1-1\/8&Prime;, axe traversant 100&#215;15 mm, disque \u00e0 fixation Post-Mount<br \/>\nFreins : Magura MT5E, frein \u00e0 disque hydraulique \u00e0 4 piston avec commutateur pour feu stop<br \/>\nManettes : Shimano XT M8100, 12 vitesses<br \/>\nMoteur : Bosch Performance Speed, 75 Nm, 45 km\/h<br \/>\nP\u00e9dalier : ProWheel alliage<br \/>\nPneus : Bontrager E6 Hard-Case Lite, r\u00e9fl\u00e9chissant, tringle en aramide, 60 tpi, 27,5&#215;2,4 pouces<br \/>\nPotence : Fourche en alliage forg\u00e9 Allant+, acheminement de c\u00e2bles int\u00e9gr\u00e9, collier de 31,8 mm<br \/>\nRoues : Alex MD35, Tubeless Ready, 32 trous, largeur 35 mm, valve presta<br \/>\nSelle : Bontrager Commuter Comp, largeur 165 mm<br \/>\nTige de selle : Alliage Bontrager, 31,6 mm, d\u00e9port de 12 mm<\/p>\n","protected":false},"excerpt":{"rendered":"<p>Caract\u00e9ristiques du produit VTC \u00e9lectrique TREK Allant+ 9.9S Noir Mod\u00e8le 2020 Vous b\u00e9n\u00e9ficiez d&rsquo;un cadre en carbone et de pi\u00e8ces<\/p>\n","protected":false},"featured_media":13990,"template":"","meta":[],"product_brand":[],"product_cat":[77,78],"product_tag":[],"class_list":{"0":"post-13871","1":"product","2":"type-product","3":"status-publish","4":"has-post-thumbnail","6":"product_cat-sports-loisirs","7":"product_cat-velo-electrique","9":"first","10":"instock","11":"taxable","12":"shipping-taxable","13":"purchasable","14":"product-type-simple"},"yoast_head":"<!-- This site is optimized with the Yoast SEO plugin v24.8.1 - https:\/\/yoast.com\/wordpress\/plugins\/seo\/ -->\n<title>VTC \u00e9lectrique TREK Allant+ 9.9S Noir - CBS Electro<\/title>\n<meta name=\"robots\" content=\"index, follow, max-snippet:-1, max-image-preview:large, max-video-preview:-1\" \/>\n<link rel=\"canonical\" href=\"https:\/\/cbs-electro.com\/index.php\/produit\/vtc-electrique-trek-allant-9-9s-noir\/\" \/>\n<meta property=\"og:locale\" content=\"fr_FR\" \/>\n<meta property=\"og:type\" content=\"article\" \/>\n<meta property=\"og:title\" content=\"VTC \u00e9lectrique TREK Allant+ 9.9S Noir - CBS Electro\" \/>\n<meta property=\"og:description\" content=\"Caract\u00e9ristiques du produit VTC \u00e9lectrique TREK Allant+ 9.9S Noir Mod\u00e8le 2020 Vous b\u00e9n\u00e9ficiez d&rsquo;un cadre en carbone et de pi\u00e8ces\" \/>\n<meta property=\"og:url\" content=\"https:\/\/cbs-electro.com\/index.php\/produit\/vtc-electrique-trek-allant-9-9s-noir\/\" \/>\n<meta property=\"og:site_name\" content=\"CBS Electro\" \/>\n<meta property=\"article:modified_time\" content=\"2025-03-12T15:44:00+00:00\" \/>\n<meta property=\"og:image\" content=\"https:\/\/cbs-electro.com\/wp-content\/uploads\/2023\/11\/vtc-electrique-trek-allant-99s-noir.jpg\" \/>\n\t<meta property=\"og:image:width\" content=\"1000\" \/>\n\t<meta property=\"og:image:height\" content=\"1000\" \/>\n\t<meta property=\"og:image:type\" content=\"image\/jpeg\" \/>\n<meta name=\"twitter:card\" content=\"summary_large_image\" \/>\n<meta name=\"twitter:label1\" content=\"Dur\u00e9e de lecture estim\u00e9e\" \/>\n\t<meta name=\"twitter:data1\" content=\"4 minutes\" \/>\n<script type=\"application\/ld+json\" class=\"yoast-schema-graph\">{\"@context\":\"https:\/\/schema.org\",\"@graph\":[{\"@type\":\"WebPage\",\"@id\":\"https:\/\/cbs-electro.com\/index.php\/produit\/vtc-electrique-trek-allant-9-9s-noir\/\",\"url\":\"https:\/\/cbs-electro.com\/index.php\/produit\/vtc-electrique-trek-allant-9-9s-noir\/\",\"name\":\"VTC \u00e9lectrique TREK Allant+ 9.9S Noir - CBS Electro\",\"isPartOf\":{\"@id\":\"https:\/\/www.cbs-electro.com\/#website\"},\"primaryImageOfPage\":{\"@id\":\"https:\/\/cbs-electro.com\/index.php\/produit\/vtc-electrique-trek-allant-9-9s-noir\/#primaryimage\"},\"image\":{\"@id\":\"https:\/\/cbs-electro.com\/index.php\/produit\/vtc-electrique-trek-allant-9-9s-noir\/#primaryimage\"},\"thumbnailUrl\":\"https:\/\/cbs-electro.com\/wp-content\/uploads\/2023\/11\/vtc-electrique-trek-allant-99s-noir.jpg\",\"datePublished\":\"2023-11-15T13:46:33+00:00\",\"dateModified\":\"2025-03-12T15:44:00+00:00\",\"breadcrumb\":{\"@id\":\"https:\/\/cbs-electro.com\/index.php\/produit\/vtc-electrique-trek-allant-9-9s-noir\/#breadcrumb\"},\"inLanguage\":\"fr-FR\",\"potentialAction\":[{\"@type\":\"ReadAction\",\"target\":[\"https:\/\/cbs-electro.com\/index.php\/produit\/vtc-electrique-trek-allant-9-9s-noir\/\"]}]},{\"@type\":\"ImageObject\",\"inLanguage\":\"fr-FR\",\"@id\":\"https:\/\/cbs-electro.com\/index.php\/produit\/vtc-electrique-trek-allant-9-9s-noir\/#primaryimage\",\"url\":\"https:\/\/cbs-electro.com\/wp-content\/uploads\/2023\/11\/vtc-electrique-trek-allant-99s-noir.jpg\",\"contentUrl\":\"https:\/\/cbs-electro.com\/wp-content\/uploads\/2023\/11\/vtc-electrique-trek-allant-99s-noir.jpg\",\"width\":1000,\"height\":1000},{\"@type\":\"BreadcrumbList\",\"@id\":\"https:\/\/cbs-electro.com\/index.php\/produit\/vtc-electrique-trek-allant-9-9s-noir\/#breadcrumb\",\"itemListElement\":[{\"@type\":\"ListItem\",\"position\":1,\"name\":\"Accueil\",\"item\":\"https:\/\/www.cbs-electro.com\/\"},{\"@type\":\"ListItem\",\"position\":2,\"name\":\"Boutique\",\"item\":\"https:\/\/www.cbs-electro.com\/index.php\/boutique\/\"},{\"@type\":\"ListItem\",\"position\":3,\"name\":\"VTC \u00e9lectrique TREK Allant+ 9.9S Noir\"}]},{\"@type\":\"WebSite\",\"@id\":\"https:\/\/www.cbs-electro.com\/#website\",\"url\":\"https:\/\/www.cbs-electro.com\/\",\"name\":\"CBS Electro\",\"description\":\"Vente des produits neufs - Informatique, Smartphones, livres, jeux vid\u00e9o, photos, jouets et \u00e9lectrom\u00e9nager\",\"potentialAction\":[{\"@type\":\"SearchAction\",\"target\":{\"@type\":\"EntryPoint\",\"urlTemplate\":\"https:\/\/www.cbs-electro.com\/?s={search_term_string}\"},\"query-input\":{\"@type\":\"PropertyValueSpecification\",\"valueRequired\":true,\"valueName\":\"search_term_string\"}}],\"inLanguage\":\"fr-FR\"}]}<\/script>\n<!-- \/ Yoast SEO plugin. -->","yoast_head_json":{"title":"VTC \u00e9lectrique TREK Allant+ 9.9S Noir - CBS Electro","robots":{"index":"index","follow":"follow","max-snippet":"max-snippet:-1","max-image-preview":"max-image-preview:large","max-video-preview":"max-video-preview:-1"},"canonical":"https:\/\/cbs-electro.com\/index.php\/produit\/vtc-electrique-trek-allant-9-9s-noir\/","og_locale":"fr_FR","og_type":"article","og_title":"VTC \u00e9lectrique TREK Allant+ 9.9S Noir - CBS Electro","og_description":"Caract\u00e9ristiques du produit VTC \u00e9lectrique TREK Allant+ 9.9S Noir Mod\u00e8le 2020 Vous b\u00e9n\u00e9ficiez d&rsquo;un cadre en carbone et de pi\u00e8ces","og_url":"https:\/\/cbs-electro.com\/index.php\/produit\/vtc-electrique-trek-allant-9-9s-noir\/","og_site_name":"CBS Electro","article_modified_time":"2025-03-12T15:44:00+00:00","og_image":[{"width":1000,"height":1000,"url":"https:\/\/cbs-electro.com\/wp-content\/uploads\/2023\/11\/vtc-electrique-trek-allant-99s-noir.jpg","type":"image\/jpeg"}],"twitter_card":"summary_large_image","twitter_misc":{"Dur\u00e9e de lecture estim\u00e9e":"4 minutes"},"schema":{"@context":"https:\/\/schema.org","@graph":[{"@type":"WebPage","@id":"https:\/\/cbs-electro.com\/index.php\/produit\/vtc-electrique-trek-allant-9-9s-noir\/","url":"https:\/\/cbs-electro.com\/index.php\/produit\/vtc-electrique-trek-allant-9-9s-noir\/","name":"VTC \u00e9lectrique TREK Allant+ 9.9S Noir - CBS Electro","isPartOf":{"@id":"https:\/\/www.cbs-electro.com\/#website"},"primaryImageOfPage":{"@id":"https:\/\/cbs-electro.com\/index.php\/produit\/vtc-electrique-trek-allant-9-9s-noir\/#primaryimage"},"image":{"@id":"https:\/\/cbs-electro.com\/index.php\/produit\/vtc-electrique-trek-allant-9-9s-noir\/#primaryimage"},"thumbnailUrl":"https:\/\/cbs-electro.com\/wp-content\/uploads\/2023\/11\/vtc-electrique-trek-allant-99s-noir.jpg","datePublished":"2023-11-15T13:46:33+00:00","dateModified":"2025-03-12T15:44:00+00:00","breadcrumb":{"@id":"https:\/\/cbs-electro.com\/index.php\/produit\/vtc-electrique-trek-allant-9-9s-noir\/#breadcrumb"},"inLanguage":"fr-FR","potentialAction":[{"@type":"ReadAction","target":["https:\/\/cbs-electro.com\/index.php\/produit\/vtc-electrique-trek-allant-9-9s-noir\/"]}]},{"@type":"ImageObject","inLanguage":"fr-FR","@id":"https:\/\/cbs-electro.com\/index.php\/produit\/vtc-electrique-trek-allant-9-9s-noir\/#primaryimage","url":"https:\/\/cbs-electro.com\/wp-content\/uploads\/2023\/11\/vtc-electrique-trek-allant-99s-noir.jpg","contentUrl":"https:\/\/cbs-electro.com\/wp-content\/uploads\/2023\/11\/vtc-electrique-trek-allant-99s-noir.jpg","width":1000,"height":1000},{"@type":"BreadcrumbList","@id":"https:\/\/cbs-electro.com\/index.php\/produit\/vtc-electrique-trek-allant-9-9s-noir\/#breadcrumb","itemListElement":[{"@type":"ListItem","position":1,"name":"Accueil","item":"https:\/\/www.cbs-electro.com\/"},{"@type":"ListItem","position":2,"name":"Boutique","item":"https:\/\/www.cbs-electro.com\/index.php\/boutique\/"},{"@type":"ListItem","position":3,"name":"VTC \u00e9lectrique TREK Allant+ 9.9S Noir"}]},{"@type":"WebSite","@id":"https:\/\/www.cbs-electro.com\/#website","url":"https:\/\/www.cbs-electro.com\/","name":"CBS Electro","description":"Vente des produits neufs - Informatique, Smartphones, livres, jeux vid\u00e9o, photos, jouets et \u00e9lectrom\u00e9nager","potentialAction":[{"@type":"SearchAction","target":{"@type":"EntryPoint","urlTemplate":"https:\/\/www.cbs-electro.com\/?s={search_term_string}"},"query-input":{"@type":"PropertyValueSpecification","valueRequired":true,"valueName":"search_term_string"}}],"inLanguage":"fr-FR"}]}},"_links":{"self":[{"href":"https:\/\/cbs-electro.com\/index.php\/wp-json\/wp\/v2\/product\/13871","targetHints":{"allow":["GET"]}}],"collection":[{"href":"https:\/\/cbs-electro.com\/index.php\/wp-json\/wp\/v2\/product"}],"about":[{"href":"https:\/\/cbs-electro.com\/index.php\/wp-json\/wp\/v2\/types\/product"}],"version-history":[{"count":1,"href":"https:\/\/cbs-electro.com\/index.php\/wp-json\/wp\/v2\/product\/13871\/revisions"}],"predecessor-version":[{"id":13996,"href":"https:\/\/cbs-electro.com\/index.php\/wp-json\/wp\/v2\/product\/13871\/revisions\/13996"}],"wp:featuredmedia":[{"embeddable":true,"href":"https:\/\/cbs-electro.com\/index.php\/wp-json\/wp\/v2\/media\/13990"}],"wp:attachment":[{"href":"https:\/\/cbs-electro.com\/index.php\/wp-json\/wp\/v2\/media?parent=13871"}],"wp:term":[{"taxonomy":"product_brand","embeddable":true,"href":"https:\/\/cbs-electro.com\/index.php\/wp-json\/wp\/v2\/product_brand?post=13871"},{"taxonomy":"product_cat","embeddable":true,"href":"https:\/\/cbs-electro.com\/index.php\/wp-json\/wp\/v2\/product_cat?post=13871"},{"taxonomy":"product_tag","embeddable":true,"href":"https:\/\/cbs-electro.com\/index.php\/wp-json\/wp\/v2\/product_tag?post=13871"}],"curies":[{"name":"wp","href":"https:\/\/api.w.org\/{rel}","templated":true}]}}