{"id":13870,"date":"2023-11-15T14:46:33","date_gmt":"2023-11-15T13:46:33","guid":{"rendered":"https:\/?post_type=product&#038;p=13870"},"modified":"2023-11-15T14:47:38","modified_gmt":"2023-11-15T13:47:38","slug":"vtt-electrique-overvolt-tr-500i-bosch-500wh-2019-lapierre","status":"publish","type":"product","link":"https:\/\/cbs-electro.com\/index.php\/produit\/vtt-electrique-overvolt-tr-500i-bosch-500wh-2019-lapierre\/","title":{"rendered":"VTT \u00c9lectrique Overvolt TR 500i Bosch 500Wh 2019 LAPIERRE"},"content":{"rendered":"<p>Le v\u00e9lo \u00e9lectrique Overvolt TR 500i LAPIERRE est un VTT \u00e9lectrique tout suspendu entr\u00e9e de gamme. Avec son look sportif et rac\u00e9 il saura s\u00e9duire tous les adaptes de VTT \u00e9lectrique. Son cadre en aluminium supreme 5 procure une fiabilit\u00e9 et une solidit\u00e9 \u00e0 toute \u00e9preuve. Equip\u00e9 d&rsquo;un moteur Bosch Performance CX, le meilleur du march\u00e9 et d&rsquo;une batterie int\u00e9gr\u00e9e 500Wh qui vous permettront d&rsquo;arpenter les sentiers les plus battus sur un VTT \u00e9lectrique ultra confort.<\/p>\n<p>Couleur :Gris, Noir, Orange<br \/>\n\u00c9tat :Neuf<br \/>\nPOIDS : 24,2<br \/>\nTAILLE : S, M, L, XL<br \/>\nInfos garantie Garantie 2 ans : Cycle, Moteur et Batterie<\/p>\n<p>* SP\u00c9CIFICATIONS TECHNIQUES<\/p>\n<p>CADRE : OVERVOLT OST+ 120MM INTEGRATED BOSCH SUPREME 5 ALLOY BOOST<br \/>\nFOURCHE : ROCKSHOX RECON RL 29\u201d 15\u00d7110 SOLO AIR 130MM TRAVEL<br \/>\nAMORTISSEURS : ROCKSHOX DELUXE R 190\u00d745 MM<br \/>\nJEU DE DIRECTION : FSA ORBIT 1.5 ZS NO.57SC<br \/>\nP\u00c9DALIER : LAPIERRE OVERVOLT ISIS 14T 165MM<br \/>\nPOTENCE : LAPIERRE ALLOY 0\u00b0 \u00d8: 31.8MM L: 45MM<br \/>\nTIGE DE SELLE : LAPIERRE DROPPER BY JD \u00d8: 31.6MM TRAVEL 100MM(S) 125MM(M,L,XL)<br \/>\nCINTRE : LAPIERRE ALLOY 6061DB W: 740MM R: 15MM \u00d8: 31.8MM<br \/>\nD\u00c9RAILLEUR ARRI\u00c8RE : SRAM NX 11S<br \/>\nFREINS : SHIMANO MT400 \u2013 SHIMANO RT64 203MM\/ 180MM CENTERLOCK<br \/>\nMANETTES : SRAM NX 11S<br \/>\nSELLE : LAPIERRE BY VELO<br \/>\nROUES : SHIMANO MT400 THRU AXLE \u2013 SHIMANO MT400 THRU AXLE \u2013 LAPIERRE EAM+ 32H 584-35C<br \/>\nCASSETTE : SUNRACE MS8 11-46T<br \/>\nPNEUS : MAXXIS REKON 60TPI EXO TLR 27.5\u00d72.6<br \/>\nMOTEUR : BOSCH PERFORMANCE CX 500WH POWERTUBE PURION<\/p>\n","protected":false},"excerpt":{"rendered":"<p>Le v\u00e9lo \u00e9lectrique Overvolt TR 500i LAPIERRE est un VTT \u00e9lectrique tout suspendu entr\u00e9e de gamme. Avec son look sportif<\/p>\n","protected":false},"featured_media":13984,"template":"","meta":[],"product_brand":[],"product_cat":[77,78],"product_tag":[],"class_list":{"0":"post-13870","1":"product","2":"type-product","3":"status-publish","4":"has-post-thumbnail","6":"product_cat-sports-loisirs","7":"product_cat-velo-electrique","9":"first","10":"instock","11":"taxable","12":"shipping-taxable","13":"purchasable","14":"product-type-simple"},"yoast_head":"<!-- This site is optimized with the Yoast SEO plugin v24.8.1 - https:\/\/yoast.com\/wordpress\/plugins\/seo\/ -->\n<title>VTT \u00c9lectrique Overvolt TR 500i Bosch 500Wh 2019 LAPIERRE - CBS Electro<\/title>\n<meta name=\"robots\" content=\"index, follow, max-snippet:-1, max-image-preview:large, max-video-preview:-1\" \/>\n<link rel=\"canonical\" href=\"https:\/\/cbs-electro.com\/index.php\/produit\/vtt-electrique-overvolt-tr-500i-bosch-500wh-2019-lapierre\/\" \/>\n<meta property=\"og:locale\" content=\"fr_FR\" \/>\n<meta property=\"og:type\" content=\"article\" \/>\n<meta property=\"og:title\" content=\"VTT \u00c9lectrique Overvolt TR 500i Bosch 500Wh 2019 LAPIERRE - CBS Electro\" \/>\n<meta property=\"og:description\" content=\"Le v\u00e9lo \u00e9lectrique Overvolt TR 500i LAPIERRE est un VTT \u00e9lectrique tout suspendu entr\u00e9e de gamme. Avec son look sportif\" \/>\n<meta property=\"og:url\" content=\"https:\/\/cbs-electro.com\/index.php\/produit\/vtt-electrique-overvolt-tr-500i-bosch-500wh-2019-lapierre\/\" \/>\n<meta property=\"og:site_name\" content=\"CBS Electro\" \/>\n<meta property=\"article:modified_time\" content=\"2023-11-15T13:47:38+00:00\" \/>\n<meta property=\"og:image\" content=\"https:\/\/cbs-electro.com\/wp-content\/uploads\/2023\/11\/376-large_default.jpg\" \/>\n\t<meta property=\"og:image:width\" content=\"800\" \/>\n\t<meta property=\"og:image:height\" content=\"800\" \/>\n\t<meta property=\"og:image:type\" content=\"image\/jpeg\" \/>\n<meta name=\"twitter:card\" content=\"summary_large_image\" \/>\n<meta name=\"twitter:label1\" content=\"Dur\u00e9e de lecture estim\u00e9e\" \/>\n\t<meta name=\"twitter:data1\" content=\"1 minute\" \/>\n<script type=\"application\/ld+json\" class=\"yoast-schema-graph\">{\"@context\":\"https:\/\/schema.org\",\"@graph\":[{\"@type\":\"WebPage\",\"@id\":\"https:\/\/cbs-electro.com\/index.php\/produit\/vtt-electrique-overvolt-tr-500i-bosch-500wh-2019-lapierre\/\",\"url\":\"https:\/\/cbs-electro.com\/index.php\/produit\/vtt-electrique-overvolt-tr-500i-bosch-500wh-2019-lapierre\/\",\"name\":\"VTT \u00c9lectrique Overvolt TR 500i Bosch 500Wh 2019 LAPIERRE - CBS Electro\",\"isPartOf\":{\"@id\":\"https:\/\/www.cbs-electro.com\/#website\"},\"primaryImageOfPage\":{\"@id\":\"https:\/\/cbs-electro.com\/index.php\/produit\/vtt-electrique-overvolt-tr-500i-bosch-500wh-2019-lapierre\/#primaryimage\"},\"image\":{\"@id\":\"https:\/\/cbs-electro.com\/index.php\/produit\/vtt-electrique-overvolt-tr-500i-bosch-500wh-2019-lapierre\/#primaryimage\"},\"thumbnailUrl\":\"https:\/\/cbs-electro.com\/wp-content\/uploads\/2023\/11\/376-large_default.jpg\",\"datePublished\":\"2023-11-15T13:46:33+00:00\",\"dateModified\":\"2023-11-15T13:47:38+00:00\",\"breadcrumb\":{\"@id\":\"https:\/\/cbs-electro.com\/index.php\/produit\/vtt-electrique-overvolt-tr-500i-bosch-500wh-2019-lapierre\/#breadcrumb\"},\"inLanguage\":\"fr-FR\",\"potentialAction\":[{\"@type\":\"ReadAction\",\"target\":[\"https:\/\/cbs-electro.com\/index.php\/produit\/vtt-electrique-overvolt-tr-500i-bosch-500wh-2019-lapierre\/\"]}]},{\"@type\":\"ImageObject\",\"inLanguage\":\"fr-FR\",\"@id\":\"https:\/\/cbs-electro.com\/index.php\/produit\/vtt-electrique-overvolt-tr-500i-bosch-500wh-2019-lapierre\/#primaryimage\",\"url\":\"https:\/\/cbs-electro.com\/wp-content\/uploads\/2023\/11\/376-large_default.jpg\",\"contentUrl\":\"https:\/\/cbs-electro.com\/wp-content\/uploads\/2023\/11\/376-large_default.jpg\",\"width\":800,\"height\":800},{\"@type\":\"BreadcrumbList\",\"@id\":\"https:\/\/cbs-electro.com\/index.php\/produit\/vtt-electrique-overvolt-tr-500i-bosch-500wh-2019-lapierre\/#breadcrumb\",\"itemListElement\":[{\"@type\":\"ListItem\",\"position\":1,\"name\":\"Accueil\",\"item\":\"https:\/\/www.cbs-electro.com\/\"},{\"@type\":\"ListItem\",\"position\":2,\"name\":\"Boutique\",\"item\":\"https:\/\/www.cbs-electro.com\/index.php\/boutique\/\"},{\"@type\":\"ListItem\",\"position\":3,\"name\":\"VTT \u00c9lectrique Overvolt TR 500i Bosch 500Wh 2019 LAPIERRE\"}]},{\"@type\":\"WebSite\",\"@id\":\"https:\/\/www.cbs-electro.com\/#website\",\"url\":\"https:\/\/www.cbs-electro.com\/\",\"name\":\"CBS Electro\",\"description\":\"Vente des produits neufs - Informatique, Smartphones, livres, jeux vid\u00e9o, photos, jouets et \u00e9lectrom\u00e9nager\",\"potentialAction\":[{\"@type\":\"SearchAction\",\"target\":{\"@type\":\"EntryPoint\",\"urlTemplate\":\"https:\/\/www.cbs-electro.com\/?s={search_term_string}\"},\"query-input\":{\"@type\":\"PropertyValueSpecification\",\"valueRequired\":true,\"valueName\":\"search_term_string\"}}],\"inLanguage\":\"fr-FR\"}]}<\/script>\n<!-- \/ Yoast SEO plugin. -->","yoast_head_json":{"title":"VTT \u00c9lectrique Overvolt TR 500i Bosch 500Wh 2019 LAPIERRE - CBS Electro","robots":{"index":"index","follow":"follow","max-snippet":"max-snippet:-1","max-image-preview":"max-image-preview:large","max-video-preview":"max-video-preview:-1"},"canonical":"https:\/\/cbs-electro.com\/index.php\/produit\/vtt-electrique-overvolt-tr-500i-bosch-500wh-2019-lapierre\/","og_locale":"fr_FR","og_type":"article","og_title":"VTT \u00c9lectrique Overvolt TR 500i Bosch 500Wh 2019 LAPIERRE - CBS Electro","og_description":"Le v\u00e9lo \u00e9lectrique Overvolt TR 500i LAPIERRE est un VTT \u00e9lectrique tout suspendu entr\u00e9e de gamme. Avec son look sportif","og_url":"https:\/\/cbs-electro.com\/index.php\/produit\/vtt-electrique-overvolt-tr-500i-bosch-500wh-2019-lapierre\/","og_site_name":"CBS Electro","article_modified_time":"2023-11-15T13:47:38+00:00","og_image":[{"width":800,"height":800,"url":"https:\/\/cbs-electro.com\/wp-content\/uploads\/2023\/11\/376-large_default.jpg","type":"image\/jpeg"}],"twitter_card":"summary_large_image","twitter_misc":{"Dur\u00e9e de lecture estim\u00e9e":"1 minute"},"schema":{"@context":"https:\/\/schema.org","@graph":[{"@type":"WebPage","@id":"https:\/\/cbs-electro.com\/index.php\/produit\/vtt-electrique-overvolt-tr-500i-bosch-500wh-2019-lapierre\/","url":"https:\/\/cbs-electro.com\/index.php\/produit\/vtt-electrique-overvolt-tr-500i-bosch-500wh-2019-lapierre\/","name":"VTT \u00c9lectrique Overvolt TR 500i Bosch 500Wh 2019 LAPIERRE - CBS Electro","isPartOf":{"@id":"https:\/\/www.cbs-electro.com\/#website"},"primaryImageOfPage":{"@id":"https:\/\/cbs-electro.com\/index.php\/produit\/vtt-electrique-overvolt-tr-500i-bosch-500wh-2019-lapierre\/#primaryimage"},"image":{"@id":"https:\/\/cbs-electro.com\/index.php\/produit\/vtt-electrique-overvolt-tr-500i-bosch-500wh-2019-lapierre\/#primaryimage"},"thumbnailUrl":"https:\/\/cbs-electro.com\/wp-content\/uploads\/2023\/11\/376-large_default.jpg","datePublished":"2023-11-15T13:46:33+00:00","dateModified":"2023-11-15T13:47:38+00:00","breadcrumb":{"@id":"https:\/\/cbs-electro.com\/index.php\/produit\/vtt-electrique-overvolt-tr-500i-bosch-500wh-2019-lapierre\/#breadcrumb"},"inLanguage":"fr-FR","potentialAction":[{"@type":"ReadAction","target":["https:\/\/cbs-electro.com\/index.php\/produit\/vtt-electrique-overvolt-tr-500i-bosch-500wh-2019-lapierre\/"]}]},{"@type":"ImageObject","inLanguage":"fr-FR","@id":"https:\/\/cbs-electro.com\/index.php\/produit\/vtt-electrique-overvolt-tr-500i-bosch-500wh-2019-lapierre\/#primaryimage","url":"https:\/\/cbs-electro.com\/wp-content\/uploads\/2023\/11\/376-large_default.jpg","contentUrl":"https:\/\/cbs-electro.com\/wp-content\/uploads\/2023\/11\/376-large_default.jpg","width":800,"height":800},{"@type":"BreadcrumbList","@id":"https:\/\/cbs-electro.com\/index.php\/produit\/vtt-electrique-overvolt-tr-500i-bosch-500wh-2019-lapierre\/#breadcrumb","itemListElement":[{"@type":"ListItem","position":1,"name":"Accueil","item":"https:\/\/www.cbs-electro.com\/"},{"@type":"ListItem","position":2,"name":"Boutique","item":"https:\/\/www.cbs-electro.com\/index.php\/boutique\/"},{"@type":"ListItem","position":3,"name":"VTT \u00c9lectrique Overvolt TR 500i Bosch 500Wh 2019 LAPIERRE"}]},{"@type":"WebSite","@id":"https:\/\/www.cbs-electro.com\/#website","url":"https:\/\/www.cbs-electro.com\/","name":"CBS Electro","description":"Vente des produits neufs - Informatique, Smartphones, livres, jeux vid\u00e9o, photos, jouets et \u00e9lectrom\u00e9nager","potentialAction":[{"@type":"SearchAction","target":{"@type":"EntryPoint","urlTemplate":"https:\/\/www.cbs-electro.com\/?s={search_term_string}"},"query-input":{"@type":"PropertyValueSpecification","valueRequired":true,"valueName":"search_term_string"}}],"inLanguage":"fr-FR"}]}},"_links":{"self":[{"href":"https:\/\/cbs-electro.com\/index.php\/wp-json\/wp\/v2\/product\/13870","targetHints":{"allow":["GET"]}}],"collection":[{"href":"https:\/\/cbs-electro.com\/index.php\/wp-json\/wp\/v2\/product"}],"about":[{"href":"https:\/\/cbs-electro.com\/index.php\/wp-json\/wp\/v2\/types\/product"}],"version-history":[{"count":1,"href":"https:\/\/cbs-electro.com\/index.php\/wp-json\/wp\/v2\/product\/13870\/revisions"}],"predecessor-version":[{"id":13989,"href":"https:\/\/cbs-electro.com\/index.php\/wp-json\/wp\/v2\/product\/13870\/revisions\/13989"}],"wp:featuredmedia":[{"embeddable":true,"href":"https:\/\/cbs-electro.com\/index.php\/wp-json\/wp\/v2\/media\/13984"}],"wp:attachment":[{"href":"https:\/\/cbs-electro.com\/index.php\/wp-json\/wp\/v2\/media?parent=13870"}],"wp:term":[{"taxonomy":"product_brand","embeddable":true,"href":"https:\/\/cbs-electro.com\/index.php\/wp-json\/wp\/v2\/product_brand?post=13870"},{"taxonomy":"product_cat","embeddable":true,"href":"https:\/\/cbs-electro.com\/index.php\/wp-json\/wp\/v2\/product_cat?post=13870"},{"taxonomy":"product_tag","embeddable":true,"href":"https:\/\/cbs-electro.com\/index.php\/wp-json\/wp\/v2\/product_tag?post=13870"}],"curies":[{"name":"wp","href":"https:\/\/api.w.org\/{rel}","templated":true}]}}