{"id":13861,"date":"2023-11-15T14:46:33","date_gmt":"2023-11-15T13:46:33","guid":{"rendered":"https:\/?post_type=product&#038;p=13861"},"modified":"2023-11-15T14:47:21","modified_gmt":"2023-11-15T13:47:21","slug":"lance-multi-jet-3-en-1-180-full-control-plus-nhp","status":"publish","type":"product","link":"https:\/\/cbs-electro.com\/index.php\/produit\/lance-multi-jet-3-en-1-180-full-control-plus-nhp\/","title":{"rendered":"Lance Multi Jet 3-en-1 180 Full Control PLUS NHP"},"content":{"rendered":"<p>La lance 3-en-1 Multi Jet de K\u00e4rcher offre un jet plat \u00e0 haute pression r\u00e9glable en continu, un jet rotatif et un jet \u00e0 d\u00e9tergent dans une seule lance. Le jet appropri\u00e9 est s\u00e9lectionn\u00e9 en tournant tout simplement la lance. La pression peut facilement \u00eatre r\u00e9gl\u00e9e \u00e0 l&rsquo;aide des boutons sur le poign\u00e9e-pistolet G 180 Q Full Control Plus Power. Convient aux nettoyeurs haute pression Home &amp; Garden de K\u00e4rcher des s\u00e9ries K 7 Full Control Plus et K 7 Premium Full Control Plus \u00e0 partir de 2017.<\/p>\n<p>Poids (kg) 0,5<br \/>\nPoids (emballage inclus) (kg) 0,6<br \/>\nDimensions (L x l x h) (mm) 445 x 63 x 63<\/p>\n","protected":false},"excerpt":{"rendered":"<p>La lance 3-en-1 Multi Jet de K\u00e4rcher offre un jet plat \u00e0 haute pression r\u00e9glable en continu, un jet rotatif<\/p>\n","protected":false},"featured_media":13941,"template":"","meta":[],"product_brand":[],"product_cat":[74,73],"product_tag":[],"class_list":{"0":"post-13861","1":"product","2":"type-product","3":"status-publish","4":"has-post-thumbnail","6":"product_cat-maison-jardin","7":"product_cat-nettoyeur-haute-pression","9":"first","10":"instock","11":"taxable","12":"shipping-taxable","13":"purchasable","14":"product-type-simple"},"yoast_head":"<!-- This site is optimized with the Yoast SEO plugin v24.8.1 - https:\/\/yoast.com\/wordpress\/plugins\/seo\/ -->\n<title>Lance Multi Jet 3-en-1 180 Full Control PLUS NHP - CBS Electro<\/title>\n<meta name=\"robots\" content=\"index, follow, max-snippet:-1, max-image-preview:large, max-video-preview:-1\" \/>\n<link rel=\"canonical\" href=\"https:\/\/cbs-electro.com\/index.php\/produit\/lance-multi-jet-3-en-1-180-full-control-plus-nhp\/\" \/>\n<meta property=\"og:locale\" content=\"fr_FR\" \/>\n<meta property=\"og:type\" content=\"article\" \/>\n<meta property=\"og:title\" content=\"Lance Multi Jet 3-en-1 180 Full Control PLUS NHP - CBS Electro\" \/>\n<meta property=\"og:description\" content=\"La lance 3-en-1 Multi Jet de K\u00e4rcher offre un jet plat \u00e0 haute pression r\u00e9glable en continu, un jet rotatif\" \/>\n<meta property=\"og:url\" content=\"https:\/\/cbs-electro.com\/index.php\/produit\/lance-multi-jet-3-en-1-180-full-control-plus-nhp\/\" \/>\n<meta property=\"og:site_name\" content=\"CBS Electro\" \/>\n<meta property=\"article:modified_time\" content=\"2023-11-15T13:47:21+00:00\" \/>\n<meta property=\"og:image\" content=\"https:\/\/cbs-electro.com\/wp-content\/uploads\/2023\/11\/d0-4.jpg\" \/>\n\t<meta property=\"og:image:width\" content=\"1600\" \/>\n\t<meta property=\"og:image:height\" content=\"1600\" \/>\n\t<meta property=\"og:image:type\" content=\"image\/jpeg\" \/>\n<meta name=\"twitter:card\" content=\"summary_large_image\" \/>\n<meta name=\"twitter:label1\" content=\"Dur\u00e9e de lecture estim\u00e9e\" \/>\n\t<meta name=\"twitter:data1\" content=\"1 minute\" \/>\n<script type=\"application\/ld+json\" class=\"yoast-schema-graph\">{\"@context\":\"https:\/\/schema.org\",\"@graph\":[{\"@type\":\"WebPage\",\"@id\":\"https:\/\/cbs-electro.com\/index.php\/produit\/lance-multi-jet-3-en-1-180-full-control-plus-nhp\/\",\"url\":\"https:\/\/cbs-electro.com\/index.php\/produit\/lance-multi-jet-3-en-1-180-full-control-plus-nhp\/\",\"name\":\"Lance Multi Jet 3-en-1 180 Full Control PLUS NHP - CBS Electro\",\"isPartOf\":{\"@id\":\"https:\/\/www.cbs-electro.com\/#website\"},\"primaryImageOfPage\":{\"@id\":\"https:\/\/cbs-electro.com\/index.php\/produit\/lance-multi-jet-3-en-1-180-full-control-plus-nhp\/#primaryimage\"},\"image\":{\"@id\":\"https:\/\/cbs-electro.com\/index.php\/produit\/lance-multi-jet-3-en-1-180-full-control-plus-nhp\/#primaryimage\"},\"thumbnailUrl\":\"https:\/\/cbs-electro.com\/wp-content\/uploads\/2023\/11\/d0-4.jpg\",\"datePublished\":\"2023-11-15T13:46:33+00:00\",\"dateModified\":\"2023-11-15T13:47:21+00:00\",\"breadcrumb\":{\"@id\":\"https:\/\/cbs-electro.com\/index.php\/produit\/lance-multi-jet-3-en-1-180-full-control-plus-nhp\/#breadcrumb\"},\"inLanguage\":\"fr-FR\",\"potentialAction\":[{\"@type\":\"ReadAction\",\"target\":[\"https:\/\/cbs-electro.com\/index.php\/produit\/lance-multi-jet-3-en-1-180-full-control-plus-nhp\/\"]}]},{\"@type\":\"ImageObject\",\"inLanguage\":\"fr-FR\",\"@id\":\"https:\/\/cbs-electro.com\/index.php\/produit\/lance-multi-jet-3-en-1-180-full-control-plus-nhp\/#primaryimage\",\"url\":\"https:\/\/cbs-electro.com\/wp-content\/uploads\/2023\/11\/d0-4.jpg\",\"contentUrl\":\"https:\/\/cbs-electro.com\/wp-content\/uploads\/2023\/11\/d0-4.jpg\",\"width\":1600,\"height\":1600},{\"@type\":\"BreadcrumbList\",\"@id\":\"https:\/\/cbs-electro.com\/index.php\/produit\/lance-multi-jet-3-en-1-180-full-control-plus-nhp\/#breadcrumb\",\"itemListElement\":[{\"@type\":\"ListItem\",\"position\":1,\"name\":\"Accueil\",\"item\":\"https:\/\/www.cbs-electro.com\/\"},{\"@type\":\"ListItem\",\"position\":2,\"name\":\"Boutique\",\"item\":\"https:\/\/www.cbs-electro.com\/index.php\/boutique\/\"},{\"@type\":\"ListItem\",\"position\":3,\"name\":\"Lance Multi Jet 3-en-1 180 Full Control PLUS NHP\"}]},{\"@type\":\"WebSite\",\"@id\":\"https:\/\/www.cbs-electro.com\/#website\",\"url\":\"https:\/\/www.cbs-electro.com\/\",\"name\":\"CBS Electro\",\"description\":\"Vente des produits neufs - Informatique, Smartphones, livres, jeux vid\u00e9o, photos, jouets et \u00e9lectrom\u00e9nager\",\"potentialAction\":[{\"@type\":\"SearchAction\",\"target\":{\"@type\":\"EntryPoint\",\"urlTemplate\":\"https:\/\/www.cbs-electro.com\/?s={search_term_string}\"},\"query-input\":{\"@type\":\"PropertyValueSpecification\",\"valueRequired\":true,\"valueName\":\"search_term_string\"}}],\"inLanguage\":\"fr-FR\"}]}<\/script>\n<!-- \/ Yoast SEO plugin. -->","yoast_head_json":{"title":"Lance Multi Jet 3-en-1 180 Full Control PLUS NHP - CBS Electro","robots":{"index":"index","follow":"follow","max-snippet":"max-snippet:-1","max-image-preview":"max-image-preview:large","max-video-preview":"max-video-preview:-1"},"canonical":"https:\/\/cbs-electro.com\/index.php\/produit\/lance-multi-jet-3-en-1-180-full-control-plus-nhp\/","og_locale":"fr_FR","og_type":"article","og_title":"Lance Multi Jet 3-en-1 180 Full Control PLUS NHP - CBS Electro","og_description":"La lance 3-en-1 Multi Jet de K\u00e4rcher offre un jet plat \u00e0 haute pression r\u00e9glable en continu, un jet rotatif","og_url":"https:\/\/cbs-electro.com\/index.php\/produit\/lance-multi-jet-3-en-1-180-full-control-plus-nhp\/","og_site_name":"CBS Electro","article_modified_time":"2023-11-15T13:47:21+00:00","og_image":[{"width":1600,"height":1600,"url":"https:\/\/cbs-electro.com\/wp-content\/uploads\/2023\/11\/d0-4.jpg","type":"image\/jpeg"}],"twitter_card":"summary_large_image","twitter_misc":{"Dur\u00e9e de lecture estim\u00e9e":"1 minute"},"schema":{"@context":"https:\/\/schema.org","@graph":[{"@type":"WebPage","@id":"https:\/\/cbs-electro.com\/index.php\/produit\/lance-multi-jet-3-en-1-180-full-control-plus-nhp\/","url":"https:\/\/cbs-electro.com\/index.php\/produit\/lance-multi-jet-3-en-1-180-full-control-plus-nhp\/","name":"Lance Multi Jet 3-en-1 180 Full Control PLUS NHP - CBS Electro","isPartOf":{"@id":"https:\/\/www.cbs-electro.com\/#website"},"primaryImageOfPage":{"@id":"https:\/\/cbs-electro.com\/index.php\/produit\/lance-multi-jet-3-en-1-180-full-control-plus-nhp\/#primaryimage"},"image":{"@id":"https:\/\/cbs-electro.com\/index.php\/produit\/lance-multi-jet-3-en-1-180-full-control-plus-nhp\/#primaryimage"},"thumbnailUrl":"https:\/\/cbs-electro.com\/wp-content\/uploads\/2023\/11\/d0-4.jpg","datePublished":"2023-11-15T13:46:33+00:00","dateModified":"2023-11-15T13:47:21+00:00","breadcrumb":{"@id":"https:\/\/cbs-electro.com\/index.php\/produit\/lance-multi-jet-3-en-1-180-full-control-plus-nhp\/#breadcrumb"},"inLanguage":"fr-FR","potentialAction":[{"@type":"ReadAction","target":["https:\/\/cbs-electro.com\/index.php\/produit\/lance-multi-jet-3-en-1-180-full-control-plus-nhp\/"]}]},{"@type":"ImageObject","inLanguage":"fr-FR","@id":"https:\/\/cbs-electro.com\/index.php\/produit\/lance-multi-jet-3-en-1-180-full-control-plus-nhp\/#primaryimage","url":"https:\/\/cbs-electro.com\/wp-content\/uploads\/2023\/11\/d0-4.jpg","contentUrl":"https:\/\/cbs-electro.com\/wp-content\/uploads\/2023\/11\/d0-4.jpg","width":1600,"height":1600},{"@type":"BreadcrumbList","@id":"https:\/\/cbs-electro.com\/index.php\/produit\/lance-multi-jet-3-en-1-180-full-control-plus-nhp\/#breadcrumb","itemListElement":[{"@type":"ListItem","position":1,"name":"Accueil","item":"https:\/\/www.cbs-electro.com\/"},{"@type":"ListItem","position":2,"name":"Boutique","item":"https:\/\/www.cbs-electro.com\/index.php\/boutique\/"},{"@type":"ListItem","position":3,"name":"Lance Multi Jet 3-en-1 180 Full Control PLUS NHP"}]},{"@type":"WebSite","@id":"https:\/\/www.cbs-electro.com\/#website","url":"https:\/\/www.cbs-electro.com\/","name":"CBS Electro","description":"Vente des produits neufs - Informatique, Smartphones, livres, jeux vid\u00e9o, photos, jouets et \u00e9lectrom\u00e9nager","potentialAction":[{"@type":"SearchAction","target":{"@type":"EntryPoint","urlTemplate":"https:\/\/www.cbs-electro.com\/?s={search_term_string}"},"query-input":{"@type":"PropertyValueSpecification","valueRequired":true,"valueName":"search_term_string"}}],"inLanguage":"fr-FR"}]}},"_links":{"self":[{"href":"https:\/\/cbs-electro.com\/index.php\/wp-json\/wp\/v2\/product\/13861","targetHints":{"allow":["GET"]}}],"collection":[{"href":"https:\/\/cbs-electro.com\/index.php\/wp-json\/wp\/v2\/product"}],"about":[{"href":"https:\/\/cbs-electro.com\/index.php\/wp-json\/wp\/v2\/types\/product"}],"version-history":[{"count":1,"href":"https:\/\/cbs-electro.com\/index.php\/wp-json\/wp\/v2\/product\/13861\/revisions"}],"predecessor-version":[{"id":13946,"href":"https:\/\/cbs-electro.com\/index.php\/wp-json\/wp\/v2\/product\/13861\/revisions\/13946"}],"wp:featuredmedia":[{"embeddable":true,"href":"https:\/\/cbs-electro.com\/index.php\/wp-json\/wp\/v2\/media\/13941"}],"wp:attachment":[{"href":"https:\/\/cbs-electro.com\/index.php\/wp-json\/wp\/v2\/media?parent=13861"}],"wp:term":[{"taxonomy":"product_brand","embeddable":true,"href":"https:\/\/cbs-electro.com\/index.php\/wp-json\/wp\/v2\/product_brand?post=13861"},{"taxonomy":"product_cat","embeddable":true,"href":"https:\/\/cbs-electro.com\/index.php\/wp-json\/wp\/v2\/product_cat?post=13861"},{"taxonomy":"product_tag","embeddable":true,"href":"https:\/\/cbs-electro.com\/index.php\/wp-json\/wp\/v2\/product_tag?post=13861"}],"curies":[{"name":"wp","href":"https:\/\/api.w.org\/{rel}","templated":true}]}}