{"id":13857,"date":"2023-11-15T14:46:33","date_gmt":"2023-11-15T13:46:33","guid":{"rendered":"https:\/?post_type=product&#038;p=13857"},"modified":"2024-10-14T16:03:35","modified_gmt":"2024-10-14T14:03:35","slug":"karcher-k-7-premium-smart-control-nettoyeur-haute-pression","status":"publish","type":"product","link":"https:\/\/cbs-electro.com\/index.php\/produit\/karcher-k-7-premium-smart-control-nettoyeur-haute-pression\/","title":{"rendered":"K\u00e4rcher K 7 Premium Smart Control Nettoyeur Haute Pression"},"content":{"rendered":"<p>* Descriptif technique<\/p>\n<p>Fabricant \u200eK\u00e4rcher<br \/>\nDimensions du produit (L x l x h) \u200e59,1 x 39,7 x 71,3 cm; 22,5 kilogrammes<br \/>\nPression maximale 180<br \/>\nPile(s) \/ Batterie(s) : n\u00e9cessite des piles.<br \/>\nR\u00e9f\u00e9rence \u200e1.317-230.0<br \/>\nTaille \u200eSmart<br \/>\nCouleur \u200eJaune Et Noir<br \/>\nStyle \u200eUnique<br \/>\nMotif \u200eUnique<br \/>\nType d&rsquo;alimentation \u200eC\u00e2ble \u00e9lectrique<br \/>\nD\u00e9bit \u200e600 Litres par heure<br \/>\nLongueur du tuyau \u200e10 M\u00e8tres<br \/>\nPoids \u200e22,5 Kilogrammes<br \/>\nGarantie constructeur \u200e3 ans<\/p>\n<p>Solution la plus puissante &#8211; le K7 est \u00e9quip\u00e9 pour relever tous les d\u00e9fis &#8211; v\u00e9hicules, outils de jardinage, meubles de balcon, cl\u00f4tures et chemins, escaliers et murs en ma\u00e7onnerie, les fa\u00e7ades des piscines et des maisons<br \/>\nContenu : Nettoyeur haute pression avec pistolet 180 Q Smart Control, lance multi-jet 3 en 1, flexible haute pression 10 m<\/p>\n<p>Ne perdez jamais le controle. Gr\u00e2ce \u00e0 la poign\u00e9e-pistolet innovante avec boutons +\/- et l\u2019\u00e9cran LCD pour le r\u00e9glage de la pression et du d\u00e9tergent, vous pouvez choisir la pression adapt\u00e9e pour chaque surface. Combin\u00e9 \u00e0 la lance Multi Jet 3-en-1, plus besoin de changer la lance si vous passez d&rsquo;un jet \u00e0 haute pression \u00e0 un jet avec d\u00e9tergent. Confort am\u00e9lior\u00e9. La poign\u00e9e-pistolet et la lance peuvent se ranger sur l&rsquo;appareil pendant les pauses de travail, et sont donc toujours \u00e0 port\u00e9e de main. La poign\u00e9e t\u00e9lescopique r\u00e9tractable offre une plus grande libert\u00e9 de d\u00e9placement. Le syst\u00e8me de chargement du d\u00e9tergent simplifi\u00e9 Plug &lsquo;n&rsquo; Clean, le guidage du flexible pratique et le socle allong\u00e9 stable (qui peut aussi \u00eatre utilis\u00e9 comme deuxi\u00e8me poign\u00e9e) garantissent tous un nettoyage simple et confortable. Le centre de gravit\u00e9 plus bas garantit une stabilit\u00e9 am\u00e9lior\u00e9e. Innovant, la fonction Smart permet une connectivit\u00e9 du nettoyeur via un Smartphone : r\u00e9gler la bonne puissance, bien assembler son nettoyeur ou encore obtenir une assistance technique , telle sont les possibilit\u00e9s offertes via l&rsquo;application Home &amp; Garden K\u00e4rcher.La fonction \u00ab\u00a0Boost\u00a0\u00bb permet d&rsquo;obtenir 15 bar suppl\u00e9mentaires sur un court instant pour enlever une t\u00e2che plus tenace.<br \/>\nPression max 20-180 bar, d\u00e9bit max 600 L\/h, puissance 3000 Watts, surface conseill\u00e9e \u2248 60m\u00b2\/h, moteur \u00e0 induction refroidi \u00e0 l\u2019eau, pompe aluminium Premium.<\/p>\n","protected":false},"excerpt":{"rendered":"<p>* Descriptif technique Fabricant \u200eK\u00e4rcher Dimensions du produit (L x l x h) \u200e59,1 x 39,7 x 71,3 cm; 22,5<\/p>\n","protected":false},"featured_media":13909,"template":"","meta":[],"product_brand":[],"product_cat":[74,73],"product_tag":[],"class_list":{"0":"post-13857","1":"product","2":"type-product","3":"status-publish","4":"has-post-thumbnail","6":"product_cat-maison-jardin","7":"product_cat-nettoyeur-haute-pression","9":"first","10":"instock","11":"taxable","12":"shipping-taxable","13":"purchasable","14":"product-type-simple"},"yoast_head":"<!-- This site is optimized with the Yoast SEO plugin v24.8.1 - https:\/\/yoast.com\/wordpress\/plugins\/seo\/ -->\n<title>K\u00e4rcher K 7 Premium Smart Control Nettoyeur Haute Pression - CBS Electro<\/title>\n<meta name=\"robots\" content=\"index, follow, max-snippet:-1, max-image-preview:large, max-video-preview:-1\" \/>\n<link rel=\"canonical\" href=\"https:\/\/cbs-electro.com\/index.php\/produit\/karcher-k-7-premium-smart-control-nettoyeur-haute-pression\/\" \/>\n<meta property=\"og:locale\" content=\"fr_FR\" \/>\n<meta property=\"og:type\" content=\"article\" \/>\n<meta property=\"og:title\" content=\"K\u00e4rcher K 7 Premium Smart Control Nettoyeur Haute Pression - CBS Electro\" \/>\n<meta property=\"og:description\" content=\"* Descriptif technique Fabricant \u200eK\u00e4rcher Dimensions du produit (L x l x h) \u200e59,1 x 39,7 x 71,3 cm; 22,5\" \/>\n<meta property=\"og:url\" content=\"https:\/\/cbs-electro.com\/index.php\/produit\/karcher-k-7-premium-smart-control-nettoyeur-haute-pression\/\" \/>\n<meta property=\"og:site_name\" content=\"CBS Electro\" \/>\n<meta property=\"article:modified_time\" content=\"2024-10-14T14:03:35+00:00\" \/>\n<meta property=\"og:image\" content=\"https:\/\/cbs-electro.com\/wp-content\/uploads\/2023\/11\/81WCJl7tbCL._AC_SL1500_.jpg\" \/>\n\t<meta property=\"og:image:width\" content=\"1460\" \/>\n\t<meta property=\"og:image:height\" content=\"1500\" \/>\n\t<meta property=\"og:image:type\" content=\"image\/jpeg\" \/>\n<meta name=\"twitter:card\" content=\"summary_large_image\" \/>\n<meta name=\"twitter:label1\" content=\"Dur\u00e9e de lecture estim\u00e9e\" \/>\n\t<meta name=\"twitter:data1\" content=\"2 minutes\" \/>\n<script type=\"application\/ld+json\" class=\"yoast-schema-graph\">{\"@context\":\"https:\/\/schema.org\",\"@graph\":[{\"@type\":\"WebPage\",\"@id\":\"https:\/\/cbs-electro.com\/index.php\/produit\/karcher-k-7-premium-smart-control-nettoyeur-haute-pression\/\",\"url\":\"https:\/\/cbs-electro.com\/index.php\/produit\/karcher-k-7-premium-smart-control-nettoyeur-haute-pression\/\",\"name\":\"K\u00e4rcher K 7 Premium Smart Control Nettoyeur Haute Pression - CBS Electro\",\"isPartOf\":{\"@id\":\"https:\/\/www.cbs-electro.com\/#website\"},\"primaryImageOfPage\":{\"@id\":\"https:\/\/cbs-electro.com\/index.php\/produit\/karcher-k-7-premium-smart-control-nettoyeur-haute-pression\/#primaryimage\"},\"image\":{\"@id\":\"https:\/\/cbs-electro.com\/index.php\/produit\/karcher-k-7-premium-smart-control-nettoyeur-haute-pression\/#primaryimage\"},\"thumbnailUrl\":\"https:\/\/cbs-electro.com\/wp-content\/uploads\/2023\/11\/81WCJl7tbCL._AC_SL1500_.jpg\",\"datePublished\":\"2023-11-15T13:46:33+00:00\",\"dateModified\":\"2024-10-14T14:03:35+00:00\",\"breadcrumb\":{\"@id\":\"https:\/\/cbs-electro.com\/index.php\/produit\/karcher-k-7-premium-smart-control-nettoyeur-haute-pression\/#breadcrumb\"},\"inLanguage\":\"fr-FR\",\"potentialAction\":[{\"@type\":\"ReadAction\",\"target\":[\"https:\/\/cbs-electro.com\/index.php\/produit\/karcher-k-7-premium-smart-control-nettoyeur-haute-pression\/\"]}]},{\"@type\":\"ImageObject\",\"inLanguage\":\"fr-FR\",\"@id\":\"https:\/\/cbs-electro.com\/index.php\/produit\/karcher-k-7-premium-smart-control-nettoyeur-haute-pression\/#primaryimage\",\"url\":\"https:\/\/cbs-electro.com\/wp-content\/uploads\/2023\/11\/81WCJl7tbCL._AC_SL1500_.jpg\",\"contentUrl\":\"https:\/\/cbs-electro.com\/wp-content\/uploads\/2023\/11\/81WCJl7tbCL._AC_SL1500_.jpg\",\"width\":1460,\"height\":1500},{\"@type\":\"BreadcrumbList\",\"@id\":\"https:\/\/cbs-electro.com\/index.php\/produit\/karcher-k-7-premium-smart-control-nettoyeur-haute-pression\/#breadcrumb\",\"itemListElement\":[{\"@type\":\"ListItem\",\"position\":1,\"name\":\"Accueil\",\"item\":\"https:\/\/www.cbs-electro.com\/\"},{\"@type\":\"ListItem\",\"position\":2,\"name\":\"Boutique\",\"item\":\"https:\/\/www.cbs-electro.com\/index.php\/boutique\/\"},{\"@type\":\"ListItem\",\"position\":3,\"name\":\"K\u00e4rcher K 7 Premium Smart Control Nettoyeur Haute Pression\"}]},{\"@type\":\"WebSite\",\"@id\":\"https:\/\/www.cbs-electro.com\/#website\",\"url\":\"https:\/\/www.cbs-electro.com\/\",\"name\":\"CBS Electro\",\"description\":\"Vente des produits neufs - Informatique, Smartphones, livres, jeux vid\u00e9o, photos, jouets et \u00e9lectrom\u00e9nager\",\"potentialAction\":[{\"@type\":\"SearchAction\",\"target\":{\"@type\":\"EntryPoint\",\"urlTemplate\":\"https:\/\/www.cbs-electro.com\/?s={search_term_string}\"},\"query-input\":{\"@type\":\"PropertyValueSpecification\",\"valueRequired\":true,\"valueName\":\"search_term_string\"}}],\"inLanguage\":\"fr-FR\"}]}<\/script>\n<!-- \/ Yoast SEO plugin. -->","yoast_head_json":{"title":"K\u00e4rcher K 7 Premium Smart Control Nettoyeur Haute Pression - CBS Electro","robots":{"index":"index","follow":"follow","max-snippet":"max-snippet:-1","max-image-preview":"max-image-preview:large","max-video-preview":"max-video-preview:-1"},"canonical":"https:\/\/cbs-electro.com\/index.php\/produit\/karcher-k-7-premium-smart-control-nettoyeur-haute-pression\/","og_locale":"fr_FR","og_type":"article","og_title":"K\u00e4rcher K 7 Premium Smart Control Nettoyeur Haute Pression - CBS Electro","og_description":"* Descriptif technique Fabricant \u200eK\u00e4rcher Dimensions du produit (L x l x h) \u200e59,1 x 39,7 x 71,3 cm; 22,5","og_url":"https:\/\/cbs-electro.com\/index.php\/produit\/karcher-k-7-premium-smart-control-nettoyeur-haute-pression\/","og_site_name":"CBS Electro","article_modified_time":"2024-10-14T14:03:35+00:00","og_image":[{"width":1460,"height":1500,"url":"https:\/\/cbs-electro.com\/wp-content\/uploads\/2023\/11\/81WCJl7tbCL._AC_SL1500_.jpg","type":"image\/jpeg"}],"twitter_card":"summary_large_image","twitter_misc":{"Dur\u00e9e de lecture estim\u00e9e":"2 minutes"},"schema":{"@context":"https:\/\/schema.org","@graph":[{"@type":"WebPage","@id":"https:\/\/cbs-electro.com\/index.php\/produit\/karcher-k-7-premium-smart-control-nettoyeur-haute-pression\/","url":"https:\/\/cbs-electro.com\/index.php\/produit\/karcher-k-7-premium-smart-control-nettoyeur-haute-pression\/","name":"K\u00e4rcher K 7 Premium Smart Control Nettoyeur Haute Pression - CBS Electro","isPartOf":{"@id":"https:\/\/www.cbs-electro.com\/#website"},"primaryImageOfPage":{"@id":"https:\/\/cbs-electro.com\/index.php\/produit\/karcher-k-7-premium-smart-control-nettoyeur-haute-pression\/#primaryimage"},"image":{"@id":"https:\/\/cbs-electro.com\/index.php\/produit\/karcher-k-7-premium-smart-control-nettoyeur-haute-pression\/#primaryimage"},"thumbnailUrl":"https:\/\/cbs-electro.com\/wp-content\/uploads\/2023\/11\/81WCJl7tbCL._AC_SL1500_.jpg","datePublished":"2023-11-15T13:46:33+00:00","dateModified":"2024-10-14T14:03:35+00:00","breadcrumb":{"@id":"https:\/\/cbs-electro.com\/index.php\/produit\/karcher-k-7-premium-smart-control-nettoyeur-haute-pression\/#breadcrumb"},"inLanguage":"fr-FR","potentialAction":[{"@type":"ReadAction","target":["https:\/\/cbs-electro.com\/index.php\/produit\/karcher-k-7-premium-smart-control-nettoyeur-haute-pression\/"]}]},{"@type":"ImageObject","inLanguage":"fr-FR","@id":"https:\/\/cbs-electro.com\/index.php\/produit\/karcher-k-7-premium-smart-control-nettoyeur-haute-pression\/#primaryimage","url":"https:\/\/cbs-electro.com\/wp-content\/uploads\/2023\/11\/81WCJl7tbCL._AC_SL1500_.jpg","contentUrl":"https:\/\/cbs-electro.com\/wp-content\/uploads\/2023\/11\/81WCJl7tbCL._AC_SL1500_.jpg","width":1460,"height":1500},{"@type":"BreadcrumbList","@id":"https:\/\/cbs-electro.com\/index.php\/produit\/karcher-k-7-premium-smart-control-nettoyeur-haute-pression\/#breadcrumb","itemListElement":[{"@type":"ListItem","position":1,"name":"Accueil","item":"https:\/\/www.cbs-electro.com\/"},{"@type":"ListItem","position":2,"name":"Boutique","item":"https:\/\/www.cbs-electro.com\/index.php\/boutique\/"},{"@type":"ListItem","position":3,"name":"K\u00e4rcher K 7 Premium Smart Control Nettoyeur Haute Pression"}]},{"@type":"WebSite","@id":"https:\/\/www.cbs-electro.com\/#website","url":"https:\/\/www.cbs-electro.com\/","name":"CBS Electro","description":"Vente des produits neufs - Informatique, Smartphones, livres, jeux vid\u00e9o, photos, jouets et \u00e9lectrom\u00e9nager","potentialAction":[{"@type":"SearchAction","target":{"@type":"EntryPoint","urlTemplate":"https:\/\/www.cbs-electro.com\/?s={search_term_string}"},"query-input":{"@type":"PropertyValueSpecification","valueRequired":true,"valueName":"search_term_string"}}],"inLanguage":"fr-FR"}]}},"_links":{"self":[{"href":"https:\/\/cbs-electro.com\/index.php\/wp-json\/wp\/v2\/product\/13857","targetHints":{"allow":["GET"]}}],"collection":[{"href":"https:\/\/cbs-electro.com\/index.php\/wp-json\/wp\/v2\/product"}],"about":[{"href":"https:\/\/cbs-electro.com\/index.php\/wp-json\/wp\/v2\/types\/product"}],"version-history":[{"count":2,"href":"https:\/\/cbs-electro.com\/index.php\/wp-json\/wp\/v2\/product\/13857\/revisions"}],"predecessor-version":[{"id":17339,"href":"https:\/\/cbs-electro.com\/index.php\/wp-json\/wp\/v2\/product\/13857\/revisions\/17339"}],"wp:featuredmedia":[{"embeddable":true,"href":"https:\/\/cbs-electro.com\/index.php\/wp-json\/wp\/v2\/media\/13909"}],"wp:attachment":[{"href":"https:\/\/cbs-electro.com\/index.php\/wp-json\/wp\/v2\/media?parent=13857"}],"wp:term":[{"taxonomy":"product_brand","embeddable":true,"href":"https:\/\/cbs-electro.com\/index.php\/wp-json\/wp\/v2\/product_brand?post=13857"},{"taxonomy":"product_cat","embeddable":true,"href":"https:\/\/cbs-electro.com\/index.php\/wp-json\/wp\/v2\/product_cat?post=13857"},{"taxonomy":"product_tag","embeddable":true,"href":"https:\/\/cbs-electro.com\/index.php\/wp-json\/wp\/v2\/product_tag?post=13857"}],"curies":[{"name":"wp","href":"https:\/\/api.w.org\/{rel}","templated":true}]}}