{"id":13854,"date":"2023-11-15T14:46:32","date_gmt":"2023-11-15T13:46:32","guid":{"rendered":"https:\/?post_type=product&#038;p=13854"},"modified":"2023-11-15T14:46:41","modified_gmt":"2023-11-15T13:46:41","slug":"console-sony-ps5-edition-digital","status":"publish","type":"product","link":"https:\/\/cbs-electro.com\/index.php\/produit\/console-sony-ps5-edition-digital\/","title":{"rendered":"Console Sony PS5 Edition Digital"},"content":{"rendered":"<p>PlayStation 5 \u00c9dition num\u00e9rique sans lecteur de disque. Une console r\u00e9volutionnaire enti\u00e8rement centr\u00e9e sur le joueur pour des exp\u00e9riences encore plus immersives<\/p>\n<p>Temps de chargement quasi instantan\u00e9s pour les jeux PS5 (install\u00e9s) gr\u00e2ce \u00e0 un disque SSD ultra-haute vitesse, Interface utilisateur con\u00e7ue pour fournir un acc\u00e8s imm\u00e9diat \u00e0 presque toutes les options du syst\u00e8me sans quitter votre partie<\/p>\n<p>Niveau de r\u00e9alisme in\u00e9gal\u00e9 gr\u00e2ce \u00e0 la technologie de rendu de la lumi\u00e8re Ray Tracing, Prise en charge de la technologie HDR pour des couleurs vives et dynamiques, Possibilit\u00e9 de jouer en 4K et 8K sur les jeux et \u00e9crans compatibles<\/p>\n<p>Technologie Tempest 3D AudioTech pour une immersion sonore hors du commun, Retour haptique et g\u00e2chettes adaptatives via la manette DualSense pour ressentir les effets et l&rsquo;impact de vos actions en jeu (sur une s\u00e9lection de jeux PS5)<\/p>\n<p>Contenu : 1x Sony PlayStation 5 \u00c9dition num\u00e9rique, 1x Manette DualSense, 1x socle, Connectique : 1 port HDMI 2.1, 3 ports USB, 1 port USB-C, 1 port Ethernet, Dimensions de la console (lxHxL) : 390 mm x 92 mm x 260 mm, Poids : 3,9 kg, Couleur : Blanche<\/p>\n<p>Capacit\u00e9 de stockage (Go)<br \/>\n825 Go SSD<\/p>\n<p>Coloris<br \/>\nBlanc<\/p>\n<p>Couleur<br \/>\nBlanc<\/p>\n<p>D\u00e9finition<br \/>\n8K (UHD)<\/p>\n<p>Communications sans fil<br \/>\nWi-Fi<\/p>\n<p>Poids<br \/>\n3.9<\/p>\n","protected":false},"excerpt":{"rendered":"<p>PlayStation 5 \u00c9dition num\u00e9rique sans lecteur de disque. Une console r\u00e9volutionnaire enti\u00e8rement centr\u00e9e sur le joueur pour des exp\u00e9riences encore<\/p>\n","protected":false},"featured_media":13897,"template":"","meta":[],"product_brand":[],"product_cat":[70,72],"product_tag":[],"class_list":{"0":"post-13854","1":"product","2":"type-product","3":"status-publish","4":"has-post-thumbnail","6":"product_cat-consoles-jeux-videos","7":"product_cat-playstation","9":"first","10":"instock","11":"taxable","12":"shipping-taxable","13":"purchasable","14":"product-type-simple"},"yoast_head":"<!-- This site is optimized with the Yoast SEO plugin v24.8.1 - https:\/\/yoast.com\/wordpress\/plugins\/seo\/ -->\n<title>Console Sony PS5 Edition Digital - CBS Electro<\/title>\n<meta name=\"robots\" content=\"index, follow, max-snippet:-1, max-image-preview:large, max-video-preview:-1\" \/>\n<link rel=\"canonical\" href=\"https:\/\/cbs-electro.com\/index.php\/produit\/console-sony-ps5-edition-digital\/\" \/>\n<meta property=\"og:locale\" content=\"fr_FR\" \/>\n<meta property=\"og:type\" content=\"article\" \/>\n<meta property=\"og:title\" content=\"Console Sony PS5 Edition Digital - CBS Electro\" \/>\n<meta property=\"og:description\" content=\"PlayStation 5 \u00c9dition num\u00e9rique sans lecteur de disque. Une console r\u00e9volutionnaire enti\u00e8rement centr\u00e9e sur le joueur pour des exp\u00e9riences encore\" \/>\n<meta property=\"og:url\" content=\"https:\/\/cbs-electro.com\/index.php\/produit\/console-sony-ps5-edition-digital\/\" \/>\n<meta property=\"og:site_name\" content=\"CBS Electro\" \/>\n<meta property=\"article:modified_time\" content=\"2023-11-15T13:46:41+00:00\" \/>\n<meta property=\"og:image\" content=\"https:\/\/cbs-electro.com\/wp-content\/uploads\/2023\/11\/Console-Sony-PS5-Edition-Digital-2.jpg\" \/>\n\t<meta property=\"og:image:width\" content=\"621\" \/>\n\t<meta property=\"og:image:height\" content=\"533\" \/>\n\t<meta property=\"og:image:type\" content=\"image\/jpeg\" \/>\n<meta name=\"twitter:card\" content=\"summary_large_image\" \/>\n<meta name=\"twitter:label1\" content=\"Dur\u00e9e de lecture estim\u00e9e\" \/>\n\t<meta name=\"twitter:data1\" content=\"1 minute\" \/>\n<script type=\"application\/ld+json\" class=\"yoast-schema-graph\">{\"@context\":\"https:\/\/schema.org\",\"@graph\":[{\"@type\":\"WebPage\",\"@id\":\"https:\/\/cbs-electro.com\/index.php\/produit\/console-sony-ps5-edition-digital\/\",\"url\":\"https:\/\/cbs-electro.com\/index.php\/produit\/console-sony-ps5-edition-digital\/\",\"name\":\"Console Sony PS5 Edition Digital - CBS Electro\",\"isPartOf\":{\"@id\":\"https:\/\/www.cbs-electro.com\/#website\"},\"primaryImageOfPage\":{\"@id\":\"https:\/\/cbs-electro.com\/index.php\/produit\/console-sony-ps5-edition-digital\/#primaryimage\"},\"image\":{\"@id\":\"https:\/\/cbs-electro.com\/index.php\/produit\/console-sony-ps5-edition-digital\/#primaryimage\"},\"thumbnailUrl\":\"https:\/\/cbs-electro.com\/wp-content\/uploads\/2023\/11\/Console-Sony-PS5-Edition-Digital-2.jpg\",\"datePublished\":\"2023-11-15T13:46:32+00:00\",\"dateModified\":\"2023-11-15T13:46:41+00:00\",\"breadcrumb\":{\"@id\":\"https:\/\/cbs-electro.com\/index.php\/produit\/console-sony-ps5-edition-digital\/#breadcrumb\"},\"inLanguage\":\"fr-FR\",\"potentialAction\":[{\"@type\":\"ReadAction\",\"target\":[\"https:\/\/cbs-electro.com\/index.php\/produit\/console-sony-ps5-edition-digital\/\"]}]},{\"@type\":\"ImageObject\",\"inLanguage\":\"fr-FR\",\"@id\":\"https:\/\/cbs-electro.com\/index.php\/produit\/console-sony-ps5-edition-digital\/#primaryimage\",\"url\":\"https:\/\/cbs-electro.com\/wp-content\/uploads\/2023\/11\/Console-Sony-PS5-Edition-Digital-2.jpg\",\"contentUrl\":\"https:\/\/cbs-electro.com\/wp-content\/uploads\/2023\/11\/Console-Sony-PS5-Edition-Digital-2.jpg\",\"width\":621,\"height\":533},{\"@type\":\"BreadcrumbList\",\"@id\":\"https:\/\/cbs-electro.com\/index.php\/produit\/console-sony-ps5-edition-digital\/#breadcrumb\",\"itemListElement\":[{\"@type\":\"ListItem\",\"position\":1,\"name\":\"Accueil\",\"item\":\"https:\/\/www.cbs-electro.com\/\"},{\"@type\":\"ListItem\",\"position\":2,\"name\":\"Boutique\",\"item\":\"https:\/\/www.cbs-electro.com\/index.php\/boutique\/\"},{\"@type\":\"ListItem\",\"position\":3,\"name\":\"Console Sony PS5 Edition Digital\"}]},{\"@type\":\"WebSite\",\"@id\":\"https:\/\/www.cbs-electro.com\/#website\",\"url\":\"https:\/\/www.cbs-electro.com\/\",\"name\":\"CBS Electro\",\"description\":\"Vente des produits neufs - Informatique, Smartphones, livres, jeux vid\u00e9o, photos, jouets et \u00e9lectrom\u00e9nager\",\"potentialAction\":[{\"@type\":\"SearchAction\",\"target\":{\"@type\":\"EntryPoint\",\"urlTemplate\":\"https:\/\/www.cbs-electro.com\/?s={search_term_string}\"},\"query-input\":{\"@type\":\"PropertyValueSpecification\",\"valueRequired\":true,\"valueName\":\"search_term_string\"}}],\"inLanguage\":\"fr-FR\"}]}<\/script>\n<!-- \/ Yoast SEO plugin. -->","yoast_head_json":{"title":"Console Sony PS5 Edition Digital - CBS Electro","robots":{"index":"index","follow":"follow","max-snippet":"max-snippet:-1","max-image-preview":"max-image-preview:large","max-video-preview":"max-video-preview:-1"},"canonical":"https:\/\/cbs-electro.com\/index.php\/produit\/console-sony-ps5-edition-digital\/","og_locale":"fr_FR","og_type":"article","og_title":"Console Sony PS5 Edition Digital - CBS Electro","og_description":"PlayStation 5 \u00c9dition num\u00e9rique sans lecteur de disque. Une console r\u00e9volutionnaire enti\u00e8rement centr\u00e9e sur le joueur pour des exp\u00e9riences encore","og_url":"https:\/\/cbs-electro.com\/index.php\/produit\/console-sony-ps5-edition-digital\/","og_site_name":"CBS Electro","article_modified_time":"2023-11-15T13:46:41+00:00","og_image":[{"width":621,"height":533,"url":"https:\/\/cbs-electro.com\/wp-content\/uploads\/2023\/11\/Console-Sony-PS5-Edition-Digital-2.jpg","type":"image\/jpeg"}],"twitter_card":"summary_large_image","twitter_misc":{"Dur\u00e9e de lecture estim\u00e9e":"1 minute"},"schema":{"@context":"https:\/\/schema.org","@graph":[{"@type":"WebPage","@id":"https:\/\/cbs-electro.com\/index.php\/produit\/console-sony-ps5-edition-digital\/","url":"https:\/\/cbs-electro.com\/index.php\/produit\/console-sony-ps5-edition-digital\/","name":"Console Sony PS5 Edition Digital - CBS Electro","isPartOf":{"@id":"https:\/\/www.cbs-electro.com\/#website"},"primaryImageOfPage":{"@id":"https:\/\/cbs-electro.com\/index.php\/produit\/console-sony-ps5-edition-digital\/#primaryimage"},"image":{"@id":"https:\/\/cbs-electro.com\/index.php\/produit\/console-sony-ps5-edition-digital\/#primaryimage"},"thumbnailUrl":"https:\/\/cbs-electro.com\/wp-content\/uploads\/2023\/11\/Console-Sony-PS5-Edition-Digital-2.jpg","datePublished":"2023-11-15T13:46:32+00:00","dateModified":"2023-11-15T13:46:41+00:00","breadcrumb":{"@id":"https:\/\/cbs-electro.com\/index.php\/produit\/console-sony-ps5-edition-digital\/#breadcrumb"},"inLanguage":"fr-FR","potentialAction":[{"@type":"ReadAction","target":["https:\/\/cbs-electro.com\/index.php\/produit\/console-sony-ps5-edition-digital\/"]}]},{"@type":"ImageObject","inLanguage":"fr-FR","@id":"https:\/\/cbs-electro.com\/index.php\/produit\/console-sony-ps5-edition-digital\/#primaryimage","url":"https:\/\/cbs-electro.com\/wp-content\/uploads\/2023\/11\/Console-Sony-PS5-Edition-Digital-2.jpg","contentUrl":"https:\/\/cbs-electro.com\/wp-content\/uploads\/2023\/11\/Console-Sony-PS5-Edition-Digital-2.jpg","width":621,"height":533},{"@type":"BreadcrumbList","@id":"https:\/\/cbs-electro.com\/index.php\/produit\/console-sony-ps5-edition-digital\/#breadcrumb","itemListElement":[{"@type":"ListItem","position":1,"name":"Accueil","item":"https:\/\/www.cbs-electro.com\/"},{"@type":"ListItem","position":2,"name":"Boutique","item":"https:\/\/www.cbs-electro.com\/index.php\/boutique\/"},{"@type":"ListItem","position":3,"name":"Console Sony PS5 Edition Digital"}]},{"@type":"WebSite","@id":"https:\/\/www.cbs-electro.com\/#website","url":"https:\/\/www.cbs-electro.com\/","name":"CBS Electro","description":"Vente des produits neufs - Informatique, Smartphones, livres, jeux vid\u00e9o, photos, jouets et \u00e9lectrom\u00e9nager","potentialAction":[{"@type":"SearchAction","target":{"@type":"EntryPoint","urlTemplate":"https:\/\/www.cbs-electro.com\/?s={search_term_string}"},"query-input":{"@type":"PropertyValueSpecification","valueRequired":true,"valueName":"search_term_string"}}],"inLanguage":"fr-FR"}]}},"_links":{"self":[{"href":"https:\/\/cbs-electro.com\/index.php\/wp-json\/wp\/v2\/product\/13854","targetHints":{"allow":["GET"]}}],"collection":[{"href":"https:\/\/cbs-electro.com\/index.php\/wp-json\/wp\/v2\/product"}],"about":[{"href":"https:\/\/cbs-electro.com\/index.php\/wp-json\/wp\/v2\/types\/product"}],"version-history":[{"count":1,"href":"https:\/\/cbs-electro.com\/index.php\/wp-json\/wp\/v2\/product\/13854\/revisions"}],"predecessor-version":[{"id":13900,"href":"https:\/\/cbs-electro.com\/index.php\/wp-json\/wp\/v2\/product\/13854\/revisions\/13900"}],"wp:featuredmedia":[{"embeddable":true,"href":"https:\/\/cbs-electro.com\/index.php\/wp-json\/wp\/v2\/media\/13897"}],"wp:attachment":[{"href":"https:\/\/cbs-electro.com\/index.php\/wp-json\/wp\/v2\/media?parent=13854"}],"wp:term":[{"taxonomy":"product_brand","embeddable":true,"href":"https:\/\/cbs-electro.com\/index.php\/wp-json\/wp\/v2\/product_brand?post=13854"},{"taxonomy":"product_cat","embeddable":true,"href":"https:\/\/cbs-electro.com\/index.php\/wp-json\/wp\/v2\/product_cat?post=13854"},{"taxonomy":"product_tag","embeddable":true,"href":"https:\/\/cbs-electro.com\/index.php\/wp-json\/wp\/v2\/product_tag?post=13854"}],"curies":[{"name":"wp","href":"https:\/\/api.w.org\/{rel}","templated":true}]}}