{"id":13852,"date":"2023-11-15T14:46:32","date_gmt":"2023-11-15T13:46:32","guid":{"rendered":"https:\/?post_type=product&#038;p=13852"},"modified":"2025-03-12T16:38:37","modified_gmt":"2025-03-12T15:38:37","slug":"console-nintendo-switch-modele-oled-avec-manettes-joy-con-bleu-neon-rouge-neon-mario-kart-8-deluxe","status":"publish","type":"product","link":"https:\/\/cbs-electro.com\/index.php\/produit\/console-nintendo-switch-modele-oled-avec-manettes-joy-con-bleu-neon-rouge-neon-mario-kart-8-deluxe\/","title":{"rendered":"Console Nintendo Switch (Mod\u00e8le OLED) avec Manettes Joy-Con Bleu N\u00e9on\/Rouge N\u00e9on + Mario Kart 8 Deluxe"},"content":{"rendered":"<p>Console Nintendo Switch (Mod\u00e8le OLED) avec Manettes Joy-Con Bleu N\u00e9on\/Rouge N\u00e9on + Mario Kart 8 Deluxe<\/p>\n<p>La Nintendo Switch (mod\u00e8le OLED) poss\u00e8de des dimensions proches de celles de la Nintendo Switch<br \/>\nElle dispose d\u2019un \u00e9cran OLED plus grand aux couleurs intenses et aux contrastes \u00e9lev\u00e9s<br \/>\nElle dispose aussi d\u2019un large support ajustable pour le jeu en mode sur table, d\u2019une nouvelle station d\u2019accueil.<br \/>\nMario Kart 8 Deluxe<br \/>\nRemarque : L\u2019article n\u2019a pas de CD, il a une cartouche \u00e0 l\u2019int\u00e9rieur de la bo\u00eete<br \/>\nTaille du fichier du jeu : 6,9 Go<\/p>\n","protected":false},"excerpt":{"rendered":"<p>Console Nintendo Switch (Mod\u00e8le OLED) avec Manettes Joy-Con Bleu N\u00e9on\/Rouge N\u00e9on + Mario Kart 8 Deluxe La Nintendo Switch (mod\u00e8le<\/p>\n","protected":false},"featured_media":13891,"template":"","meta":[],"product_brand":[],"product_cat":[70,71],"product_tag":[],"class_list":{"0":"post-13852","1":"product","2":"type-product","3":"status-publish","4":"has-post-thumbnail","6":"product_cat-consoles-jeux-videos","7":"product_cat-nintendo-switch","9":"first","10":"instock","11":"taxable","12":"shipping-taxable","13":"purchasable","14":"product-type-simple"},"yoast_head":"<!-- This site is optimized with the Yoast SEO plugin v24.8.1 - https:\/\/yoast.com\/wordpress\/plugins\/seo\/ -->\n<title>Console Nintendo Switch (Mod\u00e8le OLED) avec Manettes Joy-Con Bleu N\u00e9on\/Rouge N\u00e9on + Mario Kart 8 Deluxe - CBS Electro<\/title>\n<meta name=\"robots\" content=\"index, follow, max-snippet:-1, max-image-preview:large, max-video-preview:-1\" \/>\n<link rel=\"canonical\" href=\"https:\/\/cbs-electro.com\/index.php\/produit\/console-nintendo-switch-modele-oled-avec-manettes-joy-con-bleu-neon-rouge-neon-mario-kart-8-deluxe\/\" \/>\n<meta property=\"og:locale\" content=\"fr_FR\" \/>\n<meta property=\"og:type\" content=\"article\" \/>\n<meta property=\"og:title\" content=\"Console Nintendo Switch (Mod\u00e8le OLED) avec Manettes Joy-Con Bleu N\u00e9on\/Rouge N\u00e9on + Mario Kart 8 Deluxe - CBS Electro\" \/>\n<meta property=\"og:description\" content=\"Console Nintendo Switch (Mod\u00e8le OLED) avec Manettes Joy-Con Bleu N\u00e9on\/Rouge N\u00e9on + Mario Kart 8 Deluxe La Nintendo Switch (mod\u00e8le\" \/>\n<meta property=\"og:url\" content=\"https:\/\/cbs-electro.com\/index.php\/produit\/console-nintendo-switch-modele-oled-avec-manettes-joy-con-bleu-neon-rouge-neon-mario-kart-8-deluxe\/\" \/>\n<meta property=\"og:site_name\" content=\"CBS Electro\" \/>\n<meta property=\"article:modified_time\" content=\"2025-03-12T15:38:37+00:00\" \/>\n<meta property=\"og:image\" content=\"https:\/\/cbs-electro.com\/wp-content\/uploads\/2023\/11\/347-large_default.jpg\" \/>\n\t<meta property=\"og:image:width\" content=\"800\" \/>\n\t<meta property=\"og:image:height\" content=\"800\" \/>\n\t<meta property=\"og:image:type\" content=\"image\/jpeg\" \/>\n<meta name=\"twitter:card\" content=\"summary_large_image\" \/>\n<meta name=\"twitter:label1\" content=\"Dur\u00e9e de lecture estim\u00e9e\" \/>\n\t<meta name=\"twitter:data1\" content=\"1 minute\" \/>\n<script type=\"application\/ld+json\" class=\"yoast-schema-graph\">{\"@context\":\"https:\/\/schema.org\",\"@graph\":[{\"@type\":\"WebPage\",\"@id\":\"https:\/\/cbs-electro.com\/index.php\/produit\/console-nintendo-switch-modele-oled-avec-manettes-joy-con-bleu-neon-rouge-neon-mario-kart-8-deluxe\/\",\"url\":\"https:\/\/cbs-electro.com\/index.php\/produit\/console-nintendo-switch-modele-oled-avec-manettes-joy-con-bleu-neon-rouge-neon-mario-kart-8-deluxe\/\",\"name\":\"Console Nintendo Switch (Mod\u00e8le OLED) avec Manettes Joy-Con Bleu N\u00e9on\/Rouge N\u00e9on + Mario Kart 8 Deluxe - CBS Electro\",\"isPartOf\":{\"@id\":\"https:\/\/www.cbs-electro.com\/#website\"},\"primaryImageOfPage\":{\"@id\":\"https:\/\/cbs-electro.com\/index.php\/produit\/console-nintendo-switch-modele-oled-avec-manettes-joy-con-bleu-neon-rouge-neon-mario-kart-8-deluxe\/#primaryimage\"},\"image\":{\"@id\":\"https:\/\/cbs-electro.com\/index.php\/produit\/console-nintendo-switch-modele-oled-avec-manettes-joy-con-bleu-neon-rouge-neon-mario-kart-8-deluxe\/#primaryimage\"},\"thumbnailUrl\":\"https:\/\/cbs-electro.com\/wp-content\/uploads\/2023\/11\/347-large_default.jpg\",\"datePublished\":\"2023-11-15T13:46:32+00:00\",\"dateModified\":\"2025-03-12T15:38:37+00:00\",\"breadcrumb\":{\"@id\":\"https:\/\/cbs-electro.com\/index.php\/produit\/console-nintendo-switch-modele-oled-avec-manettes-joy-con-bleu-neon-rouge-neon-mario-kart-8-deluxe\/#breadcrumb\"},\"inLanguage\":\"fr-FR\",\"potentialAction\":[{\"@type\":\"ReadAction\",\"target\":[\"https:\/\/cbs-electro.com\/index.php\/produit\/console-nintendo-switch-modele-oled-avec-manettes-joy-con-bleu-neon-rouge-neon-mario-kart-8-deluxe\/\"]}]},{\"@type\":\"ImageObject\",\"inLanguage\":\"fr-FR\",\"@id\":\"https:\/\/cbs-electro.com\/index.php\/produit\/console-nintendo-switch-modele-oled-avec-manettes-joy-con-bleu-neon-rouge-neon-mario-kart-8-deluxe\/#primaryimage\",\"url\":\"https:\/\/cbs-electro.com\/wp-content\/uploads\/2023\/11\/347-large_default.jpg\",\"contentUrl\":\"https:\/\/cbs-electro.com\/wp-content\/uploads\/2023\/11\/347-large_default.jpg\",\"width\":800,\"height\":800},{\"@type\":\"BreadcrumbList\",\"@id\":\"https:\/\/cbs-electro.com\/index.php\/produit\/console-nintendo-switch-modele-oled-avec-manettes-joy-con-bleu-neon-rouge-neon-mario-kart-8-deluxe\/#breadcrumb\",\"itemListElement\":[{\"@type\":\"ListItem\",\"position\":1,\"name\":\"Accueil\",\"item\":\"https:\/\/www.cbs-electro.com\/\"},{\"@type\":\"ListItem\",\"position\":2,\"name\":\"Boutique\",\"item\":\"https:\/\/www.cbs-electro.com\/index.php\/boutique\/\"},{\"@type\":\"ListItem\",\"position\":3,\"name\":\"Console Nintendo Switch (Mod\u00e8le OLED) avec Manettes Joy-Con Bleu N\u00e9on\/Rouge N\u00e9on + Mario Kart 8 Deluxe\"}]},{\"@type\":\"WebSite\",\"@id\":\"https:\/\/www.cbs-electro.com\/#website\",\"url\":\"https:\/\/www.cbs-electro.com\/\",\"name\":\"CBS Electro\",\"description\":\"Vente des produits neufs - Informatique, Smartphones, livres, jeux vid\u00e9o, photos, jouets et \u00e9lectrom\u00e9nager\",\"potentialAction\":[{\"@type\":\"SearchAction\",\"target\":{\"@type\":\"EntryPoint\",\"urlTemplate\":\"https:\/\/www.cbs-electro.com\/?s={search_term_string}\"},\"query-input\":{\"@type\":\"PropertyValueSpecification\",\"valueRequired\":true,\"valueName\":\"search_term_string\"}}],\"inLanguage\":\"fr-FR\"}]}<\/script>\n<!-- \/ Yoast SEO plugin. -->","yoast_head_json":{"title":"Console Nintendo Switch (Mod\u00e8le OLED) avec Manettes Joy-Con Bleu N\u00e9on\/Rouge N\u00e9on + Mario Kart 8 Deluxe - CBS Electro","robots":{"index":"index","follow":"follow","max-snippet":"max-snippet:-1","max-image-preview":"max-image-preview:large","max-video-preview":"max-video-preview:-1"},"canonical":"https:\/\/cbs-electro.com\/index.php\/produit\/console-nintendo-switch-modele-oled-avec-manettes-joy-con-bleu-neon-rouge-neon-mario-kart-8-deluxe\/","og_locale":"fr_FR","og_type":"article","og_title":"Console Nintendo Switch (Mod\u00e8le OLED) avec Manettes Joy-Con Bleu N\u00e9on\/Rouge N\u00e9on + Mario Kart 8 Deluxe - CBS Electro","og_description":"Console Nintendo Switch (Mod\u00e8le OLED) avec Manettes Joy-Con Bleu N\u00e9on\/Rouge N\u00e9on + Mario Kart 8 Deluxe La Nintendo Switch (mod\u00e8le","og_url":"https:\/\/cbs-electro.com\/index.php\/produit\/console-nintendo-switch-modele-oled-avec-manettes-joy-con-bleu-neon-rouge-neon-mario-kart-8-deluxe\/","og_site_name":"CBS Electro","article_modified_time":"2025-03-12T15:38:37+00:00","og_image":[{"width":800,"height":800,"url":"https:\/\/cbs-electro.com\/wp-content\/uploads\/2023\/11\/347-large_default.jpg","type":"image\/jpeg"}],"twitter_card":"summary_large_image","twitter_misc":{"Dur\u00e9e de lecture estim\u00e9e":"1 minute"},"schema":{"@context":"https:\/\/schema.org","@graph":[{"@type":"WebPage","@id":"https:\/\/cbs-electro.com\/index.php\/produit\/console-nintendo-switch-modele-oled-avec-manettes-joy-con-bleu-neon-rouge-neon-mario-kart-8-deluxe\/","url":"https:\/\/cbs-electro.com\/index.php\/produit\/console-nintendo-switch-modele-oled-avec-manettes-joy-con-bleu-neon-rouge-neon-mario-kart-8-deluxe\/","name":"Console Nintendo Switch (Mod\u00e8le OLED) avec Manettes Joy-Con Bleu N\u00e9on\/Rouge N\u00e9on + Mario Kart 8 Deluxe - CBS Electro","isPartOf":{"@id":"https:\/\/www.cbs-electro.com\/#website"},"primaryImageOfPage":{"@id":"https:\/\/cbs-electro.com\/index.php\/produit\/console-nintendo-switch-modele-oled-avec-manettes-joy-con-bleu-neon-rouge-neon-mario-kart-8-deluxe\/#primaryimage"},"image":{"@id":"https:\/\/cbs-electro.com\/index.php\/produit\/console-nintendo-switch-modele-oled-avec-manettes-joy-con-bleu-neon-rouge-neon-mario-kart-8-deluxe\/#primaryimage"},"thumbnailUrl":"https:\/\/cbs-electro.com\/wp-content\/uploads\/2023\/11\/347-large_default.jpg","datePublished":"2023-11-15T13:46:32+00:00","dateModified":"2025-03-12T15:38:37+00:00","breadcrumb":{"@id":"https:\/\/cbs-electro.com\/index.php\/produit\/console-nintendo-switch-modele-oled-avec-manettes-joy-con-bleu-neon-rouge-neon-mario-kart-8-deluxe\/#breadcrumb"},"inLanguage":"fr-FR","potentialAction":[{"@type":"ReadAction","target":["https:\/\/cbs-electro.com\/index.php\/produit\/console-nintendo-switch-modele-oled-avec-manettes-joy-con-bleu-neon-rouge-neon-mario-kart-8-deluxe\/"]}]},{"@type":"ImageObject","inLanguage":"fr-FR","@id":"https:\/\/cbs-electro.com\/index.php\/produit\/console-nintendo-switch-modele-oled-avec-manettes-joy-con-bleu-neon-rouge-neon-mario-kart-8-deluxe\/#primaryimage","url":"https:\/\/cbs-electro.com\/wp-content\/uploads\/2023\/11\/347-large_default.jpg","contentUrl":"https:\/\/cbs-electro.com\/wp-content\/uploads\/2023\/11\/347-large_default.jpg","width":800,"height":800},{"@type":"BreadcrumbList","@id":"https:\/\/cbs-electro.com\/index.php\/produit\/console-nintendo-switch-modele-oled-avec-manettes-joy-con-bleu-neon-rouge-neon-mario-kart-8-deluxe\/#breadcrumb","itemListElement":[{"@type":"ListItem","position":1,"name":"Accueil","item":"https:\/\/www.cbs-electro.com\/"},{"@type":"ListItem","position":2,"name":"Boutique","item":"https:\/\/www.cbs-electro.com\/index.php\/boutique\/"},{"@type":"ListItem","position":3,"name":"Console Nintendo Switch (Mod\u00e8le OLED) avec Manettes Joy-Con Bleu N\u00e9on\/Rouge N\u00e9on + Mario Kart 8 Deluxe"}]},{"@type":"WebSite","@id":"https:\/\/www.cbs-electro.com\/#website","url":"https:\/\/www.cbs-electro.com\/","name":"CBS Electro","description":"Vente des produits neufs - Informatique, Smartphones, livres, jeux vid\u00e9o, photos, jouets et \u00e9lectrom\u00e9nager","potentialAction":[{"@type":"SearchAction","target":{"@type":"EntryPoint","urlTemplate":"https:\/\/www.cbs-electro.com\/?s={search_term_string}"},"query-input":{"@type":"PropertyValueSpecification","valueRequired":true,"valueName":"search_term_string"}}],"inLanguage":"fr-FR"}]}},"_links":{"self":[{"href":"https:\/\/cbs-electro.com\/index.php\/wp-json\/wp\/v2\/product\/13852","targetHints":{"allow":["GET"]}}],"collection":[{"href":"https:\/\/cbs-electro.com\/index.php\/wp-json\/wp\/v2\/product"}],"about":[{"href":"https:\/\/cbs-electro.com\/index.php\/wp-json\/wp\/v2\/types\/product"}],"version-history":[{"count":1,"href":"https:\/\/cbs-electro.com\/index.php\/wp-json\/wp\/v2\/product\/13852\/revisions"}],"predecessor-version":[{"id":13893,"href":"https:\/\/cbs-electro.com\/index.php\/wp-json\/wp\/v2\/product\/13852\/revisions\/13893"}],"wp:featuredmedia":[{"embeddable":true,"href":"https:\/\/cbs-electro.com\/index.php\/wp-json\/wp\/v2\/media\/13891"}],"wp:attachment":[{"href":"https:\/\/cbs-electro.com\/index.php\/wp-json\/wp\/v2\/media?parent=13852"}],"wp:term":[{"taxonomy":"product_brand","embeddable":true,"href":"https:\/\/cbs-electro.com\/index.php\/wp-json\/wp\/v2\/product_brand?post=13852"},{"taxonomy":"product_cat","embeddable":true,"href":"https:\/\/cbs-electro.com\/index.php\/wp-json\/wp\/v2\/product_cat?post=13852"},{"taxonomy":"product_tag","embeddable":true,"href":"https:\/\/cbs-electro.com\/index.php\/wp-json\/wp\/v2\/product_tag?post=13852"}],"curies":[{"name":"wp","href":"https:\/\/api.w.org\/{rel}","templated":true}]}}