{"id":14390,"date":"2023-11-16T13:14:46","date_gmt":"2023-11-16T12:14:46","guid":{"rendered":"https:\/?page_id=14390"},"modified":"2025-04-11T00:46:42","modified_gmt":"2025-04-10T22:46:42","slug":"conditions-generales-dutilisation","status":"publish","type":"page","link":"https:\/\/cbs-electro.com\/index.php\/conditions-generales-dutilisation\/","title":{"rendered":"Conditions g\u00e9n\u00e9rales d\u2019utilisation"},"content":{"rendered":"\n<h2 class=\"wp-block-heading\">Conditions g\u00e9n\u00e9rales d\u2019utilisation<\/h2>\n\n\n\n<p>Bienvenue sur CBS Electro !<\/p>\n\n\n\n<p>Les pr\u00e9sentes conditions g\u00e9n\u00e9rales d\u00e9crivent les r\u00e8gles et r\u00e8glements relatifs \u00e0 l\u2019utilisation du site web de CBS Electro (http:\/\/cbs-electro.com)<\/p>\n\n\n\n<p>En acc\u00e9dant \u00e0 ce site web, nous supposons que vous<br>acceptez ces conditions g\u00e9n\u00e9rales. Ne continuez pas \u00e0 utiliser CBS Electro si vous n\u2019acceptez pas de prendre toutes les conditions g\u00e9n\u00e9rales<br>\u00e9nonc\u00e9es sur cette page.<\/p>\n\n\n\n<p>Cookies :<\/p>\n\n\n\n<p>Le site web utilise des cookies pour aider \u00e0<br>personnaliser votre exp\u00e9rience en ligne. En acc\u00e9dant \u00e0 CBS Electro,<br>vous avez accept\u00e9 d\u2019utiliser les cookies requis.<\/p>\n\n\n\n<p>Un cookie est un fichier texte qui est plac\u00e9 sur votre disque dur par un serveur de pages web. Les cookies ne peuvent pas \u00eatre utilis\u00e9s pour ex\u00e9cuter des programmes ou transmettre des virus \u00e0 votre ordinateur. Les cookies vous sont attribu\u00e9s de mani\u00e8re unique et ne peuvent \u00eatre lus que par un serveur web du domaine qui vous a \u00e9mis le cookie.<\/p>\n\n\n\n<p>Nous pouvons utiliser des cookies pour collecter, stocker et suivre des informations \u00e0 des fins statistiques ou marketing pour exploiter notre site web. Vous avez la possibilit\u00e9 d\u2019accepter ou de refuser les Cookies facultatifs. Il existe certains Cookies obligatoires qui sont n\u00e9cessaires au fonctionnement de notre site web. Ces cookies ne n\u00e9cessitent pas votre consentement car ils fonctionnent toujours. N\u2019oubliez pas qu\u2019en acceptant les Cookies obligatoires, vous acceptez \u00e9galement les Cookies tiers, qui pourraient \u00eatre utilis\u00e9s via des services fournis par des tiers si vous utilisez ces services sur notre site web, par exemple, une fen\u00eatre d\u2019affichage vid\u00e9o fournie par des tiers et int\u00e9gr\u00e9e \u00e0 notre site web.<\/p>\n\n\n\n<p>Licence :<\/p>\n\n\n\n<p>Sauf indication contraire, CBS Electro et\/ou ses conc\u00e9dants de licence d\u00e9tiennent les droits de propri\u00e9t\u00e9 intellectuelle de l\u2019ensemble du mat\u00e9riel pr\u00e9sent sur CBS Electro. Tous les droits de propri\u00e9t\u00e9 intellectuelle sont r\u00e9serv\u00e9s. Vous pouvez y acc\u00e9der \u00e0 partir de CBS Electro pour votre usage personnel, sous r\u00e9serve des restrictions fix\u00e9es dans les pr\u00e9sentes conditions g\u00e9n\u00e9rales.<\/p>\n\n\n\n<p>Vous ne devez pas :<\/p>\n\n\n\n<p>Copier ou republier des \u00e9l\u00e9ments provenant de CBS Electro. Vendre, louer ou conc\u00e9der une sous-licence pour le mat\u00e9riel provenant de CBS Electro. Reproduire, dupliquer ou copier le mat\u00e9riel provenant de CBS Electro. Redistribuer le contenu de CBS Electro Le pr\u00e9sent accord prend effet \u00e0 la date des pr\u00e9sentes.<\/p>\n\n\n\n<p>Certaines parties de ce site web offrent aux utilisateurs la possibilit\u00e9 de publier et d\u2019\u00e9changer des opinions et des informations dans certaines zones du site web. CBS Electro ne filtre pas, n\u2019\u00e9dite pas, ne publie pas et ne r\u00e9vise pas les commentaires avant leur pr\u00e9sence sur le site web. Les commentaires ne refl\u00e8tent pas les vues et opinions de CBS Electro, de ses agents et\/ou de ses affili\u00e9s. Les commentaires refl\u00e8tent les vues et opinions de la personne qui les publie. Dans la mesure o\u00f9 les lois applicables le permettent, CBS Electro ne peut \u00eatre tenu responsable des commentaires ou de toute responsabilit\u00e9, de tout dommage ou de toute d\u00e9pense caus\u00e9s et\/ou subis \u00e0 la suite de l\u2019utilisation et\/ou de l\u2019affichage et\/ou de l\u2019apparition des commentaires sur ce site web. CBS Electro r\u00e9serve le droit de surveiller tous les commentaires et de supprimer tout commentaire qui peut \u00eatre consid\u00e9r\u00e9 comme inappropri\u00e9, offensant, ou qui entra\u00eene une violation des pr\u00e9sentes conditions g\u00e9n\u00e9rales.<\/p>\n\n\n\n<p>Vous garantissez et d\u00e9clarez que :<\/p>\n\n\n\n<p>Vous avez le droit de publier les commentaires sur notre site web et disposez de toutes les licences et de tous les consentements n\u00e9cessaires pour le faire ;<br>Les commentaires n\u2019envahissent aucun droit de propri\u00e9t\u00e9 intellectuelle, y compris, sans limitation, le droit d\u2019auteur,<br>le brevet ou la marque de commerce d\u2019un tiers ;<br>Les Commentaires ne contiennent aucun \u00e9l\u00e9mentdiffamatoire, calomnieux, offensant, ind\u00e9cent ou autrement ill\u00e9gal, constituant une atteinte \u00e0 la vie priv\u00e9e.<br>Les Commentaires ne seront pas utilis\u00e9s pour solliciter ou promouvoir des affaires ou des coutumes ou pr\u00e9senter des activit\u00e9s commerciales ou des activit\u00e9s ill\u00e9gales.<br>Par la pr\u00e9sente, vous accordez \u00e0 CBS Electro une licence non exclusive pour utiliser, reproduire, \u00e9diter et autoriser d\u2019autres<br>personnes \u00e0 utiliser, reproduire et \u00e9diter n\u2019importe lequel de vos commentaires sous toutes les formes, formats ou m\u00e9dias.<\/p>\n\n\n\n<p>L\u2019\u00e9tablissement d\u2019hyperliens vers notre contenu :<\/p>\n\n\n\n<p>Les organisations suivantes peuvent cr\u00e9er des liens vers notre site web sans autorisation \u00e9crite pr\u00e9alable :<\/p>\n\n\n\n<p>Les agences gouvernementales ;<br>Moteurs de recherche ;<br>Organismes de presse ;<br>Les distributeurs d\u2019annuaires en ligne peuvent cr\u00e9er des liens vers notre site web de la m\u00eame mani\u00e8re qu\u2019ils cr\u00e9ent des<br>hyperliens vers les sites web d\u2019autres entreprises r\u00e9pertori\u00e9es ; et\u2026<br>Les entreprises accr\u00e9dit\u00e9es \u00e0 l\u2019\u00e9chelle du syst\u00e8me, \u00e0 l\u2019exception des organismes \u00e0 but non lucratif de sollicitation, des centres commerciaux de bienfaisance et des groupes de collecte de<br>fonds de bienfaisance qui ne peuvent pas \u00e9tablir d\u2019hyperlien vers notre site Web.<br>Ces organisations peuvent cr\u00e9er des liens vers notre page d\u2019accueil, vers des publications ou vers d\u2019autres informations du site web, tant que le lien : (a) n\u2019est en aucun cas trompeur ; (b) n\u2019implique pas faussement le parrainage, l\u2019approbation ou le soutien de la partie liante et de ses produits et\/ou services ; et (c) s\u2019inscrit dans le contexte du site de la partie liante.<\/p>\n\n\n\n<p>Nous pouvons prendre en consid\u00e9ration et approuver<br>d\u2019autres demandes de liens provenant des types d\u2019organisations suivantes :<\/p>\n\n\n\n<p>les sources d\u2019information commun\u00e9ment connues des consommateurs et\/ou des entreprises ;<br>les sites communautaires point.com ;<br>les associations ou autres groupes repr\u00e9sentant des organismes de bienfaisance ; les distributeurs d\u2019annuaires en ligne ;<br>les portails internet ; les cabinets de comptabilit\u00e9, d\u2019avocats et de<br>consultants ; et les \u00e9tablissements d\u2019enseignement et les<br>associations professionnelles.<br>Nous approuverons les demandes de liens de ces organisations si nous d\u00e9cidons que : (a) le lien ne nous donnerait pas une image d\u00e9favorable de nous-m\u00eames ou de nos entreprises accr\u00e9dit\u00e9es ; (b) l\u2019organisation n\u2019a pas de dossier n\u00e9gatif avec nous ; (c) l\u2019avantage que nous<br>retirons de la visibilit\u00e9 de l\u2019hyperlien compense l\u2019absence de CBS Electro; et (d) le lien s\u2019inscrit dans le contexte d\u2019informations g\u00e9n\u00e9rales sur les ressources.<\/p>\n\n\n\n<p>Ces organisations peuvent \u00e9tablir un lien vers notre page d\u2019accueil tant que le lien : (a) n\u2019est en aucun cas trompeur ; (b) n\u2019implique pas faussement le parrainage, l\u2019approbation ou l\u2019aval de la partie liante et de ses produits ou services ; et (c) s\u2019inscrit dans le contexte du<br>site de la partie liante.<\/p>\n\n\n\n<p>Si vous \u00eates l\u2019une des organisations \u00e9num\u00e9r\u00e9es au paragraphe 2 ci-dessus et que vous souhaitez cr\u00e9er un lien vers notre site web, vous devez nous en informer en envoyant un e-mail \u00e0 CBS Electro. Veuillez inclure votre nom, le nom de votre organisation, vos coordonn\u00e9es ainsi que l\u2019URL de votre site, une liste de toutes les URL \u00e0 partir desquelles vous avez l\u2019intention de cr\u00e9er un lien vers notre site web, et une liste des URL de notre site vers lesquelles vous souhaitez cr\u00e9er un lien. Attendez 2 \u00e0 3 semaines pour obtenir une r\u00e9ponse.<\/p>\n\n\n\n<p>Les organisations approuv\u00e9es peuvent \u00e9tablir un hyperlien vers notre site web de la mani\u00e8re suivante :<\/p>\n\n\n\n<p>Par l\u2019utilisation de notre d\u00e9nomination sociale ; ou Par l\u2019utilisation du localisateur de ressources uniforme vers lequel le lien est \u00e9tabli ; ou<br>Par l\u2019utilisation de toute autre description de notre site web faisant l\u2019objet d\u2019un lien qui a du sens dans le contexte et<br>le format du contenu du site web de la partie liante. Aucune utilisation du logo ou d\u2019autres illustrations de CBS Electro ne sera autoris\u00e9e pour la cr\u00e9ation de liens en l\u2019absence d\u2019un accord de licence de marque.<\/p>\n\n\n\n<p>Responsabilit\u00e9 du contenu :<\/p>\n\n\n\n<p>Nous ne serons pas tenus responsables du contenu qui appara\u00eet sur votre site web. Vous acceptez de nous prot\u00e9ger et de nous d\u00e9fendre contre toutes les r\u00e9clamations qui sont soulev\u00e9es sur votre site web. Aucun lien ne doit appara\u00eetre sur un site web qui pourrait \u00eatre interpr\u00e9t\u00e9 comme diffamatoire, obsc\u00e8ne ou criminel, ou qui enfreint, viole de toute autre mani\u00e8re, ou pr\u00e9conise l\u2019infraction ou toute autre violation des droits d\u2019un tiers.<\/p>\n\n\n\n<p>R\u00e9serve de droits :<\/p>\n\n\n\n<p>Nous nous r\u00e9servons le droit de vous demander de supprimer tous les liens ou un lien particulier vers notre site web. Vous acceptez de retirer imm\u00e9diatement tous les liens vers notre site web sur demande. Nous nous r\u00e9servons \u00e9galement le droit de modifier \u00e0 tout moment les pr\u00e9sentes conditions g\u00e9n\u00e9rales et sa politique en mati\u00e8re de liens. En \u00e9tablissant continuellement des liens vers notre site web, vous acceptez d\u2019\u00eatre<br>li\u00e9 \u00e0 ces conditions g\u00e9n\u00e9rales de liaison et de les suivre.<\/p>\n\n\n\n<p>Suppression des liens de notre site web :<\/p>\n\n\n\n<p>Si vous trouvez un lien sur notre site web qui est offensant pour une raison quelconque, vous \u00eates libre de nous contacter et de nous informer \u00e0 tout moment. Nous examinerons les demandes de suppression de liens, mais nous ne sommes pas oblig\u00e9s de le faire ou de vous r\u00e9pondre<br>directement.<\/p>\n\n\n\n<p>Nous ne garantissons pas l\u2019exactitude des informations figurant sur ce site web. Nous ne garantissons pas leur exhaustivit\u00e9 ou leur exactitude, et nous ne promettons pas non plus de garantir que le site web reste disponible ou que le mat\u00e9riel sur le site web est maintenu \u00e0 jour.<\/p>\n\n\n\n<p>Avis de non-responsabilit\u00e9 :<\/p>\n\n\n\n<p>Dans la mesure maximale autoris\u00e9e par la loi applicable, nous excluons toutes les repr\u00e9sentations, garanties et conditions relatives \u00e0 notre site web et \u00e0 l\u2019utilisation de ce site web. Rien dans cette clause de non-responsabilit\u00e9 ne pourra :<\/p>\n\n\n\n<p>limiter ou exclure notre ou votre responsabilit\u00e9 en cas de d\u00e9c\u00e8s ou de dommages corporels ; limiter ou exclure notre ou votre responsabilit\u00e9 en cas de fraude ou de fausse d\u00e9claration frauduleuse ; limiter l\u2019une de nos ou de vos responsabilit\u00e9s d\u2019une mani\u00e8re qui n\u2019est pas autoris\u00e9e par la loi applicable ; ou<br>exclure l\u2019une de nos ou de vos responsabilit\u00e9s qui ne peuvent \u00eatre exclues en vertu de la loi applicable.<br>Les limitations et interdictions de responsabilit\u00e9 fix\u00e9es dans cette section et ailleurs dans cette clause de non-responsabilit\u00e9 : (a) sont soumises au paragraphe pr\u00e9c\u00e9dent ; et (b) r\u00e9gissent toutes les responsabilit\u00e9s d\u00e9coulant de la clause de non-responsabilit\u00e9, y compris les responsabilit\u00e9s contractuelles, d\u00e9lictuelles et pour violation d\u2019une obligation l\u00e9gale.<\/p>\n\n\n\n<p><\/p>\n\n\n\n<p><\/p>\n","protected":false},"excerpt":{"rendered":"<p>Conditions g\u00e9n\u00e9rales d\u2019utilisation Bienvenue sur CBS Electro ! Les pr\u00e9sentes conditions g\u00e9n\u00e9rales d\u00e9crivent les r\u00e8gles et r\u00e8glements relatifs \u00e0 l\u2019utilisation<\/p>\n","protected":false},"author":1,"featured_media":0,"parent":0,"menu_order":0,"comment_status":"closed","ping_status":"closed","template":"","meta":{"footnotes":""},"class_list":["post-14390","page","type-page","status-publish","hentry"],"yoast_head":"<!-- This site is optimized with the Yoast SEO plugin v24.8.1 - https:\/\/yoast.com\/wordpress\/plugins\/seo\/ -->\n<title>Conditions g\u00e9n\u00e9rales d\u2019utilisation - CBS Electro<\/title>\n<meta name=\"robots\" content=\"index, follow, max-snippet:-1, max-image-preview:large, max-video-preview:-1\" \/>\n<link rel=\"canonical\" href=\"https:\/\/cbs-electro.com\/index.php\/conditions-generales-dutilisation\/\" \/>\n<meta property=\"og:locale\" content=\"fr_FR\" \/>\n<meta property=\"og:type\" content=\"article\" \/>\n<meta property=\"og:title\" content=\"Conditions g\u00e9n\u00e9rales d\u2019utilisation - CBS Electro\" \/>\n<meta property=\"og:description\" content=\"Conditions g\u00e9n\u00e9rales d\u2019utilisation Bienvenue sur CBS Electro ! Les pr\u00e9sentes conditions g\u00e9n\u00e9rales d\u00e9crivent les r\u00e8gles et r\u00e8glements relatifs \u00e0 l\u2019utilisation\" \/>\n<meta property=\"og:url\" content=\"https:\/\/cbs-electro.com\/index.php\/conditions-generales-dutilisation\/\" \/>\n<meta property=\"og:site_name\" content=\"CBS Electro\" \/>\n<meta property=\"article:modified_time\" content=\"2025-04-10T22:46:42+00:00\" \/>\n<meta name=\"twitter:card\" content=\"summary_large_image\" \/>\n<meta name=\"twitter:label1\" content=\"Dur\u00e9e de lecture estim\u00e9e\" \/>\n\t<meta name=\"twitter:data1\" content=\"9 minutes\" \/>\n<script type=\"application\/ld+json\" class=\"yoast-schema-graph\">{\"@context\":\"https:\/\/schema.org\",\"@graph\":[{\"@type\":\"WebPage\",\"@id\":\"https:\/\/cbs-electro.com\/index.php\/conditions-generales-dutilisation\/\",\"url\":\"https:\/\/cbs-electro.com\/index.php\/conditions-generales-dutilisation\/\",\"name\":\"Conditions g\u00e9n\u00e9rales d\u2019utilisation - CBS Electro\",\"isPartOf\":{\"@id\":\"https:\/\/www.cbs-electro.com\/#website\"},\"datePublished\":\"2023-11-16T12:14:46+00:00\",\"dateModified\":\"2025-04-10T22:46:42+00:00\",\"breadcrumb\":{\"@id\":\"https:\/\/cbs-electro.com\/index.php\/conditions-generales-dutilisation\/#breadcrumb\"},\"inLanguage\":\"fr-FR\",\"potentialAction\":[{\"@type\":\"ReadAction\",\"target\":[\"https:\/\/cbs-electro.com\/index.php\/conditions-generales-dutilisation\/\"]}]},{\"@type\":\"BreadcrumbList\",\"@id\":\"https:\/\/cbs-electro.com\/index.php\/conditions-generales-dutilisation\/#breadcrumb\",\"itemListElement\":[{\"@type\":\"ListItem\",\"position\":1,\"name\":\"Accueil\",\"item\":\"https:\/\/www.cbs-electro.com\/\"},{\"@type\":\"ListItem\",\"position\":2,\"name\":\"Conditions g\u00e9n\u00e9rales d\u2019utilisation\"}]},{\"@type\":\"WebSite\",\"@id\":\"https:\/\/www.cbs-electro.com\/#website\",\"url\":\"https:\/\/www.cbs-electro.com\/\",\"name\":\"CBS Electro\",\"description\":\"Vente des produits neufs - Informatique, Smartphones, livres, jeux vid\u00e9o, photos, jouets et \u00e9lectrom\u00e9nager\",\"potentialAction\":[{\"@type\":\"SearchAction\",\"target\":{\"@type\":\"EntryPoint\",\"urlTemplate\":\"https:\/\/www.cbs-electro.com\/?s={search_term_string}\"},\"query-input\":{\"@type\":\"PropertyValueSpecification\",\"valueRequired\":true,\"valueName\":\"search_term_string\"}}],\"inLanguage\":\"fr-FR\"}]}<\/script>\n<!-- \/ Yoast SEO plugin. -->","yoast_head_json":{"title":"Conditions g\u00e9n\u00e9rales d\u2019utilisation - CBS Electro","robots":{"index":"index","follow":"follow","max-snippet":"max-snippet:-1","max-image-preview":"max-image-preview:large","max-video-preview":"max-video-preview:-1"},"canonical":"https:\/\/cbs-electro.com\/index.php\/conditions-generales-dutilisation\/","og_locale":"fr_FR","og_type":"article","og_title":"Conditions g\u00e9n\u00e9rales d\u2019utilisation - CBS Electro","og_description":"Conditions g\u00e9n\u00e9rales d\u2019utilisation Bienvenue sur CBS Electro ! Les pr\u00e9sentes conditions g\u00e9n\u00e9rales d\u00e9crivent les r\u00e8gles et r\u00e8glements relatifs \u00e0 l\u2019utilisation","og_url":"https:\/\/cbs-electro.com\/index.php\/conditions-generales-dutilisation\/","og_site_name":"CBS Electro","article_modified_time":"2025-04-10T22:46:42+00:00","twitter_card":"summary_large_image","twitter_misc":{"Dur\u00e9e de lecture estim\u00e9e":"9 minutes"},"schema":{"@context":"https:\/\/schema.org","@graph":[{"@type":"WebPage","@id":"https:\/\/cbs-electro.com\/index.php\/conditions-generales-dutilisation\/","url":"https:\/\/cbs-electro.com\/index.php\/conditions-generales-dutilisation\/","name":"Conditions g\u00e9n\u00e9rales d\u2019utilisation - CBS Electro","isPartOf":{"@id":"https:\/\/www.cbs-electro.com\/#website"},"datePublished":"2023-11-16T12:14:46+00:00","dateModified":"2025-04-10T22:46:42+00:00","breadcrumb":{"@id":"https:\/\/cbs-electro.com\/index.php\/conditions-generales-dutilisation\/#breadcrumb"},"inLanguage":"fr-FR","potentialAction":[{"@type":"ReadAction","target":["https:\/\/cbs-electro.com\/index.php\/conditions-generales-dutilisation\/"]}]},{"@type":"BreadcrumbList","@id":"https:\/\/cbs-electro.com\/index.php\/conditions-generales-dutilisation\/#breadcrumb","itemListElement":[{"@type":"ListItem","position":1,"name":"Accueil","item":"https:\/\/www.cbs-electro.com\/"},{"@type":"ListItem","position":2,"name":"Conditions g\u00e9n\u00e9rales d\u2019utilisation"}]},{"@type":"WebSite","@id":"https:\/\/www.cbs-electro.com\/#website","url":"https:\/\/www.cbs-electro.com\/","name":"CBS Electro","description":"Vente des produits neufs - Informatique, Smartphones, livres, jeux vid\u00e9o, photos, jouets et \u00e9lectrom\u00e9nager","potentialAction":[{"@type":"SearchAction","target":{"@type":"EntryPoint","urlTemplate":"https:\/\/www.cbs-electro.com\/?s={search_term_string}"},"query-input":{"@type":"PropertyValueSpecification","valueRequired":true,"valueName":"search_term_string"}}],"inLanguage":"fr-FR"}]}},"_links":{"self":[{"href":"https:\/\/cbs-electro.com\/index.php\/wp-json\/wp\/v2\/pages\/14390","targetHints":{"allow":["GET"]}}],"collection":[{"href":"https:\/\/cbs-electro.com\/index.php\/wp-json\/wp\/v2\/pages"}],"about":[{"href":"https:\/\/cbs-electro.com\/index.php\/wp-json\/wp\/v2\/types\/page"}],"author":[{"embeddable":true,"href":"https:\/\/cbs-electro.com\/index.php\/wp-json\/wp\/v2\/users\/1"}],"replies":[{"embeddable":true,"href":"https:\/\/cbs-electro.com\/index.php\/wp-json\/wp\/v2\/comments?post=14390"}],"version-history":[{"count":9,"href":"https:\/\/cbs-electro.com\/index.php\/wp-json\/wp\/v2\/pages\/14390\/revisions"}],"predecessor-version":[{"id":17771,"href":"https:\/\/cbs-electro.com\/index.php\/wp-json\/wp\/v2\/pages\/14390\/revisions\/17771"}],"wp:attachment":[{"href":"https:\/\/cbs-electro.com\/index.php\/wp-json\/wp\/v2\/media?parent=14390"}],"curies":[{"name":"wp","href":"https:\/\/api.w.org\/{rel}","templated":true}]}}