{"id":14384,"date":"2023-11-16T13:06:01","date_gmt":"2023-11-16T12:06:01","guid":{"rendered":"https:\/?page_id=14384"},"modified":"2023-11-24T06:37:00","modified_gmt":"2023-11-24T05:37:00","slug":"livraison","status":"publish","type":"page","link":"https:\/\/cbs-electro.com\/index.php\/livraison\/","title":{"rendered":"Livraison"},"content":{"rendered":"\n<h2 class=\"wp-block-heading\">Livraison<\/h2>\n\n\n\n<p>Les colis sont g\u00e9n\u00e9ralement exp\u00e9di\u00e9s dans un d\u00e9lai de 2 \u00e0 3 jours apr\u00e8s r\u00e9ception du paiement. Ils sont exp\u00e9di\u00e9s via notre service de livraison avec un num\u00e9ro de suivi et remis sans signature. Les colis peuvent \u00e9galement \u00eatre exp\u00e9di\u00e9s via CHRONOPOST dans un d\u00e9lai de 2 jours et remis contre signature.<\/p>\n\n\n\n<p>En cas de retard pr\u00e9visible, la soci\u00e9t\u00e9 informera le client dans les plus brefs d\u00e9lais et lui fournira une estimation du d\u00e9lai de livraison suppl\u00e9mentaire.<\/p>\n\n\n\n<p>Toutefois, si l\u2019ex\u00e9cution n\u2019a pas lieu au plus tard dans les 30 jours suivant la conclusion du contrat, le client peut ex\u00e9cuter la vente sans autre forme de proc\u00e8s par lettre recommand\u00e9e avec accus\u00e9 de r\u00e9ception. Dans le cas contraire, le client peut r\u00e9silier le contrat par lettre recommand\u00e9e avec accus\u00e9 de r\u00e9ception. Le contrat est consid\u00e9r\u00e9 comme conclu \u00e0 la r\u00e9ception de cette lettre par tous les frais, \u00e0 moins qu\u2019il n\u2019ait \u00e9t\u00e9 ex\u00e9cut\u00e9 entre-temps ; les montants pay\u00e9s par le client seraient alors rembours\u00e9s sans int\u00e9r\u00eat ni compensation au plus tard dans les 14 jours suivant la fin du contrat.<\/p>\n","protected":false},"excerpt":{"rendered":"<p>Livraison Les colis sont g\u00e9n\u00e9ralement exp\u00e9di\u00e9s dans un d\u00e9lai de 2 \u00e0 3 jours apr\u00e8s r\u00e9ception du paiement. Ils sont<\/p>\n","protected":false},"author":1,"featured_media":0,"parent":0,"menu_order":0,"comment_status":"closed","ping_status":"closed","template":"","meta":{"footnotes":""},"class_list":["post-14384","page","type-page","status-publish","hentry"],"yoast_head":"<!-- This site is optimized with the Yoast SEO plugin v24.8.1 - https:\/\/yoast.com\/wordpress\/plugins\/seo\/ -->\n<title>Livraison - CBS Electro<\/title>\n<meta name=\"robots\" content=\"index, follow, max-snippet:-1, max-image-preview:large, max-video-preview:-1\" \/>\n<link rel=\"canonical\" href=\"https:\/\/cbs-electro.com\/index.php\/livraison\/\" \/>\n<meta property=\"og:locale\" content=\"fr_FR\" \/>\n<meta property=\"og:type\" content=\"article\" \/>\n<meta property=\"og:title\" content=\"Livraison - CBS Electro\" \/>\n<meta property=\"og:description\" content=\"Livraison Les colis sont g\u00e9n\u00e9ralement exp\u00e9di\u00e9s dans un d\u00e9lai de 2 \u00e0 3 jours apr\u00e8s r\u00e9ception du paiement. Ils sont\" \/>\n<meta property=\"og:url\" content=\"https:\/\/cbs-electro.com\/index.php\/livraison\/\" \/>\n<meta property=\"og:site_name\" content=\"CBS Electro\" \/>\n<meta property=\"article:modified_time\" content=\"2023-11-24T05:37:00+00:00\" \/>\n<meta name=\"twitter:card\" content=\"summary_large_image\" \/>\n<meta name=\"twitter:label1\" content=\"Dur\u00e9e de lecture estim\u00e9e\" \/>\n\t<meta name=\"twitter:data1\" content=\"1 minute\" \/>\n<script type=\"application\/ld+json\" class=\"yoast-schema-graph\">{\"@context\":\"https:\/\/schema.org\",\"@graph\":[{\"@type\":\"WebPage\",\"@id\":\"https:\/\/cbs-electro.com\/index.php\/livraison\/\",\"url\":\"https:\/\/cbs-electro.com\/index.php\/livraison\/\",\"name\":\"Livraison - CBS Electro\",\"isPartOf\":{\"@id\":\"https:\/\/www.cbs-electro.com\/#website\"},\"datePublished\":\"2023-11-16T12:06:01+00:00\",\"dateModified\":\"2023-11-24T05:37:00+00:00\",\"breadcrumb\":{\"@id\":\"https:\/\/cbs-electro.com\/index.php\/livraison\/#breadcrumb\"},\"inLanguage\":\"fr-FR\",\"potentialAction\":[{\"@type\":\"ReadAction\",\"target\":[\"https:\/\/cbs-electro.com\/index.php\/livraison\/\"]}]},{\"@type\":\"BreadcrumbList\",\"@id\":\"https:\/\/cbs-electro.com\/index.php\/livraison\/#breadcrumb\",\"itemListElement\":[{\"@type\":\"ListItem\",\"position\":1,\"name\":\"Accueil\",\"item\":\"https:\/\/www.cbs-electro.com\/\"},{\"@type\":\"ListItem\",\"position\":2,\"name\":\"Livraison\"}]},{\"@type\":\"WebSite\",\"@id\":\"https:\/\/www.cbs-electro.com\/#website\",\"url\":\"https:\/\/www.cbs-electro.com\/\",\"name\":\"CBS Electro\",\"description\":\"Vente des produits neufs - Informatique, Smartphones, livres, jeux vid\u00e9o, photos, jouets et \u00e9lectrom\u00e9nager\",\"potentialAction\":[{\"@type\":\"SearchAction\",\"target\":{\"@type\":\"EntryPoint\",\"urlTemplate\":\"https:\/\/www.cbs-electro.com\/?s={search_term_string}\"},\"query-input\":{\"@type\":\"PropertyValueSpecification\",\"valueRequired\":true,\"valueName\":\"search_term_string\"}}],\"inLanguage\":\"fr-FR\"}]}<\/script>\n<!-- \/ Yoast SEO plugin. -->","yoast_head_json":{"title":"Livraison - CBS Electro","robots":{"index":"index","follow":"follow","max-snippet":"max-snippet:-1","max-image-preview":"max-image-preview:large","max-video-preview":"max-video-preview:-1"},"canonical":"https:\/\/cbs-electro.com\/index.php\/livraison\/","og_locale":"fr_FR","og_type":"article","og_title":"Livraison - CBS Electro","og_description":"Livraison Les colis sont g\u00e9n\u00e9ralement exp\u00e9di\u00e9s dans un d\u00e9lai de 2 \u00e0 3 jours apr\u00e8s r\u00e9ception du paiement. Ils sont","og_url":"https:\/\/cbs-electro.com\/index.php\/livraison\/","og_site_name":"CBS Electro","article_modified_time":"2023-11-24T05:37:00+00:00","twitter_card":"summary_large_image","twitter_misc":{"Dur\u00e9e de lecture estim\u00e9e":"1 minute"},"schema":{"@context":"https:\/\/schema.org","@graph":[{"@type":"WebPage","@id":"https:\/\/cbs-electro.com\/index.php\/livraison\/","url":"https:\/\/cbs-electro.com\/index.php\/livraison\/","name":"Livraison - CBS Electro","isPartOf":{"@id":"https:\/\/www.cbs-electro.com\/#website"},"datePublished":"2023-11-16T12:06:01+00:00","dateModified":"2023-11-24T05:37:00+00:00","breadcrumb":{"@id":"https:\/\/cbs-electro.com\/index.php\/livraison\/#breadcrumb"},"inLanguage":"fr-FR","potentialAction":[{"@type":"ReadAction","target":["https:\/\/cbs-electro.com\/index.php\/livraison\/"]}]},{"@type":"BreadcrumbList","@id":"https:\/\/cbs-electro.com\/index.php\/livraison\/#breadcrumb","itemListElement":[{"@type":"ListItem","position":1,"name":"Accueil","item":"https:\/\/www.cbs-electro.com\/"},{"@type":"ListItem","position":2,"name":"Livraison"}]},{"@type":"WebSite","@id":"https:\/\/www.cbs-electro.com\/#website","url":"https:\/\/www.cbs-electro.com\/","name":"CBS Electro","description":"Vente des produits neufs - Informatique, Smartphones, livres, jeux vid\u00e9o, photos, jouets et \u00e9lectrom\u00e9nager","potentialAction":[{"@type":"SearchAction","target":{"@type":"EntryPoint","urlTemplate":"https:\/\/www.cbs-electro.com\/?s={search_term_string}"},"query-input":{"@type":"PropertyValueSpecification","valueRequired":true,"valueName":"search_term_string"}}],"inLanguage":"fr-FR"}]}},"_links":{"self":[{"href":"https:\/\/cbs-electro.com\/index.php\/wp-json\/wp\/v2\/pages\/14384","targetHints":{"allow":["GET"]}}],"collection":[{"href":"https:\/\/cbs-electro.com\/index.php\/wp-json\/wp\/v2\/pages"}],"about":[{"href":"https:\/\/cbs-electro.com\/index.php\/wp-json\/wp\/v2\/types\/page"}],"author":[{"embeddable":true,"href":"https:\/\/cbs-electro.com\/index.php\/wp-json\/wp\/v2\/users\/1"}],"replies":[{"embeddable":true,"href":"https:\/\/cbs-electro.com\/index.php\/wp-json\/wp\/v2\/comments?post=14384"}],"version-history":[{"count":1,"href":"https:\/\/cbs-electro.com\/index.php\/wp-json\/wp\/v2\/pages\/14384\/revisions"}],"predecessor-version":[{"id":14385,"href":"https:\/\/cbs-electro.com\/index.php\/wp-json\/wp\/v2\/pages\/14384\/revisions\/14385"}],"wp:attachment":[{"href":"https:\/\/cbs-electro.com\/index.php\/wp-json\/wp\/v2\/media?parent=14384"}],"curies":[{"name":"wp","href":"https:\/\/api.w.org\/{rel}","templated":true}]}}